{"id":2231,"date":"2014-05-20T09:27:41","date_gmt":"2014-05-20T13:27:41","guid":{"rendered":"http:\/\/medicina.udd.cl\/odontologia-santiago\/?page_id=2231"},"modified":"2016-08-17T13:06:06","modified_gmt":"2016-08-17T16:06:06","slug":"clinica-udd-2","status":"publish","type":"page","link":"https:\/\/medicina.udd.cl\/odontologia-santiago\/clinica-udd-2\/","title":{"rendered":"Cl\u00ednica UDD"},"content":{"rendered":"<p style=\"text-align: justify\">Cl\u00ednica UDD se inaugur\u00f3 en 2009 en la comuna de La Florida, con la\u00a0<strong>visi\u00f3n de ser un referente de Campo Cl\u00ednico, reconocido por su prestigio acad\u00e9mico y compromiso social con la comunidad<\/strong>. Para lograrlo, Cl\u00ednica UDD de la <a href=\"http:\/\/medicina.udd.cl\/\">Facultad de Medicina CAS-UDD<\/a>, trabaja d\u00eda a d\u00eda en sus tres pilares fundamentales:<\/p>\n<ul style=\"text-align: justify\">\n<li>Nuestro compromiso es contar con <strong>docentes expertos y especialistas en sus \u00e1reas<\/strong>, que gu\u00eden a los estudiantes a realizar con \u00e9xito sus pr\u00e1cticas pre-cl\u00ednicas y cl\u00ednicas desde segundo a\u00f1o de carrera y en sus proyectos de investigaci\u00f3n.<\/li>\n<li>Tecnolog\u00eda de punta, espacios y materiales de estudios, contacto directo con sus profesores y disponibilidad de pacientes para sus pr\u00e1cticas cl\u00ednicas, son algunas de las herramientas que la carrera de Odontolog\u00eda, a trav\u00e9s de la Cl\u00ednica UDD, le entrega a sus <strong>estudiantes de Pre y Postgrado<\/strong>, con el objetivo de formar profesionales de excelencia y comprometidos con el bienestar de la comunidad.<\/li>\n<li>Que est\u00e9 emplazada en el coraz\u00f3n de La Florida no es casualidad. Desde su nacimiento, el objetivo de Cl\u00ednica UDD es consolidarse como un centro de salud de atenci\u00f3n primaria que ayude a <strong>mejorar la calidad de vida de las personas<\/strong> de la comuna y de zonas cercanas, como La Cisternas, San Ram\u00f3n y La Granja. Es por eso que cuenta con cien sillones dentales, tres pabellones de cirug\u00eda, una central de esterilizaci\u00f3n, cinco salas de rayos X, un laboratorio de yeso, gimnasios y salas de audiometr\u00eda para cubrir necesidades en \u00e1reas relacionadas con Odontolog\u00eda, <a href=\"http:\/\/medicina.udd.cl\/kinesiologia-santiago\/\">Kinesiolog\u00eda<\/a>, <a href=\"http:\/\/medicina.udd.cl\/fonoaudiologia-santiago\/\">Fonoaudiolog\u00eda<\/a>, <a href=\"http:\/\/medicina.udd.cl\/nutricion-dietetica-santiago\/\">Nutrici\u00f3n<\/a> y <a href=\"http:\/\/psicologia.udd.cl\/\">Psicolog\u00eda<\/a>.<\/li>\n<\/ul>\n<p style=\"text-align: justify\"><strong>Nuestra misi\u00f3n<\/strong> es entregar prestaciones de servicios cl\u00ednicos integrales a pacientes, instituciones p\u00fablicas y privadas, de manera que en este ejercicio, la comunidad acad\u00e9mica desarrolle con excelencia la pr\u00e1ctica cl\u00ednica de alumnos de Pre y Postgrado.<\/p>\n<p style=\"text-align: justify\"><strong>Conoce las prestaciones de Cl\u00ednica UDD <a href=\"http:\/\/medicina.udd.cl\/clinica-santiago\/\">aqu\u00ed<\/a><\/strong>.<\/p>\n<div id=\"gallery-1\" class=\"carousel slide carousel-gallery\" data-ride=\"false\" data-interval=\"false\"><div class=\"carousel-inner\" role=\"listbox\"><figure class=\"carousel-item active\"><img loading=\"lazy\" decoding=\"async\" width=\"801\" height=\"534\" src=\"https:\/\/medicina.udd.cl\/odontologia-santiago\/files\/2014\/05\/IMG_5164.jpg\" class=\"attachment-landscape_952 size-landscape_952\" alt=\"\" srcset=\"https:\/\/medicina.udd.cl\/odontologia-santiago\/files\/2014\/05\/IMG_5164.jpg 5184w, https:\/\/medicina.udd.cl\/odontologia-santiago\/files\/2014\/05\/IMG_5164-300x200.jpg 300w, https:\/\/medicina.udd.cl\/odontologia-santiago\/files\/2014\/05\/IMG_5164-768x512.jpg 768w, https:\/\/medicina.udd.cl\/odontologia-santiago\/files\/2014\/05\/IMG_5164-1024x683.jpg 1024w, https:\/\/medicina.udd.cl\/odontologia-santiago\/files\/2014\/05\/IMG_5164-960x640.jpg 960w\" sizes=\"auto, (max-width: 801px) 100vw, 801px\" \/><\/figure><figure class=\"carousel-item\"><img loading=\"lazy\" decoding=\"async\" width=\"801\" height=\"534\" src=\"https:\/\/medicina.udd.cl\/odontologia-santiago\/files\/2014\/05\/IMG_5210-copia.jpg\" class=\"attachment-landscape_952 size-landscape_952\" alt=\"\" srcset=\"https:\/\/medicina.udd.cl\/odontologia-santiago\/files\/2014\/05\/IMG_5210-copia.jpg 1024w, https:\/\/medicina.udd.cl\/odontologia-santiago\/files\/2014\/05\/IMG_5210-copia-300x200.jpg 300w, https:\/\/medicina.udd.cl\/odontologia-santiago\/files\/2014\/05\/IMG_5210-copia-768x512.jpg 768w, https:\/\/medicina.udd.cl\/odontologia-santiago\/files\/2014\/05\/IMG_5210-copia-960x640.jpg 960w\" sizes=\"auto, (max-width: 801px) 100vw, 801px\" \/><\/figure><figure class=\"carousel-item\"><img loading=\"lazy\" decoding=\"async\" width=\"800\" height=\"534\" src=\"https:\/\/medicina.udd.cl\/odontologia-santiago\/files\/2014\/05\/Diplomado-Endodoncia-03.jpg\" class=\"attachment-landscape_952 size-landscape_952\" alt=\"\" srcset=\"https:\/\/medicina.udd.cl\/odontologia-santiago\/files\/2014\/05\/Diplomado-Endodoncia-03.jpg 1618w, https:\/\/medicina.udd.cl\/odontologia-santiago\/files\/2014\/05\/Diplomado-Endodoncia-03-300x200.jpg 300w, https:\/\/medicina.udd.cl\/odontologia-santiago\/files\/2014\/05\/Diplomado-Endodoncia-03-768x513.jpg 768w, https:\/\/medicina.udd.cl\/odontologia-santiago\/files\/2014\/05\/Diplomado-Endodoncia-03-1024x684.jpg 1024w, https:\/\/medicina.udd.cl\/odontologia-santiago\/files\/2014\/05\/Diplomado-Endodoncia-03-960x641.jpg 960w\" sizes=\"auto, (max-width: 800px) 100vw, 800px\" \/><\/figure><figure class=\"carousel-item\"><img loading=\"lazy\" decoding=\"async\" width=\"801\" height=\"534\" src=\"https:\/\/medicina.udd.cl\/odontologia-santiago\/files\/2014\/05\/IMG_5162.jpg\" class=\"attachment-landscape_952 size-landscape_952\" alt=\"\" srcset=\"https:\/\/medicina.udd.cl\/odontologia-santiago\/files\/2014\/05\/IMG_5162.jpg 5184w, https:\/\/medicina.udd.cl\/odontologia-santiago\/files\/2014\/05\/IMG_5162-300x200.jpg 300w, https:\/\/medicina.udd.cl\/odontologia-santiago\/files\/2014\/05\/IMG_5162-768x512.jpg 768w, https:\/\/medicina.udd.cl\/odontologia-santiago\/files\/2014\/05\/IMG_5162-1024x683.jpg 1024w, https:\/\/medicina.udd.cl\/odontologia-santiago\/files\/2014\/05\/IMG_5162-960x640.jpg 960w\" sizes=\"auto, (max-width: 801px) 100vw, 801px\" \/><\/figure><\/div><footer class=\"carousel-footer\"><div class=\"carousel-counter\"><span class=\"carousel-counter-current\"><\/span> \/ <span class=\"carousel-counter-total\"><\/span><\/div><a class=\"carousel-control-prev\" href=\"#gallery-1\" role=\"button\" data-slide=\"prev\"><svg aria-hidden=\"true\" class=\"svg-chevron-left-dims\"><use xlink:href='https:\/\/medicina.udd.cl\/odontologia-santiago\/wp-content\/themes\/facultades-2018\/assets\/img\/svg\/dist\/main.svg?version=1695853099#chevron-left'><\/use><\/svg><span class=\"sr-only\">Anterior<\/span><\/a><a class=\"carousel-control-next\" href=\"#gallery-1\" role=\"button\" data-slide=\"next\"><svg aria-hidden=\"true\" class=\"svg-chevron-right-dims\"><use xlink:href='https:\/\/medicina.udd.cl\/odontologia-santiago\/wp-content\/themes\/facultades-2018\/assets\/img\/svg\/dist\/main.svg?version=1695853099#chevron-right'><\/use><\/svg><span class=\"sr-only\">Siguiente<\/span><\/a><\/footer><\/div>\n","protected":false},"excerpt":{"rendered":"<p>Cl\u00ednica UDD se inaugur\u00f3 en 2009 en la comuna de La Florida, con la\u00a0visi\u00f3n de ser un referente de Campo Cl\u00ednico, reconocido por su prestigio acad\u00e9mico y compromiso social con la comunidad. Para lograrlo, Cl\u00ednica UDD de la Facultad de Medicina CAS-UDD, trabaja d\u00eda a d\u00eda en sus tres pilares fundamentales: Nuestro compromiso es contar [&hellip;]<\/p>\n","protected":false},"author":40,"featured_media":2228,"parent":0,"menu_order":0,"comment_status":"open","ping_status":"open","template":"","meta":{"footnotes":""},"class_list":["post-2231","page","type-page","status-publish","has-post-thumbnail","hentry"],"yoast_head":"<!-- This site is optimized with the Yoast SEO plugin v26.9 - https:\/\/yoast.com\/product\/yoast-seo-wordpress\/ -->\n<title>Cl\u00ednica UDD - Carrera de Odontolog\u00eda Facultad de Medicina CAS UDD<\/title>\n<meta name=\"description\" content=\"Conoce las actividades que realizan nuestros estudiantes y docentes en este campo cl\u00ednico exclusivo de la Facultad de Medicina Cl\u00ednica Alemana UDD.\" \/>\n<meta name=\"robots\" content=\"index, follow, max-snippet:-1, max-image-preview:large, max-video-preview:-1\" \/>\n<link rel=\"canonical\" href=\"https:\/\/medicina.udd.cl\/odontologia-santiago\/clinica-udd-2\/\" \/>\n<meta property=\"og:locale\" content=\"es_ES\" \/>\n<meta property=\"og:type\" content=\"article\" \/>\n<meta property=\"og:title\" content=\"Cl\u00ednica UDD - Carrera de Odontolog\u00eda Facultad de Medicina CAS UDD\" \/>\n<meta property=\"og:description\" content=\"Conoce las actividades que realizan nuestros estudiantes y docentes en este campo cl\u00ednico exclusivo de la Facultad de Medicina Cl\u00ednica Alemana UDD.\" \/>\n<meta property=\"og:url\" content=\"https:\/\/medicina.udd.cl\/odontologia-santiago\/clinica-udd-2\/\" \/>\n<meta property=\"og:site_name\" content=\"Odontolog\u00eda\" \/>\n<meta property=\"article:modified_time\" content=\"2016-08-17T16:06:06+00:00\" \/>\n<meta property=\"og:image\" content=\"https:\/\/medicina.udd.cl\/odontologia-santiago\/files\/2014\/05\/Cl\u00ednica-Portada.jpg\" \/>\n\t<meta property=\"og:image:width\" content=\"942\" \/>\n\t<meta property=\"og:image:height\" content=\"408\" \/>\n\t<meta property=\"og:image:type\" content=\"image\/jpeg\" \/>\n<meta name=\"twitter:label1\" content=\"Tiempo de lectura\" \/>\n\t<meta name=\"twitter:data1\" content=\"2 minutos\" \/>\n<script type=\"application\/ld+json\" class=\"yoast-schema-graph\">{\"@context\":\"https:\/\/schema.org\",\"@graph\":[{\"@type\":\"WebPage\",\"@id\":\"https:\/\/medicina.udd.cl\/odontologia-santiago\/clinica-udd-2\/\",\"url\":\"https:\/\/medicina.udd.cl\/odontologia-santiago\/clinica-udd-2\/\",\"name\":\"Cl\u00ednica UDD - Carrera de Odontolog\u00eda Facultad de Medicina CAS UDD\",\"isPartOf\":{\"@id\":\"https:\/\/medicina.udd.cl\/odontologia-santiago\/#website\"},\"primaryImageOfPage\":{\"@id\":\"https:\/\/medicina.udd.cl\/odontologia-santiago\/clinica-udd-2\/#primaryimage\"},\"image\":{\"@id\":\"https:\/\/medicina.udd.cl\/odontologia-santiago\/clinica-udd-2\/#primaryimage\"},\"thumbnailUrl\":\"https:\/\/medicina.udd.cl\/odontologia-santiago\/files\/2014\/05\/Cl\u00ednica-Portada.jpg\",\"datePublished\":\"2014-05-20T13:27:41+00:00\",\"dateModified\":\"2016-08-17T16:06:06+00:00\",\"description\":\"Conoce las actividades que realizan nuestros estudiantes y docentes en este campo cl\u00ednico exclusivo de la Facultad de Medicina Cl\u00ednica Alemana UDD.\",\"breadcrumb\":{\"@id\":\"https:\/\/medicina.udd.cl\/odontologia-santiago\/clinica-udd-2\/#breadcrumb\"},\"inLanguage\":\"es\",\"potentialAction\":[{\"@type\":\"ReadAction\",\"target\":[\"https:\/\/medicina.udd.cl\/odontologia-santiago\/clinica-udd-2\/\"]}]},{\"@type\":\"ImageObject\",\"inLanguage\":\"es\",\"@id\":\"https:\/\/medicina.udd.cl\/odontologia-santiago\/clinica-udd-2\/#primaryimage\",\"url\":\"https:\/\/medicina.udd.cl\/odontologia-santiago\/files\/2014\/05\/Cl\u00ednica-Portada.jpg\",\"contentUrl\":\"https:\/\/medicina.udd.cl\/odontologia-santiago\/files\/2014\/05\/Cl\u00ednica-Portada.jpg\",\"width\":942,\"height\":408},{\"@type\":\"BreadcrumbList\",\"@id\":\"https:\/\/medicina.udd.cl\/odontologia-santiago\/clinica-udd-2\/#breadcrumb\",\"itemListElement\":[{\"@type\":\"ListItem\",\"position\":1,\"name\":\"Home\",\"item\":\"https:\/\/medicina.udd.cl\/odontologia-santiago\/\"},{\"@type\":\"ListItem\",\"position\":2,\"name\":\"Cl\u00ednica UDD\"}]},{\"@type\":\"WebSite\",\"@id\":\"https:\/\/medicina.udd.cl\/odontologia-santiago\/#website\",\"url\":\"https:\/\/medicina.udd.cl\/odontologia-santiago\/\",\"name\":\"Odontolog\u00eda\",\"description\":\"Facultad de Medicina Cl\u00ednica Alemana Universidad del Desarrollo\",\"inLanguage\":\"es\"}]}<\/script>\n<!-- \/ Yoast SEO plugin. -->","yoast_head_json":{"title":"Cl\u00ednica UDD - Carrera de Odontolog\u00eda Facultad de Medicina CAS UDD","description":"Conoce las actividades que realizan nuestros estudiantes y docentes en este campo cl\u00ednico exclusivo de la Facultad de Medicina Cl\u00ednica Alemana UDD.","robots":{"index":"index","follow":"follow","max-snippet":"max-snippet:-1","max-image-preview":"max-image-preview:large","max-video-preview":"max-video-preview:-1"},"canonical":"https:\/\/medicina.udd.cl\/odontologia-santiago\/clinica-udd-2\/","og_locale":"es_ES","og_type":"article","og_title":"Cl\u00ednica UDD - Carrera de Odontolog\u00eda Facultad de Medicina CAS UDD","og_description":"Conoce las actividades que realizan nuestros estudiantes y docentes en este campo cl\u00ednico exclusivo de la Facultad de Medicina Cl\u00ednica Alemana UDD.","og_url":"https:\/\/medicina.udd.cl\/odontologia-santiago\/clinica-udd-2\/","og_site_name":"Odontolog\u00eda","article_modified_time":"2016-08-17T16:06:06+00:00","og_image":[{"width":942,"height":408,"url":"https:\/\/medicina.udd.cl\/odontologia-santiago\/files\/2014\/05\/Cl\u00ednica-Portada.jpg","type":"image\/jpeg"}],"twitter_misc":{"Tiempo de lectura":"2 minutos"},"schema":{"@context":"https:\/\/schema.org","@graph":[{"@type":"WebPage","@id":"https:\/\/medicina.udd.cl\/odontologia-santiago\/clinica-udd-2\/","url":"https:\/\/medicina.udd.cl\/odontologia-santiago\/clinica-udd-2\/","name":"Cl\u00ednica UDD - Carrera de Odontolog\u00eda Facultad de Medicina CAS UDD","isPartOf":{"@id":"https:\/\/medicina.udd.cl\/odontologia-santiago\/#website"},"primaryImageOfPage":{"@id":"https:\/\/medicina.udd.cl\/odontologia-santiago\/clinica-udd-2\/#primaryimage"},"image":{"@id":"https:\/\/medicina.udd.cl\/odontologia-santiago\/clinica-udd-2\/#primaryimage"},"thumbnailUrl":"https:\/\/medicina.udd.cl\/odontologia-santiago\/files\/2014\/05\/Cl\u00ednica-Portada.jpg","datePublished":"2014-05-20T13:27:41+00:00","dateModified":"2016-08-17T16:06:06+00:00","description":"Conoce las actividades que realizan nuestros estudiantes y docentes en este campo cl\u00ednico exclusivo de la Facultad de Medicina Cl\u00ednica Alemana UDD.","breadcrumb":{"@id":"https:\/\/medicina.udd.cl\/odontologia-santiago\/clinica-udd-2\/#breadcrumb"},"inLanguage":"es","potentialAction":[{"@type":"ReadAction","target":["https:\/\/medicina.udd.cl\/odontologia-santiago\/clinica-udd-2\/"]}]},{"@type":"ImageObject","inLanguage":"es","@id":"https:\/\/medicina.udd.cl\/odontologia-santiago\/clinica-udd-2\/#primaryimage","url":"https:\/\/medicina.udd.cl\/odontologia-santiago\/files\/2014\/05\/Cl\u00ednica-Portada.jpg","contentUrl":"https:\/\/medicina.udd.cl\/odontologia-santiago\/files\/2014\/05\/Cl\u00ednica-Portada.jpg","width":942,"height":408},{"@type":"BreadcrumbList","@id":"https:\/\/medicina.udd.cl\/odontologia-santiago\/clinica-udd-2\/#breadcrumb","itemListElement":[{"@type":"ListItem","position":1,"name":"Home","item":"https:\/\/medicina.udd.cl\/odontologia-santiago\/"},{"@type":"ListItem","position":2,"name":"Cl\u00ednica UDD"}]},{"@type":"WebSite","@id":"https:\/\/medicina.udd.cl\/odontologia-santiago\/#website","url":"https:\/\/medicina.udd.cl\/odontologia-santiago\/","name":"Odontolog\u00eda","description":"Facultad de Medicina Cl\u00ednica Alemana Universidad del Desarrollo","inLanguage":"es"}]}},"_links":{"self":[{"href":"https:\/\/medicina.udd.cl\/odontologia-santiago\/wp-json\/wp\/v2\/pages\/2231","targetHints":{"allow":["GET"]}}],"collection":[{"href":"https:\/\/medicina.udd.cl\/odontologia-santiago\/wp-json\/wp\/v2\/pages"}],"about":[{"href":"https:\/\/medicina.udd.cl\/odontologia-santiago\/wp-json\/wp\/v2\/types\/page"}],"author":[{"embeddable":true,"href":"https:\/\/medicina.udd.cl\/odontologia-santiago\/wp-json\/wp\/v2\/users\/40"}],"replies":[{"embeddable":true,"href":"https:\/\/medicina.udd.cl\/odontologia-santiago\/wp-json\/wp\/v2\/comments?post=2231"}],"version-history":[{"count":6,"href":"https:\/\/medicina.udd.cl\/odontologia-santiago\/wp-json\/wp\/v2\/pages\/2231\/revisions"}],"predecessor-version":[{"id":3966,"href":"https:\/\/medicina.udd.cl\/odontologia-santiago\/wp-json\/wp\/v2\/pages\/2231\/revisions\/3966"}],"wp:featuredmedia":[{"embeddable":true,"href":"https:\/\/medicina.udd.cl\/odontologia-santiago\/wp-json\/wp\/v2\/media\/2228"}],"wp:attachment":[{"href":"https:\/\/medicina.udd.cl\/odontologia-santiago\/wp-json\/wp\/v2\/media?parent=2231"}],"curies":[{"name":"wp","href":"https:\/\/api.w.org\/{rel}","templated":true}]}}