{"id":2280,"date":"2014-05-07T16:44:43","date_gmt":"2014-05-07T20:44:43","guid":{"rendered":"http:\/\/medicina.udd.cl\/odontologia-santiago\/?page_id=2280"},"modified":"2015-08-31T10:16:51","modified_gmt":"2015-08-31T13:16:51","slug":"actividades-sociales","status":"publish","type":"page","link":"https:\/\/medicina.udd.cl\/odontologia-santiago\/vida-universitaria\/actividades-sociales\/","title":{"rendered":"Actividades Sociales"},"content":{"rendered":"<ul>\n<li><a href=\"http:\/\/medicina.udd.cl\/odontologia-santiago\/noticias\/2015\/03\/26\/nueva-version-de-odontologia-se-abre-al-mundo\/\">Nueva versi\u00f3n de \u00abOdontolog\u00eda se abre al Mundo\u00bb<\/a><\/li>\n<li><a href=\"http:\/\/medicina.udd.cl\/odontologia-santiago\/noticias\/2015\/03\/03\/estudiantes-realizan-practicas-de-verano-en-chiloe-2015\/\">Estudiantes realizan pr\u00e1cticas de verano en Chilo\u00e9 2015<\/a><\/li>\n<li><a href=\"http:\/\/medicina.udd.cl\/odontologia-santiago\/noticias\/2015\/01\/27\/odontologia-udd-santiago-se-suma-programa-friendship-oral-health\/\">Odontolog\u00eda UDD Santiago se suma al programa Friendship Oral Health<\/a><\/li>\n<li><a href=\"http:\/\/medicina.udd.cl\/odontologia-santiago\/noticias\/2015\/01\/19\/sonrie-udd-estudiantes-de-odontologia-atendieron-150-pacientes-en-quirihue\/\">Sonr\u00ede UDD: estudiantes de Odontolog\u00eda atendieron 150 pacientes en Quirihue<\/a><\/li>\n<li><a href=\"http:\/\/medicina.udd.cl\/odontologia-santiago\/noticias\/2014\/05\/27\/estudiantes-y-profesores-realizan-trabajos-voluntarios-en-region-de-ohiggins\/\">Estudiantes y profesores realizan trabajos voluntarios en Regi\u00f3n de O&#8217;Higgins<\/a><\/li>\n<li><a href=\"http:\/\/medicina.udd.cl\/odontologia-santiago\/noticias\/2014\/04\/17\/felipe-saavedra-trabajar-con-ninos-con-sindrome-de-en-colombia\/\">Felipe Saavedra: trabajar con ni\u00f1os con S\u00edndrome de en Colombia<\/a><\/li>\n<\/ul>\n","protected":false},"excerpt":{"rendered":"<p>Conoce los trabajos extraprogram\u00e1ticos que realizan nuestros estudiantes, que est\u00e1n ligados al sello de Responsabilidad Social de la Universidad del Desarrollo.<\/p>\n","protected":false},"author":40,"featured_media":0,"parent":7,"menu_order":0,"comment_status":"open","ping_status":"open","template":"","meta":{"footnotes":""},"class_list":["post-2280","page","type-page","status-publish","hentry"],"yoast_head":"<!-- This site is optimized with the Yoast SEO plugin v26.9 - https:\/\/yoast.com\/product\/yoast-seo-wordpress\/ -->\n<title>Actividades Sociales - Odontolog\u00eda<\/title>\n<meta name=\"robots\" content=\"index, follow, max-snippet:-1, max-image-preview:large, max-video-preview:-1\" \/>\n<link rel=\"canonical\" href=\"https:\/\/medicina.udd.cl\/odontologia-santiago\/vida-universitaria\/actividades-sociales\/\" \/>\n<meta property=\"og:locale\" content=\"es_ES\" \/>\n<meta property=\"og:type\" content=\"article\" \/>\n<meta property=\"og:title\" content=\"Actividades Sociales - Odontolog\u00eda\" \/>\n<meta property=\"og:description\" content=\"Conoce los trabajos extraprogram\u00e1ticos que realizan nuestros estudiantes, que est\u00e1n ligados al sello de Responsabilidad Social de la Universidad del Desarrollo.\" \/>\n<meta property=\"og:url\" content=\"https:\/\/medicina.udd.cl\/odontologia-santiago\/vida-universitaria\/actividades-sociales\/\" \/>\n<meta property=\"og:site_name\" content=\"Odontolog\u00eda\" \/>\n<meta property=\"article:modified_time\" content=\"2015-08-31T13:16:51+00:00\" \/>\n<script type=\"application\/ld+json\" class=\"yoast-schema-graph\">{\"@context\":\"https:\/\/schema.org\",\"@graph\":[{\"@type\":\"WebPage\",\"@id\":\"https:\/\/medicina.udd.cl\/odontologia-santiago\/vida-universitaria\/actividades-sociales\/\",\"url\":\"https:\/\/medicina.udd.cl\/odontologia-santiago\/vida-universitaria\/actividades-sociales\/\",\"name\":\"Actividades Sociales - Odontolog\u00eda\",\"isPartOf\":{\"@id\":\"https:\/\/medicina.udd.cl\/odontologia-santiago\/#website\"},\"datePublished\":\"2014-05-07T20:44:43+00:00\",\"dateModified\":\"2015-08-31T13:16:51+00:00\",\"breadcrumb\":{\"@id\":\"https:\/\/medicina.udd.cl\/odontologia-santiago\/vida-universitaria\/actividades-sociales\/#breadcrumb\"},\"inLanguage\":\"es\",\"potentialAction\":[{\"@type\":\"ReadAction\",\"target\":[\"https:\/\/medicina.udd.cl\/odontologia-santiago\/vida-universitaria\/actividades-sociales\/\"]}]},{\"@type\":\"BreadcrumbList\",\"@id\":\"https:\/\/medicina.udd.cl\/odontologia-santiago\/vida-universitaria\/actividades-sociales\/#breadcrumb\",\"itemListElement\":[{\"@type\":\"ListItem\",\"position\":1,\"name\":\"Home\",\"item\":\"https:\/\/medicina.udd.cl\/odontologia-santiago\/\"},{\"@type\":\"ListItem\",\"position\":2,\"name\":\"Vida Universitaria\",\"item\":\"https:\/\/medicina.udd.cl\/odontologia-santiago\/vida-universitaria\/\"},{\"@type\":\"ListItem\",\"position\":3,\"name\":\"Actividades Sociales\"}]},{\"@type\":\"WebSite\",\"@id\":\"https:\/\/medicina.udd.cl\/odontologia-santiago\/#website\",\"url\":\"https:\/\/medicina.udd.cl\/odontologia-santiago\/\",\"name\":\"Odontolog\u00eda\",\"description\":\"Facultad de Medicina Cl\u00ednica Alemana Universidad del Desarrollo\",\"inLanguage\":\"es\"}]}<\/script>\n<!-- \/ Yoast SEO plugin. -->","yoast_head_json":{"title":"Actividades Sociales - Odontolog\u00eda","robots":{"index":"index","follow":"follow","max-snippet":"max-snippet:-1","max-image-preview":"max-image-preview:large","max-video-preview":"max-video-preview:-1"},"canonical":"https:\/\/medicina.udd.cl\/odontologia-santiago\/vida-universitaria\/actividades-sociales\/","og_locale":"es_ES","og_type":"article","og_title":"Actividades Sociales - Odontolog\u00eda","og_description":"Conoce los trabajos extraprogram\u00e1ticos que realizan nuestros estudiantes, que est\u00e1n ligados al sello de Responsabilidad Social de la Universidad del Desarrollo.","og_url":"https:\/\/medicina.udd.cl\/odontologia-santiago\/vida-universitaria\/actividades-sociales\/","og_site_name":"Odontolog\u00eda","article_modified_time":"2015-08-31T13:16:51+00:00","schema":{"@context":"https:\/\/schema.org","@graph":[{"@type":"WebPage","@id":"https:\/\/medicina.udd.cl\/odontologia-santiago\/vida-universitaria\/actividades-sociales\/","url":"https:\/\/medicina.udd.cl\/odontologia-santiago\/vida-universitaria\/actividades-sociales\/","name":"Actividades Sociales - Odontolog\u00eda","isPartOf":{"@id":"https:\/\/medicina.udd.cl\/odontologia-santiago\/#website"},"datePublished":"2014-05-07T20:44:43+00:00","dateModified":"2015-08-31T13:16:51+00:00","breadcrumb":{"@id":"https:\/\/medicina.udd.cl\/odontologia-santiago\/vida-universitaria\/actividades-sociales\/#breadcrumb"},"inLanguage":"es","potentialAction":[{"@type":"ReadAction","target":["https:\/\/medicina.udd.cl\/odontologia-santiago\/vida-universitaria\/actividades-sociales\/"]}]},{"@type":"BreadcrumbList","@id":"https:\/\/medicina.udd.cl\/odontologia-santiago\/vida-universitaria\/actividades-sociales\/#breadcrumb","itemListElement":[{"@type":"ListItem","position":1,"name":"Home","item":"https:\/\/medicina.udd.cl\/odontologia-santiago\/"},{"@type":"ListItem","position":2,"name":"Vida Universitaria","item":"https:\/\/medicina.udd.cl\/odontologia-santiago\/vida-universitaria\/"},{"@type":"ListItem","position":3,"name":"Actividades Sociales"}]},{"@type":"WebSite","@id":"https:\/\/medicina.udd.cl\/odontologia-santiago\/#website","url":"https:\/\/medicina.udd.cl\/odontologia-santiago\/","name":"Odontolog\u00eda","description":"Facultad de Medicina Cl\u00ednica Alemana Universidad del Desarrollo","inLanguage":"es"}]}},"_links":{"self":[{"href":"https:\/\/medicina.udd.cl\/odontologia-santiago\/wp-json\/wp\/v2\/pages\/2280","targetHints":{"allow":["GET"]}}],"collection":[{"href":"https:\/\/medicina.udd.cl\/odontologia-santiago\/wp-json\/wp\/v2\/pages"}],"about":[{"href":"https:\/\/medicina.udd.cl\/odontologia-santiago\/wp-json\/wp\/v2\/types\/page"}],"author":[{"embeddable":true,"href":"https:\/\/medicina.udd.cl\/odontologia-santiago\/wp-json\/wp\/v2\/users\/40"}],"replies":[{"embeddable":true,"href":"https:\/\/medicina.udd.cl\/odontologia-santiago\/wp-json\/wp\/v2\/comments?post=2280"}],"version-history":[{"count":15,"href":"https:\/\/medicina.udd.cl\/odontologia-santiago\/wp-json\/wp\/v2\/pages\/2280\/revisions"}],"predecessor-version":[{"id":2285,"href":"https:\/\/medicina.udd.cl\/odontologia-santiago\/wp-json\/wp\/v2\/pages\/2280\/revisions\/2285"}],"up":[{"embeddable":true,"href":"https:\/\/medicina.udd.cl\/odontologia-santiago\/wp-json\/wp\/v2\/pages\/7"}],"wp:attachment":[{"href":"https:\/\/medicina.udd.cl\/odontologia-santiago\/wp-json\/wp\/v2\/media?parent=2280"}],"curies":[{"name":"wp","href":"https:\/\/api.w.org\/{rel}","templated":true}]}}