{"id":2587,"date":"2014-11-06T10:00:39","date_gmt":"2014-11-06T13:00:39","guid":{"rendered":"http:\/\/medicina.udd.cl\/odontologia-santiago\/?page_id=2587"},"modified":"2016-09-21T11:48:36","modified_gmt":"2016-09-21T14:48:36","slug":"mision-de-la-carrera","status":"publish","type":"page","link":"https:\/\/medicina.udd.cl\/odontologia-santiago\/la-carrera\/descripcion\/mision-de-la-carrera\/","title":{"rendered":"Misi\u00f3n de la carrera"},"content":{"rendered":"<p>Formar <strong>profesionales odont\u00f3logos con capacidades, habilidades, conocimientos y valores apropiados para desempe\u00f1arse en el servicio a la comunidad,<\/strong> con el m\u00e1s alto nivel de eficiencia, responsabilidad e idoneidad en el ejercicio de la profesi\u00f3n.<\/p>\n","protected":false},"excerpt":{"rendered":"<p>Formar profesionales odont\u00f3logos con capacidades, habilidades, conocimientos y valores apropiados para desempe\u00f1arse en el servicio a la comunidad, con el m\u00e1s alto nivel de eficiencia, responsabilidad e idoneidad en el ejercicio de la profesi\u00f3n.<\/p>\n","protected":false},"author":40,"featured_media":0,"parent":9,"menu_order":0,"comment_status":"open","ping_status":"open","template":"","meta":{"footnotes":""},"class_list":["post-2587","page","type-page","status-publish","hentry"],"yoast_head":"<!-- This site is optimized with the Yoast SEO plugin v26.9 - https:\/\/yoast.com\/product\/yoast-seo-wordpress\/ -->\n<title>Misi\u00f3n de la carrera - Odontolog\u00eda<\/title>\n<meta name=\"robots\" content=\"index, follow, max-snippet:-1, max-image-preview:large, max-video-preview:-1\" \/>\n<link rel=\"canonical\" href=\"https:\/\/medicina.udd.cl\/odontologia-santiago\/la-carrera\/descripcion\/mision-de-la-carrera\/\" \/>\n<meta property=\"og:locale\" content=\"es_ES\" \/>\n<meta property=\"og:type\" content=\"article\" \/>\n<meta property=\"og:title\" content=\"Misi\u00f3n de la carrera - Odontolog\u00eda\" \/>\n<meta property=\"og:description\" content=\"Formar profesionales odont\u00f3logos con capacidades, habilidades, conocimientos y valores apropiados para desempe\u00f1arse en el servicio a la comunidad, con el m\u00e1s alto nivel de eficiencia, responsabilidad e idoneidad en el ejercicio de la profesi\u00f3n.\" \/>\n<meta property=\"og:url\" content=\"https:\/\/medicina.udd.cl\/odontologia-santiago\/la-carrera\/descripcion\/mision-de-la-carrera\/\" \/>\n<meta property=\"og:site_name\" content=\"Odontolog\u00eda\" \/>\n<meta property=\"article:modified_time\" content=\"2016-09-21T14:48:36+00:00\" \/>\n<script type=\"application\/ld+json\" class=\"yoast-schema-graph\">{\"@context\":\"https:\/\/schema.org\",\"@graph\":[{\"@type\":\"WebPage\",\"@id\":\"https:\/\/medicina.udd.cl\/odontologia-santiago\/la-carrera\/descripcion\/mision-de-la-carrera\/\",\"url\":\"https:\/\/medicina.udd.cl\/odontologia-santiago\/la-carrera\/descripcion\/mision-de-la-carrera\/\",\"name\":\"Misi\u00f3n de la carrera - Odontolog\u00eda\",\"isPartOf\":{\"@id\":\"https:\/\/medicina.udd.cl\/odontologia-santiago\/#website\"},\"datePublished\":\"2014-11-06T13:00:39+00:00\",\"dateModified\":\"2016-09-21T14:48:36+00:00\",\"breadcrumb\":{\"@id\":\"https:\/\/medicina.udd.cl\/odontologia-santiago\/la-carrera\/descripcion\/mision-de-la-carrera\/#breadcrumb\"},\"inLanguage\":\"es\",\"potentialAction\":[{\"@type\":\"ReadAction\",\"target\":[\"https:\/\/medicina.udd.cl\/odontologia-santiago\/la-carrera\/descripcion\/mision-de-la-carrera\/\"]}]},{\"@type\":\"BreadcrumbList\",\"@id\":\"https:\/\/medicina.udd.cl\/odontologia-santiago\/la-carrera\/descripcion\/mision-de-la-carrera\/#breadcrumb\",\"itemListElement\":[{\"@type\":\"ListItem\",\"position\":1,\"name\":\"Home\",\"item\":\"https:\/\/medicina.udd.cl\/odontologia-santiago\/\"},{\"@type\":\"ListItem\",\"position\":2,\"name\":\"La Carrera\",\"item\":\"https:\/\/medicina.udd.cl\/odontologia-santiago\/la-carrera\/\"},{\"@type\":\"ListItem\",\"position\":3,\"name\":\"Descripci\u00f3n\",\"item\":\"https:\/\/medicina.udd.cl\/odontologia-santiago\/la-carrera\/descripcion\/\"},{\"@type\":\"ListItem\",\"position\":4,\"name\":\"Misi\u00f3n de la carrera\"}]},{\"@type\":\"WebSite\",\"@id\":\"https:\/\/medicina.udd.cl\/odontologia-santiago\/#website\",\"url\":\"https:\/\/medicina.udd.cl\/odontologia-santiago\/\",\"name\":\"Odontolog\u00eda\",\"description\":\"Facultad de Medicina Cl\u00ednica Alemana Universidad del Desarrollo\",\"inLanguage\":\"es\"}]}<\/script>\n<!-- \/ Yoast SEO plugin. -->","yoast_head_json":{"title":"Misi\u00f3n de la carrera - Odontolog\u00eda","robots":{"index":"index","follow":"follow","max-snippet":"max-snippet:-1","max-image-preview":"max-image-preview:large","max-video-preview":"max-video-preview:-1"},"canonical":"https:\/\/medicina.udd.cl\/odontologia-santiago\/la-carrera\/descripcion\/mision-de-la-carrera\/","og_locale":"es_ES","og_type":"article","og_title":"Misi\u00f3n de la carrera - Odontolog\u00eda","og_description":"Formar profesionales odont\u00f3logos con capacidades, habilidades, conocimientos y valores apropiados para desempe\u00f1arse en el servicio a la comunidad, con el m\u00e1s alto nivel de eficiencia, responsabilidad e idoneidad en el ejercicio de la profesi\u00f3n.","og_url":"https:\/\/medicina.udd.cl\/odontologia-santiago\/la-carrera\/descripcion\/mision-de-la-carrera\/","og_site_name":"Odontolog\u00eda","article_modified_time":"2016-09-21T14:48:36+00:00","schema":{"@context":"https:\/\/schema.org","@graph":[{"@type":"WebPage","@id":"https:\/\/medicina.udd.cl\/odontologia-santiago\/la-carrera\/descripcion\/mision-de-la-carrera\/","url":"https:\/\/medicina.udd.cl\/odontologia-santiago\/la-carrera\/descripcion\/mision-de-la-carrera\/","name":"Misi\u00f3n de la carrera - Odontolog\u00eda","isPartOf":{"@id":"https:\/\/medicina.udd.cl\/odontologia-santiago\/#website"},"datePublished":"2014-11-06T13:00:39+00:00","dateModified":"2016-09-21T14:48:36+00:00","breadcrumb":{"@id":"https:\/\/medicina.udd.cl\/odontologia-santiago\/la-carrera\/descripcion\/mision-de-la-carrera\/#breadcrumb"},"inLanguage":"es","potentialAction":[{"@type":"ReadAction","target":["https:\/\/medicina.udd.cl\/odontologia-santiago\/la-carrera\/descripcion\/mision-de-la-carrera\/"]}]},{"@type":"BreadcrumbList","@id":"https:\/\/medicina.udd.cl\/odontologia-santiago\/la-carrera\/descripcion\/mision-de-la-carrera\/#breadcrumb","itemListElement":[{"@type":"ListItem","position":1,"name":"Home","item":"https:\/\/medicina.udd.cl\/odontologia-santiago\/"},{"@type":"ListItem","position":2,"name":"La Carrera","item":"https:\/\/medicina.udd.cl\/odontologia-santiago\/la-carrera\/"},{"@type":"ListItem","position":3,"name":"Descripci\u00f3n","item":"https:\/\/medicina.udd.cl\/odontologia-santiago\/la-carrera\/descripcion\/"},{"@type":"ListItem","position":4,"name":"Misi\u00f3n de la carrera"}]},{"@type":"WebSite","@id":"https:\/\/medicina.udd.cl\/odontologia-santiago\/#website","url":"https:\/\/medicina.udd.cl\/odontologia-santiago\/","name":"Odontolog\u00eda","description":"Facultad de Medicina Cl\u00ednica Alemana Universidad del Desarrollo","inLanguage":"es"}]}},"_links":{"self":[{"href":"https:\/\/medicina.udd.cl\/odontologia-santiago\/wp-json\/wp\/v2\/pages\/2587","targetHints":{"allow":["GET"]}}],"collection":[{"href":"https:\/\/medicina.udd.cl\/odontologia-santiago\/wp-json\/wp\/v2\/pages"}],"about":[{"href":"https:\/\/medicina.udd.cl\/odontologia-santiago\/wp-json\/wp\/v2\/types\/page"}],"author":[{"embeddable":true,"href":"https:\/\/medicina.udd.cl\/odontologia-santiago\/wp-json\/wp\/v2\/users\/40"}],"replies":[{"embeddable":true,"href":"https:\/\/medicina.udd.cl\/odontologia-santiago\/wp-json\/wp\/v2\/comments?post=2587"}],"version-history":[{"count":6,"href":"https:\/\/medicina.udd.cl\/odontologia-santiago\/wp-json\/wp\/v2\/pages\/2587\/revisions"}],"predecessor-version":[{"id":4047,"href":"https:\/\/medicina.udd.cl\/odontologia-santiago\/wp-json\/wp\/v2\/pages\/2587\/revisions\/4047"}],"up":[{"embeddable":true,"href":"https:\/\/medicina.udd.cl\/odontologia-santiago\/wp-json\/wp\/v2\/pages\/9"}],"wp:attachment":[{"href":"https:\/\/medicina.udd.cl\/odontologia-santiago\/wp-json\/wp\/v2\/media?parent=2587"}],"curies":[{"name":"wp","href":"https:\/\/api.w.org\/{rel}","templated":true}]}}