{"id":2784,"date":"2015-04-17T13:02:16","date_gmt":"2015-04-17T16:02:16","guid":{"rendered":"http:\/\/medicina.udd.cl\/odontologia-santiago\/?page_id=2784"},"modified":"2018-05-04T16:56:53","modified_gmt":"2018-05-04T19:56:53","slug":"social-udd-2","status":"publish","type":"page","link":"https:\/\/medicina.udd.cl\/odontologia-santiago\/investigacion\/social-udd-2\/","title":{"rendered":"SOCIAL UDD"},"content":{"rendered":"<p><a href=\"http:\/\/medicina.udd.cl\/odontologia-santiago\/files\/2015\/04\/SOCIAL-UDD-e1495478789417.jpg\"><img loading=\"lazy\" decoding=\"async\" class=\"wp-image-2779 alignleft\" src=\"http:\/\/medicina.udd.cl\/odontologia-santiago\/files\/2015\/04\/SOCIAL-UDD-e1495478789417-278x300.jpg\" alt=\"\" width=\"121\" height=\"130\" srcset=\"https:\/\/medicina.udd.cl\/odontologia-santiago\/files\/2015\/04\/SOCIAL-UDD-e1495478789417-278x300.jpg 278w, https:\/\/medicina.udd.cl\/odontologia-santiago\/files\/2015\/04\/SOCIAL-UDD-e1495478789417.jpg 497w\" sizes=\"auto, (max-width: 121px) 100vw, 121px\" \/><\/a><\/p>\n<p style=\"text-align: justify\">El 31 de marzo de 2015 se cre\u00f3 la Sociedad Odontol\u00f3gica Cient\u00edfica de Alumnos de la Universidad del Desarrollo, con la misi\u00f3n de promover la participaci\u00f3n de los estudiantes en el \u00e1rea de la investigaci\u00f3n y as\u00ed permitirles adquirir conocimientos, habilidades y herramientas en beneficio de su propia educaci\u00f3n como odont\u00f3logos, con pensamiento cr\u00edtico y autodidactas y fomentar el sello UDD.<\/p>\n<p style=\"text-align: justify\">Los objetivos generales de SOCIAL UDD son generar instancias para que alumnos y docentes realicen investigaciones en conjunto, fomentar la investigaci\u00f3n cient\u00edfica como parte de nuestro perfil de egreso y difundir el conocimiento cient\u00edfico realizado por nuestra Facultad.<\/p>\n<p style=\"text-align: justify\"><a href=\"http:\/\/medicina.udd.cl\/odontologia-santiago\/files\/2015\/04\/SOCIAL-UDD-1.jpg\" rel=\"attachment wp-att-4443\"><img loading=\"lazy\" decoding=\"async\" class=\"alignnone wp-image-4443\" src=\"http:\/\/medicina.udd.cl\/odontologia-santiago\/files\/2015\/04\/SOCIAL-UDD-1-300x200.jpg\" alt=\"SOCIAL UDD\" width=\"417\" height=\"278\" srcset=\"https:\/\/medicina.udd.cl\/odontologia-santiago\/files\/2015\/04\/SOCIAL-UDD-1-300x200.jpg 300w, https:\/\/medicina.udd.cl\/odontologia-santiago\/files\/2015\/04\/SOCIAL-UDD-1-768x512.jpg 768w, https:\/\/medicina.udd.cl\/odontologia-santiago\/files\/2015\/04\/SOCIAL-UDD-1-1024x683.jpg 1024w, https:\/\/medicina.udd.cl\/odontologia-santiago\/files\/2015\/04\/SOCIAL-UDD-1-960x640.jpg 960w\" sizes=\"auto, (max-width: 417px) 100vw, 417px\" \/><\/a><\/p>\n<p style=\"text-align: justify\">\u00a1S\u00edguelos en <strong><a href=\"https:\/\/www.facebook.com\/social.udd\">Faceboook<\/a><\/strong> y ent\u00e9rate de sus actividades!<\/p>\n<p style=\"text-align: justify\"><span style=\"color: #008080\"><b style=\"color: #008080\">Descarga aqu\u00ed libros res\u00famenes de jornadas <\/b><span style=\"color: #008080\"><b>odontol\u00f3gicas<\/b><\/span><\/span><\/p>\n<p><a href=\"http:\/\/medicina.udd.cl\/odontologia-santiago\/files\/2018\/05\/Libro-Resumen-SOBE-2017.pdf\">Libro resumen sobe octubre 2017<\/a><\/p>\n<p><a href=\"http:\/\/medicina.udd.cl\/odontologia-santiago\/files\/2018\/05\/Libro-Resumen-JO-UDD-2017.pdf\">Libro resumen sobe junio 2017<\/a><\/p>\n<p><a href=\"http:\/\/medicina.udd.cl\/odontologia-santiago\/files\/2018\/05\/Libro-de-Res\u00famenes-JOUDD16.pdf\">Libro resumen sobe 2016<\/a><\/p>\n<p><a href=\"http:\/\/medicina.udd.cl\/odontologia-santiago\/files\/2018\/05\/Libro-de-Resu\u0301menes-JOUDD15.pdf\">Libro resumen sobe 2015<\/a><\/p>\n<p>&nbsp;<\/p>\n<p style=\"text-align: justify\">\n<p style=\"text-align: justify\">\n<p style=\"text-align: justify\">\n","protected":false},"excerpt":{"rendered":"<p>Conoce a la Sociedad Odontol\u00f3gica Cient\u00edfica de Alumnos de la UDD<\/p>\n","protected":false},"author":40,"featured_media":0,"parent":2803,"menu_order":0,"comment_status":"open","ping_status":"open","template":"","meta":{"footnotes":""},"class_list":["post-2784","page","type-page","status-publish","hentry"],"yoast_head":"<!-- This site is optimized with the Yoast SEO plugin v26.9 - https:\/\/yoast.com\/product\/yoast-seo-wordpress\/ -->\n<title>SOCIAL UDD - Odontolog\u00eda<\/title>\n<meta name=\"robots\" content=\"index, follow, max-snippet:-1, max-image-preview:large, max-video-preview:-1\" \/>\n<link rel=\"canonical\" href=\"https:\/\/medicina.udd.cl\/odontologia-santiago\/investigacion\/social-udd-2\/\" \/>\n<meta property=\"og:locale\" content=\"es_ES\" \/>\n<meta property=\"og:type\" content=\"article\" \/>\n<meta property=\"og:title\" content=\"SOCIAL UDD - Odontolog\u00eda\" \/>\n<meta property=\"og:description\" content=\"Conoce a la Sociedad Odontol\u00f3gica Cient\u00edfica de Alumnos de la UDD\" \/>\n<meta property=\"og:url\" content=\"https:\/\/medicina.udd.cl\/odontologia-santiago\/investigacion\/social-udd-2\/\" \/>\n<meta property=\"og:site_name\" content=\"Odontolog\u00eda\" \/>\n<meta property=\"article:modified_time\" content=\"2018-05-04T19:56:53+00:00\" \/>\n<meta property=\"og:image\" content=\"http:\/\/medicina.udd.cl\/odontologia-santiago\/files\/2015\/04\/SOCIAL-UDD-e1495478789417-278x300.jpg\" \/>\n<meta name=\"twitter:label1\" content=\"Tiempo de lectura\" \/>\n\t<meta name=\"twitter:data1\" content=\"1 minuto\" \/>\n<script type=\"application\/ld+json\" class=\"yoast-schema-graph\">{\"@context\":\"https:\/\/schema.org\",\"@graph\":[{\"@type\":\"WebPage\",\"@id\":\"https:\/\/medicina.udd.cl\/odontologia-santiago\/investigacion\/social-udd-2\/\",\"url\":\"https:\/\/medicina.udd.cl\/odontologia-santiago\/investigacion\/social-udd-2\/\",\"name\":\"SOCIAL UDD - Odontolog\u00eda\",\"isPartOf\":{\"@id\":\"https:\/\/medicina.udd.cl\/odontologia-santiago\/#website\"},\"primaryImageOfPage\":{\"@id\":\"https:\/\/medicina.udd.cl\/odontologia-santiago\/investigacion\/social-udd-2\/#primaryimage\"},\"image\":{\"@id\":\"https:\/\/medicina.udd.cl\/odontologia-santiago\/investigacion\/social-udd-2\/#primaryimage\"},\"thumbnailUrl\":\"http:\/\/medicina.udd.cl\/odontologia-santiago\/files\/2015\/04\/SOCIAL-UDD-e1495478789417-278x300.jpg\",\"datePublished\":\"2015-04-17T16:02:16+00:00\",\"dateModified\":\"2018-05-04T19:56:53+00:00\",\"breadcrumb\":{\"@id\":\"https:\/\/medicina.udd.cl\/odontologia-santiago\/investigacion\/social-udd-2\/#breadcrumb\"},\"inLanguage\":\"es\",\"potentialAction\":[{\"@type\":\"ReadAction\",\"target\":[\"https:\/\/medicina.udd.cl\/odontologia-santiago\/investigacion\/social-udd-2\/\"]}]},{\"@type\":\"ImageObject\",\"inLanguage\":\"es\",\"@id\":\"https:\/\/medicina.udd.cl\/odontologia-santiago\/investigacion\/social-udd-2\/#primaryimage\",\"url\":\"http:\/\/medicina.udd.cl\/odontologia-santiago\/files\/2015\/04\/SOCIAL-UDD-e1495478789417-278x300.jpg\",\"contentUrl\":\"http:\/\/medicina.udd.cl\/odontologia-santiago\/files\/2015\/04\/SOCIAL-UDD-e1495478789417-278x300.jpg\"},{\"@type\":\"BreadcrumbList\",\"@id\":\"https:\/\/medicina.udd.cl\/odontologia-santiago\/investigacion\/social-udd-2\/#breadcrumb\",\"itemListElement\":[{\"@type\":\"ListItem\",\"position\":1,\"name\":\"Home\",\"item\":\"https:\/\/medicina.udd.cl\/odontologia-santiago\/\"},{\"@type\":\"ListItem\",\"position\":2,\"name\":\"Investigaci\u00f3n\",\"item\":\"https:\/\/medicina.udd.cl\/odontologia-santiago\/investigacion\/\"},{\"@type\":\"ListItem\",\"position\":3,\"name\":\"SOCIAL UDD\"}]},{\"@type\":\"WebSite\",\"@id\":\"https:\/\/medicina.udd.cl\/odontologia-santiago\/#website\",\"url\":\"https:\/\/medicina.udd.cl\/odontologia-santiago\/\",\"name\":\"Odontolog\u00eda\",\"description\":\"Facultad de Medicina Cl\u00ednica Alemana Universidad del Desarrollo\",\"inLanguage\":\"es\"}]}<\/script>\n<!-- \/ Yoast SEO plugin. -->","yoast_head_json":{"title":"SOCIAL UDD - Odontolog\u00eda","robots":{"index":"index","follow":"follow","max-snippet":"max-snippet:-1","max-image-preview":"max-image-preview:large","max-video-preview":"max-video-preview:-1"},"canonical":"https:\/\/medicina.udd.cl\/odontologia-santiago\/investigacion\/social-udd-2\/","og_locale":"es_ES","og_type":"article","og_title":"SOCIAL UDD - Odontolog\u00eda","og_description":"Conoce a la Sociedad Odontol\u00f3gica Cient\u00edfica de Alumnos de la UDD","og_url":"https:\/\/medicina.udd.cl\/odontologia-santiago\/investigacion\/social-udd-2\/","og_site_name":"Odontolog\u00eda","article_modified_time":"2018-05-04T19:56:53+00:00","og_image":[{"url":"http:\/\/medicina.udd.cl\/odontologia-santiago\/files\/2015\/04\/SOCIAL-UDD-e1495478789417-278x300.jpg","type":"","width":"","height":""}],"twitter_misc":{"Tiempo de lectura":"1 minuto"},"schema":{"@context":"https:\/\/schema.org","@graph":[{"@type":"WebPage","@id":"https:\/\/medicina.udd.cl\/odontologia-santiago\/investigacion\/social-udd-2\/","url":"https:\/\/medicina.udd.cl\/odontologia-santiago\/investigacion\/social-udd-2\/","name":"SOCIAL UDD - Odontolog\u00eda","isPartOf":{"@id":"https:\/\/medicina.udd.cl\/odontologia-santiago\/#website"},"primaryImageOfPage":{"@id":"https:\/\/medicina.udd.cl\/odontologia-santiago\/investigacion\/social-udd-2\/#primaryimage"},"image":{"@id":"https:\/\/medicina.udd.cl\/odontologia-santiago\/investigacion\/social-udd-2\/#primaryimage"},"thumbnailUrl":"http:\/\/medicina.udd.cl\/odontologia-santiago\/files\/2015\/04\/SOCIAL-UDD-e1495478789417-278x300.jpg","datePublished":"2015-04-17T16:02:16+00:00","dateModified":"2018-05-04T19:56:53+00:00","breadcrumb":{"@id":"https:\/\/medicina.udd.cl\/odontologia-santiago\/investigacion\/social-udd-2\/#breadcrumb"},"inLanguage":"es","potentialAction":[{"@type":"ReadAction","target":["https:\/\/medicina.udd.cl\/odontologia-santiago\/investigacion\/social-udd-2\/"]}]},{"@type":"ImageObject","inLanguage":"es","@id":"https:\/\/medicina.udd.cl\/odontologia-santiago\/investigacion\/social-udd-2\/#primaryimage","url":"http:\/\/medicina.udd.cl\/odontologia-santiago\/files\/2015\/04\/SOCIAL-UDD-e1495478789417-278x300.jpg","contentUrl":"http:\/\/medicina.udd.cl\/odontologia-santiago\/files\/2015\/04\/SOCIAL-UDD-e1495478789417-278x300.jpg"},{"@type":"BreadcrumbList","@id":"https:\/\/medicina.udd.cl\/odontologia-santiago\/investigacion\/social-udd-2\/#breadcrumb","itemListElement":[{"@type":"ListItem","position":1,"name":"Home","item":"https:\/\/medicina.udd.cl\/odontologia-santiago\/"},{"@type":"ListItem","position":2,"name":"Investigaci\u00f3n","item":"https:\/\/medicina.udd.cl\/odontologia-santiago\/investigacion\/"},{"@type":"ListItem","position":3,"name":"SOCIAL UDD"}]},{"@type":"WebSite","@id":"https:\/\/medicina.udd.cl\/odontologia-santiago\/#website","url":"https:\/\/medicina.udd.cl\/odontologia-santiago\/","name":"Odontolog\u00eda","description":"Facultad de Medicina Cl\u00ednica Alemana Universidad del Desarrollo","inLanguage":"es"}]}},"_links":{"self":[{"href":"https:\/\/medicina.udd.cl\/odontologia-santiago\/wp-json\/wp\/v2\/pages\/2784","targetHints":{"allow":["GET"]}}],"collection":[{"href":"https:\/\/medicina.udd.cl\/odontologia-santiago\/wp-json\/wp\/v2\/pages"}],"about":[{"href":"https:\/\/medicina.udd.cl\/odontologia-santiago\/wp-json\/wp\/v2\/types\/page"}],"author":[{"embeddable":true,"href":"https:\/\/medicina.udd.cl\/odontologia-santiago\/wp-json\/wp\/v2\/users\/40"}],"replies":[{"embeddable":true,"href":"https:\/\/medicina.udd.cl\/odontologia-santiago\/wp-json\/wp\/v2\/comments?post=2784"}],"version-history":[{"count":26,"href":"https:\/\/medicina.udd.cl\/odontologia-santiago\/wp-json\/wp\/v2\/pages\/2784\/revisions"}],"predecessor-version":[{"id":4779,"href":"https:\/\/medicina.udd.cl\/odontologia-santiago\/wp-json\/wp\/v2\/pages\/2784\/revisions\/4779"}],"up":[{"embeddable":true,"href":"https:\/\/medicina.udd.cl\/odontologia-santiago\/wp-json\/wp\/v2\/pages\/2803"}],"wp:attachment":[{"href":"https:\/\/medicina.udd.cl\/odontologia-santiago\/wp-json\/wp\/v2\/media?parent=2784"}],"curies":[{"name":"wp","href":"https:\/\/api.w.org\/{rel}","templated":true}]}}