{"id":2956,"date":"2015-06-16T17:24:05","date_gmt":"2015-06-16T20:24:05","guid":{"rendered":"http:\/\/medicina.udd.cl\/odontologia-santiago\/?page_id=2956"},"modified":"2015-06-16T17:59:23","modified_gmt":"2015-06-16T20:59:23","slug":"noticias-social-udd","status":"publish","type":"page","link":"https:\/\/medicina.udd.cl\/odontologia-santiago\/investigacion\/noticias-social-udd\/","title":{"rendered":"Noticias Social UDD"},"content":{"rendered":"<h4>Gran convocatoria en Seminario sobre innovaci\u00f3n en la rehabilitaci\u00f3n oral<\/h4>\n<h4><a href=\"http:\/\/medicina.udd.cl\/odontologia-santiago\/files\/2015\/06\/Social-UDD.jpg\"><img loading=\"lazy\" decoding=\"async\" class=\"wp-image-2951 alignleft\" alt=\"Social UDD\" src=\"http:\/\/medicina.udd.cl\/odontologia-santiago\/files\/2015\/06\/Social-UDD-300x200.jpg\" width=\"180\" height=\"120\" srcset=\"https:\/\/medicina.udd.cl\/odontologia-santiago\/files\/2015\/06\/Social-UDD-300x200.jpg 300w, https:\/\/medicina.udd.cl\/odontologia-santiago\/files\/2015\/06\/Social-UDD.jpg 675w\" sizes=\"auto, (max-width: 180px) 100vw, 180px\" \/><\/a><\/h4>\n<p>Para mayor informaci\u00f3n, <a href=\"http:\/\/medicina.udd.cl\/odontologia-santiago\/noticias\/2015\/06\/10\/gran-convocatoria-en-seminario-sobre-innovacion-en-la-rehabilitacion-oral\/\">ingresa aqu\u00ed<\/a><\/p>\n<p>&nbsp;<\/p>\n<p>&nbsp;<\/p>\n<p>&nbsp;<\/p>\n<p>&nbsp;<\/p>\n<p>&nbsp;<\/p>\n","protected":false},"excerpt":{"rendered":"<p>Revisa las noticias de la Sociedad Odontol\u00f3gica Cient\u00edfica de Alumnos de la UDD<\/p>\n","protected":false},"author":42,"featured_media":0,"parent":2803,"menu_order":0,"comment_status":"open","ping_status":"open","template":"","meta":{"footnotes":""},"class_list":["post-2956","page","type-page","status-publish","hentry"],"yoast_head":"<!-- This site is optimized with the Yoast SEO plugin v26.9 - https:\/\/yoast.com\/product\/yoast-seo-wordpress\/ -->\n<title>Noticias Social UDD - Odontolog\u00eda<\/title>\n<meta name=\"robots\" content=\"index, follow, max-snippet:-1, max-image-preview:large, max-video-preview:-1\" \/>\n<link rel=\"canonical\" href=\"https:\/\/medicina.udd.cl\/odontologia-santiago\/investigacion\/noticias-social-udd\/\" \/>\n<meta property=\"og:locale\" content=\"es_ES\" \/>\n<meta property=\"og:type\" content=\"article\" \/>\n<meta property=\"og:title\" content=\"Noticias Social UDD - Odontolog\u00eda\" \/>\n<meta property=\"og:description\" content=\"Revisa las noticias de la Sociedad Odontol\u00f3gica Cient\u00edfica de Alumnos de la UDD\" \/>\n<meta property=\"og:url\" content=\"https:\/\/medicina.udd.cl\/odontologia-santiago\/investigacion\/noticias-social-udd\/\" \/>\n<meta property=\"og:site_name\" content=\"Odontolog\u00eda\" \/>\n<meta property=\"article:modified_time\" content=\"2015-06-16T20:59:23+00:00\" \/>\n<meta property=\"og:image\" content=\"http:\/\/medicina.udd.cl\/odontologia-santiago\/files\/2015\/06\/Social-UDD-300x200.jpg\" \/>\n<script type=\"application\/ld+json\" class=\"yoast-schema-graph\">{\"@context\":\"https:\/\/schema.org\",\"@graph\":[{\"@type\":\"WebPage\",\"@id\":\"https:\/\/medicina.udd.cl\/odontologia-santiago\/investigacion\/noticias-social-udd\/\",\"url\":\"https:\/\/medicina.udd.cl\/odontologia-santiago\/investigacion\/noticias-social-udd\/\",\"name\":\"Noticias Social UDD - Odontolog\u00eda\",\"isPartOf\":{\"@id\":\"https:\/\/medicina.udd.cl\/odontologia-santiago\/#website\"},\"primaryImageOfPage\":{\"@id\":\"https:\/\/medicina.udd.cl\/odontologia-santiago\/investigacion\/noticias-social-udd\/#primaryimage\"},\"image\":{\"@id\":\"https:\/\/medicina.udd.cl\/odontologia-santiago\/investigacion\/noticias-social-udd\/#primaryimage\"},\"thumbnailUrl\":\"http:\/\/medicina.udd.cl\/odontologia-santiago\/files\/2015\/06\/Social-UDD-300x200.jpg\",\"datePublished\":\"2015-06-16T20:24:05+00:00\",\"dateModified\":\"2015-06-16T20:59:23+00:00\",\"breadcrumb\":{\"@id\":\"https:\/\/medicina.udd.cl\/odontologia-santiago\/investigacion\/noticias-social-udd\/#breadcrumb\"},\"inLanguage\":\"es\",\"potentialAction\":[{\"@type\":\"ReadAction\",\"target\":[\"https:\/\/medicina.udd.cl\/odontologia-santiago\/investigacion\/noticias-social-udd\/\"]}]},{\"@type\":\"ImageObject\",\"inLanguage\":\"es\",\"@id\":\"https:\/\/medicina.udd.cl\/odontologia-santiago\/investigacion\/noticias-social-udd\/#primaryimage\",\"url\":\"http:\/\/medicina.udd.cl\/odontologia-santiago\/files\/2015\/06\/Social-UDD-300x200.jpg\",\"contentUrl\":\"http:\/\/medicina.udd.cl\/odontologia-santiago\/files\/2015\/06\/Social-UDD-300x200.jpg\"},{\"@type\":\"BreadcrumbList\",\"@id\":\"https:\/\/medicina.udd.cl\/odontologia-santiago\/investigacion\/noticias-social-udd\/#breadcrumb\",\"itemListElement\":[{\"@type\":\"ListItem\",\"position\":1,\"name\":\"Home\",\"item\":\"https:\/\/medicina.udd.cl\/odontologia-santiago\/\"},{\"@type\":\"ListItem\",\"position\":2,\"name\":\"Investigaci\u00f3n\",\"item\":\"https:\/\/medicina.udd.cl\/odontologia-santiago\/investigacion\/\"},{\"@type\":\"ListItem\",\"position\":3,\"name\":\"Noticias Social UDD\"}]},{\"@type\":\"WebSite\",\"@id\":\"https:\/\/medicina.udd.cl\/odontologia-santiago\/#website\",\"url\":\"https:\/\/medicina.udd.cl\/odontologia-santiago\/\",\"name\":\"Odontolog\u00eda\",\"description\":\"Facultad de Medicina Cl\u00ednica Alemana Universidad del Desarrollo\",\"inLanguage\":\"es\"}]}<\/script>\n<!-- \/ Yoast SEO plugin. -->","yoast_head_json":{"title":"Noticias Social UDD - Odontolog\u00eda","robots":{"index":"index","follow":"follow","max-snippet":"max-snippet:-1","max-image-preview":"max-image-preview:large","max-video-preview":"max-video-preview:-1"},"canonical":"https:\/\/medicina.udd.cl\/odontologia-santiago\/investigacion\/noticias-social-udd\/","og_locale":"es_ES","og_type":"article","og_title":"Noticias Social UDD - Odontolog\u00eda","og_description":"Revisa las noticias de la Sociedad Odontol\u00f3gica Cient\u00edfica de Alumnos de la UDD","og_url":"https:\/\/medicina.udd.cl\/odontologia-santiago\/investigacion\/noticias-social-udd\/","og_site_name":"Odontolog\u00eda","article_modified_time":"2015-06-16T20:59:23+00:00","og_image":[{"url":"http:\/\/medicina.udd.cl\/odontologia-santiago\/files\/2015\/06\/Social-UDD-300x200.jpg","type":"","width":"","height":""}],"schema":{"@context":"https:\/\/schema.org","@graph":[{"@type":"WebPage","@id":"https:\/\/medicina.udd.cl\/odontologia-santiago\/investigacion\/noticias-social-udd\/","url":"https:\/\/medicina.udd.cl\/odontologia-santiago\/investigacion\/noticias-social-udd\/","name":"Noticias Social UDD - Odontolog\u00eda","isPartOf":{"@id":"https:\/\/medicina.udd.cl\/odontologia-santiago\/#website"},"primaryImageOfPage":{"@id":"https:\/\/medicina.udd.cl\/odontologia-santiago\/investigacion\/noticias-social-udd\/#primaryimage"},"image":{"@id":"https:\/\/medicina.udd.cl\/odontologia-santiago\/investigacion\/noticias-social-udd\/#primaryimage"},"thumbnailUrl":"http:\/\/medicina.udd.cl\/odontologia-santiago\/files\/2015\/06\/Social-UDD-300x200.jpg","datePublished":"2015-06-16T20:24:05+00:00","dateModified":"2015-06-16T20:59:23+00:00","breadcrumb":{"@id":"https:\/\/medicina.udd.cl\/odontologia-santiago\/investigacion\/noticias-social-udd\/#breadcrumb"},"inLanguage":"es","potentialAction":[{"@type":"ReadAction","target":["https:\/\/medicina.udd.cl\/odontologia-santiago\/investigacion\/noticias-social-udd\/"]}]},{"@type":"ImageObject","inLanguage":"es","@id":"https:\/\/medicina.udd.cl\/odontologia-santiago\/investigacion\/noticias-social-udd\/#primaryimage","url":"http:\/\/medicina.udd.cl\/odontologia-santiago\/files\/2015\/06\/Social-UDD-300x200.jpg","contentUrl":"http:\/\/medicina.udd.cl\/odontologia-santiago\/files\/2015\/06\/Social-UDD-300x200.jpg"},{"@type":"BreadcrumbList","@id":"https:\/\/medicina.udd.cl\/odontologia-santiago\/investigacion\/noticias-social-udd\/#breadcrumb","itemListElement":[{"@type":"ListItem","position":1,"name":"Home","item":"https:\/\/medicina.udd.cl\/odontologia-santiago\/"},{"@type":"ListItem","position":2,"name":"Investigaci\u00f3n","item":"https:\/\/medicina.udd.cl\/odontologia-santiago\/investigacion\/"},{"@type":"ListItem","position":3,"name":"Noticias Social UDD"}]},{"@type":"WebSite","@id":"https:\/\/medicina.udd.cl\/odontologia-santiago\/#website","url":"https:\/\/medicina.udd.cl\/odontologia-santiago\/","name":"Odontolog\u00eda","description":"Facultad de Medicina Cl\u00ednica Alemana Universidad del Desarrollo","inLanguage":"es"}]}},"_links":{"self":[{"href":"https:\/\/medicina.udd.cl\/odontologia-santiago\/wp-json\/wp\/v2\/pages\/2956","targetHints":{"allow":["GET"]}}],"collection":[{"href":"https:\/\/medicina.udd.cl\/odontologia-santiago\/wp-json\/wp\/v2\/pages"}],"about":[{"href":"https:\/\/medicina.udd.cl\/odontologia-santiago\/wp-json\/wp\/v2\/types\/page"}],"author":[{"embeddable":true,"href":"https:\/\/medicina.udd.cl\/odontologia-santiago\/wp-json\/wp\/v2\/users\/42"}],"replies":[{"embeddable":true,"href":"https:\/\/medicina.udd.cl\/odontologia-santiago\/wp-json\/wp\/v2\/comments?post=2956"}],"version-history":[{"count":10,"href":"https:\/\/medicina.udd.cl\/odontologia-santiago\/wp-json\/wp\/v2\/pages\/2956\/revisions"}],"predecessor-version":[{"id":2963,"href":"https:\/\/medicina.udd.cl\/odontologia-santiago\/wp-json\/wp\/v2\/pages\/2956\/revisions\/2963"}],"up":[{"embeddable":true,"href":"https:\/\/medicina.udd.cl\/odontologia-santiago\/wp-json\/wp\/v2\/pages\/2803"}],"wp:attachment":[{"href":"https:\/\/medicina.udd.cl\/odontologia-santiago\/wp-json\/wp\/v2\/media?parent=2956"}],"curies":[{"name":"wp","href":"https:\/\/api.w.org\/{rel}","templated":true}]}}