{"id":3133,"date":"2015-08-27T12:42:29","date_gmt":"2015-08-27T15:42:29","guid":{"rendered":"http:\/\/medicina.udd.cl\/odontologia-santiago\/?page_id=3133"},"modified":"2015-11-27T12:28:16","modified_gmt":"2015-11-27T15:28:16","slug":"estudia-con-nosotros-odontologia","status":"publish","type":"page","link":"https:\/\/medicina.udd.cl\/odontologia-santiago\/estudia-con-nosotros-odontologia\/","title":{"rendered":"\u00a1Estudia con nosotros Odontolog\u00eda!"},"content":{"rendered":"<p style=\"text-align: center\"><a href=\"http:\/\/medicina.udd.cl\/odontologia-santiago\/files\/2015\/08\/Facultad-de-Medicina-Clinica-Alemana1.jpg\"><img loading=\"lazy\" decoding=\"async\" class=\"aligncenter  wp-image-3136\" alt=\"Facultad de Medicina Clinica Alemana\" src=\"http:\/\/medicina.udd.cl\/odontologia-santiago\/files\/2015\/08\/Facultad-de-Medicina-Clinica-Alemana1-300x181.jpg\" width=\"240\" height=\"145\" \/><\/a><\/p>\n<p><a href=\"http:\/\/medicina.udd.cl\/odontologia-santiago\/files\/2015\/11\/Estudia-con-nosotros-Odontolog\u00eda.jpg\"><img loading=\"lazy\" decoding=\"async\" class=\"aligncenter size-medium wp-image-3482\" alt=\"Estudia con nosotros Odontolog\u00eda\" src=\"http:\/\/medicina.udd.cl\/odontologia-santiago\/files\/2015\/11\/Estudia-con-nosotros-Odontolog\u00eda-300x196.jpg\" width=\"300\" height=\"196\" \/><\/a><\/p>\n<p>&nbsp;<\/p>\n<h3 style=\"text-align: center\">Odontolog\u00eda UDD 2016<\/h3>\n<h3 style=\"text-align: center\"><span style=\"color: #000000\">A partir de este a\u00f1o<\/span><\/h3>\n<h3 style=\"text-align: center\"><span style=\"color: #e0b300\">INSUMOS+INSTRUMENTAL B\u00c1SICO+ ARTICULADOR<\/span><\/h3>\n<h3 style=\"text-align: center\"><span style=\"color: #2d5ed2\">INCLUIDOS en el arancel ANUAL de la carrera<\/span><\/h3>\n<h3 style=\"text-align: center\">ESTUDIA CON NOSOTROS<\/h3>\n<h5 style=\"text-align: center\"><span style=\"line-height: 13px\">Formaci\u00f3n de excelencia<\/span><\/h5>\n<h5 style=\"text-align: center\">Modelo educativo centrado en el paciente<\/h5>\n<h5 style=\"text-align: center\">Integraci\u00f3n de las ciencias b\u00e1sicas, pre-cl\u00ednicas y cl\u00ednicas<\/h5>\n<h5 style=\"text-align: center\">Calidad del cuerpo docente<\/h5>\n<h5 style=\"text-align: center\">Formaci\u00f3n en investigaci\u00f3n<\/h5>\n<h3><\/h3>\n<blockquote><p>&nbsp;<\/p><\/blockquote>\n<p>Coordinadora de Admisi\u00f3n: Dra. Constanza Vald\u00e9s D.<\/p>\n<p>Email: admisionodontologiascl@udd.cl<\/p>\n<p>medicina.udd.cl\/odontologia-santiago\/<\/p>\n","protected":false},"excerpt":{"rendered":"<p>&nbsp; Odontolog\u00eda UDD 2016 A partir de este a\u00f1o INSUMOS+INSTRUMENTAL B\u00c1SICO+ ARTICULADOR INCLUIDOS en el arancel ANUAL de la carrera ESTUDIA CON NOSOTROS Formaci\u00f3n de excelencia Modelo educativo centrado en el paciente Integraci\u00f3n de las ciencias b\u00e1sicas, pre-cl\u00ednicas y cl\u00ednicas Calidad del cuerpo docente Formaci\u00f3n en investigaci\u00f3n &nbsp; Coordinadora de Admisi\u00f3n: Dra. Constanza Vald\u00e9s D. [&hellip;]<\/p>\n","protected":false},"author":47,"featured_media":0,"parent":0,"menu_order":0,"comment_status":"open","ping_status":"open","template":"","meta":{"footnotes":""},"class_list":["post-3133","page","type-page","status-publish","hentry"],"yoast_head":"<!-- This site is optimized with the Yoast SEO plugin v26.9 - https:\/\/yoast.com\/product\/yoast-seo-wordpress\/ -->\n<title>\u00a1Estudia con nosotros Odontolog\u00eda! - Odontolog\u00eda<\/title>\n<meta name=\"robots\" content=\"index, follow, max-snippet:-1, max-image-preview:large, max-video-preview:-1\" \/>\n<link rel=\"canonical\" href=\"https:\/\/medicina.udd.cl\/odontologia-santiago\/estudia-con-nosotros-odontologia\/\" \/>\n<meta property=\"og:locale\" content=\"es_ES\" \/>\n<meta property=\"og:type\" content=\"article\" \/>\n<meta property=\"og:title\" content=\"\u00a1Estudia con nosotros Odontolog\u00eda! - Odontolog\u00eda\" \/>\n<meta property=\"og:description\" content=\"&nbsp; Odontolog\u00eda UDD 2016 A partir de este a\u00f1o INSUMOS+INSTRUMENTAL B\u00c1SICO+ ARTICULADOR INCLUIDOS en el arancel ANUAL de la carrera ESTUDIA CON NOSOTROS Formaci\u00f3n de excelencia Modelo educativo centrado en el paciente Integraci\u00f3n de las ciencias b\u00e1sicas, pre-cl\u00ednicas y cl\u00ednicas Calidad del cuerpo docente Formaci\u00f3n en investigaci\u00f3n &nbsp; Coordinadora de Admisi\u00f3n: Dra. Constanza Vald\u00e9s D. [&hellip;]\" \/>\n<meta property=\"og:url\" content=\"https:\/\/medicina.udd.cl\/odontologia-santiago\/estudia-con-nosotros-odontologia\/\" \/>\n<meta property=\"og:site_name\" content=\"Odontolog\u00eda\" \/>\n<meta property=\"article:modified_time\" content=\"2015-11-27T15:28:16+00:00\" \/>\n<meta property=\"og:image\" content=\"http:\/\/medicina.udd.cl\/odontologia-santiago\/files\/2015\/08\/Facultad-de-Medicina-Clinica-Alemana1-300x181.jpg\" \/>\n<script type=\"application\/ld+json\" class=\"yoast-schema-graph\">{\"@context\":\"https:\/\/schema.org\",\"@graph\":[{\"@type\":\"WebPage\",\"@id\":\"https:\/\/medicina.udd.cl\/odontologia-santiago\/estudia-con-nosotros-odontologia\/\",\"url\":\"https:\/\/medicina.udd.cl\/odontologia-santiago\/estudia-con-nosotros-odontologia\/\",\"name\":\"\u00a1Estudia con nosotros Odontolog\u00eda! - Odontolog\u00eda\",\"isPartOf\":{\"@id\":\"https:\/\/medicina.udd.cl\/odontologia-santiago\/#website\"},\"primaryImageOfPage\":{\"@id\":\"https:\/\/medicina.udd.cl\/odontologia-santiago\/estudia-con-nosotros-odontologia\/#primaryimage\"},\"image\":{\"@id\":\"https:\/\/medicina.udd.cl\/odontologia-santiago\/estudia-con-nosotros-odontologia\/#primaryimage\"},\"thumbnailUrl\":\"http:\/\/medicina.udd.cl\/odontologia-santiago\/files\/2015\/08\/Facultad-de-Medicina-Clinica-Alemana1-300x181.jpg\",\"datePublished\":\"2015-08-27T15:42:29+00:00\",\"dateModified\":\"2015-11-27T15:28:16+00:00\",\"breadcrumb\":{\"@id\":\"https:\/\/medicina.udd.cl\/odontologia-santiago\/estudia-con-nosotros-odontologia\/#breadcrumb\"},\"inLanguage\":\"es\",\"potentialAction\":[{\"@type\":\"ReadAction\",\"target\":[\"https:\/\/medicina.udd.cl\/odontologia-santiago\/estudia-con-nosotros-odontologia\/\"]}]},{\"@type\":\"ImageObject\",\"inLanguage\":\"es\",\"@id\":\"https:\/\/medicina.udd.cl\/odontologia-santiago\/estudia-con-nosotros-odontologia\/#primaryimage\",\"url\":\"http:\/\/medicina.udd.cl\/odontologia-santiago\/files\/2015\/08\/Facultad-de-Medicina-Clinica-Alemana1-300x181.jpg\",\"contentUrl\":\"http:\/\/medicina.udd.cl\/odontologia-santiago\/files\/2015\/08\/Facultad-de-Medicina-Clinica-Alemana1-300x181.jpg\"},{\"@type\":\"BreadcrumbList\",\"@id\":\"https:\/\/medicina.udd.cl\/odontologia-santiago\/estudia-con-nosotros-odontologia\/#breadcrumb\",\"itemListElement\":[{\"@type\":\"ListItem\",\"position\":1,\"name\":\"Home\",\"item\":\"https:\/\/medicina.udd.cl\/odontologia-santiago\/\"},{\"@type\":\"ListItem\",\"position\":2,\"name\":\"\u00a1Estudia con nosotros Odontolog\u00eda!\"}]},{\"@type\":\"WebSite\",\"@id\":\"https:\/\/medicina.udd.cl\/odontologia-santiago\/#website\",\"url\":\"https:\/\/medicina.udd.cl\/odontologia-santiago\/\",\"name\":\"Odontolog\u00eda\",\"description\":\"Facultad de Medicina Cl\u00ednica Alemana Universidad del Desarrollo\",\"inLanguage\":\"es\"}]}<\/script>\n<!-- \/ Yoast SEO plugin. -->","yoast_head_json":{"title":"\u00a1Estudia con nosotros Odontolog\u00eda! - Odontolog\u00eda","robots":{"index":"index","follow":"follow","max-snippet":"max-snippet:-1","max-image-preview":"max-image-preview:large","max-video-preview":"max-video-preview:-1"},"canonical":"https:\/\/medicina.udd.cl\/odontologia-santiago\/estudia-con-nosotros-odontologia\/","og_locale":"es_ES","og_type":"article","og_title":"\u00a1Estudia con nosotros Odontolog\u00eda! - Odontolog\u00eda","og_description":"&nbsp; Odontolog\u00eda UDD 2016 A partir de este a\u00f1o INSUMOS+INSTRUMENTAL B\u00c1SICO+ ARTICULADOR INCLUIDOS en el arancel ANUAL de la carrera ESTUDIA CON NOSOTROS Formaci\u00f3n de excelencia Modelo educativo centrado en el paciente Integraci\u00f3n de las ciencias b\u00e1sicas, pre-cl\u00ednicas y cl\u00ednicas Calidad del cuerpo docente Formaci\u00f3n en investigaci\u00f3n &nbsp; Coordinadora de Admisi\u00f3n: Dra. Constanza Vald\u00e9s D. [&hellip;]","og_url":"https:\/\/medicina.udd.cl\/odontologia-santiago\/estudia-con-nosotros-odontologia\/","og_site_name":"Odontolog\u00eda","article_modified_time":"2015-11-27T15:28:16+00:00","og_image":[{"url":"http:\/\/medicina.udd.cl\/odontologia-santiago\/files\/2015\/08\/Facultad-de-Medicina-Clinica-Alemana1-300x181.jpg","type":"","width":"","height":""}],"schema":{"@context":"https:\/\/schema.org","@graph":[{"@type":"WebPage","@id":"https:\/\/medicina.udd.cl\/odontologia-santiago\/estudia-con-nosotros-odontologia\/","url":"https:\/\/medicina.udd.cl\/odontologia-santiago\/estudia-con-nosotros-odontologia\/","name":"\u00a1Estudia con nosotros Odontolog\u00eda! - Odontolog\u00eda","isPartOf":{"@id":"https:\/\/medicina.udd.cl\/odontologia-santiago\/#website"},"primaryImageOfPage":{"@id":"https:\/\/medicina.udd.cl\/odontologia-santiago\/estudia-con-nosotros-odontologia\/#primaryimage"},"image":{"@id":"https:\/\/medicina.udd.cl\/odontologia-santiago\/estudia-con-nosotros-odontologia\/#primaryimage"},"thumbnailUrl":"http:\/\/medicina.udd.cl\/odontologia-santiago\/files\/2015\/08\/Facultad-de-Medicina-Clinica-Alemana1-300x181.jpg","datePublished":"2015-08-27T15:42:29+00:00","dateModified":"2015-11-27T15:28:16+00:00","breadcrumb":{"@id":"https:\/\/medicina.udd.cl\/odontologia-santiago\/estudia-con-nosotros-odontologia\/#breadcrumb"},"inLanguage":"es","potentialAction":[{"@type":"ReadAction","target":["https:\/\/medicina.udd.cl\/odontologia-santiago\/estudia-con-nosotros-odontologia\/"]}]},{"@type":"ImageObject","inLanguage":"es","@id":"https:\/\/medicina.udd.cl\/odontologia-santiago\/estudia-con-nosotros-odontologia\/#primaryimage","url":"http:\/\/medicina.udd.cl\/odontologia-santiago\/files\/2015\/08\/Facultad-de-Medicina-Clinica-Alemana1-300x181.jpg","contentUrl":"http:\/\/medicina.udd.cl\/odontologia-santiago\/files\/2015\/08\/Facultad-de-Medicina-Clinica-Alemana1-300x181.jpg"},{"@type":"BreadcrumbList","@id":"https:\/\/medicina.udd.cl\/odontologia-santiago\/estudia-con-nosotros-odontologia\/#breadcrumb","itemListElement":[{"@type":"ListItem","position":1,"name":"Home","item":"https:\/\/medicina.udd.cl\/odontologia-santiago\/"},{"@type":"ListItem","position":2,"name":"\u00a1Estudia con nosotros Odontolog\u00eda!"}]},{"@type":"WebSite","@id":"https:\/\/medicina.udd.cl\/odontologia-santiago\/#website","url":"https:\/\/medicina.udd.cl\/odontologia-santiago\/","name":"Odontolog\u00eda","description":"Facultad de Medicina Cl\u00ednica Alemana Universidad del Desarrollo","inLanguage":"es"}]}},"_links":{"self":[{"href":"https:\/\/medicina.udd.cl\/odontologia-santiago\/wp-json\/wp\/v2\/pages\/3133","targetHints":{"allow":["GET"]}}],"collection":[{"href":"https:\/\/medicina.udd.cl\/odontologia-santiago\/wp-json\/wp\/v2\/pages"}],"about":[{"href":"https:\/\/medicina.udd.cl\/odontologia-santiago\/wp-json\/wp\/v2\/types\/page"}],"author":[{"embeddable":true,"href":"https:\/\/medicina.udd.cl\/odontologia-santiago\/wp-json\/wp\/v2\/users\/47"}],"replies":[{"embeddable":true,"href":"https:\/\/medicina.udd.cl\/odontologia-santiago\/wp-json\/wp\/v2\/comments?post=3133"}],"version-history":[{"count":14,"href":"https:\/\/medicina.udd.cl\/odontologia-santiago\/wp-json\/wp\/v2\/pages\/3133\/revisions"}],"predecessor-version":[{"id":3490,"href":"https:\/\/medicina.udd.cl\/odontologia-santiago\/wp-json\/wp\/v2\/pages\/3133\/revisions\/3490"}],"wp:attachment":[{"href":"https:\/\/medicina.udd.cl\/odontologia-santiago\/wp-json\/wp\/v2\/media?parent=3133"}],"curies":[{"name":"wp","href":"https:\/\/api.w.org\/{rel}","templated":true}]}}