{"id":4570,"date":"2017-09-06T09:09:33","date_gmt":"2017-09-06T12:09:33","guid":{"rendered":"http:\/\/medicina.udd.cl\/odontologia-santiago\/?page_id=4570"},"modified":"2017-10-05T11:57:06","modified_gmt":"2017-10-05T14:57:06","slug":"inscripcion-jornada-odontologica-social-udd","status":"publish","type":"page","link":"https:\/\/medicina.udd.cl\/odontologia-santiago\/inscripcion-jornada-odontologica-social-udd\/","title":{"rendered":"Inscripci\u00f3n en Jornada Odontol\u00f3gica &#8211; SOCIAL UDD"},"content":{"rendered":"<p>La <strong>Sociedad Odontol\u00f3gica Cient\u00edfica de Alumnos de la Universidad del Desarrollo (SOCIAL UDD)<\/strong> Santiago, tiene el agrado de invitarlos a la VII Jornada Odontol\u00f3gica, la cual se realizar\u00e1 los d\u00edas 13 y\u00a014 de octubre de 2017, en el Aula Magna de la Facultad de Medicina Cl\u00ednica Alemana Universidad del Desarrollo, ubicado en Av. Las Condes 12.438, Lo Barnechea.<\/p>\n<p>Primera Convocatoria:\u00a0hasta el 20 de septiembre<\/p>\n<ul>\n<li>Pre-grado UDD $7.000<\/li>\n<li>Pre-grado Otras universidades $8.000<\/li>\n<li>Profesionales $10.000<\/li>\n<li>Expositor de\u00a0P\u00f3ster: $7.000<\/li>\n<\/ul>\n<p>Segunda Convocatoria:\u00a021 de septiembre hasta el 9 de octubre\u00a0(12pm)<\/p>\n<ul>\n<li>Pre-grado UDD $9.000<\/li>\n<li>Pre-grado Otras universidades $10.000<\/li>\n<li>Profesionales $12.000<\/li>\n<li>Expositor de\u00a0P\u00f3ster: $7.000<\/li>\n<\/ul>\n<p>Realizar transferencia a:<\/p>\n<p>Titular: Gala Vargas Peralta<\/p>\n<p>Rut: 18.200.900-8<br \/>\nCuenta corriente: Banco Chile<br \/>\nN\u00famero de cuenta:\u00a0<a href=\"tel:18355702\">18355702<\/a><\/p>\n<p>Mail:\u00a0<a href=\"mailto:social@udd.cl\">social@udd.cl<\/a><\/p>\n<p>Para\u00a0asistir, debes completar el formulario y adjuntar el comprobante de pago de la inscripci\u00f3n.<\/p>\n<div id='wufoo-xv438d61h0rcc9'>\nFill out my <a href='https:\/\/udesarrollo.wufoo.com\/forms\/xv438d61h0rcc9'>online form<\/a>.\n<\/div>\n<script type='text\/javascript'>var xv438d61h0rcc9;(function(d, t) {\nvar s = d.createElement(t), options = {\n'userName'      : 'udesarrollo',    \n'formHash'      : 'xv438d61h0rcc9',    \n'autoResize'    :  true,   \n'height'        : '818',      \n'async'         :  true,          \n'header'        : 'show',      \n'host'          : 'wufoo.com',    \n'entSource'     : 'wordpress',   \n'defaultValues' : ''     \n,'ssl'          :  1           };\ns.src = ('https:' == d.location.protocol ? 'https:\/\/' : 'http:\/\/') + 'secure.wufoo.com\/scripts\/embed\/form.js';\ns.onload = s.onreadystatechange = function() {\nvar rs = this.readyState; if (rs) if (rs != 'complete') if (rs != 'loaded') return;\ntry { xv438d61h0rcc9 = new WufooForm();xv438d61h0rcc9.initialize(options);xv438d61h0rcc9.display(); } catch (e) {}}\nvar scr = d.getElementsByTagName(t)[0], par = scr.parentNode; par.insertBefore(s, scr);\n})(document, 'script');<\/script> <noscript> <iframe height=\"818\" allowTransparency=\"true\" sandbox=\"allow-top-navigation allow-scripts allow-popups allow-forms allow-same-origin allow-popups-to-escape-sandbox\" frameborder=\"0\" scrolling=\"no\" style=\"width:100%;border:none;\"src=\"https:\/\/udesarrollo.wufoo.com\/embed\/xv438d61h0rcc9?entsource=wordpress\"><a href=\"https:\/\/udesarrollo.wufoo.com\/forms\/xv438d61h0rcc9?entsource=wordpress\" rel=\"nofollow\">Fill out my Wufoo form!<\/a><\/iframe> <\/noscript>\n","protected":false},"excerpt":{"rendered":"<p>La Sociedad Odontol\u00f3gica Cient\u00edfica de Alumnos de la Universidad del Desarrollo (SOCIAL UDD) Santiago, tiene el agrado de invitarlos a la VII Jornada Odontol\u00f3gica, la cual se realizar\u00e1 los d\u00edas 13 y\u00a014 de octubre de 2017, en el Aula Magna de la Facultad de Medicina Cl\u00ednica Alemana Universidad del Desarrollo, ubicado en Av. Las Condes [&hellip;]<\/p>\n","protected":false},"author":9192194,"featured_media":0,"parent":0,"menu_order":0,"comment_status":"closed","ping_status":"closed","template":"","meta":{"footnotes":""},"class_list":["post-4570","page","type-page","status-publish","hentry"],"yoast_head":"<!-- This site is optimized with the Yoast SEO plugin v26.9 - https:\/\/yoast.com\/product\/yoast-seo-wordpress\/ -->\n<title>Inscripci\u00f3n en Jornada Odontol\u00f3gica - SOCIAL UDD - Odontolog\u00eda<\/title>\n<meta name=\"robots\" content=\"index, follow, max-snippet:-1, max-image-preview:large, max-video-preview:-1\" \/>\n<link rel=\"canonical\" href=\"https:\/\/medicina.udd.cl\/odontologia-santiago\/inscripcion-jornada-odontologica-social-udd\/\" \/>\n<meta property=\"og:locale\" content=\"es_ES\" \/>\n<meta property=\"og:type\" content=\"article\" \/>\n<meta property=\"og:title\" content=\"Inscripci\u00f3n en Jornada Odontol\u00f3gica - SOCIAL UDD - Odontolog\u00eda\" \/>\n<meta property=\"og:description\" content=\"La Sociedad Odontol\u00f3gica Cient\u00edfica de Alumnos de la Universidad del Desarrollo (SOCIAL UDD) Santiago, tiene el agrado de invitarlos a la VII Jornada Odontol\u00f3gica, la cual se realizar\u00e1 los d\u00edas 13 y\u00a014 de octubre de 2017, en el Aula Magna de la Facultad de Medicina Cl\u00ednica Alemana Universidad del Desarrollo, ubicado en Av. Las Condes [&hellip;]\" \/>\n<meta property=\"og:url\" content=\"https:\/\/medicina.udd.cl\/odontologia-santiago\/inscripcion-jornada-odontologica-social-udd\/\" \/>\n<meta property=\"og:site_name\" content=\"Odontolog\u00eda\" \/>\n<meta property=\"article:modified_time\" content=\"2017-10-05T14:57:06+00:00\" \/>\n<meta name=\"twitter:label1\" content=\"Tiempo de lectura\" \/>\n\t<meta name=\"twitter:data1\" content=\"1 minuto\" \/>\n<script type=\"application\/ld+json\" class=\"yoast-schema-graph\">{\"@context\":\"https:\/\/schema.org\",\"@graph\":[{\"@type\":\"WebPage\",\"@id\":\"https:\/\/medicina.udd.cl\/odontologia-santiago\/inscripcion-jornada-odontologica-social-udd\/\",\"url\":\"https:\/\/medicina.udd.cl\/odontologia-santiago\/inscripcion-jornada-odontologica-social-udd\/\",\"name\":\"Inscripci\u00f3n en Jornada Odontol\u00f3gica - SOCIAL UDD - Odontolog\u00eda\",\"isPartOf\":{\"@id\":\"https:\/\/medicina.udd.cl\/odontologia-santiago\/#website\"},\"datePublished\":\"2017-09-06T12:09:33+00:00\",\"dateModified\":\"2017-10-05T14:57:06+00:00\",\"breadcrumb\":{\"@id\":\"https:\/\/medicina.udd.cl\/odontologia-santiago\/inscripcion-jornada-odontologica-social-udd\/#breadcrumb\"},\"inLanguage\":\"es\",\"potentialAction\":[{\"@type\":\"ReadAction\",\"target\":[\"https:\/\/medicina.udd.cl\/odontologia-santiago\/inscripcion-jornada-odontologica-social-udd\/\"]}]},{\"@type\":\"BreadcrumbList\",\"@id\":\"https:\/\/medicina.udd.cl\/odontologia-santiago\/inscripcion-jornada-odontologica-social-udd\/#breadcrumb\",\"itemListElement\":[{\"@type\":\"ListItem\",\"position\":1,\"name\":\"Home\",\"item\":\"https:\/\/medicina.udd.cl\/odontologia-santiago\/\"},{\"@type\":\"ListItem\",\"position\":2,\"name\":\"Inscripci\u00f3n en Jornada Odontol\u00f3gica &#8211; SOCIAL UDD\"}]},{\"@type\":\"WebSite\",\"@id\":\"https:\/\/medicina.udd.cl\/odontologia-santiago\/#website\",\"url\":\"https:\/\/medicina.udd.cl\/odontologia-santiago\/\",\"name\":\"Odontolog\u00eda\",\"description\":\"Facultad de Medicina Cl\u00ednica Alemana Universidad del Desarrollo\",\"inLanguage\":\"es\"}]}<\/script>\n<!-- \/ Yoast SEO plugin. -->","yoast_head_json":{"title":"Inscripci\u00f3n en Jornada Odontol\u00f3gica - SOCIAL UDD - Odontolog\u00eda","robots":{"index":"index","follow":"follow","max-snippet":"max-snippet:-1","max-image-preview":"max-image-preview:large","max-video-preview":"max-video-preview:-1"},"canonical":"https:\/\/medicina.udd.cl\/odontologia-santiago\/inscripcion-jornada-odontologica-social-udd\/","og_locale":"es_ES","og_type":"article","og_title":"Inscripci\u00f3n en Jornada Odontol\u00f3gica - SOCIAL UDD - Odontolog\u00eda","og_description":"La Sociedad Odontol\u00f3gica Cient\u00edfica de Alumnos de la Universidad del Desarrollo (SOCIAL UDD) Santiago, tiene el agrado de invitarlos a la VII Jornada Odontol\u00f3gica, la cual se realizar\u00e1 los d\u00edas 13 y\u00a014 de octubre de 2017, en el Aula Magna de la Facultad de Medicina Cl\u00ednica Alemana Universidad del Desarrollo, ubicado en Av. Las Condes [&hellip;]","og_url":"https:\/\/medicina.udd.cl\/odontologia-santiago\/inscripcion-jornada-odontologica-social-udd\/","og_site_name":"Odontolog\u00eda","article_modified_time":"2017-10-05T14:57:06+00:00","twitter_misc":{"Tiempo de lectura":"1 minuto"},"schema":{"@context":"https:\/\/schema.org","@graph":[{"@type":"WebPage","@id":"https:\/\/medicina.udd.cl\/odontologia-santiago\/inscripcion-jornada-odontologica-social-udd\/","url":"https:\/\/medicina.udd.cl\/odontologia-santiago\/inscripcion-jornada-odontologica-social-udd\/","name":"Inscripci\u00f3n en Jornada Odontol\u00f3gica - SOCIAL UDD - Odontolog\u00eda","isPartOf":{"@id":"https:\/\/medicina.udd.cl\/odontologia-santiago\/#website"},"datePublished":"2017-09-06T12:09:33+00:00","dateModified":"2017-10-05T14:57:06+00:00","breadcrumb":{"@id":"https:\/\/medicina.udd.cl\/odontologia-santiago\/inscripcion-jornada-odontologica-social-udd\/#breadcrumb"},"inLanguage":"es","potentialAction":[{"@type":"ReadAction","target":["https:\/\/medicina.udd.cl\/odontologia-santiago\/inscripcion-jornada-odontologica-social-udd\/"]}]},{"@type":"BreadcrumbList","@id":"https:\/\/medicina.udd.cl\/odontologia-santiago\/inscripcion-jornada-odontologica-social-udd\/#breadcrumb","itemListElement":[{"@type":"ListItem","position":1,"name":"Home","item":"https:\/\/medicina.udd.cl\/odontologia-santiago\/"},{"@type":"ListItem","position":2,"name":"Inscripci\u00f3n en Jornada Odontol\u00f3gica &#8211; SOCIAL UDD"}]},{"@type":"WebSite","@id":"https:\/\/medicina.udd.cl\/odontologia-santiago\/#website","url":"https:\/\/medicina.udd.cl\/odontologia-santiago\/","name":"Odontolog\u00eda","description":"Facultad de Medicina Cl\u00ednica Alemana Universidad del Desarrollo","inLanguage":"es"}]}},"_links":{"self":[{"href":"https:\/\/medicina.udd.cl\/odontologia-santiago\/wp-json\/wp\/v2\/pages\/4570","targetHints":{"allow":["GET"]}}],"collection":[{"href":"https:\/\/medicina.udd.cl\/odontologia-santiago\/wp-json\/wp\/v2\/pages"}],"about":[{"href":"https:\/\/medicina.udd.cl\/odontologia-santiago\/wp-json\/wp\/v2\/types\/page"}],"author":[{"embeddable":true,"href":"https:\/\/medicina.udd.cl\/odontologia-santiago\/wp-json\/wp\/v2\/users\/9192194"}],"replies":[{"embeddable":true,"href":"https:\/\/medicina.udd.cl\/odontologia-santiago\/wp-json\/wp\/v2\/comments?post=4570"}],"version-history":[{"count":10,"href":"https:\/\/medicina.udd.cl\/odontologia-santiago\/wp-json\/wp\/v2\/pages\/4570\/revisions"}],"predecessor-version":[{"id":4594,"href":"https:\/\/medicina.udd.cl\/odontologia-santiago\/wp-json\/wp\/v2\/pages\/4570\/revisions\/4594"}],"wp:attachment":[{"href":"https:\/\/medicina.udd.cl\/odontologia-santiago\/wp-json\/wp\/v2\/media?parent=4570"}],"curies":[{"name":"wp","href":"https:\/\/api.w.org\/{rel}","templated":true}]}}