{"id":4578,"date":"2017-09-04T11:27:16","date_gmt":"2017-09-04T14:27:16","guid":{"rendered":"http:\/\/medicina.udd.cl\/odontologia-santiago\/?page_id=4578"},"modified":"2017-09-06T09:17:14","modified_gmt":"2017-09-06T12:17:14","slug":"confirmacion-inscripcion","status":"publish","type":"page","link":"https:\/\/medicina.udd.cl\/odontologia-santiago\/confirmacion-inscripcion\/","title":{"rendered":"Confirmaci\u00f3n Inscripci\u00f3n"},"content":{"rendered":"<h4>Ya est\u00e1s inscrito para participar de la Jornada Odontol\u00f3gica.<\/h4>\n<h4>\u00a1Te esperamos!<\/h4>\n","protected":false},"excerpt":{"rendered":"<p>Ya est\u00e1s inscrito para participar de la Jornada Odontol\u00f3gica. \u00a1Te esperamos!<\/p>\n","protected":false},"author":1,"featured_media":0,"parent":0,"menu_order":0,"comment_status":"closed","ping_status":"closed","template":"","meta":{"footnotes":""},"class_list":["post-4578","page","type-page","status-publish","hentry"],"yoast_head":"<!-- This site is optimized with the Yoast SEO plugin v26.9 - https:\/\/yoast.com\/product\/yoast-seo-wordpress\/ -->\n<title>Confirmaci\u00f3n Inscripci\u00f3n - Odontolog\u00eda<\/title>\n<meta name=\"robots\" content=\"index, follow, max-snippet:-1, max-image-preview:large, max-video-preview:-1\" \/>\n<link rel=\"canonical\" href=\"https:\/\/medicina.udd.cl\/odontologia-santiago\/confirmacion-inscripcion\/\" \/>\n<meta property=\"og:locale\" content=\"es_ES\" \/>\n<meta property=\"og:type\" content=\"article\" \/>\n<meta property=\"og:title\" content=\"Confirmaci\u00f3n Inscripci\u00f3n - Odontolog\u00eda\" \/>\n<meta property=\"og:description\" content=\"Ya est\u00e1s inscrito para participar de la Jornada Odontol\u00f3gica. \u00a1Te esperamos!\" \/>\n<meta property=\"og:url\" content=\"https:\/\/medicina.udd.cl\/odontologia-santiago\/confirmacion-inscripcion\/\" \/>\n<meta property=\"og:site_name\" content=\"Odontolog\u00eda\" \/>\n<meta property=\"article:modified_time\" content=\"2017-09-06T12:17:14+00:00\" \/>\n<script type=\"application\/ld+json\" class=\"yoast-schema-graph\">{\"@context\":\"https:\/\/schema.org\",\"@graph\":[{\"@type\":\"WebPage\",\"@id\":\"https:\/\/medicina.udd.cl\/odontologia-santiago\/confirmacion-inscripcion\/\",\"url\":\"https:\/\/medicina.udd.cl\/odontologia-santiago\/confirmacion-inscripcion\/\",\"name\":\"Confirmaci\u00f3n Inscripci\u00f3n - Odontolog\u00eda\",\"isPartOf\":{\"@id\":\"https:\/\/medicina.udd.cl\/odontologia-santiago\/#website\"},\"datePublished\":\"2017-09-04T14:27:16+00:00\",\"dateModified\":\"2017-09-06T12:17:14+00:00\",\"breadcrumb\":{\"@id\":\"https:\/\/medicina.udd.cl\/odontologia-santiago\/confirmacion-inscripcion\/#breadcrumb\"},\"inLanguage\":\"es\",\"potentialAction\":[{\"@type\":\"ReadAction\",\"target\":[\"https:\/\/medicina.udd.cl\/odontologia-santiago\/confirmacion-inscripcion\/\"]}]},{\"@type\":\"BreadcrumbList\",\"@id\":\"https:\/\/medicina.udd.cl\/odontologia-santiago\/confirmacion-inscripcion\/#breadcrumb\",\"itemListElement\":[{\"@type\":\"ListItem\",\"position\":1,\"name\":\"Home\",\"item\":\"https:\/\/medicina.udd.cl\/odontologia-santiago\/\"},{\"@type\":\"ListItem\",\"position\":2,\"name\":\"Confirmaci\u00f3n Inscripci\u00f3n\"}]},{\"@type\":\"WebSite\",\"@id\":\"https:\/\/medicina.udd.cl\/odontologia-santiago\/#website\",\"url\":\"https:\/\/medicina.udd.cl\/odontologia-santiago\/\",\"name\":\"Odontolog\u00eda\",\"description\":\"Facultad de Medicina Cl\u00ednica Alemana Universidad del Desarrollo\",\"inLanguage\":\"es\"}]}<\/script>\n<!-- \/ Yoast SEO plugin. -->","yoast_head_json":{"title":"Confirmaci\u00f3n Inscripci\u00f3n - Odontolog\u00eda","robots":{"index":"index","follow":"follow","max-snippet":"max-snippet:-1","max-image-preview":"max-image-preview:large","max-video-preview":"max-video-preview:-1"},"canonical":"https:\/\/medicina.udd.cl\/odontologia-santiago\/confirmacion-inscripcion\/","og_locale":"es_ES","og_type":"article","og_title":"Confirmaci\u00f3n Inscripci\u00f3n - Odontolog\u00eda","og_description":"Ya est\u00e1s inscrito para participar de la Jornada Odontol\u00f3gica. \u00a1Te esperamos!","og_url":"https:\/\/medicina.udd.cl\/odontologia-santiago\/confirmacion-inscripcion\/","og_site_name":"Odontolog\u00eda","article_modified_time":"2017-09-06T12:17:14+00:00","schema":{"@context":"https:\/\/schema.org","@graph":[{"@type":"WebPage","@id":"https:\/\/medicina.udd.cl\/odontologia-santiago\/confirmacion-inscripcion\/","url":"https:\/\/medicina.udd.cl\/odontologia-santiago\/confirmacion-inscripcion\/","name":"Confirmaci\u00f3n Inscripci\u00f3n - Odontolog\u00eda","isPartOf":{"@id":"https:\/\/medicina.udd.cl\/odontologia-santiago\/#website"},"datePublished":"2017-09-04T14:27:16+00:00","dateModified":"2017-09-06T12:17:14+00:00","breadcrumb":{"@id":"https:\/\/medicina.udd.cl\/odontologia-santiago\/confirmacion-inscripcion\/#breadcrumb"},"inLanguage":"es","potentialAction":[{"@type":"ReadAction","target":["https:\/\/medicina.udd.cl\/odontologia-santiago\/confirmacion-inscripcion\/"]}]},{"@type":"BreadcrumbList","@id":"https:\/\/medicina.udd.cl\/odontologia-santiago\/confirmacion-inscripcion\/#breadcrumb","itemListElement":[{"@type":"ListItem","position":1,"name":"Home","item":"https:\/\/medicina.udd.cl\/odontologia-santiago\/"},{"@type":"ListItem","position":2,"name":"Confirmaci\u00f3n Inscripci\u00f3n"}]},{"@type":"WebSite","@id":"https:\/\/medicina.udd.cl\/odontologia-santiago\/#website","url":"https:\/\/medicina.udd.cl\/odontologia-santiago\/","name":"Odontolog\u00eda","description":"Facultad de Medicina Cl\u00ednica Alemana Universidad del Desarrollo","inLanguage":"es"}]}},"_links":{"self":[{"href":"https:\/\/medicina.udd.cl\/odontologia-santiago\/wp-json\/wp\/v2\/pages\/4578","targetHints":{"allow":["GET"]}}],"collection":[{"href":"https:\/\/medicina.udd.cl\/odontologia-santiago\/wp-json\/wp\/v2\/pages"}],"about":[{"href":"https:\/\/medicina.udd.cl\/odontologia-santiago\/wp-json\/wp\/v2\/types\/page"}],"author":[{"embeddable":true,"href":"https:\/\/medicina.udd.cl\/odontologia-santiago\/wp-json\/wp\/v2\/users\/1"}],"replies":[{"embeddable":true,"href":"https:\/\/medicina.udd.cl\/odontologia-santiago\/wp-json\/wp\/v2\/comments?post=4578"}],"version-history":[{"count":2,"href":"https:\/\/medicina.udd.cl\/odontologia-santiago\/wp-json\/wp\/v2\/pages\/4578\/revisions"}],"predecessor-version":[{"id":4585,"href":"https:\/\/medicina.udd.cl\/odontologia-santiago\/wp-json\/wp\/v2\/pages\/4578\/revisions\/4585"}],"wp:attachment":[{"href":"https:\/\/medicina.udd.cl\/odontologia-santiago\/wp-json\/wp\/v2\/media?parent=4578"}],"curies":[{"name":"wp","href":"https:\/\/api.w.org\/{rel}","templated":true}]}}