{"id":4763,"date":"2018-04-20T10:06:27","date_gmt":"2018-04-20T13:06:27","guid":{"rendered":"http:\/\/medicina.udd.cl\/odontologia-santiago\/?page_id=4763"},"modified":"2018-05-11T17:30:58","modified_gmt":"2018-05-11T20:30:58","slug":"certificados-tutores-2018","status":"publish","type":"page","link":"https:\/\/medicina.udd.cl\/odontologia-santiago\/certificados-tutores-2018\/","title":{"rendered":"Certificados tutores 2018"},"content":{"rendered":"<p><strong>Curso de Actualizaci\u00f3n de Tutores \u201cNuevos conceptos en Odontolog\u00eda preventiva\u201d<\/strong><\/p>\n<ul>\n<li><a href=\"http:\/\/medicina.udd.cl\/odontologia-santiago\/files\/2018\/05\/Ernesto-Aguilar.pdf\">Dr. Ernesto Gonzalo Aguilar<\/a><\/li>\n<li><a href=\"http:\/\/medicina.udd.cl\/odontologia-santiago\/files\/2018\/05\/Valeria-Albarr\u00e1n.pdf\">Dra. Valeria Johanna Albarr\u00e1n Espinoza<\/a><\/li>\n<li><a href=\"http:\/\/medicina.udd.cl\/odontologia-santiago\/files\/2018\/05\/Mario-Alcantara.pdf\">Dr. Mario Efr\u00e9n Alc\u00e1ntara Boza<\/a><\/li>\n<li><a href=\"http:\/\/medicina.udd.cl\/odontologia-santiago\/files\/2018\/05\/Nicole-Alvarez.pdf\">Dra. Nicole Alvarez Pacheco<\/a><\/li>\n<li><a href=\"http:\/\/medicina.udd.cl\/odontologia-santiago\/files\/2018\/05\/MJose-Araya.pdf\">Dra. Mar\u00eda Jos\u00e9 Araya Alvarez<\/a><\/li>\n<li><a href=\"http:\/\/medicina.udd.cl\/odontologia-santiago\/files\/2018\/05\/Virginia-Araya.pdf\">Dra. Virginia Araya Videla<\/a><\/li>\n<li><a href=\"http:\/\/medicina.udd.cl\/odontologia-santiago\/files\/2018\/05\/Valentina-Arcos.pdf\">Dra. Valentina Daniela Arcos Elgueta<\/a><\/li>\n<li><a href=\"http:\/\/medicina.udd.cl\/odontologia-santiago\/files\/2018\/05\/Valeria-Baesler.pdf\">Dra. Valeria Sara Baesler Correa<\/a><\/li>\n<li><a href=\"http:\/\/medicina.udd.cl\/odontologia-santiago\/files\/2018\/05\/Camilo-Barrientos.pdf\">Dr. Camilo Ignacio Barrientos Morales<\/a><\/li>\n<li><a href=\"http:\/\/medicina.udd.cl\/odontologia-santiago\/files\/2018\/05\/Diego-Benavides.pdf\">Dr. Diego Benavides Lourido<\/a><\/li>\n<li><a href=\"http:\/\/medicina.udd.cl\/odontologia-santiago\/files\/2018\/05\/Valeska-Bravo.pdf\">Dra. Valeska Nicol Bravo Isla<\/a><\/li>\n<li><a href=\"http:\/\/medicina.udd.cl\/odontologia-santiago\/files\/2018\/05\/Marcela-Cantallopts.pdf\">Dra. Marcela Cantallopts Hern\u00e1ndez<\/a><\/li>\n<li><a href=\"http:\/\/medicina.udd.cl\/odontologia-santiago\/files\/2018\/05\/Gabriela-Ca\u00f1ete.pdf\">Dra. Gabriela Paz Ca\u00f1ete Campos<\/a><\/li>\n<li><a href=\"http:\/\/medicina.udd.cl\/odontologia-santiago\/files\/2018\/05\/Daniela-Carre\u00f1o.pdf\">Dra. Daniela Paulina Carre\u00f1o Cancino<\/a><\/li>\n<li><a href=\"http:\/\/medicina.udd.cl\/odontologia-santiago\/files\/2018\/05\/Ximena-Cavieres.pdf\">Dra. Ximena Patricia Cavieres Garc\u00eda<\/a><\/li>\n<li><a href=\"http:\/\/medicina.udd.cl\/odontologia-santiago\/files\/2018\/05\/July-Cortes.pdf\">Dra. July Paola Cort\u00e9s Guzm\u00e1n<\/a><\/li>\n<li><a href=\"http:\/\/medicina.udd.cl\/odontologia-santiago\/files\/2018\/05\/Daniel-Diaz.pdf\">Dr. Daniel Ignacio D\u00edaz Alfaro<\/a><\/li>\n<li><a href=\"http:\/\/medicina.udd.cl\/odontologia-santiago\/files\/2018\/05\/Paula-Dur\u00e1n.pdf\">Dra. Paula Andrea Dur\u00e1n Luci<\/a><\/li>\n<li><a href=\"http:\/\/medicina.udd.cl\/odontologia-santiago\/files\/2018\/05\/Rodrigo-Echeverria.pdf\">Dr. Rodrigo Ernesto Echeverria Echeverria<\/a><\/li>\n<li><a href=\"http:\/\/medicina.udd.cl\/odontologia-santiago\/files\/2018\/05\/Karim-Escobedo.pdf\">Dra. Karim Alejandra Escobedo Ch\u00e1vez<\/a><\/li>\n<li><a href=\"http:\/\/medicina.udd.cl\/odontologia-santiago\/files\/2018\/05\/Jeannette-Espinosa.pdf\">Dra. Jeannette Emilia Espinosa Aravena<\/a><\/li>\n<li><a href=\"http:\/\/medicina.udd.cl\/odontologia-santiago\/files\/2018\/05\/Pamela-Estay.pdf\">Dra. Pamela Estay Castro<\/a><\/li>\n<li><a href=\"http:\/\/medicina.udd.cl\/odontologia-santiago\/files\/2018\/05\/Eduardo-Figueroa.pdf\">Dr. Eduardo Figueroa Valenzuela<\/a><\/li>\n<li><a href=\"http:\/\/medicina.udd.cl\/odontologia-santiago\/files\/2018\/05\/Macarena-Gajardo.pdf\">Dra. Macarena Beatriz Gajardo Carrillo<\/a><\/li>\n<li><a href=\"http:\/\/medicina.udd.cl\/odontologia-santiago\/files\/2018\/05\/Eliana-Gallardo.pdf\">Dra. Eliana Gallardo Zapata<\/a><\/li>\n<li><a href=\"http:\/\/medicina.udd.cl\/odontologia-santiago\/files\/2018\/05\/Gustavo-Garzon.pdf\">Dr. Gustavo Adolfo Garz\u00f3n Gaviria<\/a><\/li>\n<li><a href=\"http:\/\/medicina.udd.cl\/odontologia-santiago\/files\/2018\/05\/M-Eugenia-Goetz.pdf\">Dra. Mar\u00eda Eugenia Goetz Mu\u00f1oz<\/a><\/li>\n<li><a href=\"http:\/\/medicina.udd.cl\/odontologia-santiago\/files\/2018\/05\/Paulina-Guerra.pdf\">Dra. Paulina Andrea Guerra Gonz\u00e1lez<\/a><\/li>\n<li><a href=\"http:\/\/medicina.udd.cl\/odontologia-santiago\/files\/2018\/05\/David-Hern\u00e1ndez.pdf\">Dr. David Andr\u00e9s Hern\u00e1ndez Perez<\/a><\/li>\n<li><a href=\"http:\/\/medicina.udd.cl\/odontologia-santiago\/files\/2018\/05\/Yu-Cheng.pdf\">Dr. Yu-Cheng Hu<\/a><\/li>\n<li><a href=\"http:\/\/medicina.udd.cl\/odontologia-santiago\/files\/2018\/05\/Esterina-Ribot.pdf\">Dra. Esterina Llerena Ribot<\/a><\/li>\n<li><a href=\"http:\/\/medicina.udd.cl\/odontologia-santiago\/files\/2018\/05\/MLuisa-Lopez.pdf\">Dra. Maria Luisa L\u00f3pez Fuentes<\/a><\/li>\n<li><a href=\"http:\/\/medicina.udd.cl\/odontologia-santiago\/files\/2018\/05\/MTrinidad-Mackenney.pdf\">Dra. Mar\u00eda Trinidad Mackenney Palamara<\/a><\/li>\n<li><a href=\"http:\/\/medicina.udd.cl\/odontologia-santiago\/files\/2018\/05\/Felix-Madrid.pdf\">Dr. Felix Andr\u00e9s Madrid Calder\u00f3n<\/a><\/li>\n<li><a href=\"http:\/\/medicina.udd.cl\/odontologia-santiago\/files\/2018\/05\/Juan-Carlos-Miranda.pdf\">Dr. Juan Carlos Fernando Miranda Artigas<\/a><\/li>\n<li><a href=\"http:\/\/medicina.udd.cl\/odontologia-santiago\/files\/2018\/05\/Felipe-Moraga.pdf\">Dr. Felipe Andr\u00e9s Moraga Goic<\/a><\/li>\n<li><a href=\"http:\/\/medicina.udd.cl\/odontologia-santiago\/files\/2018\/05\/Gonzalo-Mu\u00f1oz.pdf\">Dr. Gonzalo Esteban Mu\u00f1oz Moreno<\/a><\/li>\n<li><a href=\"http:\/\/medicina.udd.cl\/odontologia-santiago\/files\/2018\/05\/Carolina-Novoa.pdf\">Dra. Carolina Paz Novoa Brunet<\/a><\/li>\n<li><a href=\"http:\/\/medicina.udd.cl\/odontologia-santiago\/files\/2018\/05\/Hernando-Oliveros.pdf\">Dr. Hernando Oliveros Sarmiento<\/a><\/li>\n<li><a href=\"http:\/\/medicina.udd.cl\/odontologia-santiago\/files\/2018\/05\/Zoraida-Padilla.pdf\">Dra. Zoraida Esther Padilla Navas<\/a><\/li>\n<li><a href=\"http:\/\/medicina.udd.cl\/odontologia-santiago\/files\/2018\/05\/Jorge-Pino.pdf\">Dr. Jorge Eduardo Pino Verme<\/a><\/li>\n<li><a href=\"http:\/\/medicina.udd.cl\/odontologia-santiago\/files\/2018\/05\/Victoria-Plua.pdf\">Dra. Victoria Plua Garc\u00eda<\/a><\/li>\n<li><a href=\"http:\/\/medicina.udd.cl\/odontologia-santiago\/files\/2018\/05\/Maria-Paz-Quezada.pdf\">Dra. Mar\u00eda Paz Quezada Schachtebeck<\/a><\/li>\n<li><a href=\"http:\/\/medicina.udd.cl\/odontologia-santiago\/files\/2018\/05\/Nora-Rambal.pdf\">Dra. Nora Judith Rambal Buendia<\/a><\/li>\n<li><a href=\"http:\/\/medicina.udd.cl\/odontologia-santiago\/files\/2018\/05\/Macarena-Ramirez.pdf\">Dra. Macarena Andrea Ram\u00edrez Pichuante<\/a><\/li>\n<li><a href=\"http:\/\/medicina.udd.cl\/odontologia-santiago\/files\/2018\/05\/Jessica-Rieggel.pdf\">Dra. Jessica Reyes Villal\u00f3n<\/a><\/li>\n<li><a href=\"http:\/\/medicina.udd.cl\/odontologia-santiago\/files\/2018\/05\/Claudia-Riegel.pdf\">Dra. Claudia Riegel Speringer<\/a><\/li>\n<li><a href=\"http:\/\/medicina.udd.cl\/odontologia-santiago\/files\/2018\/05\/Rosa-Rivera.pdf\">Dra. Rosa Elena Rivera Angulo<\/a><\/li>\n<li><a href=\"http:\/\/medicina.udd.cl\/odontologia-santiago\/files\/2018\/05\/Pamela-Rojas.pdf\">Dra. Pamela Violeta Rojas Cabezas<\/a><\/li>\n<li><a href=\"http:\/\/medicina.udd.cl\/odontologia-santiago\/files\/2018\/05\/Act.-GASB.pdf\">Dr. Gast\u00f3n Andr\u00e9s Salas Barrera<\/a><\/li>\n<li><a href=\"http:\/\/medicina.udd.cl\/odontologia-santiago\/files\/2018\/05\/Diego-Salazar.pdf\">Dr. Diego Salazar<\/a><\/li>\n<li><a href=\"http:\/\/medicina.udd.cl\/odontologia-santiago\/files\/2018\/05\/Nathaly-Sanchez.pdf\">Dra. Nathaly S\u00e1nchez Bautista<\/a><\/li>\n<li><a href=\"http:\/\/medicina.udd.cl\/odontologia-santiago\/files\/2018\/05\/Barbara-Sanchez.pdf\">Dra. B\u00e1rbara Beatriz S\u00e1nchez Rojas<\/a><\/li>\n<li><a href=\"http:\/\/medicina.udd.cl\/odontologia-santiago\/files\/2018\/05\/Josefina-Soto.pdf\">Dra. Josefina Soto Trombert<\/a><\/li>\n<li><a href=\"http:\/\/medicina.udd.cl\/odontologia-santiago\/files\/2018\/05\/Claudio-Suazo.pdf\">Dr. Claudio Enrique Suazo Caro<\/a><\/li>\n<li><a href=\"http:\/\/medicina.udd.cl\/odontologia-santiago\/files\/2018\/05\/Alexandra-Toala.pdf\">Dra. Alexandra Xiomara Toala Plua<\/a><\/li>\n<li><a href=\"http:\/\/medicina.udd.cl\/odontologia-santiago\/files\/2018\/05\/Carolina-Torres.pdf\">Dra. Carolina Ximena Torres Paredes<\/a><\/li>\n<li><a href=\"http:\/\/medicina.udd.cl\/odontologia-santiago\/files\/2018\/05\/David-Vasquez.pdf\">Dr. David Arnaldo V\u00e1squez S\u00e1nchez<\/a><\/li>\n<li><a href=\"http:\/\/medicina.udd.cl\/odontologia-santiago\/files\/2018\/05\/Erika-Vergara.pdf\">Dra. Erika Patricia Vergara Fuenzalida<\/a><\/li>\n<li><a href=\"http:\/\/medicina.udd.cl\/odontologia-santiago\/files\/2018\/05\/Juan-Vicencio.pdf\">Dr. Juan Carlos Vicencio Guzm\u00e1n<\/a><\/li>\n<li><a href=\"http:\/\/medicina.udd.cl\/odontologia-santiago\/files\/2018\/05\/Carol-Vistoso.pdf\">Dra. Carol Vistoso Gacit\u00faa<\/a><\/li>\n<li><a href=\"http:\/\/medicina.udd.cl\/odontologia-santiago\/files\/2018\/05\/SVivanco.pdf\">Dra.\u00a0Sheilah Karol Vivanco Coke<\/a><\/li>\n<li><a href=\"http:\/\/medicina.udd.cl\/odontologia-santiago\/files\/2018\/05\/Carlos-Zu\u00f1iga.pdf\">Dr. Carlos Ricardo Z\u00fa\u00f1iga Cherrez<\/a><\/li>\n<\/ul>\n","protected":false},"excerpt":{"rendered":"<p>Curso de Actualizaci\u00f3n de Tutores \u201cNuevos conceptos en Odontolog\u00eda preventiva\u201d Dr. Ernesto Gonzalo Aguilar Dra. Valeria Johanna Albarr\u00e1n Espinoza Dr. Mario Efr\u00e9n Alc\u00e1ntara Boza Dra. Nicole Alvarez Pacheco Dra. Mar\u00eda Jos\u00e9 Araya Alvarez Dra. Virginia Araya Videla Dra. Valentina Daniela Arcos Elgueta Dra. Valeria Sara Baesler Correa Dr. Camilo Ignacio Barrientos Morales Dr. Diego Benavides [&hellip;]<\/p>\n","protected":false},"author":9192192,"featured_media":0,"parent":0,"menu_order":0,"comment_status":"closed","ping_status":"closed","template":"","meta":{"footnotes":""},"class_list":["post-4763","page","type-page","status-publish","hentry"],"yoast_head":"<!-- This site is optimized with the Yoast SEO plugin v26.9 - https:\/\/yoast.com\/product\/yoast-seo-wordpress\/ -->\n<title>Certificados tutores 2018 - Odontolog\u00eda<\/title>\n<meta name=\"robots\" content=\"index, follow, max-snippet:-1, max-image-preview:large, max-video-preview:-1\" \/>\n<link rel=\"canonical\" href=\"https:\/\/medicina.udd.cl\/odontologia-santiago\/certificados-tutores-2018\/\" \/>\n<meta property=\"og:locale\" content=\"es_ES\" \/>\n<meta property=\"og:type\" content=\"article\" \/>\n<meta property=\"og:title\" content=\"Certificados tutores 2018 - Odontolog\u00eda\" \/>\n<meta property=\"og:description\" content=\"Curso de Actualizaci\u00f3n de Tutores \u201cNuevos conceptos en Odontolog\u00eda preventiva\u201d Dr. Ernesto Gonzalo Aguilar Dra. Valeria Johanna Albarr\u00e1n Espinoza Dr. Mario Efr\u00e9n Alc\u00e1ntara Boza Dra. Nicole Alvarez Pacheco Dra. Mar\u00eda Jos\u00e9 Araya Alvarez Dra. Virginia Araya Videla Dra. Valentina Daniela Arcos Elgueta Dra. Valeria Sara Baesler Correa Dr. Camilo Ignacio Barrientos Morales Dr. Diego Benavides [&hellip;]\" \/>\n<meta property=\"og:url\" content=\"https:\/\/medicina.udd.cl\/odontologia-santiago\/certificados-tutores-2018\/\" \/>\n<meta property=\"og:site_name\" content=\"Odontolog\u00eda\" \/>\n<meta property=\"article:modified_time\" content=\"2018-05-11T20:30:58+00:00\" \/>\n<meta name=\"twitter:label1\" content=\"Tiempo de lectura\" \/>\n\t<meta name=\"twitter:data1\" content=\"2 minutos\" \/>\n<script type=\"application\/ld+json\" class=\"yoast-schema-graph\">{\"@context\":\"https:\/\/schema.org\",\"@graph\":[{\"@type\":\"WebPage\",\"@id\":\"https:\/\/medicina.udd.cl\/odontologia-santiago\/certificados-tutores-2018\/\",\"url\":\"https:\/\/medicina.udd.cl\/odontologia-santiago\/certificados-tutores-2018\/\",\"name\":\"Certificados tutores 2018 - Odontolog\u00eda\",\"isPartOf\":{\"@id\":\"https:\/\/medicina.udd.cl\/odontologia-santiago\/#website\"},\"datePublished\":\"2018-04-20T13:06:27+00:00\",\"dateModified\":\"2018-05-11T20:30:58+00:00\",\"breadcrumb\":{\"@id\":\"https:\/\/medicina.udd.cl\/odontologia-santiago\/certificados-tutores-2018\/#breadcrumb\"},\"inLanguage\":\"es\",\"potentialAction\":[{\"@type\":\"ReadAction\",\"target\":[\"https:\/\/medicina.udd.cl\/odontologia-santiago\/certificados-tutores-2018\/\"]}]},{\"@type\":\"BreadcrumbList\",\"@id\":\"https:\/\/medicina.udd.cl\/odontologia-santiago\/certificados-tutores-2018\/#breadcrumb\",\"itemListElement\":[{\"@type\":\"ListItem\",\"position\":1,\"name\":\"Home\",\"item\":\"https:\/\/medicina.udd.cl\/odontologia-santiago\/\"},{\"@type\":\"ListItem\",\"position\":2,\"name\":\"Certificados tutores 2018\"}]},{\"@type\":\"WebSite\",\"@id\":\"https:\/\/medicina.udd.cl\/odontologia-santiago\/#website\",\"url\":\"https:\/\/medicina.udd.cl\/odontologia-santiago\/\",\"name\":\"Odontolog\u00eda\",\"description\":\"Facultad de Medicina Cl\u00ednica Alemana Universidad del Desarrollo\",\"inLanguage\":\"es\"}]}<\/script>\n<!-- \/ Yoast SEO plugin. -->","yoast_head_json":{"title":"Certificados tutores 2018 - Odontolog\u00eda","robots":{"index":"index","follow":"follow","max-snippet":"max-snippet:-1","max-image-preview":"max-image-preview:large","max-video-preview":"max-video-preview:-1"},"canonical":"https:\/\/medicina.udd.cl\/odontologia-santiago\/certificados-tutores-2018\/","og_locale":"es_ES","og_type":"article","og_title":"Certificados tutores 2018 - Odontolog\u00eda","og_description":"Curso de Actualizaci\u00f3n de Tutores \u201cNuevos conceptos en Odontolog\u00eda preventiva\u201d Dr. Ernesto Gonzalo Aguilar Dra. Valeria Johanna Albarr\u00e1n Espinoza Dr. Mario Efr\u00e9n Alc\u00e1ntara Boza Dra. Nicole Alvarez Pacheco Dra. Mar\u00eda Jos\u00e9 Araya Alvarez Dra. Virginia Araya Videla Dra. Valentina Daniela Arcos Elgueta Dra. Valeria Sara Baesler Correa Dr. Camilo Ignacio Barrientos Morales Dr. Diego Benavides [&hellip;]","og_url":"https:\/\/medicina.udd.cl\/odontologia-santiago\/certificados-tutores-2018\/","og_site_name":"Odontolog\u00eda","article_modified_time":"2018-05-11T20:30:58+00:00","twitter_misc":{"Tiempo de lectura":"2 minutos"},"schema":{"@context":"https:\/\/schema.org","@graph":[{"@type":"WebPage","@id":"https:\/\/medicina.udd.cl\/odontologia-santiago\/certificados-tutores-2018\/","url":"https:\/\/medicina.udd.cl\/odontologia-santiago\/certificados-tutores-2018\/","name":"Certificados tutores 2018 - Odontolog\u00eda","isPartOf":{"@id":"https:\/\/medicina.udd.cl\/odontologia-santiago\/#website"},"datePublished":"2018-04-20T13:06:27+00:00","dateModified":"2018-05-11T20:30:58+00:00","breadcrumb":{"@id":"https:\/\/medicina.udd.cl\/odontologia-santiago\/certificados-tutores-2018\/#breadcrumb"},"inLanguage":"es","potentialAction":[{"@type":"ReadAction","target":["https:\/\/medicina.udd.cl\/odontologia-santiago\/certificados-tutores-2018\/"]}]},{"@type":"BreadcrumbList","@id":"https:\/\/medicina.udd.cl\/odontologia-santiago\/certificados-tutores-2018\/#breadcrumb","itemListElement":[{"@type":"ListItem","position":1,"name":"Home","item":"https:\/\/medicina.udd.cl\/odontologia-santiago\/"},{"@type":"ListItem","position":2,"name":"Certificados tutores 2018"}]},{"@type":"WebSite","@id":"https:\/\/medicina.udd.cl\/odontologia-santiago\/#website","url":"https:\/\/medicina.udd.cl\/odontologia-santiago\/","name":"Odontolog\u00eda","description":"Facultad de Medicina Cl\u00ednica Alemana Universidad del Desarrollo","inLanguage":"es"}]}},"_links":{"self":[{"href":"https:\/\/medicina.udd.cl\/odontologia-santiago\/wp-json\/wp\/v2\/pages\/4763","targetHints":{"allow":["GET"]}}],"collection":[{"href":"https:\/\/medicina.udd.cl\/odontologia-santiago\/wp-json\/wp\/v2\/pages"}],"about":[{"href":"https:\/\/medicina.udd.cl\/odontologia-santiago\/wp-json\/wp\/v2\/types\/page"}],"author":[{"embeddable":true,"href":"https:\/\/medicina.udd.cl\/odontologia-santiago\/wp-json\/wp\/v2\/users\/9192192"}],"replies":[{"embeddable":true,"href":"https:\/\/medicina.udd.cl\/odontologia-santiago\/wp-json\/wp\/v2\/comments?post=4763"}],"version-history":[{"count":21,"href":"https:\/\/medicina.udd.cl\/odontologia-santiago\/wp-json\/wp\/v2\/pages\/4763\/revisions"}],"predecessor-version":[{"id":4860,"href":"https:\/\/medicina.udd.cl\/odontologia-santiago\/wp-json\/wp\/v2\/pages\/4763\/revisions\/4860"}],"wp:attachment":[{"href":"https:\/\/medicina.udd.cl\/odontologia-santiago\/wp-json\/wp\/v2\/media?parent=4763"}],"curies":[{"name":"wp","href":"https:\/\/api.w.org\/{rel}","templated":true}]}}