{"id":4872,"date":"2018-08-24T12:23:03","date_gmt":"2018-08-24T15:23:03","guid":{"rendered":"http:\/\/medicina.udd.cl\/odontologia-santiago\/?page_id=4872"},"modified":"2018-09-06T10:06:16","modified_gmt":"2018-09-06T13:06:16","slug":"certificados-tutores-2018-ii-semestre","status":"publish","type":"page","link":"https:\/\/medicina.udd.cl\/odontologia-santiago\/certificados-tutores-2018-ii-semestre\/","title":{"rendered":"Certificados Tutores 2018, II Semestre"},"content":{"rendered":"<p style=\"text-align: center\"><strong>Curso de Actualizaci\u00f3n de Tutores:<\/strong><\/p>\n<p style=\"text-align: center\"><strong> \u00abAtenci\u00f3n de ni\u00f1os de dif\u00edcil manejo\u00bb<\/strong><\/p>\n<p>&nbsp;<\/p>\n<p><a href=\"http:\/\/medicina.udd.cl\/odontologia-santiago\/files\/2018\/09\/Certificado-Curso-Dra.-B\u00e1rbara-S\u00e1nchez-Rojas.pdf\">Dra. B\u00e1rbara Sanchez Rojas<\/a><\/p>\n<p><a href=\"http:\/\/medicina.udd.cl\/odontologia-santiago\/files\/2018\/09\/Certificado-Curso-Dra.-Carolina-Voss-Valenzuela.pdf\">Dra. Carolina Voss Valenzuela<\/a><\/p>\n<p><a href=\"http:\/\/medicina.udd.cl\/odontologia-santiago\/files\/2018\/09\/Certificado-Curso-Dra.-Daniela-Carre\u00f1o-Cancino.pdf\">Dra. Daniela Carre\u00f1o Cancino<\/a><\/p>\n<p><a href=\"http:\/\/medicina.udd.cl\/odontologia-santiago\/files\/2018\/09\/Certificado-Curso-Dr.-Diego-Palma-Villavicencio.pdf\">Dr. Diego Palma Villavicencio<\/a><\/p>\n<p><a href=\"http:\/\/medicina.udd.cl\/odontologia-santiago\/files\/2018\/09\/Certificado-Curso-Dr.-Eduardo-Figueroa-Valenzuela.pdf\">Dr. Eduardo Figueroa Valenzuela<\/a><\/p>\n<p><a href=\"http:\/\/medicina.udd.cl\/odontologia-santiago\/files\/2018\/09\/Certificado-Curso-Dra.-Esterina-Llerena-Ribot.pdf\">Dra. Esterina Llerena Ribot<\/a><\/p>\n<p><a href=\"http:\/\/medicina.udd.cl\/odontologia-santiago\/files\/2018\/09\/Certificado-Curso-Dr.-Freddy-Cort\u00e9s-Mu\u00f1oz.pdf\">Dr. Freddy Cort\u00e9s Mu\u00f1oz<\/a><\/p>\n<p><a href=\"http:\/\/medicina.udd.cl\/odontologia-santiago\/files\/2018\/09\/Certificado-Curso-Dra.-Jeannette-Espinosa-Aravena.pdf\">Dra. Jeannette Espinosa Aravena<\/a><\/p>\n<p><a href=\"http:\/\/medicina.udd.cl\/odontologia-santiago\/files\/2018\/09\/Certificado-Curso-Dr.-Juan-Pablo-Undurraga.pdf\">Dr. Juan Pablo Undurraga<\/a><\/p>\n<p><a href=\"http:\/\/medicina.udd.cl\/odontologia-santiago\/files\/2018\/09\/Certificado-Curso-Dra.-Karen-D\u00edaz-A-1.pdf\">Dra. Karen D\u00edaz<\/a><\/p>\n<p><a href=\"http:\/\/medicina.udd.cl\/odontologia-santiago\/files\/2018\/09\/Certificado-Curso-Dra.-Ljubitza-Derpich-Delgado.pdf\">Dra. Ljubitza Derpich Delgado<\/a><\/p>\n<p><a href=\"http:\/\/medicina.udd.cl\/odontologia-santiago\/files\/2018\/09\/Certificado-Curso-Dra.-Macarena-Gajardo.pdf\">Dra. Macarena Gajardo<\/a><\/p>\n<p><a href=\"http:\/\/medicina.udd.cl\/odontologia-santiago\/files\/2018\/09\/Certificado-Curso-Dra.-Marcela-Cantallopts-Hern\u00e1ndez.pdf\">Dra. Marcela Cantallopts Hern\u00e1ndez<\/a><\/p>\n<p><a href=\"http:\/\/medicina.udd.cl\/odontologia-santiago\/files\/2018\/09\/Certificado-Curso-Dra.-Mar\u00eda-Florencia-Pacheco.pdf\">Dra. Mar\u00eda Florencia Pacheco<\/a><\/p>\n<p><a href=\"http:\/\/medicina.udd.cl\/odontologia-santiago\/files\/2018\/09\/Certificado-Curso-Dra.-Mar\u00eda-Jos\u00e9-Carre\u00f1o-S\u00e1nchez.pdf\">Dra. Mar\u00eda Jos\u00e9 Carre\u00f1o S\u00e1nchez<\/a><\/p>\n<p><a href=\"http:\/\/medicina.udd.cl\/odontologia-santiago\/files\/2018\/09\/Certificado-Curso-Dra.-Mar\u00eda-Salom\u00e9-Ugarte-Vera.pdf\">Dra. Mar\u00eda Salom\u00e9 Ugarte Vera<\/a><\/p>\n<p><a href=\"http:\/\/medicina.udd.cl\/odontologia-santiago\/files\/2018\/09\/Certificado-Curso-Dr.-Mario-Alc\u00e1ntara-Boza.pdf\">Dr. Mario Alc\u00e1ntara Boza<\/a><\/p>\n<p><a href=\"http:\/\/medicina.udd.cl\/odontologia-santiago\/files\/2018\/09\/Certificado-Curso-Dra.-Nicole-\u00c1lvarez-Pacheco.pdf\">Dra. Nicole \u00c1lvarez Pacheco<\/a><\/p>\n<p><a href=\"http:\/\/medicina.udd.cl\/odontologia-santiago\/files\/2018\/09\/Certificado-Curso-Dra.-Valeria-Albandu.pdf\">Dra. Valeria Albandu<\/a><\/p>\n<p>&nbsp;<\/p>\n","protected":false},"excerpt":{"rendered":"<p>Curso de Actualizaci\u00f3n de Tutores: \u00abAtenci\u00f3n de ni\u00f1os de dif\u00edcil manejo\u00bb &nbsp; Dra. B\u00e1rbara Sanchez Rojas Dra. Carolina Voss Valenzuela Dra. Daniela Carre\u00f1o Cancino Dr. Diego Palma Villavicencio Dr. Eduardo Figueroa Valenzuela Dra. Esterina Llerena Ribot Dr. Freddy Cort\u00e9s Mu\u00f1oz Dra. Jeannette Espinosa Aravena Dr. Juan Pablo Undurraga Dra. Karen D\u00edaz Dra. Ljubitza Derpich Delgado [&hellip;]<\/p>\n","protected":false},"author":9192210,"featured_media":0,"parent":0,"menu_order":0,"comment_status":"closed","ping_status":"closed","template":"","meta":{"footnotes":""},"class_list":["post-4872","page","type-page","status-publish","hentry"],"yoast_head":"<!-- This site is optimized with the Yoast SEO plugin v26.9 - https:\/\/yoast.com\/product\/yoast-seo-wordpress\/ -->\n<title>Certificados Tutores 2018, II Semestre - Odontolog\u00eda<\/title>\n<meta name=\"robots\" content=\"index, follow, max-snippet:-1, max-image-preview:large, max-video-preview:-1\" \/>\n<link rel=\"canonical\" href=\"https:\/\/medicina.udd.cl\/odontologia-santiago\/certificados-tutores-2018-ii-semestre\/\" \/>\n<meta property=\"og:locale\" content=\"es_ES\" \/>\n<meta property=\"og:type\" content=\"article\" \/>\n<meta property=\"og:title\" content=\"Certificados Tutores 2018, II Semestre - Odontolog\u00eda\" \/>\n<meta property=\"og:description\" content=\"Curso de Actualizaci\u00f3n de Tutores: \u00abAtenci\u00f3n de ni\u00f1os de dif\u00edcil manejo\u00bb &nbsp; Dra. B\u00e1rbara Sanchez Rojas Dra. Carolina Voss Valenzuela Dra. Daniela Carre\u00f1o Cancino Dr. Diego Palma Villavicencio Dr. Eduardo Figueroa Valenzuela Dra. Esterina Llerena Ribot Dr. Freddy Cort\u00e9s Mu\u00f1oz Dra. Jeannette Espinosa Aravena Dr. Juan Pablo Undurraga Dra. Karen D\u00edaz Dra. Ljubitza Derpich Delgado [&hellip;]\" \/>\n<meta property=\"og:url\" content=\"https:\/\/medicina.udd.cl\/odontologia-santiago\/certificados-tutores-2018-ii-semestre\/\" \/>\n<meta property=\"og:site_name\" content=\"Odontolog\u00eda\" \/>\n<meta property=\"article:modified_time\" content=\"2018-09-06T13:06:16+00:00\" \/>\n<meta name=\"twitter:label1\" content=\"Tiempo de lectura\" \/>\n\t<meta name=\"twitter:data1\" content=\"1 minuto\" \/>\n<script type=\"application\/ld+json\" class=\"yoast-schema-graph\">{\"@context\":\"https:\/\/schema.org\",\"@graph\":[{\"@type\":\"WebPage\",\"@id\":\"https:\/\/medicina.udd.cl\/odontologia-santiago\/certificados-tutores-2018-ii-semestre\/\",\"url\":\"https:\/\/medicina.udd.cl\/odontologia-santiago\/certificados-tutores-2018-ii-semestre\/\",\"name\":\"Certificados Tutores 2018, II Semestre - Odontolog\u00eda\",\"isPartOf\":{\"@id\":\"https:\/\/medicina.udd.cl\/odontologia-santiago\/#website\"},\"datePublished\":\"2018-08-24T15:23:03+00:00\",\"dateModified\":\"2018-09-06T13:06:16+00:00\",\"breadcrumb\":{\"@id\":\"https:\/\/medicina.udd.cl\/odontologia-santiago\/certificados-tutores-2018-ii-semestre\/#breadcrumb\"},\"inLanguage\":\"es\",\"potentialAction\":[{\"@type\":\"ReadAction\",\"target\":[\"https:\/\/medicina.udd.cl\/odontologia-santiago\/certificados-tutores-2018-ii-semestre\/\"]}]},{\"@type\":\"BreadcrumbList\",\"@id\":\"https:\/\/medicina.udd.cl\/odontologia-santiago\/certificados-tutores-2018-ii-semestre\/#breadcrumb\",\"itemListElement\":[{\"@type\":\"ListItem\",\"position\":1,\"name\":\"Home\",\"item\":\"https:\/\/medicina.udd.cl\/odontologia-santiago\/\"},{\"@type\":\"ListItem\",\"position\":2,\"name\":\"Certificados Tutores 2018, II Semestre\"}]},{\"@type\":\"WebSite\",\"@id\":\"https:\/\/medicina.udd.cl\/odontologia-santiago\/#website\",\"url\":\"https:\/\/medicina.udd.cl\/odontologia-santiago\/\",\"name\":\"Odontolog\u00eda\",\"description\":\"Facultad de Medicina Cl\u00ednica Alemana Universidad del Desarrollo\",\"inLanguage\":\"es\"}]}<\/script>\n<!-- \/ Yoast SEO plugin. -->","yoast_head_json":{"title":"Certificados Tutores 2018, II Semestre - Odontolog\u00eda","robots":{"index":"index","follow":"follow","max-snippet":"max-snippet:-1","max-image-preview":"max-image-preview:large","max-video-preview":"max-video-preview:-1"},"canonical":"https:\/\/medicina.udd.cl\/odontologia-santiago\/certificados-tutores-2018-ii-semestre\/","og_locale":"es_ES","og_type":"article","og_title":"Certificados Tutores 2018, II Semestre - Odontolog\u00eda","og_description":"Curso de Actualizaci\u00f3n de Tutores: \u00abAtenci\u00f3n de ni\u00f1os de dif\u00edcil manejo\u00bb &nbsp; Dra. B\u00e1rbara Sanchez Rojas Dra. Carolina Voss Valenzuela Dra. Daniela Carre\u00f1o Cancino Dr. Diego Palma Villavicencio Dr. Eduardo Figueroa Valenzuela Dra. Esterina Llerena Ribot Dr. Freddy Cort\u00e9s Mu\u00f1oz Dra. Jeannette Espinosa Aravena Dr. Juan Pablo Undurraga Dra. Karen D\u00edaz Dra. Ljubitza Derpich Delgado [&hellip;]","og_url":"https:\/\/medicina.udd.cl\/odontologia-santiago\/certificados-tutores-2018-ii-semestre\/","og_site_name":"Odontolog\u00eda","article_modified_time":"2018-09-06T13:06:16+00:00","twitter_misc":{"Tiempo de lectura":"1 minuto"},"schema":{"@context":"https:\/\/schema.org","@graph":[{"@type":"WebPage","@id":"https:\/\/medicina.udd.cl\/odontologia-santiago\/certificados-tutores-2018-ii-semestre\/","url":"https:\/\/medicina.udd.cl\/odontologia-santiago\/certificados-tutores-2018-ii-semestre\/","name":"Certificados Tutores 2018, II Semestre - Odontolog\u00eda","isPartOf":{"@id":"https:\/\/medicina.udd.cl\/odontologia-santiago\/#website"},"datePublished":"2018-08-24T15:23:03+00:00","dateModified":"2018-09-06T13:06:16+00:00","breadcrumb":{"@id":"https:\/\/medicina.udd.cl\/odontologia-santiago\/certificados-tutores-2018-ii-semestre\/#breadcrumb"},"inLanguage":"es","potentialAction":[{"@type":"ReadAction","target":["https:\/\/medicina.udd.cl\/odontologia-santiago\/certificados-tutores-2018-ii-semestre\/"]}]},{"@type":"BreadcrumbList","@id":"https:\/\/medicina.udd.cl\/odontologia-santiago\/certificados-tutores-2018-ii-semestre\/#breadcrumb","itemListElement":[{"@type":"ListItem","position":1,"name":"Home","item":"https:\/\/medicina.udd.cl\/odontologia-santiago\/"},{"@type":"ListItem","position":2,"name":"Certificados Tutores 2018, II Semestre"}]},{"@type":"WebSite","@id":"https:\/\/medicina.udd.cl\/odontologia-santiago\/#website","url":"https:\/\/medicina.udd.cl\/odontologia-santiago\/","name":"Odontolog\u00eda","description":"Facultad de Medicina Cl\u00ednica Alemana Universidad del Desarrollo","inLanguage":"es"}]}},"_links":{"self":[{"href":"https:\/\/medicina.udd.cl\/odontologia-santiago\/wp-json\/wp\/v2\/pages\/4872","targetHints":{"allow":["GET"]}}],"collection":[{"href":"https:\/\/medicina.udd.cl\/odontologia-santiago\/wp-json\/wp\/v2\/pages"}],"about":[{"href":"https:\/\/medicina.udd.cl\/odontologia-santiago\/wp-json\/wp\/v2\/types\/page"}],"author":[{"embeddable":true,"href":"https:\/\/medicina.udd.cl\/odontologia-santiago\/wp-json\/wp\/v2\/users\/9192210"}],"replies":[{"embeddable":true,"href":"https:\/\/medicina.udd.cl\/odontologia-santiago\/wp-json\/wp\/v2\/comments?post=4872"}],"version-history":[{"count":8,"href":"https:\/\/medicina.udd.cl\/odontologia-santiago\/wp-json\/wp\/v2\/pages\/4872\/revisions"}],"predecessor-version":[{"id":4931,"href":"https:\/\/medicina.udd.cl\/odontologia-santiago\/wp-json\/wp\/v2\/pages\/4872\/revisions\/4931"}],"wp:attachment":[{"href":"https:\/\/medicina.udd.cl\/odontologia-santiago\/wp-json\/wp\/v2\/media?parent=4872"}],"curies":[{"name":"wp","href":"https:\/\/api.w.org\/{rel}","templated":true}]}}