{"id":5050,"date":"2018-12-17T16:47:44","date_gmt":"2018-12-17T19:47:44","guid":{"rendered":"http:\/\/medicina.udd.cl\/odontologia-santiago\/?page_id=5050"},"modified":"2018-12-18T08:25:04","modified_gmt":"2018-12-18T11:25:04","slug":"certificados-tutores-2018-semestre-ii","status":"publish","type":"page","link":"https:\/\/medicina.udd.cl\/odontologia-santiago\/certificados-tutores-2018-semestre-ii\/","title":{"rendered":"Certificados Tutores de Internado 2018, II Semestre"},"content":{"rendered":"<p style=\"text-align: center\">Curso de\u00a0\u201cDiagn\u00f3stico de Aproximaci\u00f3n y Manejo de urgencias en TTM y DOF\u201d<\/p>\n<p><a href=\"\/\/medicina.udd.cl\/files\/2018\/12\/Certificado-Curso-TTM-y-DOF-Dr.-Dr.-Eduardo-Figueroa-V.-1.pdf\">Dr. Eduardo Figueroa V.<\/a><\/p>\n<p><a href=\"\/\/medicina.udd.cl\/files\/2018\/12\/Certificado-Curso-TTM-y-DOF-Dr.-Diego-Rivoira-Jim\u00e9nez.pdf\">Dr. Diego Rivoira Jim\u00e9nez.<\/a><\/p>\n<p><a href=\"\/\/medicina.udd.cl\/files\/2018\/12\/Certificado-Curso-TTM-y-DOF-Dr.-Jos\u00e9-Felipe-De-Lapegna-Ruz.pdf\">Dr. Jos\u00e9 Felipe De Lapegna Ruz.\u00a0<\/a><\/p>\n<p><a href=\"\/\/medicina.udd.cl\/files\/2018\/12\/Certificado-Curso-TTM-y-DOF-Dr.-Mario-Alc\u00e1ntara-Boza.pdf\">Dr. Mario Alc\u00e1ntara Boza.\u00a0<\/a><\/p>\n<p><a href=\"\/\/medicina.udd.cl\/files\/2018\/12\/Certificado-Curso-TTM-y-DOF-Dr.-V\u00edctor-Rom\u00e1n-Castillo.pdf\">Dr. V\u00edctor Rom\u00e1n Castillo.\u00a0<\/a><\/p>\n<p><a href=\"\/\/medicina.udd.cl\/files\/2018\/12\/Certificado-Curso-TTM-y-DOF-Dra.-Camila-\u00c1lvarez-Falco.pdf\">Dra. Camila \u00c1lvarez Falco.<\/a><\/p>\n<p><a href=\"\/\/medicina.udd.cl\/files\/2018\/12\/Certificado-Curso-TTM-y-DOF-Dra.-Cinthya-Rend\u00f3n-Flores.pdf\">Dra. Cinthya Rend\u00f3n Flores.<\/a><\/p>\n<p><a href=\"\/\/medicina.udd.cl\/files\/2018\/12\/Certificado-Curso-TTM-y-DOF-Dra.-Daniela-Carre\u00f1o-Cancino.pdf\">Dra. Daniela Carre\u00f1o Cancino.<\/a><\/p>\n<p><a href=\"\/\/medicina.udd.cl\/files\/2018\/12\/Certificado-Curso-TTM-y-DOF-Dra.-Dayana-Torres-Ivoches.pdf\">Dra. Dayana Torres Ivoches.<\/a><\/p>\n<p><a href=\"\/\/medicina.udd.cl\/files\/2018\/12\/Certificado-Curso-TTM-y-DOF-Dra.-Marcela-Cantallops-Hern\u00e1ndez.pdf\">Dra. Marcela Cantallops Hern\u00e1ndez.<\/a><\/p>\n<p><a href=\"\/\/medicina.udd.cl\/files\/2018\/12\/Certificado-Curso-TTM-y-DOF-Dra.-Pamela-Rojas-Cabezas.pdf\">Dra. Pamela Rojas Cabezas.<\/a><\/p>\n","protected":false},"excerpt":{"rendered":"<p>Curso de\u00a0\u201cDiagn\u00f3stico de Aproximaci\u00f3n y Manejo de urgencias en TTM y DOF\u201d Dr. Eduardo Figueroa V. Dr. Diego Rivoira Jim\u00e9nez. Dr. Jos\u00e9 Felipe De Lapegna Ruz.\u00a0 Dr. Mario Alc\u00e1ntara Boza.\u00a0 Dr. V\u00edctor Rom\u00e1n Castillo.\u00a0 Dra. Camila \u00c1lvarez Falco. Dra. Cinthya Rend\u00f3n Flores. Dra. Daniela Carre\u00f1o Cancino. Dra. Dayana Torres Ivoches. Dra. Marcela Cantallops Hern\u00e1ndez. Dra. [&hellip;]<\/p>\n","protected":false},"author":9192214,"featured_media":0,"parent":0,"menu_order":0,"comment_status":"closed","ping_status":"closed","template":"","meta":{"footnotes":""},"class_list":["post-5050","page","type-page","status-publish","hentry"],"yoast_head":"<!-- This site is optimized with the Yoast SEO plugin v26.9 - https:\/\/yoast.com\/product\/yoast-seo-wordpress\/ -->\n<title>Certificados Tutores de Internado 2018, II Semestre - Odontolog\u00eda<\/title>\n<meta name=\"robots\" content=\"index, follow, max-snippet:-1, max-image-preview:large, max-video-preview:-1\" \/>\n<link rel=\"canonical\" href=\"https:\/\/medicina.udd.cl\/odontologia-santiago\/certificados-tutores-2018-semestre-ii\/\" \/>\n<meta property=\"og:locale\" content=\"es_ES\" \/>\n<meta property=\"og:type\" content=\"article\" \/>\n<meta property=\"og:title\" content=\"Certificados Tutores de Internado 2018, II Semestre - Odontolog\u00eda\" \/>\n<meta property=\"og:description\" content=\"Curso de\u00a0\u201cDiagn\u00f3stico de Aproximaci\u00f3n y Manejo de urgencias en TTM y DOF\u201d Dr. Eduardo Figueroa V. Dr. Diego Rivoira Jim\u00e9nez. Dr. Jos\u00e9 Felipe De Lapegna Ruz.\u00a0 Dr. Mario Alc\u00e1ntara Boza.\u00a0 Dr. V\u00edctor Rom\u00e1n Castillo.\u00a0 Dra. Camila \u00c1lvarez Falco. Dra. Cinthya Rend\u00f3n Flores. Dra. Daniela Carre\u00f1o Cancino. Dra. Dayana Torres Ivoches. Dra. Marcela Cantallops Hern\u00e1ndez. Dra. [&hellip;]\" \/>\n<meta property=\"og:url\" content=\"https:\/\/medicina.udd.cl\/odontologia-santiago\/certificados-tutores-2018-semestre-ii\/\" \/>\n<meta property=\"og:site_name\" content=\"Odontolog\u00eda\" \/>\n<meta property=\"article:modified_time\" content=\"2018-12-18T11:25:04+00:00\" \/>\n<script type=\"application\/ld+json\" class=\"yoast-schema-graph\">{\"@context\":\"https:\/\/schema.org\",\"@graph\":[{\"@type\":\"WebPage\",\"@id\":\"https:\/\/medicina.udd.cl\/odontologia-santiago\/certificados-tutores-2018-semestre-ii\/\",\"url\":\"https:\/\/medicina.udd.cl\/odontologia-santiago\/certificados-tutores-2018-semestre-ii\/\",\"name\":\"Certificados Tutores de Internado 2018, II Semestre - Odontolog\u00eda\",\"isPartOf\":{\"@id\":\"https:\/\/medicina.udd.cl\/odontologia-santiago\/#website\"},\"datePublished\":\"2018-12-17T19:47:44+00:00\",\"dateModified\":\"2018-12-18T11:25:04+00:00\",\"breadcrumb\":{\"@id\":\"https:\/\/medicina.udd.cl\/odontologia-santiago\/certificados-tutores-2018-semestre-ii\/#breadcrumb\"},\"inLanguage\":\"es\",\"potentialAction\":[{\"@type\":\"ReadAction\",\"target\":[\"https:\/\/medicina.udd.cl\/odontologia-santiago\/certificados-tutores-2018-semestre-ii\/\"]}]},{\"@type\":\"BreadcrumbList\",\"@id\":\"https:\/\/medicina.udd.cl\/odontologia-santiago\/certificados-tutores-2018-semestre-ii\/#breadcrumb\",\"itemListElement\":[{\"@type\":\"ListItem\",\"position\":1,\"name\":\"Home\",\"item\":\"https:\/\/medicina.udd.cl\/odontologia-santiago\/\"},{\"@type\":\"ListItem\",\"position\":2,\"name\":\"Certificados Tutores de Internado 2018, II Semestre\"}]},{\"@type\":\"WebSite\",\"@id\":\"https:\/\/medicina.udd.cl\/odontologia-santiago\/#website\",\"url\":\"https:\/\/medicina.udd.cl\/odontologia-santiago\/\",\"name\":\"Odontolog\u00eda\",\"description\":\"Facultad de Medicina Cl\u00ednica Alemana Universidad del Desarrollo\",\"inLanguage\":\"es\"}]}<\/script>\n<!-- \/ Yoast SEO plugin. -->","yoast_head_json":{"title":"Certificados Tutores de Internado 2018, II Semestre - Odontolog\u00eda","robots":{"index":"index","follow":"follow","max-snippet":"max-snippet:-1","max-image-preview":"max-image-preview:large","max-video-preview":"max-video-preview:-1"},"canonical":"https:\/\/medicina.udd.cl\/odontologia-santiago\/certificados-tutores-2018-semestre-ii\/","og_locale":"es_ES","og_type":"article","og_title":"Certificados Tutores de Internado 2018, II Semestre - Odontolog\u00eda","og_description":"Curso de\u00a0\u201cDiagn\u00f3stico de Aproximaci\u00f3n y Manejo de urgencias en TTM y DOF\u201d Dr. Eduardo Figueroa V. Dr. Diego Rivoira Jim\u00e9nez. Dr. Jos\u00e9 Felipe De Lapegna Ruz.\u00a0 Dr. Mario Alc\u00e1ntara Boza.\u00a0 Dr. V\u00edctor Rom\u00e1n Castillo.\u00a0 Dra. Camila \u00c1lvarez Falco. Dra. Cinthya Rend\u00f3n Flores. Dra. Daniela Carre\u00f1o Cancino. Dra. Dayana Torres Ivoches. Dra. Marcela Cantallops Hern\u00e1ndez. Dra. [&hellip;]","og_url":"https:\/\/medicina.udd.cl\/odontologia-santiago\/certificados-tutores-2018-semestre-ii\/","og_site_name":"Odontolog\u00eda","article_modified_time":"2018-12-18T11:25:04+00:00","schema":{"@context":"https:\/\/schema.org","@graph":[{"@type":"WebPage","@id":"https:\/\/medicina.udd.cl\/odontologia-santiago\/certificados-tutores-2018-semestre-ii\/","url":"https:\/\/medicina.udd.cl\/odontologia-santiago\/certificados-tutores-2018-semestre-ii\/","name":"Certificados Tutores de Internado 2018, II Semestre - Odontolog\u00eda","isPartOf":{"@id":"https:\/\/medicina.udd.cl\/odontologia-santiago\/#website"},"datePublished":"2018-12-17T19:47:44+00:00","dateModified":"2018-12-18T11:25:04+00:00","breadcrumb":{"@id":"https:\/\/medicina.udd.cl\/odontologia-santiago\/certificados-tutores-2018-semestre-ii\/#breadcrumb"},"inLanguage":"es","potentialAction":[{"@type":"ReadAction","target":["https:\/\/medicina.udd.cl\/odontologia-santiago\/certificados-tutores-2018-semestre-ii\/"]}]},{"@type":"BreadcrumbList","@id":"https:\/\/medicina.udd.cl\/odontologia-santiago\/certificados-tutores-2018-semestre-ii\/#breadcrumb","itemListElement":[{"@type":"ListItem","position":1,"name":"Home","item":"https:\/\/medicina.udd.cl\/odontologia-santiago\/"},{"@type":"ListItem","position":2,"name":"Certificados Tutores de Internado 2018, II Semestre"}]},{"@type":"WebSite","@id":"https:\/\/medicina.udd.cl\/odontologia-santiago\/#website","url":"https:\/\/medicina.udd.cl\/odontologia-santiago\/","name":"Odontolog\u00eda","description":"Facultad de Medicina Cl\u00ednica Alemana Universidad del Desarrollo","inLanguage":"es"}]}},"_links":{"self":[{"href":"https:\/\/medicina.udd.cl\/odontologia-santiago\/wp-json\/wp\/v2\/pages\/5050","targetHints":{"allow":["GET"]}}],"collection":[{"href":"https:\/\/medicina.udd.cl\/odontologia-santiago\/wp-json\/wp\/v2\/pages"}],"about":[{"href":"https:\/\/medicina.udd.cl\/odontologia-santiago\/wp-json\/wp\/v2\/types\/page"}],"author":[{"embeddable":true,"href":"https:\/\/medicina.udd.cl\/odontologia-santiago\/wp-json\/wp\/v2\/users\/9192214"}],"replies":[{"embeddable":true,"href":"https:\/\/medicina.udd.cl\/odontologia-santiago\/wp-json\/wp\/v2\/comments?post=5050"}],"version-history":[{"count":5,"href":"https:\/\/medicina.udd.cl\/odontologia-santiago\/wp-json\/wp\/v2\/pages\/5050\/revisions"}],"predecessor-version":[{"id":5062,"href":"https:\/\/medicina.udd.cl\/odontologia-santiago\/wp-json\/wp\/v2\/pages\/5050\/revisions\/5062"}],"wp:attachment":[{"href":"https:\/\/medicina.udd.cl\/odontologia-santiago\/wp-json\/wp\/v2\/media?parent=5050"}],"curies":[{"name":"wp","href":"https:\/\/api.w.org\/{rel}","templated":true}]}}