{"id":5254,"date":"2019-07-22T16:39:36","date_gmt":"2019-07-22T20:39:36","guid":{"rendered":"http:\/\/medicina.udd.cl\/odontologia-santiago\/?page_id=5254"},"modified":"2024-12-11T17:46:09","modified_gmt":"2024-12-11T20:46:09","slug":"carrera-de-odontologia","status":"publish","type":"page","link":"https:\/\/medicina.udd.cl\/odontologia-santiago\/carrera-de-odontologia\/","title":{"rendered":"La Carrera"},"content":{"rendered":"<!-- WP Block: UDD - Cards Alternate -->\n<section class=\"wp-block-udd-access-cards\">\n\t<div class=\"container\">\n\t\t\t\t<div class=\"block__content\">\n\t\t\t<div class=\"access-cards\">\n\t\t\t\t\t\t\t<div class=\"access-card-wrapper\">\n\t\t\t\t\t\t\t\t\t\t<div class=\"access-card\">\n\t\t\t\t\t\t<h3 class=\"access-card__title\">MISI\u00d3N<\/h3>\n\t\t\t\t\t\t<p class=\"access-card__description\">\n\t\t\t\t\t\t\tFormar profesionales odont\u00f3logos con capacidades, habilidades, conocimientos y valores apropiados para desempe\u00f1arse en el servicio a la comunidad, con el m\u00e1s alto nivel de eficiencia, responsabilidad e idoneidad en el ejercicio de la profesi\u00f3n. \t\t\t\t\t\t<\/p>\n\t\t\t\t\t\t\t\t\t\t\t\t\t\t\t\t<\/div>\n\t\t\t\t<\/div>\n\t\t\t\t\t\t\t<div class=\"access-card-wrapper\">\n\t\t\t\t\t\t\t\t\t\t<div class=\"access-card\">\n\t\t\t\t\t\t<h3 class=\"access-card__title\">VISI\u00d3N<\/h3>\n\t\t\t\t\t\t<p class=\"access-card__description\">\n\t\t\t\t\t\t\tSer reconocida por la innovaci\u00f3n, excelencia y calidad en la formaci\u00f3n acad\u00e9mica de sus estudiantes, con capacidad para adaptarse y anticiparse a los cambios tecnol\u00f3gicos y cient\u00edficos en el \u00e1rea odontol\u00f3gica. \t\t\t\t\t\t<\/p>\n\t\t\t\t\t\t\t\t\t\t\t\t\t\t\t\t<\/div>\n\t\t\t\t<\/div>\n\t\t\t\t\t\t\t<div class=\"access-card-wrapper\">\n\t\t\t\t\t\t\t\t\t\t<div class=\"access-card\">\n\t\t\t\t\t\t<h3 class=\"access-card__title\">PERFIL DE EGRESO<\/h3>\n\t\t\t\t\t\t<p class=\"access-card__description\">\n\t\t\t\t\t\t\t  El Perfil del Odont\u00f3logo(a) Egresado (a) se expresa en competencias que corresponden a una combinaci\u00f3n de atributos ligados al conocer, comprender, saber c\u00f3mo actuar y saber c\u00f3mo ser que permiten cumplir con las funciones propias de la profesi\u00f3n. Estas competencias corresponden a Gen\u00e9ricas y Espec\u00edficas.\t\t\t\t\t\t<\/p>\n\t\t\t\t\t\t\t\t\t\t\t\t\t\t\t\t\t\t<div class=\"access-card__link\">\n\t\t\t\t\t\t\t\t<a href=\"https:\/\/medicina.udd.cl\/odontologia-santiago\/perfil-de-egreso-odontologia-udd\/\" class=\"access-card__link-text\" data-url=\"https:\/\/medicina.udd.cl\/odontologia-santiago\/perfil-de-egreso-odontologia-udd\/\">conoce aqu\u00ed las competencias<\/a>\n\t\t\t\t\t\t\t<\/div>\n\t\t\t\t\t\t\t\t\t\t\t<\/div>\n\t\t\t\t<\/div>\n\t\t\t\t\t\t<\/div>\n\t\t<\/div>\n\t<\/div>\n<\/section>\n\n\n<!-- WP Block: UDD - Access Image -->\n<section class=\"wp-block-udd-access-image\n has-odd-elements has-3x-elements\">\n\t<div class=\"container\">\n\t\t\t\t<div class=\"block__content\">\n\t\t\t<div class=\"access-images\">\n\t\t\t\t\t\t\t<div class=\"access-image-wrapper\">\n\t\t\t\t\t<a href=\"https:\/\/medicina.udd.cl\/odontologia-santiago\/propositos\/\" data-url=\"https:\/\/medicina.udd.cl\/odontologia-santiago\/propositos\/\" class=\"access-image\">\n\t\t\t\t\t<img loading=\"lazy\" decoding=\"async\" width=\"680\" height=\"382\" src=\"https:\/\/medicina.udd.cl\/odontologia-santiago\/files\/2019\/09\/Odontolog\u00eda-3-680x382.jpg\" class=\"access-image__image\" alt=\"\" srcset=\"https:\/\/medicina.udd.cl\/odontologia-santiago\/files\/2019\/09\/Odontolog\u00eda-3-680x382.jpg 680w, https:\/\/medicina.udd.cl\/odontologia-santiago\/files\/2019\/09\/Odontolog\u00eda-3-1920x1080.jpg 1920w, https:\/\/medicina.udd.cl\/odontologia-santiago\/files\/2019\/09\/Odontolog\u00eda-3-1366x768.jpg 1366w, https:\/\/medicina.udd.cl\/odontologia-santiago\/files\/2019\/09\/Odontolog\u00eda-3-952x534.jpg 952w\" sizes=\"auto, (max-width: 680px) 100vw, 680px\" \/>\t\t\t\t\t\t<div class=\"access-image__content\">\n\t\t\t\t\t\t\t<h3 class=\"access-image__title\">PROP\u00d3SITOS<\/h3>\n\t\t\t\t\t\t\t<span class=\"access-image__action\">Conocer m\u00e1s<\/span>\n\t\t\t\t\t\t<\/div>\n\t\t\t\t\t<\/a>\n\t\t\t\t<\/div>\n\t\t\t\t\t\t\t<div class=\"access-image-wrapper\">\n\t\t\t\t\t<a href=\"https:\/\/medicina.udd.cl\/odontologia-santiago\/fortalezas\/\" data-url=\"https:\/\/medicina.udd.cl\/odontologia-santiago\/fortalezas\/\" class=\"access-image\">\n\t\t\t\t\t<img loading=\"lazy\" decoding=\"async\" width=\"680\" height=\"382\" src=\"https:\/\/medicina.udd.cl\/odontologia-santiago\/files\/2020\/01\/alumnos-059-680x382.jpg\" class=\"access-image__image\" alt=\"\" srcset=\"https:\/\/medicina.udd.cl\/odontologia-santiago\/files\/2020\/01\/alumnos-059-680x382.jpg 680w, https:\/\/medicina.udd.cl\/odontologia-santiago\/files\/2020\/01\/alumnos-059-1920x1080.jpg 1920w, https:\/\/medicina.udd.cl\/odontologia-santiago\/files\/2020\/01\/alumnos-059-1366x768.jpg 1366w, https:\/\/medicina.udd.cl\/odontologia-santiago\/files\/2020\/01\/alumnos-059-952x534.jpg 952w\" sizes=\"auto, (max-width: 680px) 100vw, 680px\" \/>\t\t\t\t\t\t<div class=\"access-image__content\">\n\t\t\t\t\t\t\t<h3 class=\"access-image__title\">NUESTRAS FORTALEZAS<\/h3>\n\t\t\t\t\t\t\t<span class=\"access-image__action\">Conocer m\u00e1s<\/span>\n\t\t\t\t\t\t<\/div>\n\t\t\t\t\t<\/a>\n\t\t\t\t<\/div>\n\t\t\t\t\t\t\t<div class=\"access-image-wrapper\">\n\t\t\t\t\t<a href=\"https:\/\/medicina.udd.cl\/odontologia-santiago\/actividades-odontologia-udd\/\" data-url=\"https:\/\/medicina.udd.cl\/odontologia-santiago\/actividades-odontologia-udd\/\" class=\"access-image\">\n\t\t\t\t\t<img loading=\"lazy\" decoding=\"async\" width=\"509\" height=\"382\" src=\"https:\/\/medicina.udd.cl\/odontologia-santiago\/files\/2018\/03\/IMG_2015.jpg\" class=\"access-image__image\" alt=\"\" srcset=\"https:\/\/medicina.udd.cl\/odontologia-santiago\/files\/2018\/03\/IMG_2015.jpg 4608w, https:\/\/medicina.udd.cl\/odontologia-santiago\/files\/2018\/03\/IMG_2015-300x225.jpg 300w, https:\/\/medicina.udd.cl\/odontologia-santiago\/files\/2018\/03\/IMG_2015-768x576.jpg 768w, https:\/\/medicina.udd.cl\/odontologia-santiago\/files\/2018\/03\/IMG_2015-1024x768.jpg 1024w, https:\/\/medicina.udd.cl\/odontologia-santiago\/files\/2018\/03\/IMG_2015-960x720.jpg 960w\" sizes=\"auto, (max-width: 509px) 100vw, 509px\" \/>\t\t\t\t\t\t<div class=\"access-image__content\">\n\t\t\t\t\t\t\t<h3 class=\"access-image__title\">Actividades Odontolog\u00eda UDD<\/h3>\n\t\t\t\t\t\t\t<span class=\"access-image__action\">Conocer m\u00e1s<\/span>\n\t\t\t\t\t\t<\/div>\n\t\t\t\t\t<\/a>\n\t\t\t\t<\/div>\n\t\t\t\t\t<\/div>\n\t<\/div>\n<\/section>\n\n\n<!-- WP Block: UDD - Banners Multiple -->\n<section class=\"wp-block-udd-banners-multiple \">\n\t<div class=\"container\">\n\t\t\t\t<header class=\"block__header\">\n\t\t\t<h2 class=\"block__title\">informaci\u00f3n de la carrera<\/h2>\n\t\t<\/header>\n\t\t\t\t<div class=\"block__content\">\n\t\t\t<div id=\"udd-banners-multiple--1\"\n\t\t\t\t\t\t\t\t>\n\t\t\t\t\t\t\t\t<div class=\"banners\">\n\t\t\t\t\t\t\t\t\t<div class=\"banner-col\n\t\t\t\t\t active\t\t\t\t\t\">\n\t\t\t\t\t\t<a href=\"https:\/\/www.udd.cl\/investigacion\/gestion-de-la-investigacion\/#!\/investigacion\/fomento-a-la-investigacion\" class=\"banner banner--multiple\" data-url=\"https:\/\/www.udd.cl\/investigacion\/gestion-de-la-investigacion\/#!\/investigacion\/fomento-a-la-investigacion\">\n\t\t\t\t\t\t\t\t\t\t\t\t\t<img loading=\"lazy\" decoding=\"async\" width=\"952\" height=\"534\" src=\"https:\/\/medicina.udd.cl\/odontologia-santiago\/files\/2020\/01\/odnto0303-952x534.jpg\" class=\"banner__image\" alt=\"\" srcset=\"https:\/\/medicina.udd.cl\/odontologia-santiago\/files\/2020\/01\/odnto0303-952x534.jpg 952w, https:\/\/medicina.udd.cl\/odontologia-santiago\/files\/2020\/01\/odnto0303-1366x768.jpg 1366w, https:\/\/medicina.udd.cl\/odontologia-santiago\/files\/2020\/01\/odnto0303-680x382.jpg 680w\" sizes=\"auto, (max-width: 952px) 100vw, 952px\" \/>\t\t\t\t\t\t\t\t\t\t\t\t\t<div class=\"banner__content\">\n\t\t\t\t\t\t\t\t<span class=\"banner__title\">Informaci\u00f3n para docentes<\/span>\n\t\t\t\t\t\t\t\t\t\t\t\t\t\t\t\t\t\t\t\t\t\t\t<\/div>\n\t\t\t\t\t\t<\/a>\n\t\t\t\t\t<\/div>\n\t\t\t\t\t\t\t\t\t<div class=\"banner-col\n\t\t\t\t\t\t\t\t\t\t\">\n\t\t\t\t\t\t<a href=\"https:\/\/www.udd.cl\/extension-vinculacionconelmedio\/\" class=\"banner banner--multiple\" data-url=\"https:\/\/www.udd.cl\/extension-vinculacionconelmedio\/\">\n\t\t\t\t\t\t\t\t\t\t\t\t\t<img loading=\"lazy\" decoding=\"async\" width=\"400\" height=\"300\" src=\"https:\/\/medicina.udd.cl\/odontologia-santiago\/files\/2020\/01\/odntocolegio.jpg\" class=\"banner__image\" alt=\"\" srcset=\"https:\/\/medicina.udd.cl\/odontologia-santiago\/files\/2020\/01\/odntocolegio.jpg 400w, https:\/\/medicina.udd.cl\/odontologia-santiago\/files\/2020\/01\/odntocolegio-300x225.jpg 300w\" sizes=\"auto, (max-width: 400px) 100vw, 400px\" \/>\t\t\t\t\t\t\t\t\t\t\t\t\t<div class=\"banner__content\">\n\t\t\t\t\t\t\t\t<span class=\"banner__title\">Actividades de extensi\u00f3n<\/span>\n\t\t\t\t\t\t\t\t\t\t\t\t\t\t\t\t\t\t\t\t\t\t\t<\/div>\n\t\t\t\t\t\t<\/a>\n\t\t\t\t\t<\/div>\n\t\t\t\t\t\t\t\t\t<div class=\"banner-col\n\t\t\t\t\t\t\t\t\t\t\">\n\t\t\t\t\t\t<a href=\"https:\/\/medicina.udd.cl\/odontologia-santiago\/conoce-a-tu-profesor\/\" class=\"banner banner--multiple\" data-url=\"https:\/\/medicina.udd.cl\/odontologia-santiago\/conoce-a-tu-profesor\/\">\n\t\t\t\t\t\t\t\t\t\t\t\t\t<img loading=\"lazy\" decoding=\"async\" width=\"511\" height=\"346\" src=\"https:\/\/medicina.udd.cl\/odontologia-santiago\/files\/2020\/01\/odontoCONOCE123.jpg\" class=\"banner__image\" alt=\"\" srcset=\"https:\/\/medicina.udd.cl\/odontologia-santiago\/files\/2020\/01\/odontoCONOCE123.jpg 511w, https:\/\/medicina.udd.cl\/odontologia-santiago\/files\/2020\/01\/odontoCONOCE123-300x203.jpg 300w\" sizes=\"auto, (max-width: 511px) 100vw, 511px\" \/>\t\t\t\t\t\t\t\t\t\t\t\t\t<div class=\"banner__content\">\n\t\t\t\t\t\t\t\t<span class=\"banner__title\">Conoce a tu profesor<\/span>\n\t\t\t\t\t\t\t\t\t\t\t\t\t\t\t\t\t\t\t\t\t\t\t<\/div>\n\t\t\t\t\t\t<\/a>\n\t\t\t\t\t<\/div>\n\t\t\t\t\t\t\t\t<\/div>\n\t\t\t<\/div>\n\t\t<\/div>\n\t<\/div>\n<\/section>\n","protected":false},"excerpt":{"rendered":"","protected":false},"author":1,"featured_media":0,"parent":0,"menu_order":0,"comment_status":"closed","ping_status":"closed","template":"","meta":{"footnotes":""},"class_list":["post-5254","page","type-page","status-publish","hentry"],"yoast_head":"<!-- This site is optimized with the Yoast SEO plugin v26.9 - https:\/\/yoast.com\/product\/yoast-seo-wordpress\/ -->\n<title>La Carrera - Odontolog\u00eda UDD<\/title>\n<meta name=\"robots\" content=\"index, follow, max-snippet:-1, max-image-preview:large, max-video-preview:-1\" \/>\n<link rel=\"canonical\" href=\"https:\/\/medicina.udd.cl\/odontologia-santiago\/carrera-de-odontologia\/\" \/>\n<meta property=\"og:locale\" content=\"es_ES\" \/>\n<meta property=\"og:type\" content=\"article\" \/>\n<meta property=\"og:title\" content=\"La Carrera - Odontolog\u00eda UDD\" \/>\n<meta property=\"og:url\" content=\"https:\/\/medicina.udd.cl\/odontologia-santiago\/carrera-de-odontologia\/\" \/>\n<meta property=\"og:site_name\" content=\"Odontolog\u00eda\" \/>\n<meta property=\"article:modified_time\" content=\"2024-12-11T20:46:09+00:00\" \/>\n<script type=\"application\/ld+json\" class=\"yoast-schema-graph\">{\"@context\":\"https:\/\/schema.org\",\"@graph\":[{\"@type\":\"WebPage\",\"@id\":\"https:\/\/medicina.udd.cl\/odontologia-santiago\/carrera-de-odontologia\/\",\"url\":\"https:\/\/medicina.udd.cl\/odontologia-santiago\/carrera-de-odontologia\/\",\"name\":\"La Carrera - Odontolog\u00eda UDD\",\"isPartOf\":{\"@id\":\"https:\/\/medicina.udd.cl\/odontologia-santiago\/#website\"},\"datePublished\":\"2019-07-22T20:39:36+00:00\",\"dateModified\":\"2024-12-11T20:46:09+00:00\",\"breadcrumb\":{\"@id\":\"https:\/\/medicina.udd.cl\/odontologia-santiago\/carrera-de-odontologia\/#breadcrumb\"},\"inLanguage\":\"es\",\"potentialAction\":[{\"@type\":\"ReadAction\",\"target\":[\"https:\/\/medicina.udd.cl\/odontologia-santiago\/carrera-de-odontologia\/\"]}]},{\"@type\":\"BreadcrumbList\",\"@id\":\"https:\/\/medicina.udd.cl\/odontologia-santiago\/carrera-de-odontologia\/#breadcrumb\",\"itemListElement\":[{\"@type\":\"ListItem\",\"position\":1,\"name\":\"Home\",\"item\":\"https:\/\/medicina.udd.cl\/odontologia-santiago\/\"},{\"@type\":\"ListItem\",\"position\":2,\"name\":\"La Carrera\"}]},{\"@type\":\"WebSite\",\"@id\":\"https:\/\/medicina.udd.cl\/odontologia-santiago\/#website\",\"url\":\"https:\/\/medicina.udd.cl\/odontologia-santiago\/\",\"name\":\"Odontolog\u00eda\",\"description\":\"Facultad de Medicina Cl\u00ednica Alemana Universidad del Desarrollo\",\"inLanguage\":\"es\"}]}<\/script>\n<!-- \/ Yoast SEO plugin. -->","yoast_head_json":{"title":"La Carrera - Odontolog\u00eda UDD","robots":{"index":"index","follow":"follow","max-snippet":"max-snippet:-1","max-image-preview":"max-image-preview:large","max-video-preview":"max-video-preview:-1"},"canonical":"https:\/\/medicina.udd.cl\/odontologia-santiago\/carrera-de-odontologia\/","og_locale":"es_ES","og_type":"article","og_title":"La Carrera - Odontolog\u00eda UDD","og_url":"https:\/\/medicina.udd.cl\/odontologia-santiago\/carrera-de-odontologia\/","og_site_name":"Odontolog\u00eda","article_modified_time":"2024-12-11T20:46:09+00:00","schema":{"@context":"https:\/\/schema.org","@graph":[{"@type":"WebPage","@id":"https:\/\/medicina.udd.cl\/odontologia-santiago\/carrera-de-odontologia\/","url":"https:\/\/medicina.udd.cl\/odontologia-santiago\/carrera-de-odontologia\/","name":"La Carrera - Odontolog\u00eda UDD","isPartOf":{"@id":"https:\/\/medicina.udd.cl\/odontologia-santiago\/#website"},"datePublished":"2019-07-22T20:39:36+00:00","dateModified":"2024-12-11T20:46:09+00:00","breadcrumb":{"@id":"https:\/\/medicina.udd.cl\/odontologia-santiago\/carrera-de-odontologia\/#breadcrumb"},"inLanguage":"es","potentialAction":[{"@type":"ReadAction","target":["https:\/\/medicina.udd.cl\/odontologia-santiago\/carrera-de-odontologia\/"]}]},{"@type":"BreadcrumbList","@id":"https:\/\/medicina.udd.cl\/odontologia-santiago\/carrera-de-odontologia\/#breadcrumb","itemListElement":[{"@type":"ListItem","position":1,"name":"Home","item":"https:\/\/medicina.udd.cl\/odontologia-santiago\/"},{"@type":"ListItem","position":2,"name":"La Carrera"}]},{"@type":"WebSite","@id":"https:\/\/medicina.udd.cl\/odontologia-santiago\/#website","url":"https:\/\/medicina.udd.cl\/odontologia-santiago\/","name":"Odontolog\u00eda","description":"Facultad de Medicina Cl\u00ednica Alemana Universidad del Desarrollo","inLanguage":"es"}]}},"_links":{"self":[{"href":"https:\/\/medicina.udd.cl\/odontologia-santiago\/wp-json\/wp\/v2\/pages\/5254","targetHints":{"allow":["GET"]}}],"collection":[{"href":"https:\/\/medicina.udd.cl\/odontologia-santiago\/wp-json\/wp\/v2\/pages"}],"about":[{"href":"https:\/\/medicina.udd.cl\/odontologia-santiago\/wp-json\/wp\/v2\/types\/page"}],"author":[{"embeddable":true,"href":"https:\/\/medicina.udd.cl\/odontologia-santiago\/wp-json\/wp\/v2\/users\/1"}],"replies":[{"embeddable":true,"href":"https:\/\/medicina.udd.cl\/odontologia-santiago\/wp-json\/wp\/v2\/comments?post=5254"}],"version-history":[{"count":24,"href":"https:\/\/medicina.udd.cl\/odontologia-santiago\/wp-json\/wp\/v2\/pages\/5254\/revisions"}],"predecessor-version":[{"id":6708,"href":"https:\/\/medicina.udd.cl\/odontologia-santiago\/wp-json\/wp\/v2\/pages\/5254\/revisions\/6708"}],"wp:attachment":[{"href":"https:\/\/medicina.udd.cl\/odontologia-santiago\/wp-json\/wp\/v2\/media?parent=5254"}],"curies":[{"name":"wp","href":"https:\/\/api.w.org\/{rel}","templated":true}]}}