{"id":5939,"date":"2020-05-07T02:30:30","date_gmt":"2020-05-07T06:30:30","guid":{"rendered":"http:\/\/medicina.udd.cl\/odontologia-santiago\/?page_id=5939"},"modified":"2024-12-11T17:46:30","modified_gmt":"2024-12-11T20:46:30","slug":"mision-vision-y-objetivos","status":"publish","type":"page","link":"https:\/\/medicina.udd.cl\/odontologia-santiago\/mision-vision-y-objetivos\/","title":{"rendered":"Misi\u00f3n, Visi\u00f3n y Objetivos"},"content":{"rendered":"<!-- WP Block: UDD - Cards Alternate -->\n<section class=\"wp-block-udd-cards\" style=\"--udd-blocks-has-columns-number: 2\">\n\t<div class=\"container\">\n\t\t\t\t<div class=\"block__content\">\n\t\t\t<div class=\"cards\">\n\t\t\t\t\t\t\t\t\t\t\t\t\t\t\t\t\t<div class=\"card-wrapper\">\n\t\t\t\t\t\t<div class=\"card\">\n\t\t\t\t\t\t\t<h3 class=\"card__title\">Misi\u00f3n<\/h3>\n\t\t\t\t\t\t\t\t\t\t\t\t\t\t<div class=\"card__description\">\n\t\t\t\t\t\t\t\t<p> Formar profesionales odont\u00f3logos con capacidades, habilidades, conocimientos y valores apropiados para desempe\u00f1arse en el servicio a la comunidad, con el m\u00e1s alto nivel de eficiencia, responsabilidad e idoneidad en el ejercicio de la profesi\u00f3n. <\/p>\n\t\t\t\t\t\t\t<\/div>\n\t\t\t\t\t\t\t\t\t\t\t\t\t<\/div>\n\t\t\t\t\t<\/div>\n\t\t\t\t\t\t\t\t\t\t\t\t\t\t\t\t\t\t\t\t\t<div class=\"card-wrapper\">\n\t\t\t\t\t\t<div class=\"card\">\n\t\t\t\t\t\t\t<h3 class=\"card__title\">Visi\u00f3n<\/h3>\n\t\t\t\t\t\t\t\t\t\t\t\t\t\t<div class=\"card__description\">\n\t\t\t\t\t\t\t\t<p> Ser reconocida por la innovaci\u00f3n, excelencia y calidad en la formaci\u00f3n acad\u00e9mica de sus estudiantes, con capacidad para adaptarse y anticiparse a los cambios tecnol\u00f3gicos y cient\u00edficos en el \u00e1rea odontol\u00f3gica. <\/p>\n\t\t\t\t\t\t\t<\/div>\n\t\t\t\t\t\t\t\t\t\t\t\t\t<\/div>\n\t\t\t\t\t<\/div>\n\t\t\t\t\t\t\t\t\t\t<\/div>\n\t\t<\/div>\n\t<\/div>\n<\/section>\n\n\n\n<p><strong>OBJETIVOS<\/strong><\/p>\n\n\n\n<ul class=\"wp-block-list\"><li> Contribuir a la formaci\u00f3n de profesionales Odont\u00f3logos con un modelo que provea el m\u00e1s alto nivel de cuidado a la salud de las personas, mediante el desarrollo de habilidades y conocimientos cient\u00edficos adecuados a las necesidades cambiantes de la poblaci\u00f3n. <\/li><li> Generar un modelo educacional que integre las ciencias b\u00e1sicas a la actividad cl\u00ednica y el desarrollo de la investigaci\u00f3n en docencia. <\/li><li> Desarrollar investigaci\u00f3n en ciencias b\u00e1sicas y cl\u00ednicas, orientada a promover la creaci\u00f3n de nuevo conocimiento en Odontolog\u00eda. <\/li><li> Promover la colaboraci\u00f3n interinstitucional, tanto nacional como extranjera, para potenciar y actualizar el conocimiento, las habilidades y la tecnolog\u00eda, favoreciendo el v\u00ednculo de las personas dedicadas a la Odontolog\u00eda. <\/li><li> Fomentar valores y actitudes en los estudiantes, que complementen su desarrollo profesional y la relaci\u00f3n con otros individuos y la comunidad, con el sello de la responsabilidad p\u00fablica, y en el marco \u00e9tico que impera en nuestra sociedad hoy d\u00eda. <\/li><\/ul>\n","protected":false},"excerpt":{"rendered":"<p>OBJETIVOS Contribuir a la formaci\u00f3n de profesionales Odont\u00f3logos con un modelo que provea el m\u00e1s alto nivel de cuidado a la salud de las personas, mediante el desarrollo de habilidades y conocimientos cient\u00edficos adecuados a las necesidades cambiantes de la poblaci\u00f3n. Generar un modelo educacional que integre las ciencias b\u00e1sicas a la actividad cl\u00ednica y [&hellip;]<\/p>\n","protected":false},"author":9192194,"featured_media":0,"parent":0,"menu_order":0,"comment_status":"closed","ping_status":"closed","template":"","meta":{"footnotes":""},"class_list":["post-5939","page","type-page","status-publish","hentry"],"yoast_head":"<!-- This site is optimized with the Yoast SEO plugin v26.9 - https:\/\/yoast.com\/product\/yoast-seo-wordpress\/ -->\n<title>Misi\u00f3n, Visi\u00f3n y Objetivos - Odontolog\u00eda UDD<\/title>\n<meta name=\"robots\" content=\"index, follow, max-snippet:-1, max-image-preview:large, max-video-preview:-1\" \/>\n<link rel=\"canonical\" href=\"https:\/\/medicina.udd.cl\/odontologia-santiago\/mision-vision-y-objetivos\/\" \/>\n<meta property=\"og:locale\" content=\"es_ES\" \/>\n<meta property=\"og:type\" content=\"article\" \/>\n<meta property=\"og:title\" content=\"Misi\u00f3n, Visi\u00f3n y Objetivos - Odontolog\u00eda UDD\" \/>\n<meta property=\"og:description\" content=\"OBJETIVOS Contribuir a la formaci\u00f3n de profesionales Odont\u00f3logos con un modelo que provea el m\u00e1s alto nivel de cuidado a la salud de las personas, mediante el desarrollo de habilidades y conocimientos cient\u00edficos adecuados a las necesidades cambiantes de la poblaci\u00f3n. Generar un modelo educacional que integre las ciencias b\u00e1sicas a la actividad cl\u00ednica y [&hellip;]\" \/>\n<meta property=\"og:url\" content=\"https:\/\/medicina.udd.cl\/odontologia-santiago\/mision-vision-y-objetivos\/\" \/>\n<meta property=\"og:site_name\" content=\"Odontolog\u00eda\" \/>\n<meta property=\"article:modified_time\" content=\"2024-12-11T20:46:30+00:00\" \/>\n<meta name=\"twitter:label1\" content=\"Tiempo de lectura\" \/>\n\t<meta name=\"twitter:data1\" content=\"1 minuto\" \/>\n<script type=\"application\/ld+json\" class=\"yoast-schema-graph\">{\"@context\":\"https:\/\/schema.org\",\"@graph\":[{\"@type\":\"WebPage\",\"@id\":\"https:\/\/medicina.udd.cl\/odontologia-santiago\/mision-vision-y-objetivos\/\",\"url\":\"https:\/\/medicina.udd.cl\/odontologia-santiago\/mision-vision-y-objetivos\/\",\"name\":\"Misi\u00f3n, Visi\u00f3n y Objetivos - Odontolog\u00eda UDD\",\"isPartOf\":{\"@id\":\"https:\/\/medicina.udd.cl\/odontologia-santiago\/#website\"},\"datePublished\":\"2020-05-07T06:30:30+00:00\",\"dateModified\":\"2024-12-11T20:46:30+00:00\",\"breadcrumb\":{\"@id\":\"https:\/\/medicina.udd.cl\/odontologia-santiago\/mision-vision-y-objetivos\/#breadcrumb\"},\"inLanguage\":\"es\",\"potentialAction\":[{\"@type\":\"ReadAction\",\"target\":[\"https:\/\/medicina.udd.cl\/odontologia-santiago\/mision-vision-y-objetivos\/\"]}]},{\"@type\":\"BreadcrumbList\",\"@id\":\"https:\/\/medicina.udd.cl\/odontologia-santiago\/mision-vision-y-objetivos\/#breadcrumb\",\"itemListElement\":[{\"@type\":\"ListItem\",\"position\":1,\"name\":\"Home\",\"item\":\"https:\/\/medicina.udd.cl\/odontologia-santiago\/\"},{\"@type\":\"ListItem\",\"position\":2,\"name\":\"Misi\u00f3n, Visi\u00f3n y Objetivos\"}]},{\"@type\":\"WebSite\",\"@id\":\"https:\/\/medicina.udd.cl\/odontologia-santiago\/#website\",\"url\":\"https:\/\/medicina.udd.cl\/odontologia-santiago\/\",\"name\":\"Odontolog\u00eda\",\"description\":\"Facultad de Medicina Cl\u00ednica Alemana Universidad del Desarrollo\",\"inLanguage\":\"es\"}]}<\/script>\n<!-- \/ Yoast SEO plugin. -->","yoast_head_json":{"title":"Misi\u00f3n, Visi\u00f3n y Objetivos - Odontolog\u00eda UDD","robots":{"index":"index","follow":"follow","max-snippet":"max-snippet:-1","max-image-preview":"max-image-preview:large","max-video-preview":"max-video-preview:-1"},"canonical":"https:\/\/medicina.udd.cl\/odontologia-santiago\/mision-vision-y-objetivos\/","og_locale":"es_ES","og_type":"article","og_title":"Misi\u00f3n, Visi\u00f3n y Objetivos - Odontolog\u00eda UDD","og_description":"OBJETIVOS Contribuir a la formaci\u00f3n de profesionales Odont\u00f3logos con un modelo que provea el m\u00e1s alto nivel de cuidado a la salud de las personas, mediante el desarrollo de habilidades y conocimientos cient\u00edficos adecuados a las necesidades cambiantes de la poblaci\u00f3n. Generar un modelo educacional que integre las ciencias b\u00e1sicas a la actividad cl\u00ednica y [&hellip;]","og_url":"https:\/\/medicina.udd.cl\/odontologia-santiago\/mision-vision-y-objetivos\/","og_site_name":"Odontolog\u00eda","article_modified_time":"2024-12-11T20:46:30+00:00","twitter_misc":{"Tiempo de lectura":"1 minuto"},"schema":{"@context":"https:\/\/schema.org","@graph":[{"@type":"WebPage","@id":"https:\/\/medicina.udd.cl\/odontologia-santiago\/mision-vision-y-objetivos\/","url":"https:\/\/medicina.udd.cl\/odontologia-santiago\/mision-vision-y-objetivos\/","name":"Misi\u00f3n, Visi\u00f3n y Objetivos - Odontolog\u00eda UDD","isPartOf":{"@id":"https:\/\/medicina.udd.cl\/odontologia-santiago\/#website"},"datePublished":"2020-05-07T06:30:30+00:00","dateModified":"2024-12-11T20:46:30+00:00","breadcrumb":{"@id":"https:\/\/medicina.udd.cl\/odontologia-santiago\/mision-vision-y-objetivos\/#breadcrumb"},"inLanguage":"es","potentialAction":[{"@type":"ReadAction","target":["https:\/\/medicina.udd.cl\/odontologia-santiago\/mision-vision-y-objetivos\/"]}]},{"@type":"BreadcrumbList","@id":"https:\/\/medicina.udd.cl\/odontologia-santiago\/mision-vision-y-objetivos\/#breadcrumb","itemListElement":[{"@type":"ListItem","position":1,"name":"Home","item":"https:\/\/medicina.udd.cl\/odontologia-santiago\/"},{"@type":"ListItem","position":2,"name":"Misi\u00f3n, Visi\u00f3n y Objetivos"}]},{"@type":"WebSite","@id":"https:\/\/medicina.udd.cl\/odontologia-santiago\/#website","url":"https:\/\/medicina.udd.cl\/odontologia-santiago\/","name":"Odontolog\u00eda","description":"Facultad de Medicina Cl\u00ednica Alemana Universidad del Desarrollo","inLanguage":"es"}]}},"_links":{"self":[{"href":"https:\/\/medicina.udd.cl\/odontologia-santiago\/wp-json\/wp\/v2\/pages\/5939","targetHints":{"allow":["GET"]}}],"collection":[{"href":"https:\/\/medicina.udd.cl\/odontologia-santiago\/wp-json\/wp\/v2\/pages"}],"about":[{"href":"https:\/\/medicina.udd.cl\/odontologia-santiago\/wp-json\/wp\/v2\/types\/page"}],"author":[{"embeddable":true,"href":"https:\/\/medicina.udd.cl\/odontologia-santiago\/wp-json\/wp\/v2\/users\/9192194"}],"replies":[{"embeddable":true,"href":"https:\/\/medicina.udd.cl\/odontologia-santiago\/wp-json\/wp\/v2\/comments?post=5939"}],"version-history":[{"count":3,"href":"https:\/\/medicina.udd.cl\/odontologia-santiago\/wp-json\/wp\/v2\/pages\/5939\/revisions"}],"predecessor-version":[{"id":5968,"href":"https:\/\/medicina.udd.cl\/odontologia-santiago\/wp-json\/wp\/v2\/pages\/5939\/revisions\/5968"}],"wp:attachment":[{"href":"https:\/\/medicina.udd.cl\/odontologia-santiago\/wp-json\/wp\/v2\/media?parent=5939"}],"curies":[{"name":"wp","href":"https:\/\/api.w.org\/{rel}","templated":true}]}}