{"id":6721,"date":"2022-01-20T14:06:40","date_gmt":"2022-01-20T17:06:40","guid":{"rendered":"https:\/\/medicina.udd.cl\/odontologia-santiago\/?page_id=6721"},"modified":"2022-01-20T14:06:41","modified_gmt":"2022-01-20T17:06:41","slug":"actividad-odontologia-conoce-simulhaptic-y-la-clinica-udd","status":"publish","type":"page","link":"https:\/\/medicina.udd.cl\/odontologia-santiago\/actividad-odontologia-conoce-simulhaptic-y-la-clinica-udd\/","title":{"rendered":"Actividad Odontolog\u00eda: Conoce Simulhaptic y la Cl\u00ednica UDD"},"content":{"rendered":"<iframe src=\"https:\/\/crmadmision.udd.cl\/formulario_inscripcion\/index.php?cod_grupo=255\" width=\"100%\" height=\"3000\" loading=\"lazy\" frameborder=\"0\" scrolling=\"no\"><\/iframe>\n","protected":false},"excerpt":{"rendered":"","protected":false},"author":1,"featured_media":0,"parent":0,"menu_order":0,"comment_status":"closed","ping_status":"closed","template":"","meta":{"footnotes":""},"class_list":["post-6721","page","type-page","status-publish","hentry"],"yoast_head":"<!-- This site is optimized with the Yoast SEO plugin v26.9 - https:\/\/yoast.com\/product\/yoast-seo-wordpress\/ -->\n<title>Actividad Odontolog\u00eda: Conoce Simulhaptic y la Cl\u00ednica UDD - Odontolog\u00eda<\/title>\n<meta name=\"robots\" content=\"index, follow, max-snippet:-1, max-image-preview:large, max-video-preview:-1\" \/>\n<link rel=\"canonical\" href=\"https:\/\/medicina.udd.cl\/odontologia-santiago\/actividad-odontologia-conoce-simulhaptic-y-la-clinica-udd\/\" \/>\n<meta property=\"og:locale\" content=\"es_ES\" \/>\n<meta property=\"og:type\" content=\"article\" \/>\n<meta property=\"og:title\" content=\"Actividad Odontolog\u00eda: Conoce Simulhaptic y la Cl\u00ednica UDD - Odontolog\u00eda\" \/>\n<meta property=\"og:url\" content=\"https:\/\/medicina.udd.cl\/odontologia-santiago\/actividad-odontologia-conoce-simulhaptic-y-la-clinica-udd\/\" \/>\n<meta property=\"og:site_name\" content=\"Odontolog\u00eda\" \/>\n<meta property=\"article:modified_time\" content=\"2022-01-20T17:06:41+00:00\" \/>\n<script type=\"application\/ld+json\" class=\"yoast-schema-graph\">{\"@context\":\"https:\/\/schema.org\",\"@graph\":[{\"@type\":\"WebPage\",\"@id\":\"https:\/\/medicina.udd.cl\/odontologia-santiago\/actividad-odontologia-conoce-simulhaptic-y-la-clinica-udd\/\",\"url\":\"https:\/\/medicina.udd.cl\/odontologia-santiago\/actividad-odontologia-conoce-simulhaptic-y-la-clinica-udd\/\",\"name\":\"Actividad Odontolog\u00eda: Conoce Simulhaptic y la Cl\u00ednica UDD - Odontolog\u00eda\",\"isPartOf\":{\"@id\":\"https:\/\/medicina.udd.cl\/odontologia-santiago\/#website\"},\"datePublished\":\"2022-01-20T17:06:40+00:00\",\"dateModified\":\"2022-01-20T17:06:41+00:00\",\"breadcrumb\":{\"@id\":\"https:\/\/medicina.udd.cl\/odontologia-santiago\/actividad-odontologia-conoce-simulhaptic-y-la-clinica-udd\/#breadcrumb\"},\"inLanguage\":\"es\",\"potentialAction\":[{\"@type\":\"ReadAction\",\"target\":[\"https:\/\/medicina.udd.cl\/odontologia-santiago\/actividad-odontologia-conoce-simulhaptic-y-la-clinica-udd\/\"]}]},{\"@type\":\"BreadcrumbList\",\"@id\":\"https:\/\/medicina.udd.cl\/odontologia-santiago\/actividad-odontologia-conoce-simulhaptic-y-la-clinica-udd\/#breadcrumb\",\"itemListElement\":[{\"@type\":\"ListItem\",\"position\":1,\"name\":\"Home\",\"item\":\"https:\/\/medicina.udd.cl\/odontologia-santiago\/\"},{\"@type\":\"ListItem\",\"position\":2,\"name\":\"Actividad Odontolog\u00eda: Conoce Simulhaptic y la Cl\u00ednica UDD\"}]},{\"@type\":\"WebSite\",\"@id\":\"https:\/\/medicina.udd.cl\/odontologia-santiago\/#website\",\"url\":\"https:\/\/medicina.udd.cl\/odontologia-santiago\/\",\"name\":\"Odontolog\u00eda\",\"description\":\"Facultad de Medicina Cl\u00ednica Alemana Universidad del Desarrollo\",\"inLanguage\":\"es\"}]}<\/script>\n<!-- \/ Yoast SEO plugin. -->","yoast_head_json":{"title":"Actividad Odontolog\u00eda: Conoce Simulhaptic y la Cl\u00ednica UDD - Odontolog\u00eda","robots":{"index":"index","follow":"follow","max-snippet":"max-snippet:-1","max-image-preview":"max-image-preview:large","max-video-preview":"max-video-preview:-1"},"canonical":"https:\/\/medicina.udd.cl\/odontologia-santiago\/actividad-odontologia-conoce-simulhaptic-y-la-clinica-udd\/","og_locale":"es_ES","og_type":"article","og_title":"Actividad Odontolog\u00eda: Conoce Simulhaptic y la Cl\u00ednica UDD - Odontolog\u00eda","og_url":"https:\/\/medicina.udd.cl\/odontologia-santiago\/actividad-odontologia-conoce-simulhaptic-y-la-clinica-udd\/","og_site_name":"Odontolog\u00eda","article_modified_time":"2022-01-20T17:06:41+00:00","schema":{"@context":"https:\/\/schema.org","@graph":[{"@type":"WebPage","@id":"https:\/\/medicina.udd.cl\/odontologia-santiago\/actividad-odontologia-conoce-simulhaptic-y-la-clinica-udd\/","url":"https:\/\/medicina.udd.cl\/odontologia-santiago\/actividad-odontologia-conoce-simulhaptic-y-la-clinica-udd\/","name":"Actividad Odontolog\u00eda: Conoce Simulhaptic y la Cl\u00ednica UDD - Odontolog\u00eda","isPartOf":{"@id":"https:\/\/medicina.udd.cl\/odontologia-santiago\/#website"},"datePublished":"2022-01-20T17:06:40+00:00","dateModified":"2022-01-20T17:06:41+00:00","breadcrumb":{"@id":"https:\/\/medicina.udd.cl\/odontologia-santiago\/actividad-odontologia-conoce-simulhaptic-y-la-clinica-udd\/#breadcrumb"},"inLanguage":"es","potentialAction":[{"@type":"ReadAction","target":["https:\/\/medicina.udd.cl\/odontologia-santiago\/actividad-odontologia-conoce-simulhaptic-y-la-clinica-udd\/"]}]},{"@type":"BreadcrumbList","@id":"https:\/\/medicina.udd.cl\/odontologia-santiago\/actividad-odontologia-conoce-simulhaptic-y-la-clinica-udd\/#breadcrumb","itemListElement":[{"@type":"ListItem","position":1,"name":"Home","item":"https:\/\/medicina.udd.cl\/odontologia-santiago\/"},{"@type":"ListItem","position":2,"name":"Actividad Odontolog\u00eda: Conoce Simulhaptic y la Cl\u00ednica UDD"}]},{"@type":"WebSite","@id":"https:\/\/medicina.udd.cl\/odontologia-santiago\/#website","url":"https:\/\/medicina.udd.cl\/odontologia-santiago\/","name":"Odontolog\u00eda","description":"Facultad de Medicina Cl\u00ednica Alemana Universidad del Desarrollo","inLanguage":"es"}]}},"_links":{"self":[{"href":"https:\/\/medicina.udd.cl\/odontologia-santiago\/wp-json\/wp\/v2\/pages\/6721","targetHints":{"allow":["GET"]}}],"collection":[{"href":"https:\/\/medicina.udd.cl\/odontologia-santiago\/wp-json\/wp\/v2\/pages"}],"about":[{"href":"https:\/\/medicina.udd.cl\/odontologia-santiago\/wp-json\/wp\/v2\/types\/page"}],"author":[{"embeddable":true,"href":"https:\/\/medicina.udd.cl\/odontologia-santiago\/wp-json\/wp\/v2\/users\/1"}],"replies":[{"embeddable":true,"href":"https:\/\/medicina.udd.cl\/odontologia-santiago\/wp-json\/wp\/v2\/comments?post=6721"}],"version-history":[{"count":1,"href":"https:\/\/medicina.udd.cl\/odontologia-santiago\/wp-json\/wp\/v2\/pages\/6721\/revisions"}],"predecessor-version":[{"id":6722,"href":"https:\/\/medicina.udd.cl\/odontologia-santiago\/wp-json\/wp\/v2\/pages\/6721\/revisions\/6722"}],"wp:attachment":[{"href":"https:\/\/medicina.udd.cl\/odontologia-santiago\/wp-json\/wp\/v2\/media?parent=6721"}],"curies":[{"name":"wp","href":"https:\/\/api.w.org\/{rel}","templated":true}]}}