{"id":7288,"date":"2022-09-29T15:38:07","date_gmt":"2022-09-29T18:38:07","guid":{"rendered":"https:\/\/medicina.udd.cl\/odontologia-santiago\/?page_id=7288"},"modified":"2023-09-13T15:37:33","modified_gmt":"2023-09-13T18:37:33","slug":"inscripcion-curso-resinas-compuestas-anteriores","status":"publish","type":"page","link":"https:\/\/medicina.udd.cl\/odontologia-santiago\/inscripcion-curso-resinas-compuestas-anteriores\/","title":{"rendered":"Inscripci\u00f3n Curso Resinas compuestas anteriores: T\u00e9cnicas y nuevos tratamientos en el sector anterior"},"content":{"rendered":"\n<p class=\"has-very-dark-gray-color has-very-light-gray-background-color has-text-color has-background\">                      <strong>*Cupos limitados y sujetos a confirmaci\u00f3n<\/strong><\/p>\n\n\n\n<div id='wufoo-mvzj62n0usxv9c'>\nFill out my <a href='https:\/\/udesarrollo.wufoo.com\/forms\/mvzj62n0usxv9c'>online form<\/a>.\n<\/div>\n<script type='text\/javascript'>var mvzj62n0usxv9c;(function(d, t) {\nvar s = d.createElement(t), options = {\n'userName'      : 'udesarrollo',    \n'formHash'      : 'mvzj62n0usxv9c',    \n'autoResize'    :  true,   \n'height'        : '680',      \n'async'         :  true,          \n'header'        : 'show',      \n'host'          : 'wufoo.com',    \n'entSource'     : 'wordpress',   \n'defaultValues' : ''     \n,'ssl'          :  1           };\ns.src = ('https:' == d.location.protocol ? 'https:\/\/' : 'http:\/\/') + 'secure.wufoo.com\/scripts\/embed\/form.js';\ns.onload = s.onreadystatechange = function() {\nvar rs = this.readyState; if (rs) if (rs != 'complete') if (rs != 'loaded') return;\ntry { mvzj62n0usxv9c = new WufooForm();mvzj62n0usxv9c.initialize(options);mvzj62n0usxv9c.display(); } catch (e) {}}\nvar scr = d.getElementsByTagName(t)[0], par = scr.parentNode; par.insertBefore(s, scr);\n})(document, 'script');<\/script> <noscript> <iframe height=\"680\" allowTransparency=\"true\" sandbox=\"allow-top-navigation allow-scripts allow-popups allow-forms allow-same-origin allow-popups-to-escape-sandbox\" frameborder=\"0\" scrolling=\"no\" style=\"width:100%;border:none;\"src=\"https:\/\/udesarrollo.wufoo.com\/embed\/mvzj62n0usxv9c?entsource=wordpress\"><a href=\"https:\/\/udesarrollo.wufoo.com\/forms\/mvzj62n0usxv9c?entsource=wordpress\" rel=\"nofollow\">Fill out my Wufoo form!<\/a><\/iframe> <\/noscript>\n","protected":false},"excerpt":{"rendered":"<p>*Cupos limitados y sujetos a confirmaci\u00f3n<\/p>\n","protected":false},"author":1,"featured_media":0,"parent":0,"menu_order":0,"comment_status":"closed","ping_status":"closed","template":"","meta":{"footnotes":""},"class_list":["post-7288","page","type-page","status-publish","hentry"],"yoast_head":"<!-- This site is optimized with the Yoast SEO plugin v26.9 - https:\/\/yoast.com\/product\/yoast-seo-wordpress\/ -->\n<title>Inscripci\u00f3n Curso Resinas compuestas anteriores: T\u00e9cnicas y nuevos tratamientos en el sector anterior - Odontolog\u00eda<\/title>\n<meta name=\"robots\" content=\"index, follow, max-snippet:-1, max-image-preview:large, max-video-preview:-1\" \/>\n<link rel=\"canonical\" href=\"https:\/\/medicina.udd.cl\/odontologia-santiago\/inscripcion-curso-resinas-compuestas-anteriores\/\" \/>\n<meta property=\"og:locale\" content=\"es_ES\" \/>\n<meta property=\"og:type\" content=\"article\" \/>\n<meta property=\"og:title\" content=\"Inscripci\u00f3n Curso Resinas compuestas anteriores: T\u00e9cnicas y nuevos tratamientos en el sector anterior - Odontolog\u00eda\" \/>\n<meta property=\"og:description\" content=\"*Cupos limitados y sujetos a confirmaci\u00f3n\" \/>\n<meta property=\"og:url\" content=\"https:\/\/medicina.udd.cl\/odontologia-santiago\/inscripcion-curso-resinas-compuestas-anteriores\/\" \/>\n<meta property=\"og:site_name\" content=\"Odontolog\u00eda\" \/>\n<meta property=\"article:modified_time\" content=\"2023-09-13T18:37:33+00:00\" \/>\n<meta name=\"twitter:label1\" content=\"Tiempo de lectura\" \/>\n\t<meta name=\"twitter:data1\" content=\"1 minuto\" \/>\n<script type=\"application\/ld+json\" class=\"yoast-schema-graph\">{\"@context\":\"https:\/\/schema.org\",\"@graph\":[{\"@type\":\"WebPage\",\"@id\":\"https:\/\/medicina.udd.cl\/odontologia-santiago\/inscripcion-curso-resinas-compuestas-anteriores\/\",\"url\":\"https:\/\/medicina.udd.cl\/odontologia-santiago\/inscripcion-curso-resinas-compuestas-anteriores\/\",\"name\":\"Inscripci\u00f3n Curso Resinas compuestas anteriores: T\u00e9cnicas y nuevos tratamientos en el sector anterior - Odontolog\u00eda\",\"isPartOf\":{\"@id\":\"https:\/\/medicina.udd.cl\/odontologia-santiago\/#website\"},\"datePublished\":\"2022-09-29T18:38:07+00:00\",\"dateModified\":\"2023-09-13T18:37:33+00:00\",\"breadcrumb\":{\"@id\":\"https:\/\/medicina.udd.cl\/odontologia-santiago\/inscripcion-curso-resinas-compuestas-anteriores\/#breadcrumb\"},\"inLanguage\":\"es\",\"potentialAction\":[{\"@type\":\"ReadAction\",\"target\":[\"https:\/\/medicina.udd.cl\/odontologia-santiago\/inscripcion-curso-resinas-compuestas-anteriores\/\"]}]},{\"@type\":\"BreadcrumbList\",\"@id\":\"https:\/\/medicina.udd.cl\/odontologia-santiago\/inscripcion-curso-resinas-compuestas-anteriores\/#breadcrumb\",\"itemListElement\":[{\"@type\":\"ListItem\",\"position\":1,\"name\":\"Home\",\"item\":\"https:\/\/medicina.udd.cl\/odontologia-santiago\/\"},{\"@type\":\"ListItem\",\"position\":2,\"name\":\"Inscripci\u00f3n Curso Resinas compuestas anteriores: T\u00e9cnicas y nuevos tratamientos en el sector anterior\"}]},{\"@type\":\"WebSite\",\"@id\":\"https:\/\/medicina.udd.cl\/odontologia-santiago\/#website\",\"url\":\"https:\/\/medicina.udd.cl\/odontologia-santiago\/\",\"name\":\"Odontolog\u00eda\",\"description\":\"Facultad de Medicina Cl\u00ednica Alemana Universidad del Desarrollo\",\"inLanguage\":\"es\"}]}<\/script>\n<!-- \/ Yoast SEO plugin. -->","yoast_head_json":{"title":"Inscripci\u00f3n Curso Resinas compuestas anteriores: T\u00e9cnicas y nuevos tratamientos en el sector anterior - Odontolog\u00eda","robots":{"index":"index","follow":"follow","max-snippet":"max-snippet:-1","max-image-preview":"max-image-preview:large","max-video-preview":"max-video-preview:-1"},"canonical":"https:\/\/medicina.udd.cl\/odontologia-santiago\/inscripcion-curso-resinas-compuestas-anteriores\/","og_locale":"es_ES","og_type":"article","og_title":"Inscripci\u00f3n Curso Resinas compuestas anteriores: T\u00e9cnicas y nuevos tratamientos en el sector anterior - Odontolog\u00eda","og_description":"*Cupos limitados y sujetos a confirmaci\u00f3n","og_url":"https:\/\/medicina.udd.cl\/odontologia-santiago\/inscripcion-curso-resinas-compuestas-anteriores\/","og_site_name":"Odontolog\u00eda","article_modified_time":"2023-09-13T18:37:33+00:00","twitter_misc":{"Tiempo de lectura":"1 minuto"},"schema":{"@context":"https:\/\/schema.org","@graph":[{"@type":"WebPage","@id":"https:\/\/medicina.udd.cl\/odontologia-santiago\/inscripcion-curso-resinas-compuestas-anteriores\/","url":"https:\/\/medicina.udd.cl\/odontologia-santiago\/inscripcion-curso-resinas-compuestas-anteriores\/","name":"Inscripci\u00f3n Curso Resinas compuestas anteriores: T\u00e9cnicas y nuevos tratamientos en el sector anterior - Odontolog\u00eda","isPartOf":{"@id":"https:\/\/medicina.udd.cl\/odontologia-santiago\/#website"},"datePublished":"2022-09-29T18:38:07+00:00","dateModified":"2023-09-13T18:37:33+00:00","breadcrumb":{"@id":"https:\/\/medicina.udd.cl\/odontologia-santiago\/inscripcion-curso-resinas-compuestas-anteriores\/#breadcrumb"},"inLanguage":"es","potentialAction":[{"@type":"ReadAction","target":["https:\/\/medicina.udd.cl\/odontologia-santiago\/inscripcion-curso-resinas-compuestas-anteriores\/"]}]},{"@type":"BreadcrumbList","@id":"https:\/\/medicina.udd.cl\/odontologia-santiago\/inscripcion-curso-resinas-compuestas-anteriores\/#breadcrumb","itemListElement":[{"@type":"ListItem","position":1,"name":"Home","item":"https:\/\/medicina.udd.cl\/odontologia-santiago\/"},{"@type":"ListItem","position":2,"name":"Inscripci\u00f3n Curso Resinas compuestas anteriores: T\u00e9cnicas y nuevos tratamientos en el sector anterior"}]},{"@type":"WebSite","@id":"https:\/\/medicina.udd.cl\/odontologia-santiago\/#website","url":"https:\/\/medicina.udd.cl\/odontologia-santiago\/","name":"Odontolog\u00eda","description":"Facultad de Medicina Cl\u00ednica Alemana Universidad del Desarrollo","inLanguage":"es"}]}},"_links":{"self":[{"href":"https:\/\/medicina.udd.cl\/odontologia-santiago\/wp-json\/wp\/v2\/pages\/7288","targetHints":{"allow":["GET"]}}],"collection":[{"href":"https:\/\/medicina.udd.cl\/odontologia-santiago\/wp-json\/wp\/v2\/pages"}],"about":[{"href":"https:\/\/medicina.udd.cl\/odontologia-santiago\/wp-json\/wp\/v2\/types\/page"}],"author":[{"embeddable":true,"href":"https:\/\/medicina.udd.cl\/odontologia-santiago\/wp-json\/wp\/v2\/users\/1"}],"replies":[{"embeddable":true,"href":"https:\/\/medicina.udd.cl\/odontologia-santiago\/wp-json\/wp\/v2\/comments?post=7288"}],"version-history":[{"count":6,"href":"https:\/\/medicina.udd.cl\/odontologia-santiago\/wp-json\/wp\/v2\/pages\/7288\/revisions"}],"predecessor-version":[{"id":7730,"href":"https:\/\/medicina.udd.cl\/odontologia-santiago\/wp-json\/wp\/v2\/pages\/7288\/revisions\/7730"}],"wp:attachment":[{"href":"https:\/\/medicina.udd.cl\/odontologia-santiago\/wp-json\/wp\/v2\/media?parent=7288"}],"curies":[{"name":"wp","href":"https:\/\/api.w.org\/{rel}","templated":true}]}}