{"id":11,"date":"2026-01-27T21:58:46","date_gmt":"2026-01-27T20:58:46","guid":{"rendered":"https:\/\/medicina.udd.cl\/osi-a\/?page_id=11"},"modified":"2026-02-18T13:40:52","modified_gmt":"2026-02-18T12:40:52","slug":"informacion-para-madres-padres-y-cuidadores","status":"publish","type":"page","link":"https:\/\/medicina.udd.cl\/osi-a\/informacion-para-madres-padres-y-cuidadores\/","title":{"rendered":"Informaci\u00f3n para madres, padres y cuidadores\u00a0"},"content":{"rendered":"\n<p><strong>\u00bfDe qu\u00e9 se trata el estudio?<\/strong>&nbsp;<\/p>\n\n\n\n<p>Estamos evaluando un programa que busca apoyar a familias de ni\u00f1os y ni\u00f1as autistas entre 5 y 12 a\u00f1os que presentan miedos, preocupaciones o ansiedad. El objetivo es conocer cu\u00e1l es la mejor forma de acompa\u00f1ar a las familias en el manejo de la ansiedad infantil.<\/p>\n\n\n\n<p><strong>\u00bfC\u00f3mo funciona?<\/strong><\/p>\n\n\n\n<ul class=\"wp-block-list\">\n<li>Todas las familias participantes reciben <strong>alg\u00fan tipo de apoyo.<\/strong><\/li>\n\n\n\n<li>El tipo de apoyo se asigna <strong>al azar<\/strong> (como un sorteo).<\/li>\n\n\n\n<li>El apoyo puede consistir en:\n<ul class=\"wp-block-list\">\n<li>Un programa con materiales en papel y acompa\u00f1amiento terap\u00e9utico,<\/li>\n\n\n\n<li>Un programa digital con apoyo terap\u00e9utico, o<\/li>\n\n\n\n<li>El tratamiento habitual que el servicio de salud les proporciona.<\/li>\n<\/ul>\n<\/li>\n<\/ul>\n\n\n\n<p><strong>\u00bfQu\u00e9 implica participar?<\/strong>&nbsp;<\/p>\n\n\n\n<ul class=\"wp-block-list\">\n<li>Una evaluaci\u00f3n inicial\u00a0<\/li>\n\n\n\n<li>Responder cuestionarios sobre el ni\u00f1o\/a y la vida familiar&nbsp;<\/li>\n\n\n\n<li>Participar en el apoyo asignado, seg\u00fan el grupo correspondiente<\/li>\n\n\n\n<li>Responder cuestionarios de seguimiento a las 14 y 24 semanas\u00a0<\/li>\n\n\n\n<li>(Opcional) participar en entrevistas sobre la experiencia&nbsp;<\/li>\n<\/ul>\n\n\n\n<p><strong>Duraci\u00f3n total del estudio:<\/strong>\u00a0aproximadamente 12 meses.\u00a0<\/p>\n\n\n\n<p><strong>Beneficios de participar<\/strong>&nbsp;<\/p>\n\n\n\n<ul class=\"wp-block-list\">\n<li>Contribuir al desarrollo de mejores apoyos en salud mental infantil&nbsp;<\/li>\n\n\n\n<li>Recibir acompa\u00f1amiento estructurado y supervisado&nbsp;<\/li>\n\n\n\n<li>Giftcards&nbsp;de agradecimiento ($5.000 y $15.000) en evaluaciones de seguimiento&nbsp;<\/li>\n<\/ul>\n\n\n\n<p><strong>Aspectos importantes<\/strong>&nbsp;<\/p>\n\n\n\n<ul class=\"wp-block-list\">\n<li>La participaci\u00f3n es\u00a0voluntaria\u00a0<\/li>\n\n\n\n<li>Pueden retirarse en cualquier momento, sin consecuencias&nbsp;<\/li>\n\n\n\n<li>La informaci\u00f3n se maneja de forma&nbsp;<strong>segura y&nbsp;confidencial<\/strong>&nbsp;<\/li>\n<\/ul>\n\n\n\n<p><strong>Contacto:<\/strong> aila.osi@udd.cl<\/p>\n","protected":false},"excerpt":{"rendered":"<p>\u00bfDe qu\u00e9 se trata el estudio?&nbsp; Estamos evaluando un programa que busca apoyar a familias de ni\u00f1os y ni\u00f1as autistas entre 5 y 12 a\u00f1os que presentan miedos, preocupaciones o ansiedad. El objetivo es conocer cu\u00e1l es la mejor forma de acompa\u00f1ar a las familias en el manejo de la ansiedad infantil. \u00bfC\u00f3mo funciona? \u00bfQu\u00e9 [&hellip;]<\/p>\n","protected":false},"author":9192254,"featured_media":0,"parent":0,"menu_order":0,"comment_status":"closed","ping_status":"closed","template":"","meta":{"footnotes":""},"class_list":["post-11","page","type-page","status-publish","hentry"],"yoast_head":"<!-- This site is optimized with the Yoast SEO plugin v26.9 - https:\/\/yoast.com\/product\/yoast-seo-wordpress\/ -->\n<title>Informaci\u00f3n para madres, padres y cuidadores\u00a0 - Programa para reducir la ansiedad infantil en Chile<\/title>\n<meta name=\"robots\" content=\"index, follow, max-snippet:-1, max-image-preview:large, max-video-preview:-1\" \/>\n<link rel=\"canonical\" href=\"https:\/\/medicina.udd.cl\/osi-a\/informacion-para-madres-padres-y-cuidadores\/\" \/>\n<meta property=\"og:locale\" content=\"es_ES\" \/>\n<meta property=\"og:type\" content=\"article\" \/>\n<meta property=\"og:title\" content=\"Informaci\u00f3n para madres, padres y cuidadores\u00a0 - Programa para reducir la ansiedad infantil en Chile\" \/>\n<meta property=\"og:description\" content=\"\u00bfDe qu\u00e9 se trata el estudio?&nbsp; Estamos evaluando un programa que busca apoyar a familias de ni\u00f1os y ni\u00f1as autistas entre 5 y 12 a\u00f1os que presentan miedos, preocupaciones o ansiedad. El objetivo es conocer cu\u00e1l es la mejor forma de acompa\u00f1ar a las familias en el manejo de la ansiedad infantil. \u00bfC\u00f3mo funciona? \u00bfQu\u00e9 [&hellip;]\" \/>\n<meta property=\"og:url\" content=\"https:\/\/medicina.udd.cl\/osi-a\/informacion-para-madres-padres-y-cuidadores\/\" \/>\n<meta property=\"og:site_name\" content=\"Programa para reducir la ansiedad infantil en Chile\" \/>\n<meta property=\"article:modified_time\" content=\"2026-02-18T12:40:52+00:00\" \/>\n<meta name=\"twitter:card\" content=\"summary_large_image\" \/>\n<meta name=\"twitter:label1\" content=\"Tiempo de lectura\" \/>\n\t<meta name=\"twitter:data1\" content=\"1 minuto\" \/>\n<script type=\"application\/ld+json\" class=\"yoast-schema-graph\">{\"@context\":\"https:\/\/schema.org\",\"@graph\":[{\"@type\":\"WebPage\",\"@id\":\"https:\/\/medicina.udd.cl\/osi-a\/informacion-para-madres-padres-y-cuidadores\/\",\"url\":\"https:\/\/medicina.udd.cl\/osi-a\/informacion-para-madres-padres-y-cuidadores\/\",\"name\":\"Informaci\u00f3n para madres, padres y cuidadores\u00a0 - Programa para reducir la ansiedad infantil en Chile\",\"isPartOf\":{\"@id\":\"https:\/\/medicina.udd.cl\/osi-a\/#website\"},\"datePublished\":\"2026-01-27T20:58:46+00:00\",\"dateModified\":\"2026-02-18T12:40:52+00:00\",\"breadcrumb\":{\"@id\":\"https:\/\/medicina.udd.cl\/osi-a\/informacion-para-madres-padres-y-cuidadores\/#breadcrumb\"},\"inLanguage\":\"es\",\"potentialAction\":[{\"@type\":\"ReadAction\",\"target\":[\"https:\/\/medicina.udd.cl\/osi-a\/informacion-para-madres-padres-y-cuidadores\/\"]}]},{\"@type\":\"BreadcrumbList\",\"@id\":\"https:\/\/medicina.udd.cl\/osi-a\/informacion-para-madres-padres-y-cuidadores\/#breadcrumb\",\"itemListElement\":[{\"@type\":\"ListItem\",\"position\":1,\"name\":\"Portada\",\"item\":\"https:\/\/medicina.udd.cl\/osi-a\/\"},{\"@type\":\"ListItem\",\"position\":2,\"name\":\"Informaci\u00f3n para madres, padres y cuidadores\u00a0\"}]},{\"@type\":\"WebSite\",\"@id\":\"https:\/\/medicina.udd.cl\/osi-a\/#website\",\"url\":\"https:\/\/medicina.udd.cl\/osi-a\/\",\"name\":\"Programa para reducir la ansiedad infantil en Chile\",\"description\":\"\",\"inLanguage\":\"es\"}]}<\/script>\n<!-- \/ Yoast SEO plugin. -->","yoast_head_json":{"title":"Informaci\u00f3n para madres, padres y cuidadores\u00a0 - Programa para reducir la ansiedad infantil en Chile","robots":{"index":"index","follow":"follow","max-snippet":"max-snippet:-1","max-image-preview":"max-image-preview:large","max-video-preview":"max-video-preview:-1"},"canonical":"https:\/\/medicina.udd.cl\/osi-a\/informacion-para-madres-padres-y-cuidadores\/","og_locale":"es_ES","og_type":"article","og_title":"Informaci\u00f3n para madres, padres y cuidadores\u00a0 - Programa para reducir la ansiedad infantil en Chile","og_description":"\u00bfDe qu\u00e9 se trata el estudio?&nbsp; Estamos evaluando un programa que busca apoyar a familias de ni\u00f1os y ni\u00f1as autistas entre 5 y 12 a\u00f1os que presentan miedos, preocupaciones o ansiedad. El objetivo es conocer cu\u00e1l es la mejor forma de acompa\u00f1ar a las familias en el manejo de la ansiedad infantil. \u00bfC\u00f3mo funciona? \u00bfQu\u00e9 [&hellip;]","og_url":"https:\/\/medicina.udd.cl\/osi-a\/informacion-para-madres-padres-y-cuidadores\/","og_site_name":"Programa para reducir la ansiedad infantil en Chile","article_modified_time":"2026-02-18T12:40:52+00:00","twitter_card":"summary_large_image","twitter_misc":{"Tiempo de lectura":"1 minuto"},"schema":{"@context":"https:\/\/schema.org","@graph":[{"@type":"WebPage","@id":"https:\/\/medicina.udd.cl\/osi-a\/informacion-para-madres-padres-y-cuidadores\/","url":"https:\/\/medicina.udd.cl\/osi-a\/informacion-para-madres-padres-y-cuidadores\/","name":"Informaci\u00f3n para madres, padres y cuidadores\u00a0 - Programa para reducir la ansiedad infantil en Chile","isPartOf":{"@id":"https:\/\/medicina.udd.cl\/osi-a\/#website"},"datePublished":"2026-01-27T20:58:46+00:00","dateModified":"2026-02-18T12:40:52+00:00","breadcrumb":{"@id":"https:\/\/medicina.udd.cl\/osi-a\/informacion-para-madres-padres-y-cuidadores\/#breadcrumb"},"inLanguage":"es","potentialAction":[{"@type":"ReadAction","target":["https:\/\/medicina.udd.cl\/osi-a\/informacion-para-madres-padres-y-cuidadores\/"]}]},{"@type":"BreadcrumbList","@id":"https:\/\/medicina.udd.cl\/osi-a\/informacion-para-madres-padres-y-cuidadores\/#breadcrumb","itemListElement":[{"@type":"ListItem","position":1,"name":"Portada","item":"https:\/\/medicina.udd.cl\/osi-a\/"},{"@type":"ListItem","position":2,"name":"Informaci\u00f3n para madres, padres y cuidadores\u00a0"}]},{"@type":"WebSite","@id":"https:\/\/medicina.udd.cl\/osi-a\/#website","url":"https:\/\/medicina.udd.cl\/osi-a\/","name":"Programa para reducir la ansiedad infantil en Chile","description":"","inLanguage":"es"}]}},"_links":{"self":[{"href":"https:\/\/medicina.udd.cl\/osi-a\/wp-json\/wp\/v2\/pages\/11","targetHints":{"allow":["GET"]}}],"collection":[{"href":"https:\/\/medicina.udd.cl\/osi-a\/wp-json\/wp\/v2\/pages"}],"about":[{"href":"https:\/\/medicina.udd.cl\/osi-a\/wp-json\/wp\/v2\/types\/page"}],"author":[{"embeddable":true,"href":"https:\/\/medicina.udd.cl\/osi-a\/wp-json\/wp\/v2\/users\/9192254"}],"replies":[{"embeddable":true,"href":"https:\/\/medicina.udd.cl\/osi-a\/wp-json\/wp\/v2\/comments?post=11"}],"version-history":[{"count":3,"href":"https:\/\/medicina.udd.cl\/osi-a\/wp-json\/wp\/v2\/pages\/11\/revisions"}],"predecessor-version":[{"id":86,"href":"https:\/\/medicina.udd.cl\/osi-a\/wp-json\/wp\/v2\/pages\/11\/revisions\/86"}],"wp:attachment":[{"href":"https:\/\/medicina.udd.cl\/osi-a\/wp-json\/wp\/v2\/media?parent=11"}],"curies":[{"name":"wp","href":"https:\/\/api.w.org\/{rel}","templated":true}]}}