{"id":14,"date":"2026-01-27T21:59:34","date_gmt":"2026-01-27T20:59:34","guid":{"rendered":"https:\/\/medicina.udd.cl\/osi-a\/?page_id=14"},"modified":"2026-02-18T13:43:51","modified_gmt":"2026-02-18T12:43:51","slug":"informacion-para-ninos-ninas-y-adolescentes","status":"publish","type":"page","link":"https:\/\/medicina.udd.cl\/osi-a\/informacion-para-ninos-ninas-y-adolescentes\/","title":{"rendered":"Informaci\u00f3n\u00a0para ni\u00f1os, ni\u00f1as y adolescentes\u00a0"},"content":{"rendered":"\n<p><strong>\u00bfDe qu\u00e9 se trata?<\/strong>&nbsp;<\/p>\n\n\n\n<p>Queremos aprender cu\u00e1l es la mejor forma de ayudar a ni\u00f1os, ni\u00f1as y adolescentes autistas cuando sienten miedos o muchas preocupaciones.<\/p>\n\n\n\n<p><strong>\u00bfQu\u00e9 haremos?<\/strong>&nbsp;<\/p>\n\n\n\n<ul class=\"wp-block-list\">\n<li>Todas las familias que participen en el estudio\u00a0<strong>participar\u00e1n en alguno de los tipos de apoyo establecidos<\/strong>.<\/li>\n\n\n\n<li>El tipo de apoyo se decide <strong>al azar <\/strong>(como un sorteo).<\/li>\n\n\n\n<li>En algunos casos habr\u00e1\u00a0<strong>juegos, actividades y acompa\u00f1amiento de personas adultas<\/strong>\u00a0que saben ayudar.<\/li>\n<\/ul>\n\n\n\n<p><strong>\u00bfQu\u00e9 har\u00e1s t\u00fa?<\/strong>&nbsp;<\/p>\n\n\n\n<ul class=\"wp-block-list\">\n<li>Responder\u00a0<strong>algunas preguntas<\/strong>.<\/li>\n\n\n\n<li>Participar en <strong>actividades para aprender a sentirte m\u00e1s tranquilo\/a.<\/strong><\/li>\n\n\n\n<li>Tu informaci\u00f3n ser\u00e1 cuidada y <strong>no usaremos tu nombre.\u00a0<\/strong><\/li>\n\n\n\n<li><strong>Puedes dejar de participar cuando quieras,<\/strong> y no pasa nada.<\/li>\n<\/ul>\n","protected":false},"excerpt":{"rendered":"<p>\u00bfDe qu\u00e9 se trata?&nbsp; Queremos aprender cu\u00e1l es la mejor forma de ayudar a ni\u00f1os, ni\u00f1as y adolescentes autistas cuando sienten miedos o muchas preocupaciones. \u00bfQu\u00e9 haremos?&nbsp; \u00bfQu\u00e9 har\u00e1s t\u00fa?&nbsp;<\/p>\n","protected":false},"author":9192254,"featured_media":0,"parent":0,"menu_order":0,"comment_status":"closed","ping_status":"closed","template":"","meta":{"footnotes":""},"class_list":["post-14","page","type-page","status-publish","hentry"],"yoast_head":"<!-- This site is optimized with the Yoast SEO plugin v26.9 - https:\/\/yoast.com\/product\/yoast-seo-wordpress\/ -->\n<title>Informaci\u00f3n\u00a0para ni\u00f1os, ni\u00f1as y adolescentes\u00a0 - Programa para reducir la ansiedad infantil en Chile<\/title>\n<meta name=\"robots\" content=\"index, follow, max-snippet:-1, max-image-preview:large, max-video-preview:-1\" \/>\n<link rel=\"canonical\" href=\"https:\/\/medicina.udd.cl\/osi-a\/informacion-para-ninos-ninas-y-adolescentes\/\" \/>\n<meta property=\"og:locale\" content=\"es_ES\" \/>\n<meta property=\"og:type\" content=\"article\" \/>\n<meta property=\"og:title\" content=\"Informaci\u00f3n\u00a0para ni\u00f1os, ni\u00f1as y adolescentes\u00a0 - Programa para reducir la ansiedad infantil en Chile\" \/>\n<meta property=\"og:description\" content=\"\u00bfDe qu\u00e9 se trata?&nbsp; Queremos aprender cu\u00e1l es la mejor forma de ayudar a ni\u00f1os, ni\u00f1as y adolescentes autistas cuando sienten miedos o muchas preocupaciones. \u00bfQu\u00e9 haremos?&nbsp; \u00bfQu\u00e9 har\u00e1s t\u00fa?&nbsp;\" \/>\n<meta property=\"og:url\" content=\"https:\/\/medicina.udd.cl\/osi-a\/informacion-para-ninos-ninas-y-adolescentes\/\" \/>\n<meta property=\"og:site_name\" content=\"Programa para reducir la ansiedad infantil en Chile\" \/>\n<meta property=\"article:modified_time\" content=\"2026-02-18T12:43:51+00:00\" \/>\n<meta name=\"twitter:card\" content=\"summary_large_image\" \/>\n<meta name=\"twitter:label1\" content=\"Tiempo de lectura\" \/>\n\t<meta name=\"twitter:data1\" content=\"1 minuto\" \/>\n<script type=\"application\/ld+json\" class=\"yoast-schema-graph\">{\"@context\":\"https:\/\/schema.org\",\"@graph\":[{\"@type\":\"WebPage\",\"@id\":\"https:\/\/medicina.udd.cl\/osi-a\/informacion-para-ninos-ninas-y-adolescentes\/\",\"url\":\"https:\/\/medicina.udd.cl\/osi-a\/informacion-para-ninos-ninas-y-adolescentes\/\",\"name\":\"Informaci\u00f3n\u00a0para ni\u00f1os, ni\u00f1as y adolescentes\u00a0 - Programa para reducir la ansiedad infantil en Chile\",\"isPartOf\":{\"@id\":\"https:\/\/medicina.udd.cl\/osi-a\/#website\"},\"datePublished\":\"2026-01-27T20:59:34+00:00\",\"dateModified\":\"2026-02-18T12:43:51+00:00\",\"breadcrumb\":{\"@id\":\"https:\/\/medicina.udd.cl\/osi-a\/informacion-para-ninos-ninas-y-adolescentes\/#breadcrumb\"},\"inLanguage\":\"es\",\"potentialAction\":[{\"@type\":\"ReadAction\",\"target\":[\"https:\/\/medicina.udd.cl\/osi-a\/informacion-para-ninos-ninas-y-adolescentes\/\"]}]},{\"@type\":\"BreadcrumbList\",\"@id\":\"https:\/\/medicina.udd.cl\/osi-a\/informacion-para-ninos-ninas-y-adolescentes\/#breadcrumb\",\"itemListElement\":[{\"@type\":\"ListItem\",\"position\":1,\"name\":\"Portada\",\"item\":\"https:\/\/medicina.udd.cl\/osi-a\/\"},{\"@type\":\"ListItem\",\"position\":2,\"name\":\"Informaci\u00f3n\u00a0para ni\u00f1os, ni\u00f1as y adolescentes\u00a0\"}]},{\"@type\":\"WebSite\",\"@id\":\"https:\/\/medicina.udd.cl\/osi-a\/#website\",\"url\":\"https:\/\/medicina.udd.cl\/osi-a\/\",\"name\":\"Programa para reducir la ansiedad infantil en Chile\",\"description\":\"\",\"inLanguage\":\"es\"}]}<\/script>\n<!-- \/ Yoast SEO plugin. -->","yoast_head_json":{"title":"Informaci\u00f3n\u00a0para ni\u00f1os, ni\u00f1as y adolescentes\u00a0 - Programa para reducir la ansiedad infantil en Chile","robots":{"index":"index","follow":"follow","max-snippet":"max-snippet:-1","max-image-preview":"max-image-preview:large","max-video-preview":"max-video-preview:-1"},"canonical":"https:\/\/medicina.udd.cl\/osi-a\/informacion-para-ninos-ninas-y-adolescentes\/","og_locale":"es_ES","og_type":"article","og_title":"Informaci\u00f3n\u00a0para ni\u00f1os, ni\u00f1as y adolescentes\u00a0 - Programa para reducir la ansiedad infantil en Chile","og_description":"\u00bfDe qu\u00e9 se trata?&nbsp; Queremos aprender cu\u00e1l es la mejor forma de ayudar a ni\u00f1os, ni\u00f1as y adolescentes autistas cuando sienten miedos o muchas preocupaciones. \u00bfQu\u00e9 haremos?&nbsp; \u00bfQu\u00e9 har\u00e1s t\u00fa?&nbsp;","og_url":"https:\/\/medicina.udd.cl\/osi-a\/informacion-para-ninos-ninas-y-adolescentes\/","og_site_name":"Programa para reducir la ansiedad infantil en Chile","article_modified_time":"2026-02-18T12:43:51+00:00","twitter_card":"summary_large_image","twitter_misc":{"Tiempo de lectura":"1 minuto"},"schema":{"@context":"https:\/\/schema.org","@graph":[{"@type":"WebPage","@id":"https:\/\/medicina.udd.cl\/osi-a\/informacion-para-ninos-ninas-y-adolescentes\/","url":"https:\/\/medicina.udd.cl\/osi-a\/informacion-para-ninos-ninas-y-adolescentes\/","name":"Informaci\u00f3n\u00a0para ni\u00f1os, ni\u00f1as y adolescentes\u00a0 - Programa para reducir la ansiedad infantil en Chile","isPartOf":{"@id":"https:\/\/medicina.udd.cl\/osi-a\/#website"},"datePublished":"2026-01-27T20:59:34+00:00","dateModified":"2026-02-18T12:43:51+00:00","breadcrumb":{"@id":"https:\/\/medicina.udd.cl\/osi-a\/informacion-para-ninos-ninas-y-adolescentes\/#breadcrumb"},"inLanguage":"es","potentialAction":[{"@type":"ReadAction","target":["https:\/\/medicina.udd.cl\/osi-a\/informacion-para-ninos-ninas-y-adolescentes\/"]}]},{"@type":"BreadcrumbList","@id":"https:\/\/medicina.udd.cl\/osi-a\/informacion-para-ninos-ninas-y-adolescentes\/#breadcrumb","itemListElement":[{"@type":"ListItem","position":1,"name":"Portada","item":"https:\/\/medicina.udd.cl\/osi-a\/"},{"@type":"ListItem","position":2,"name":"Informaci\u00f3n\u00a0para ni\u00f1os, ni\u00f1as y adolescentes\u00a0"}]},{"@type":"WebSite","@id":"https:\/\/medicina.udd.cl\/osi-a\/#website","url":"https:\/\/medicina.udd.cl\/osi-a\/","name":"Programa para reducir la ansiedad infantil en Chile","description":"","inLanguage":"es"}]}},"_links":{"self":[{"href":"https:\/\/medicina.udd.cl\/osi-a\/wp-json\/wp\/v2\/pages\/14","targetHints":{"allow":["GET"]}}],"collection":[{"href":"https:\/\/medicina.udd.cl\/osi-a\/wp-json\/wp\/v2\/pages"}],"about":[{"href":"https:\/\/medicina.udd.cl\/osi-a\/wp-json\/wp\/v2\/types\/page"}],"author":[{"embeddable":true,"href":"https:\/\/medicina.udd.cl\/osi-a\/wp-json\/wp\/v2\/users\/9192254"}],"replies":[{"embeddable":true,"href":"https:\/\/medicina.udd.cl\/osi-a\/wp-json\/wp\/v2\/comments?post=14"}],"version-history":[{"count":2,"href":"https:\/\/medicina.udd.cl\/osi-a\/wp-json\/wp\/v2\/pages\/14\/revisions"}],"predecessor-version":[{"id":88,"href":"https:\/\/medicina.udd.cl\/osi-a\/wp-json\/wp\/v2\/pages\/14\/revisions\/88"}],"wp:attachment":[{"href":"https:\/\/medicina.udd.cl\/osi-a\/wp-json\/wp\/v2\/media?parent=14"}],"curies":[{"name":"wp","href":"https:\/\/api.w.org\/{rel}","templated":true}]}}