{"id":16,"date":"2026-01-27T22:00:33","date_gmt":"2026-01-27T21:00:33","guid":{"rendered":"https:\/\/medicina.udd.cl\/osi-a\/?page_id=16"},"modified":"2026-02-18T13:24:50","modified_gmt":"2026-02-18T12:24:50","slug":"panel-asesor-osi-a-chile","status":"publish","type":"page","link":"https:\/\/medicina.udd.cl\/osi-a\/panel-asesor-osi-a-chile\/","title":{"rendered":"Panel Asesor OSI-A Chile\u00a0"},"content":{"rendered":"\n<p><strong>\u00bfQu\u00e9 es un Panel Asesor?<\/strong>&nbsp;<\/p>\n\n\n\n<p>Es un grupo de personas que aporta su experiencia para&nbsp;<strong>mejorar y adaptar el programa<\/strong>, asegurando que sea pertinente, accesible y respetuoso.&nbsp;<\/p>\n\n\n\n<p><strong>\u00bfPor qu\u00e9 es importante?<\/strong>&nbsp;<\/p>\n\n\n\n<ul class=\"wp-block-list\">\n<li>Refleja las necesidades reales de la comunidad\u00a0<\/li>\n\n\n\n<li>Incorpora miradas diversas\u00a0<\/li>\n\n\n\n<li>Ayuda a validar materiales y herramientas\u00a0<\/li>\n\n\n\n<li>Fortalece la identidad y el orgullo neurodivergente\u00a0<\/li>\n<\/ul>\n\n\n\n<p><strong>\u00bfEn qu\u00e9 consiste la participaci\u00f3n?<\/strong>&nbsp;<\/p>\n\n\n\n<ul class=\"wp-block-list\">\n<li>Entrevistas, grupos de discusi\u00f3n o revisi\u00f3n de materiales\u00a0<\/li>\n\n\n\n<li>4 a 6 sesiones (virtuales o presenciales)\u00a0<\/li>\n\n\n\n<li>Sesiones de m\u00e1ximo 2 horas\u00a0<\/li>\n<\/ul>\n\n\n\n<p>La participaci\u00f3n es voluntaria y confidencial.&nbsp;<\/p>\n","protected":false},"excerpt":{"rendered":"<p>\u00bfQu\u00e9 es un Panel Asesor?&nbsp; Es un grupo de personas que aporta su experiencia para&nbsp;mejorar y adaptar el programa, asegurando que sea pertinente, accesible y respetuoso.&nbsp; \u00bfPor qu\u00e9 es importante?&nbsp; \u00bfEn qu\u00e9 consiste la participaci\u00f3n?&nbsp; La participaci\u00f3n es voluntaria y confidencial.&nbsp;<\/p>\n","protected":false},"author":9192254,"featured_media":0,"parent":0,"menu_order":0,"comment_status":"closed","ping_status":"closed","template":"","meta":{"footnotes":""},"class_list":["post-16","page","type-page","status-publish","hentry"],"yoast_head":"<!-- This site is optimized with the Yoast SEO plugin v26.9 - https:\/\/yoast.com\/product\/yoast-seo-wordpress\/ -->\n<title>Panel Asesor OSI-A Chile\u00a0 - Programa para reducir la ansiedad infantil en Chile<\/title>\n<meta name=\"robots\" content=\"index, follow, max-snippet:-1, max-image-preview:large, max-video-preview:-1\" \/>\n<link rel=\"canonical\" href=\"https:\/\/medicina.udd.cl\/osi-a\/panel-asesor-osi-a-chile\/\" \/>\n<meta property=\"og:locale\" content=\"es_ES\" \/>\n<meta property=\"og:type\" content=\"article\" \/>\n<meta property=\"og:title\" content=\"Panel Asesor OSI-A Chile\u00a0 - Programa para reducir la ansiedad infantil en Chile\" \/>\n<meta property=\"og:description\" content=\"\u00bfQu\u00e9 es un Panel Asesor?&nbsp; Es un grupo de personas que aporta su experiencia para&nbsp;mejorar y adaptar el programa, asegurando que sea pertinente, accesible y respetuoso.&nbsp; \u00bfPor qu\u00e9 es importante?&nbsp; \u00bfEn qu\u00e9 consiste la participaci\u00f3n?&nbsp; La participaci\u00f3n es voluntaria y confidencial.&nbsp;\" \/>\n<meta property=\"og:url\" content=\"https:\/\/medicina.udd.cl\/osi-a\/panel-asesor-osi-a-chile\/\" \/>\n<meta property=\"og:site_name\" content=\"Programa para reducir la ansiedad infantil en Chile\" \/>\n<meta property=\"article:modified_time\" content=\"2026-02-18T12:24:50+00:00\" \/>\n<meta name=\"twitter:card\" content=\"summary_large_image\" \/>\n<meta name=\"twitter:label1\" content=\"Tiempo de lectura\" \/>\n\t<meta name=\"twitter:data1\" content=\"1 minuto\" \/>\n<script type=\"application\/ld+json\" class=\"yoast-schema-graph\">{\"@context\":\"https:\/\/schema.org\",\"@graph\":[{\"@type\":\"WebPage\",\"@id\":\"https:\/\/medicina.udd.cl\/osi-a\/panel-asesor-osi-a-chile\/\",\"url\":\"https:\/\/medicina.udd.cl\/osi-a\/panel-asesor-osi-a-chile\/\",\"name\":\"Panel Asesor OSI-A Chile\u00a0 - Programa para reducir la ansiedad infantil en Chile\",\"isPartOf\":{\"@id\":\"https:\/\/medicina.udd.cl\/osi-a\/#website\"},\"datePublished\":\"2026-01-27T21:00:33+00:00\",\"dateModified\":\"2026-02-18T12:24:50+00:00\",\"breadcrumb\":{\"@id\":\"https:\/\/medicina.udd.cl\/osi-a\/panel-asesor-osi-a-chile\/#breadcrumb\"},\"inLanguage\":\"es\",\"potentialAction\":[{\"@type\":\"ReadAction\",\"target\":[\"https:\/\/medicina.udd.cl\/osi-a\/panel-asesor-osi-a-chile\/\"]}]},{\"@type\":\"BreadcrumbList\",\"@id\":\"https:\/\/medicina.udd.cl\/osi-a\/panel-asesor-osi-a-chile\/#breadcrumb\",\"itemListElement\":[{\"@type\":\"ListItem\",\"position\":1,\"name\":\"Portada\",\"item\":\"https:\/\/medicina.udd.cl\/osi-a\/\"},{\"@type\":\"ListItem\",\"position\":2,\"name\":\"Panel Asesor OSI-A Chile\u00a0\"}]},{\"@type\":\"WebSite\",\"@id\":\"https:\/\/medicina.udd.cl\/osi-a\/#website\",\"url\":\"https:\/\/medicina.udd.cl\/osi-a\/\",\"name\":\"Programa para reducir la ansiedad infantil en Chile\",\"description\":\"\",\"inLanguage\":\"es\"}]}<\/script>\n<!-- \/ Yoast SEO plugin. -->","yoast_head_json":{"title":"Panel Asesor OSI-A Chile\u00a0 - Programa para reducir la ansiedad infantil en Chile","robots":{"index":"index","follow":"follow","max-snippet":"max-snippet:-1","max-image-preview":"max-image-preview:large","max-video-preview":"max-video-preview:-1"},"canonical":"https:\/\/medicina.udd.cl\/osi-a\/panel-asesor-osi-a-chile\/","og_locale":"es_ES","og_type":"article","og_title":"Panel Asesor OSI-A Chile\u00a0 - Programa para reducir la ansiedad infantil en Chile","og_description":"\u00bfQu\u00e9 es un Panel Asesor?&nbsp; Es un grupo de personas que aporta su experiencia para&nbsp;mejorar y adaptar el programa, asegurando que sea pertinente, accesible y respetuoso.&nbsp; \u00bfPor qu\u00e9 es importante?&nbsp; \u00bfEn qu\u00e9 consiste la participaci\u00f3n?&nbsp; La participaci\u00f3n es voluntaria y confidencial.&nbsp;","og_url":"https:\/\/medicina.udd.cl\/osi-a\/panel-asesor-osi-a-chile\/","og_site_name":"Programa para reducir la ansiedad infantil en Chile","article_modified_time":"2026-02-18T12:24:50+00:00","twitter_card":"summary_large_image","twitter_misc":{"Tiempo de lectura":"1 minuto"},"schema":{"@context":"https:\/\/schema.org","@graph":[{"@type":"WebPage","@id":"https:\/\/medicina.udd.cl\/osi-a\/panel-asesor-osi-a-chile\/","url":"https:\/\/medicina.udd.cl\/osi-a\/panel-asesor-osi-a-chile\/","name":"Panel Asesor OSI-A Chile\u00a0 - Programa para reducir la ansiedad infantil en Chile","isPartOf":{"@id":"https:\/\/medicina.udd.cl\/osi-a\/#website"},"datePublished":"2026-01-27T21:00:33+00:00","dateModified":"2026-02-18T12:24:50+00:00","breadcrumb":{"@id":"https:\/\/medicina.udd.cl\/osi-a\/panel-asesor-osi-a-chile\/#breadcrumb"},"inLanguage":"es","potentialAction":[{"@type":"ReadAction","target":["https:\/\/medicina.udd.cl\/osi-a\/panel-asesor-osi-a-chile\/"]}]},{"@type":"BreadcrumbList","@id":"https:\/\/medicina.udd.cl\/osi-a\/panel-asesor-osi-a-chile\/#breadcrumb","itemListElement":[{"@type":"ListItem","position":1,"name":"Portada","item":"https:\/\/medicina.udd.cl\/osi-a\/"},{"@type":"ListItem","position":2,"name":"Panel Asesor OSI-A Chile\u00a0"}]},{"@type":"WebSite","@id":"https:\/\/medicina.udd.cl\/osi-a\/#website","url":"https:\/\/medicina.udd.cl\/osi-a\/","name":"Programa para reducir la ansiedad infantil en Chile","description":"","inLanguage":"es"}]}},"_links":{"self":[{"href":"https:\/\/medicina.udd.cl\/osi-a\/wp-json\/wp\/v2\/pages\/16","targetHints":{"allow":["GET"]}}],"collection":[{"href":"https:\/\/medicina.udd.cl\/osi-a\/wp-json\/wp\/v2\/pages"}],"about":[{"href":"https:\/\/medicina.udd.cl\/osi-a\/wp-json\/wp\/v2\/types\/page"}],"author":[{"embeddable":true,"href":"https:\/\/medicina.udd.cl\/osi-a\/wp-json\/wp\/v2\/users\/9192254"}],"replies":[{"embeddable":true,"href":"https:\/\/medicina.udd.cl\/osi-a\/wp-json\/wp\/v2\/comments?post=16"}],"version-history":[{"count":1,"href":"https:\/\/medicina.udd.cl\/osi-a\/wp-json\/wp\/v2\/pages\/16\/revisions"}],"predecessor-version":[{"id":17,"href":"https:\/\/medicina.udd.cl\/osi-a\/wp-json\/wp\/v2\/pages\/16\/revisions\/17"}],"wp:attachment":[{"href":"https:\/\/medicina.udd.cl\/osi-a\/wp-json\/wp\/v2\/media?parent=16"}],"curies":[{"name":"wp","href":"https:\/\/api.w.org\/{rel}","templated":true}]}}