{"id":34,"date":"2026-01-27T22:17:33","date_gmt":"2026-01-27T21:17:33","guid":{"rendered":"https:\/\/medicina.udd.cl\/osi-a\/?page_id=34"},"modified":"2026-02-18T13:13:09","modified_gmt":"2026-02-18T12:13:09","slug":"estrategias-en-chile","status":"publish","type":"page","link":"https:\/\/medicina.udd.cl\/osi-a\/estrategias-en-chile\/","title":{"rendered":"Estrategias en Chile\u00a0"},"content":{"rendered":"\n<figure class=\"wp-block-table\"><table class=\"has-fixed-layout\"><tbody><tr><td>Ley TEA 21.545 \u2013 Trastorno del&nbsp;Espectro autista\u202f\u202f&nbsp;<\/td><\/tr><tr><td><a href=\"https:\/\/www.ayudamineduc.cl\/ficha\/ley-tea-21545-trastorno-del-espectro-autista\">https:\/\/www.ayudamineduc.cl\/ficha\/ley-tea-21545-trastorno-del-espectro-autista<\/a><\/td><\/tr><\/tbody><\/table><\/figure>\n\n\n\n<figure class=\"wp-block-table\"><table class=\"has-fixed-layout\"><tbody><tr><td>Orientaciones T\u00e9cnicas atenci\u00f3n integral de personas con diagn\u00f3stico de trastorno del espectro autista, a lo largo del curso de vida -Divisi\u00f3n de Prevenci\u00f3n y Control de Enfermedades (DIPRECE) MINSAL&nbsp;<\/td><\/tr><tr><td><a href=\"https:\/\/diprece.minsal.cl\/orientaciones-tecnicas-atencion-integral-de-personas-con-diagnostico-de-trastorno-del-especto-autista-a-lo-largo-del-curso-de-vida\">https:\/\/diprece.minsal.cl\/orientaciones-tecnicas-atencion-integral-de-personas-con-diagnostico-de-trastorno-del-especto-autista-a-lo-largo-del-curso-de-vida<\/a><\/td><\/tr><\/tbody><\/table><\/figure>\n\n\n\n<figure class=\"wp-block-table\"><table class=\"has-fixed-layout\"><tbody><tr><td>Informaci\u00f3n para la comunidad \u2013&nbsp;Divisi\u00f3n de Prevenci\u00f3n y Control de Enfermedades (DIPRECE)&nbsp;MINSAL&nbsp;<\/td><\/tr><tr><td><a href=\"https:\/\/diprece.minsal.cl\/informacion-para-la-comunidad-autismo\">https:\/\/diprece.minsal.cl\/informacion-para-la-comunidad-autismo<\/a><\/td><\/tr><\/tbody><\/table><\/figure>\n\n\n\n<ol start=\"3\" class=\"wp-block-list\">\n<li><\/li>\n<\/ol>\n\n\n\n<p><\/p>\n","protected":false},"excerpt":{"rendered":"<p>Ley TEA 21.545 \u2013 Trastorno del&nbsp;Espectro autista\u202f\u202f&nbsp; https:\/\/www.ayudamineduc.cl\/ficha\/ley-tea-21545-trastorno-del-espectro-autista Orientaciones T\u00e9cnicas atenci\u00f3n integral de personas con diagn\u00f3stico de trastorno del espectro autista, a lo largo del curso de vida -Divisi\u00f3n de Prevenci\u00f3n y Control de Enfermedades (DIPRECE) MINSAL&nbsp; https:\/\/diprece.minsal.cl\/orientaciones-tecnicas-atencion-integral-de-personas-con-diagnostico-de-trastorno-del-especto-autista-a-lo-largo-del-curso-de-vida Informaci\u00f3n para la comunidad \u2013&nbsp;Divisi\u00f3n de Prevenci\u00f3n y Control de Enfermedades (DIPRECE)&nbsp;MINSAL&nbsp; https:\/\/diprece.minsal.cl\/informacion-para-la-comunidad-autismo<\/p>\n","protected":false},"author":9192254,"featured_media":0,"parent":0,"menu_order":0,"comment_status":"closed","ping_status":"closed","template":"","meta":{"footnotes":""},"class_list":["post-34","page","type-page","status-publish","hentry"],"yoast_head":"<!-- This site is optimized with the Yoast SEO plugin v26.9 - https:\/\/yoast.com\/product\/yoast-seo-wordpress\/ -->\n<title>Estrategias en Chile\u00a0 - Programa para reducir la ansiedad infantil en Chile<\/title>\n<meta name=\"robots\" content=\"index, follow, max-snippet:-1, max-image-preview:large, max-video-preview:-1\" \/>\n<link rel=\"canonical\" href=\"https:\/\/medicina.udd.cl\/osi-a\/estrategias-en-chile\/\" \/>\n<meta property=\"og:locale\" content=\"es_ES\" \/>\n<meta property=\"og:type\" content=\"article\" \/>\n<meta property=\"og:title\" content=\"Estrategias en Chile\u00a0 - Programa para reducir la ansiedad infantil en Chile\" \/>\n<meta property=\"og:description\" content=\"Ley TEA 21.545 \u2013 Trastorno del&nbsp;Espectro autista\u202f\u202f&nbsp; https:\/\/www.ayudamineduc.cl\/ficha\/ley-tea-21545-trastorno-del-espectro-autista Orientaciones T\u00e9cnicas atenci\u00f3n integral de personas con diagn\u00f3stico de trastorno del espectro autista, a lo largo del curso de vida -Divisi\u00f3n de Prevenci\u00f3n y Control de Enfermedades (DIPRECE) MINSAL&nbsp; https:\/\/diprece.minsal.cl\/orientaciones-tecnicas-atencion-integral-de-personas-con-diagnostico-de-trastorno-del-especto-autista-a-lo-largo-del-curso-de-vida Informaci\u00f3n para la comunidad \u2013&nbsp;Divisi\u00f3n de Prevenci\u00f3n y Control de Enfermedades (DIPRECE)&nbsp;MINSAL&nbsp; https:\/\/diprece.minsal.cl\/informacion-para-la-comunidad-autismo\" \/>\n<meta property=\"og:url\" content=\"https:\/\/medicina.udd.cl\/osi-a\/estrategias-en-chile\/\" \/>\n<meta property=\"og:site_name\" content=\"Programa para reducir la ansiedad infantil en Chile\" \/>\n<meta property=\"article:modified_time\" content=\"2026-02-18T12:13:09+00:00\" \/>\n<meta name=\"twitter:card\" content=\"summary_large_image\" \/>\n<meta name=\"twitter:label1\" content=\"Tiempo de lectura\" \/>\n\t<meta name=\"twitter:data1\" content=\"1 minuto\" \/>\n<script type=\"application\/ld+json\" class=\"yoast-schema-graph\">{\"@context\":\"https:\/\/schema.org\",\"@graph\":[{\"@type\":\"WebPage\",\"@id\":\"https:\/\/medicina.udd.cl\/osi-a\/estrategias-en-chile\/\",\"url\":\"https:\/\/medicina.udd.cl\/osi-a\/estrategias-en-chile\/\",\"name\":\"Estrategias en Chile\u00a0 - Programa para reducir la ansiedad infantil en Chile\",\"isPartOf\":{\"@id\":\"https:\/\/medicina.udd.cl\/osi-a\/#website\"},\"datePublished\":\"2026-01-27T21:17:33+00:00\",\"dateModified\":\"2026-02-18T12:13:09+00:00\",\"breadcrumb\":{\"@id\":\"https:\/\/medicina.udd.cl\/osi-a\/estrategias-en-chile\/#breadcrumb\"},\"inLanguage\":\"es\",\"potentialAction\":[{\"@type\":\"ReadAction\",\"target\":[\"https:\/\/medicina.udd.cl\/osi-a\/estrategias-en-chile\/\"]}]},{\"@type\":\"BreadcrumbList\",\"@id\":\"https:\/\/medicina.udd.cl\/osi-a\/estrategias-en-chile\/#breadcrumb\",\"itemListElement\":[{\"@type\":\"ListItem\",\"position\":1,\"name\":\"Portada\",\"item\":\"https:\/\/medicina.udd.cl\/osi-a\/\"},{\"@type\":\"ListItem\",\"position\":2,\"name\":\"Estrategias en Chile\u00a0\"}]},{\"@type\":\"WebSite\",\"@id\":\"https:\/\/medicina.udd.cl\/osi-a\/#website\",\"url\":\"https:\/\/medicina.udd.cl\/osi-a\/\",\"name\":\"Programa para reducir la ansiedad infantil en Chile\",\"description\":\"\",\"inLanguage\":\"es\"}]}<\/script>\n<!-- \/ Yoast SEO plugin. -->","yoast_head_json":{"title":"Estrategias en Chile\u00a0 - Programa para reducir la ansiedad infantil en Chile","robots":{"index":"index","follow":"follow","max-snippet":"max-snippet:-1","max-image-preview":"max-image-preview:large","max-video-preview":"max-video-preview:-1"},"canonical":"https:\/\/medicina.udd.cl\/osi-a\/estrategias-en-chile\/","og_locale":"es_ES","og_type":"article","og_title":"Estrategias en Chile\u00a0 - Programa para reducir la ansiedad infantil en Chile","og_description":"Ley TEA 21.545 \u2013 Trastorno del&nbsp;Espectro autista\u202f\u202f&nbsp; https:\/\/www.ayudamineduc.cl\/ficha\/ley-tea-21545-trastorno-del-espectro-autista Orientaciones T\u00e9cnicas atenci\u00f3n integral de personas con diagn\u00f3stico de trastorno del espectro autista, a lo largo del curso de vida -Divisi\u00f3n de Prevenci\u00f3n y Control de Enfermedades (DIPRECE) MINSAL&nbsp; https:\/\/diprece.minsal.cl\/orientaciones-tecnicas-atencion-integral-de-personas-con-diagnostico-de-trastorno-del-especto-autista-a-lo-largo-del-curso-de-vida Informaci\u00f3n para la comunidad \u2013&nbsp;Divisi\u00f3n de Prevenci\u00f3n y Control de Enfermedades (DIPRECE)&nbsp;MINSAL&nbsp; https:\/\/diprece.minsal.cl\/informacion-para-la-comunidad-autismo","og_url":"https:\/\/medicina.udd.cl\/osi-a\/estrategias-en-chile\/","og_site_name":"Programa para reducir la ansiedad infantil en Chile","article_modified_time":"2026-02-18T12:13:09+00:00","twitter_card":"summary_large_image","twitter_misc":{"Tiempo de lectura":"1 minuto"},"schema":{"@context":"https:\/\/schema.org","@graph":[{"@type":"WebPage","@id":"https:\/\/medicina.udd.cl\/osi-a\/estrategias-en-chile\/","url":"https:\/\/medicina.udd.cl\/osi-a\/estrategias-en-chile\/","name":"Estrategias en Chile\u00a0 - Programa para reducir la ansiedad infantil en Chile","isPartOf":{"@id":"https:\/\/medicina.udd.cl\/osi-a\/#website"},"datePublished":"2026-01-27T21:17:33+00:00","dateModified":"2026-02-18T12:13:09+00:00","breadcrumb":{"@id":"https:\/\/medicina.udd.cl\/osi-a\/estrategias-en-chile\/#breadcrumb"},"inLanguage":"es","potentialAction":[{"@type":"ReadAction","target":["https:\/\/medicina.udd.cl\/osi-a\/estrategias-en-chile\/"]}]},{"@type":"BreadcrumbList","@id":"https:\/\/medicina.udd.cl\/osi-a\/estrategias-en-chile\/#breadcrumb","itemListElement":[{"@type":"ListItem","position":1,"name":"Portada","item":"https:\/\/medicina.udd.cl\/osi-a\/"},{"@type":"ListItem","position":2,"name":"Estrategias en Chile\u00a0"}]},{"@type":"WebSite","@id":"https:\/\/medicina.udd.cl\/osi-a\/#website","url":"https:\/\/medicina.udd.cl\/osi-a\/","name":"Programa para reducir la ansiedad infantil en Chile","description":"","inLanguage":"es"}]}},"_links":{"self":[{"href":"https:\/\/medicina.udd.cl\/osi-a\/wp-json\/wp\/v2\/pages\/34","targetHints":{"allow":["GET"]}}],"collection":[{"href":"https:\/\/medicina.udd.cl\/osi-a\/wp-json\/wp\/v2\/pages"}],"about":[{"href":"https:\/\/medicina.udd.cl\/osi-a\/wp-json\/wp\/v2\/types\/page"}],"author":[{"embeddable":true,"href":"https:\/\/medicina.udd.cl\/osi-a\/wp-json\/wp\/v2\/users\/9192254"}],"replies":[{"embeddable":true,"href":"https:\/\/medicina.udd.cl\/osi-a\/wp-json\/wp\/v2\/comments?post=34"}],"version-history":[{"count":3,"href":"https:\/\/medicina.udd.cl\/osi-a\/wp-json\/wp\/v2\/pages\/34\/revisions"}],"predecessor-version":[{"id":77,"href":"https:\/\/medicina.udd.cl\/osi-a\/wp-json\/wp\/v2\/pages\/34\/revisions\/77"}],"wp:attachment":[{"href":"https:\/\/medicina.udd.cl\/osi-a\/wp-json\/wp\/v2\/media?parent=34"}],"curies":[{"name":"wp","href":"https:\/\/api.w.org\/{rel}","templated":true}]}}