{"id":391,"date":"2024-07-31T10:03:53","date_gmt":"2024-07-31T14:03:53","guid":{"rendered":"https:\/\/medicina.udd.cl\/programa-epidermolisis-bullosa\/?page_id=391"},"modified":"2024-07-31T10:05:27","modified_gmt":"2024-07-31T14:05:27","slug":"contacto","status":"publish","type":"page","link":"https:\/\/medicina.udd.cl\/programa-epidermolisis-bullosa\/contacto\/","title":{"rendered":"Contacto"},"content":{"rendered":"\n<p>Nuestro laboratorio de investigaci\u00f3n en epidermolisis bullosa cuenta con equipamiento de \u00faltima generaci\u00f3n y est\u00e1 abierto a colaboraciones y programas de intercambio. Si deseas participar o colaborar con nosotros, no dudes en contactarnos.<\/p>\n\n\n\n<p>Ignacia Fuentes<br>Directora de Investigaci\u00f3n<br><a href=\"mailto:mifuentes@udd.cl\">mifuentes@udd.cl<\/a><\/p>\n","protected":false},"excerpt":{"rendered":"<p>Nuestro laboratorio de investigaci\u00f3n en epidermolisis bullosa cuenta con equipamiento de \u00faltima generaci\u00f3n y est\u00e1 abierto a colaboraciones y programas de intercambio. Si deseas participar o colaborar con nosotros, no dudes en contactarnos. Ignacia FuentesDirectora de Investigaci\u00f3nmifuentes@udd.cl<\/p>\n","protected":false},"author":9192254,"featured_media":0,"parent":0,"menu_order":0,"comment_status":"closed","ping_status":"closed","template":"","meta":{"footnotes":""},"class_list":["post-391","page","type-page","status-publish","hentry"],"yoast_head":"<!-- This site is optimized with the Yoast SEO plugin v26.9 - https:\/\/yoast.com\/product\/yoast-seo-wordpress\/ -->\n<title>Contacto - Programa de Epiderm\u00f3lisis Bullosa<\/title>\n<meta name=\"robots\" content=\"index, follow, max-snippet:-1, max-image-preview:large, max-video-preview:-1\" \/>\n<link rel=\"canonical\" href=\"https:\/\/medicina.udd.cl\/programa-epidermolisis-bullosa\/contacto\/\" \/>\n<meta property=\"og:locale\" content=\"es_ES\" \/>\n<meta property=\"og:type\" content=\"article\" \/>\n<meta property=\"og:title\" content=\"Contacto - Programa de Epiderm\u00f3lisis Bullosa\" \/>\n<meta property=\"og:description\" content=\"Nuestro laboratorio de investigaci\u00f3n en epidermolisis bullosa cuenta con equipamiento de \u00faltima generaci\u00f3n y est\u00e1 abierto a colaboraciones y programas de intercambio. Si deseas participar o colaborar con nosotros, no dudes en contactarnos. Ignacia FuentesDirectora de Investigaci\u00f3nmifuentes@udd.cl\" \/>\n<meta property=\"og:url\" content=\"https:\/\/medicina.udd.cl\/programa-epidermolisis-bullosa\/contacto\/\" \/>\n<meta property=\"og:site_name\" content=\"Programa de Epiderm\u00f3lisis Bullosa\" \/>\n<meta property=\"article:modified_time\" content=\"2024-07-31T14:05:27+00:00\" \/>\n<meta name=\"twitter:card\" content=\"summary_large_image\" \/>\n<meta name=\"twitter:label1\" content=\"Tiempo de lectura\" \/>\n\t<meta name=\"twitter:data1\" content=\"1 minuto\" \/>\n<script type=\"application\/ld+json\" class=\"yoast-schema-graph\">{\"@context\":\"https:\/\/schema.org\",\"@graph\":[{\"@type\":\"WebPage\",\"@id\":\"https:\/\/medicina.udd.cl\/programa-epidermolisis-bullosa\/contacto\/\",\"url\":\"https:\/\/medicina.udd.cl\/programa-epidermolisis-bullosa\/contacto\/\",\"name\":\"Contacto - Programa de Epiderm\u00f3lisis Bullosa\",\"isPartOf\":{\"@id\":\"https:\/\/medicina.udd.cl\/programa-epidermolisis-bullosa\/#website\"},\"datePublished\":\"2024-07-31T14:03:53+00:00\",\"dateModified\":\"2024-07-31T14:05:27+00:00\",\"breadcrumb\":{\"@id\":\"https:\/\/medicina.udd.cl\/programa-epidermolisis-bullosa\/contacto\/#breadcrumb\"},\"inLanguage\":\"es\",\"potentialAction\":[{\"@type\":\"ReadAction\",\"target\":[\"https:\/\/medicina.udd.cl\/programa-epidermolisis-bullosa\/contacto\/\"]}]},{\"@type\":\"BreadcrumbList\",\"@id\":\"https:\/\/medicina.udd.cl\/programa-epidermolisis-bullosa\/contacto\/#breadcrumb\",\"itemListElement\":[{\"@type\":\"ListItem\",\"position\":1,\"name\":\"Portada\",\"item\":\"https:\/\/medicina.udd.cl\/programa-epidermolisis-bullosa\/\"},{\"@type\":\"ListItem\",\"position\":2,\"name\":\"Contacto\"}]},{\"@type\":\"WebSite\",\"@id\":\"https:\/\/medicina.udd.cl\/programa-epidermolisis-bullosa\/#website\",\"url\":\"https:\/\/medicina.udd.cl\/programa-epidermolisis-bullosa\/\",\"name\":\"Programa de Epiderm\u00f3lisis Bullosa\",\"description\":\"\",\"inLanguage\":\"es\"}]}<\/script>\n<!-- \/ Yoast SEO plugin. -->","yoast_head_json":{"title":"Contacto - Programa de Epiderm\u00f3lisis Bullosa","robots":{"index":"index","follow":"follow","max-snippet":"max-snippet:-1","max-image-preview":"max-image-preview:large","max-video-preview":"max-video-preview:-1"},"canonical":"https:\/\/medicina.udd.cl\/programa-epidermolisis-bullosa\/contacto\/","og_locale":"es_ES","og_type":"article","og_title":"Contacto - Programa de Epiderm\u00f3lisis Bullosa","og_description":"Nuestro laboratorio de investigaci\u00f3n en epidermolisis bullosa cuenta con equipamiento de \u00faltima generaci\u00f3n y est\u00e1 abierto a colaboraciones y programas de intercambio. Si deseas participar o colaborar con nosotros, no dudes en contactarnos. Ignacia FuentesDirectora de Investigaci\u00f3nmifuentes@udd.cl","og_url":"https:\/\/medicina.udd.cl\/programa-epidermolisis-bullosa\/contacto\/","og_site_name":"Programa de Epiderm\u00f3lisis Bullosa","article_modified_time":"2024-07-31T14:05:27+00:00","twitter_card":"summary_large_image","twitter_misc":{"Tiempo de lectura":"1 minuto"},"schema":{"@context":"https:\/\/schema.org","@graph":[{"@type":"WebPage","@id":"https:\/\/medicina.udd.cl\/programa-epidermolisis-bullosa\/contacto\/","url":"https:\/\/medicina.udd.cl\/programa-epidermolisis-bullosa\/contacto\/","name":"Contacto - Programa de Epiderm\u00f3lisis Bullosa","isPartOf":{"@id":"https:\/\/medicina.udd.cl\/programa-epidermolisis-bullosa\/#website"},"datePublished":"2024-07-31T14:03:53+00:00","dateModified":"2024-07-31T14:05:27+00:00","breadcrumb":{"@id":"https:\/\/medicina.udd.cl\/programa-epidermolisis-bullosa\/contacto\/#breadcrumb"},"inLanguage":"es","potentialAction":[{"@type":"ReadAction","target":["https:\/\/medicina.udd.cl\/programa-epidermolisis-bullosa\/contacto\/"]}]},{"@type":"BreadcrumbList","@id":"https:\/\/medicina.udd.cl\/programa-epidermolisis-bullosa\/contacto\/#breadcrumb","itemListElement":[{"@type":"ListItem","position":1,"name":"Portada","item":"https:\/\/medicina.udd.cl\/programa-epidermolisis-bullosa\/"},{"@type":"ListItem","position":2,"name":"Contacto"}]},{"@type":"WebSite","@id":"https:\/\/medicina.udd.cl\/programa-epidermolisis-bullosa\/#website","url":"https:\/\/medicina.udd.cl\/programa-epidermolisis-bullosa\/","name":"Programa de Epiderm\u00f3lisis Bullosa","description":"","inLanguage":"es"}]}},"_links":{"self":[{"href":"https:\/\/medicina.udd.cl\/programa-epidermolisis-bullosa\/wp-json\/wp\/v2\/pages\/391","targetHints":{"allow":["GET"]}}],"collection":[{"href":"https:\/\/medicina.udd.cl\/programa-epidermolisis-bullosa\/wp-json\/wp\/v2\/pages"}],"about":[{"href":"https:\/\/medicina.udd.cl\/programa-epidermolisis-bullosa\/wp-json\/wp\/v2\/types\/page"}],"author":[{"embeddable":true,"href":"https:\/\/medicina.udd.cl\/programa-epidermolisis-bullosa\/wp-json\/wp\/v2\/users\/9192254"}],"replies":[{"embeddable":true,"href":"https:\/\/medicina.udd.cl\/programa-epidermolisis-bullosa\/wp-json\/wp\/v2\/comments?post=391"}],"version-history":[{"count":2,"href":"https:\/\/medicina.udd.cl\/programa-epidermolisis-bullosa\/wp-json\/wp\/v2\/pages\/391\/revisions"}],"predecessor-version":[{"id":400,"href":"https:\/\/medicina.udd.cl\/programa-epidermolisis-bullosa\/wp-json\/wp\/v2\/pages\/391\/revisions\/400"}],"wp:attachment":[{"href":"https:\/\/medicina.udd.cl\/programa-epidermolisis-bullosa\/wp-json\/wp\/v2\/media?parent=391"}],"curies":[{"name":"wp","href":"https:\/\/api.w.org\/{rel}","templated":true}]}}