{"id":101,"date":"2024-08-27T11:52:09","date_gmt":"2024-08-27T15:52:09","guid":{"rendered":"https:\/\/medicina.udd.cl\/quimica-farmacia-santiago\/?page_id=101"},"modified":"2024-08-27T11:52:10","modified_gmt":"2024-08-27T15:52:10","slug":"vive-clinica-alemana","status":"publish","type":"page","link":"https:\/\/medicina.udd.cl\/quimica-farmacia-santiago\/vive-clinica-alemana\/","title":{"rendered":"Vive Cl\u00ednica Alemana Qu\u00edmica y Farmacia UDD"},"content":{"rendered":"<iframe src=\"https:\/\/crmadmision.udd.cl\/formulario_inscripcion\/index.php?cod_instancia=17839\" width=\"100%\" height=\"4800\" loading=\"lazy\" frameborder=\"0\" scrolling=\"no\"><\/iframe>\n","protected":false},"excerpt":{"rendered":"","protected":false},"author":9192217,"featured_media":0,"parent":0,"menu_order":0,"comment_status":"closed","ping_status":"closed","template":"","meta":{"footnotes":""},"class_list":["post-101","page","type-page","status-publish","hentry"],"yoast_head":"<!-- This site is optimized with the Yoast SEO plugin v26.9 - https:\/\/yoast.com\/product\/yoast-seo-wordpress\/ -->\n<title>Vive Cl\u00ednica Alemana Qu\u00edmica y Farmacia UDD - Qu\u00edmica y Farmacia<\/title>\n<meta name=\"robots\" content=\"index, follow, max-snippet:-1, max-image-preview:large, max-video-preview:-1\" \/>\n<link rel=\"canonical\" href=\"https:\/\/medicina.udd.cl\/quimica-farmacia-santiago\/vive-clinica-alemana\/\" \/>\n<meta property=\"og:locale\" content=\"es_ES\" \/>\n<meta property=\"og:type\" content=\"article\" \/>\n<meta property=\"og:title\" content=\"Vive Cl\u00ednica Alemana Qu\u00edmica y Farmacia UDD - Qu\u00edmica y Farmacia\" \/>\n<meta property=\"og:url\" content=\"https:\/\/medicina.udd.cl\/quimica-farmacia-santiago\/vive-clinica-alemana\/\" \/>\n<meta property=\"og:site_name\" content=\"Qu\u00edmica y Farmacia\" \/>\n<meta property=\"article:modified_time\" content=\"2024-08-27T15:52:10+00:00\" \/>\n<meta name=\"twitter:card\" content=\"summary_large_image\" \/>\n<meta name=\"twitter:label1\" content=\"Tiempo de lectura\" \/>\n\t<meta name=\"twitter:data1\" content=\"1 minuto\" \/>\n<script type=\"application\/ld+json\" class=\"yoast-schema-graph\">{\"@context\":\"https:\/\/schema.org\",\"@graph\":[{\"@type\":\"WebPage\",\"@id\":\"https:\/\/medicina.udd.cl\/quimica-farmacia-santiago\/vive-clinica-alemana\/\",\"url\":\"https:\/\/medicina.udd.cl\/quimica-farmacia-santiago\/vive-clinica-alemana\/\",\"name\":\"Vive Cl\u00ednica Alemana Qu\u00edmica y Farmacia UDD - Qu\u00edmica y Farmacia\",\"isPartOf\":{\"@id\":\"https:\/\/medicina.udd.cl\/quimica-farmacia-santiago\/#website\"},\"datePublished\":\"2024-08-27T15:52:09+00:00\",\"dateModified\":\"2024-08-27T15:52:10+00:00\",\"breadcrumb\":{\"@id\":\"https:\/\/medicina.udd.cl\/quimica-farmacia-santiago\/vive-clinica-alemana\/#breadcrumb\"},\"inLanguage\":\"es\",\"potentialAction\":[{\"@type\":\"ReadAction\",\"target\":[\"https:\/\/medicina.udd.cl\/quimica-farmacia-santiago\/vive-clinica-alemana\/\"]}]},{\"@type\":\"BreadcrumbList\",\"@id\":\"https:\/\/medicina.udd.cl\/quimica-farmacia-santiago\/vive-clinica-alemana\/#breadcrumb\",\"itemListElement\":[{\"@type\":\"ListItem\",\"position\":1,\"name\":\"Portada\",\"item\":\"https:\/\/medicina.udd.cl\/quimica-farmacia-santiago\/\"},{\"@type\":\"ListItem\",\"position\":2,\"name\":\"Vive Cl\u00ednica Alemana Qu\u00edmica y Farmacia UDD\"}]},{\"@type\":\"WebSite\",\"@id\":\"https:\/\/medicina.udd.cl\/quimica-farmacia-santiago\/#website\",\"url\":\"https:\/\/medicina.udd.cl\/quimica-farmacia-santiago\/\",\"name\":\"Qu\u00edmica y Farmacia\",\"description\":\"Facultad de Medicina Cl\u00ednica Alemana Universidad del Desarrollo\",\"inLanguage\":\"es\"}]}<\/script>\n<!-- \/ Yoast SEO plugin. -->","yoast_head_json":{"title":"Vive Cl\u00ednica Alemana Qu\u00edmica y Farmacia UDD - Qu\u00edmica y Farmacia","robots":{"index":"index","follow":"follow","max-snippet":"max-snippet:-1","max-image-preview":"max-image-preview:large","max-video-preview":"max-video-preview:-1"},"canonical":"https:\/\/medicina.udd.cl\/quimica-farmacia-santiago\/vive-clinica-alemana\/","og_locale":"es_ES","og_type":"article","og_title":"Vive Cl\u00ednica Alemana Qu\u00edmica y Farmacia UDD - Qu\u00edmica y Farmacia","og_url":"https:\/\/medicina.udd.cl\/quimica-farmacia-santiago\/vive-clinica-alemana\/","og_site_name":"Qu\u00edmica y Farmacia","article_modified_time":"2024-08-27T15:52:10+00:00","twitter_card":"summary_large_image","twitter_misc":{"Tiempo de lectura":"1 minuto"},"schema":{"@context":"https:\/\/schema.org","@graph":[{"@type":"WebPage","@id":"https:\/\/medicina.udd.cl\/quimica-farmacia-santiago\/vive-clinica-alemana\/","url":"https:\/\/medicina.udd.cl\/quimica-farmacia-santiago\/vive-clinica-alemana\/","name":"Vive Cl\u00ednica Alemana Qu\u00edmica y Farmacia UDD - Qu\u00edmica y Farmacia","isPartOf":{"@id":"https:\/\/medicina.udd.cl\/quimica-farmacia-santiago\/#website"},"datePublished":"2024-08-27T15:52:09+00:00","dateModified":"2024-08-27T15:52:10+00:00","breadcrumb":{"@id":"https:\/\/medicina.udd.cl\/quimica-farmacia-santiago\/vive-clinica-alemana\/#breadcrumb"},"inLanguage":"es","potentialAction":[{"@type":"ReadAction","target":["https:\/\/medicina.udd.cl\/quimica-farmacia-santiago\/vive-clinica-alemana\/"]}]},{"@type":"BreadcrumbList","@id":"https:\/\/medicina.udd.cl\/quimica-farmacia-santiago\/vive-clinica-alemana\/#breadcrumb","itemListElement":[{"@type":"ListItem","position":1,"name":"Portada","item":"https:\/\/medicina.udd.cl\/quimica-farmacia-santiago\/"},{"@type":"ListItem","position":2,"name":"Vive Cl\u00ednica Alemana Qu\u00edmica y Farmacia UDD"}]},{"@type":"WebSite","@id":"https:\/\/medicina.udd.cl\/quimica-farmacia-santiago\/#website","url":"https:\/\/medicina.udd.cl\/quimica-farmacia-santiago\/","name":"Qu\u00edmica y Farmacia","description":"Facultad de Medicina Cl\u00ednica Alemana Universidad del Desarrollo","inLanguage":"es"}]}},"_links":{"self":[{"href":"https:\/\/medicina.udd.cl\/quimica-farmacia-santiago\/wp-json\/wp\/v2\/pages\/101","targetHints":{"allow":["GET"]}}],"collection":[{"href":"https:\/\/medicina.udd.cl\/quimica-farmacia-santiago\/wp-json\/wp\/v2\/pages"}],"about":[{"href":"https:\/\/medicina.udd.cl\/quimica-farmacia-santiago\/wp-json\/wp\/v2\/types\/page"}],"author":[{"embeddable":true,"href":"https:\/\/medicina.udd.cl\/quimica-farmacia-santiago\/wp-json\/wp\/v2\/users\/9192217"}],"replies":[{"embeddable":true,"href":"https:\/\/medicina.udd.cl\/quimica-farmacia-santiago\/wp-json\/wp\/v2\/comments?post=101"}],"version-history":[{"count":1,"href":"https:\/\/medicina.udd.cl\/quimica-farmacia-santiago\/wp-json\/wp\/v2\/pages\/101\/revisions"}],"predecessor-version":[{"id":102,"href":"https:\/\/medicina.udd.cl\/quimica-farmacia-santiago\/wp-json\/wp\/v2\/pages\/101\/revisions\/102"}],"wp:attachment":[{"href":"https:\/\/medicina.udd.cl\/quimica-farmacia-santiago\/wp-json\/wp\/v2\/media?parent=101"}],"curies":[{"name":"wp","href":"https:\/\/api.w.org\/{rel}","templated":true}]}}