{"id":485,"date":"2025-06-18T10:22:00","date_gmt":"2025-06-18T14:22:00","guid":{"rendered":"https:\/\/medicina.udd.cl\/quimica-farmacia-santiago\/?page_id=485"},"modified":"2025-06-18T10:22:01","modified_gmt":"2025-06-18T14:22:01","slug":"noticias","status":"publish","type":"page","link":"https:\/\/medicina.udd.cl\/quimica-farmacia-santiago\/noticias\/","title":{"rendered":"Noticias"},"content":{"rendered":"<!-- WP Block: UDD - Fullwidth Cards -->\n<section class=\"wp-block-udd-fullwidth-cards is-style-default\">\n\t<div class=\"container\">\n\t\t<header class=\"block__header\">\n\t\t\t<h2 class=\"block__title\">Noticias<\/h2>\n\t\t\t\t\t\t<a href=\"https:\/\/medicina.udd.cl\/quimica-farmacia-santiago\/noticias\/\" class=\"block__view-more\">\n\t\t\t\tVer m\u00e1s noticias\t\t\t<\/a>\n\t\t\t\t\t<\/header>\n\t\t<div class=\"block__content\">\n\t\t\t<div class=\"fullwidth-cards fullwidth-cards--featured\">\n\t\t\t<div class=\"fullwidth-card-wrapper is-style-default\">\n\t<a href=\"https:\/\/medicina.udd.cl\/quimica-farmacia-santiago\/2026\/04\/14\/seminario-udd-y-alimsa-abordo-los-desafios-regulatorios-en-la-innovacion-de-suplementos-alimenticios\/\" class=\"fullwidth-card fullwidth-card--linkable\">\n\t\t\t\t<img loading=\"lazy\" decoding=\"async\" width=\"500\" height=\"500\" src=\"https:\/\/medicina.udd.cl\/quimica-farmacia-santiago\/files\/2026\/04\/qf-alimsa-seminario-regulacion-89-62x62.jpg\" class=\"fullwidth-card__image wp-post-image lazyload\" alt=\"\" sizes=\"auto, (max-width: 500px) 100vw, 500px\" data-src=\"https:\/\/medicina.udd.cl\/quimica-farmacia-santiago\/files\/2026\/04\/qf-alimsa-seminario-regulacion-89-500x500.jpg\" data-srcset=\"https:\/\/medicina.udd.cl\/quimica-farmacia-santiago\/files\/2026\/04\/qf-alimsa-seminario-regulacion-89-500x500.jpg 500w, https:\/\/medicina.udd.cl\/quimica-farmacia-santiago\/files\/2026\/04\/qf-alimsa-seminario-regulacion-89-150x150.jpg 150w, https:\/\/medicina.udd.cl\/quimica-farmacia-santiago\/files\/2026\/04\/qf-alimsa-seminario-regulacion-89-62x62.jpg 62w, https:\/\/medicina.udd.cl\/quimica-farmacia-santiago\/files\/2026\/04\/qf-alimsa-seminario-regulacion-89-750x750.jpg 750w, https:\/\/medicina.udd.cl\/quimica-farmacia-santiago\/files\/2026\/04\/qf-alimsa-seminario-regulacion-89-250x250.jpg 250w, https:\/\/medicina.udd.cl\/quimica-farmacia-santiago\/files\/2026\/04\/qf-alimsa-seminario-regulacion-89-126x126.jpg 126w\" \/>\t\t\t\t<div class=\"fullwidth-card__content\">\n\t\t\t<span class=\"fullwidth-card__date\">\n\t\t\t\t14 de abril 2026\t\t\t<\/span>\n\t\t\t<h3 class=\"fullwidth-card__title\">Seminario UDD y ALIMSA abord\u00f3 los desaf\u00edos regulatorios en la innovaci\u00f3n de suplementos alimenticios<\/h3>\n\t\t\t<span class=\"fullwidth-card__link\">\n\t\t\t\tConocer m\u00e1s\t\t\t<\/span>\n\t\t<\/div>\n\t<\/a>\n<\/div>\n<div class=\"fullwidth-card-wrapper is-style-default\">\n\t<a href=\"https:\/\/medicina.udd.cl\/quimica-farmacia-santiago\/2026\/03\/11\/quimica-y-farmacia-udd-fortalece-vinculos-con-la-industria-farmaceutica-en-encuentro-junto-a-la-united-states-pharmacopeia\/\" class=\"fullwidth-card fullwidth-card--linkable\">\n\t\t\t\t<img loading=\"lazy\" decoding=\"async\" width=\"500\" height=\"500\" src=\"https:\/\/medicina.udd.cl\/quimica-farmacia-santiago\/files\/2026\/03\/qf-reunion-con-la-industria-usp-6-62x62.jpg\" class=\"fullwidth-card__image wp-post-image lazyload\" alt=\"\" sizes=\"auto, (max-width: 500px) 100vw, 500px\" data-src=\"https:\/\/medicina.udd.cl\/quimica-farmacia-santiago\/files\/2026\/03\/qf-reunion-con-la-industria-usp-6-500x500.jpg\" data-srcset=\"https:\/\/medicina.udd.cl\/quimica-farmacia-santiago\/files\/2026\/03\/qf-reunion-con-la-industria-usp-6-500x500.jpg 500w, https:\/\/medicina.udd.cl\/quimica-farmacia-santiago\/files\/2026\/03\/qf-reunion-con-la-industria-usp-6-150x150.jpg 150w, https:\/\/medicina.udd.cl\/quimica-farmacia-santiago\/files\/2026\/03\/qf-reunion-con-la-industria-usp-6-62x62.jpg 62w, https:\/\/medicina.udd.cl\/quimica-farmacia-santiago\/files\/2026\/03\/qf-reunion-con-la-industria-usp-6-750x750.jpg 750w, https:\/\/medicina.udd.cl\/quimica-farmacia-santiago\/files\/2026\/03\/qf-reunion-con-la-industria-usp-6-250x250.jpg 250w, https:\/\/medicina.udd.cl\/quimica-farmacia-santiago\/files\/2026\/03\/qf-reunion-con-la-industria-usp-6-126x126.jpg 126w\" \/>\t\t\t\t<div class=\"fullwidth-card__content\">\n\t\t\t<span class=\"fullwidth-card__date\">\n\t\t\t\t11 de marzo 2026\t\t\t<\/span>\n\t\t\t<h3 class=\"fullwidth-card__title\">Qu\u00edmica y Farmacia UDD fortalece v\u00ednculos con la industria farmac\u00e9utica en encuentro junto a la United States Pharmacopeia<\/h3>\n\t\t\t<span class=\"fullwidth-card__link\">\n\t\t\t\tConocer m\u00e1s\t\t\t<\/span>\n\t\t<\/div>\n\t<\/a>\n<\/div>\n<div class=\"fullwidth-card-wrapper is-style-default\">\n\t<a href=\"https:\/\/medicina.udd.cl\/quimica-farmacia-santiago\/2026\/03\/02\/quimica-y-farmacia-udd-dio-la-bienvenida-a-sus-nuevos-estudiantes-con-el-seminario-quimicos-farmaceuticos-del-futuro\/\" class=\"fullwidth-card fullwidth-card--linkable\">\n\t\t\t\t<img loading=\"lazy\" decoding=\"async\" width=\"500\" height=\"500\" src=\"https:\/\/medicina.udd.cl\/quimica-farmacia-santiago\/files\/2026\/03\/qf-seminario-qf-del-futuro-puente-2026-31-62x62.jpg\" class=\"fullwidth-card__image wp-post-image lazyload\" alt=\"\" sizes=\"auto, (max-width: 500px) 100vw, 500px\" data-src=\"https:\/\/medicina.udd.cl\/quimica-farmacia-santiago\/files\/2026\/03\/qf-seminario-qf-del-futuro-puente-2026-31-500x500.jpg\" data-srcset=\"https:\/\/medicina.udd.cl\/quimica-farmacia-santiago\/files\/2026\/03\/qf-seminario-qf-del-futuro-puente-2026-31-500x500.jpg 500w, https:\/\/medicina.udd.cl\/quimica-farmacia-santiago\/files\/2026\/03\/qf-seminario-qf-del-futuro-puente-2026-31-150x150.jpg 150w, https:\/\/medicina.udd.cl\/quimica-farmacia-santiago\/files\/2026\/03\/qf-seminario-qf-del-futuro-puente-2026-31-62x62.jpg 62w, https:\/\/medicina.udd.cl\/quimica-farmacia-santiago\/files\/2026\/03\/qf-seminario-qf-del-futuro-puente-2026-31-750x750.jpg 750w, https:\/\/medicina.udd.cl\/quimica-farmacia-santiago\/files\/2026\/03\/qf-seminario-qf-del-futuro-puente-2026-31-250x250.jpg 250w, https:\/\/medicina.udd.cl\/quimica-farmacia-santiago\/files\/2026\/03\/qf-seminario-qf-del-futuro-puente-2026-31-126x126.jpg 126w\" \/>\t\t\t\t<div class=\"fullwidth-card__content\">\n\t\t\t<span class=\"fullwidth-card__date\">\n\t\t\t\t2 de marzo 2026\t\t\t<\/span>\n\t\t\t<h3 class=\"fullwidth-card__title\">Qu\u00edmica y Farmacia UDD dio la bienvenida a sus nuevos estudiantes con el seminario \u201cQu\u00edmicos Farmac\u00e9uticos del Futuro\u201d<\/h3>\n\t\t\t<span class=\"fullwidth-card__link\">\n\t\t\t\tConocer m\u00e1s\t\t\t<\/span>\n\t\t<\/div>\n\t<\/a>\n<\/div>\n<div class=\"fullwidth-card-wrapper is-style-default\">\n\t<a href=\"https:\/\/medicina.udd.cl\/quimica-farmacia-santiago\/2026\/02\/20\/el-mercurio-juan-pablo-cid-sobre-efectos-de-explosion-de-camion-cisterna-con-gas-licuado\/\" class=\"fullwidth-card fullwidth-card--linkable\">\n\t\t\t\t<img loading=\"lazy\" decoding=\"async\" width=\"500\" height=\"500\" src=\"https:\/\/medicina.udd.cl\/quimica-farmacia-santiago\/files\/2025\/08\/inshot_20250805_114604037-62x62.jpg\" class=\"fullwidth-card__image wp-post-image lazyload\" alt=\"\" sizes=\"auto, (max-width: 500px) 100vw, 500px\" data-src=\"https:\/\/medicina.udd.cl\/quimica-farmacia-santiago\/files\/2025\/08\/inshot_20250805_114604037-500x500.jpg\" data-srcset=\"https:\/\/medicina.udd.cl\/quimica-farmacia-santiago\/files\/2025\/08\/inshot_20250805_114604037-500x500.jpg 500w, https:\/\/medicina.udd.cl\/quimica-farmacia-santiago\/files\/2025\/08\/inshot_20250805_114604037-300x300.jpg 300w, https:\/\/medicina.udd.cl\/quimica-farmacia-santiago\/files\/2025\/08\/inshot_20250805_114604037-1024x1024.jpg 1024w, https:\/\/medicina.udd.cl\/quimica-farmacia-santiago\/files\/2025\/08\/inshot_20250805_114604037-150x150.jpg 150w, https:\/\/medicina.udd.cl\/quimica-farmacia-santiago\/files\/2025\/08\/inshot_20250805_114604037-768x768.jpg 768w, https:\/\/medicina.udd.cl\/quimica-farmacia-santiago\/files\/2025\/08\/inshot_20250805_114604037-62x62.jpg 62w, https:\/\/medicina.udd.cl\/quimica-farmacia-santiago\/files\/2025\/08\/inshot_20250805_114604037-1536x1536.jpg 1536w, https:\/\/medicina.udd.cl\/quimica-farmacia-santiago\/files\/2025\/08\/inshot_20250805_114604037-2048x2048.jpg 2048w, https:\/\/medicina.udd.cl\/quimica-farmacia-santiago\/files\/2025\/08\/inshot_20250805_114604037-750x750.jpg 750w, https:\/\/medicina.udd.cl\/quimica-farmacia-santiago\/files\/2025\/08\/inshot_20250805_114604037-250x250.jpg 250w, https:\/\/medicina.udd.cl\/quimica-farmacia-santiago\/files\/2025\/08\/inshot_20250805_114604037-126x126.jpg 126w\" \/>\t\t\t\t<div class=\"fullwidth-card__content\">\n\t\t\t<span class=\"fullwidth-card__date\">\n\t\t\t\t20 de febrero 2026\t\t\t<\/span>\n\t\t\t<h3 class=\"fullwidth-card__title\">El Mercurio | Juan Pablo Cid sobre efectos de explosi\u00f3n de cami\u00f3n cisterna con gas licuado<\/h3>\n\t\t\t<span class=\"fullwidth-card__link\">\n\t\t\t\tConocer m\u00e1s\t\t\t<\/span>\n\t\t<\/div>\n\t<\/a>\n<\/div>\n<div class=\"fullwidth-card-wrapper is-style-default\">\n\t<a href=\"https:\/\/medicina.udd.cl\/quimica-farmacia-santiago\/2026\/02\/19\/la-tercera-heriberto-garcia-sobre-la-venta-de-medicamentos-en-mall-chino\/\" class=\"fullwidth-card fullwidth-card--linkable\">\n\t\t\t\t<img loading=\"lazy\" decoding=\"async\" width=\"500\" height=\"500\" src=\"https:\/\/medicina.udd.cl\/quimica-farmacia-santiago\/files\/2024\/11\/heriberto-garcia-byn-62x62.jpg\" class=\"fullwidth-card__image wp-post-image lazyload\" alt=\"\" sizes=\"auto, (max-width: 500px) 100vw, 500px\" data-src=\"https:\/\/medicina.udd.cl\/quimica-farmacia-santiago\/files\/2024\/11\/heriberto-garcia-byn-500x500.jpg\" data-srcset=\"https:\/\/medicina.udd.cl\/quimica-farmacia-santiago\/files\/2024\/11\/heriberto-garcia-byn-500x500.jpg 500w, https:\/\/medicina.udd.cl\/quimica-farmacia-santiago\/files\/2024\/11\/heriberto-garcia-byn-300x300.jpg 300w, https:\/\/medicina.udd.cl\/quimica-farmacia-santiago\/files\/2024\/11\/heriberto-garcia-byn-1024x1024.jpg 1024w, https:\/\/medicina.udd.cl\/quimica-farmacia-santiago\/files\/2024\/11\/heriberto-garcia-byn-150x150.jpg 150w, https:\/\/medicina.udd.cl\/quimica-farmacia-santiago\/files\/2024\/11\/heriberto-garcia-byn-768x768.jpg 768w, https:\/\/medicina.udd.cl\/quimica-farmacia-santiago\/files\/2024\/11\/heriberto-garcia-byn-62x62.jpg 62w, https:\/\/medicina.udd.cl\/quimica-farmacia-santiago\/files\/2024\/11\/heriberto-garcia-byn-1536x1536.jpg 1536w, https:\/\/medicina.udd.cl\/quimica-farmacia-santiago\/files\/2024\/11\/heriberto-garcia-byn-2048x2048.jpg 2048w, https:\/\/medicina.udd.cl\/quimica-farmacia-santiago\/files\/2024\/11\/heriberto-garcia-byn-750x750.jpg 750w, https:\/\/medicina.udd.cl\/quimica-farmacia-santiago\/files\/2024\/11\/heriberto-garcia-byn-250x250.jpg 250w, https:\/\/medicina.udd.cl\/quimica-farmacia-santiago\/files\/2024\/11\/heriberto-garcia-byn-126x126.jpg 126w\" \/>\t\t\t\t<div class=\"fullwidth-card__content\">\n\t\t\t<span class=\"fullwidth-card__date\">\n\t\t\t\t19 de febrero 2026\t\t\t<\/span>\n\t\t\t<h3 class=\"fullwidth-card__title\">La Tercera |\u00a0Heriberto Garc\u00eda sobre la venta de medicamentos en Mall Chino<\/h3>\n\t\t\t<span class=\"fullwidth-card__link\">\n\t\t\t\tConocer m\u00e1s\t\t\t<\/span>\n\t\t<\/div>\n\t<\/a>\n<\/div>\n\t\t\t<\/div>\n\t\t<\/div>\n\t<\/div>\n<\/section>\n","protected":false},"excerpt":{"rendered":"","protected":false},"author":9192219,"featured_media":0,"parent":0,"menu_order":0,"comment_status":"closed","ping_status":"closed","template":"","meta":{"footnotes":""},"class_list":["post-485","page","type-page","status-publish","hentry"],"yoast_head":"<!-- This site is optimized with the Yoast SEO plugin v26.9 - https:\/\/yoast.com\/product\/yoast-seo-wordpress\/ -->\n<title>Noticias - Qu\u00edmica y Farmacia<\/title>\n<meta name=\"robots\" content=\"index, follow, max-snippet:-1, max-image-preview:large, max-video-preview:-1\" \/>\n<link rel=\"canonical\" href=\"https:\/\/medicina.udd.cl\/quimica-farmacia-santiago\/noticias\/\" \/>\n<meta property=\"og:locale\" content=\"es_ES\" \/>\n<meta property=\"og:type\" content=\"article\" \/>\n<meta property=\"og:title\" content=\"Noticias - Qu\u00edmica y Farmacia\" \/>\n<meta property=\"og:url\" content=\"https:\/\/medicina.udd.cl\/quimica-farmacia-santiago\/noticias\/\" \/>\n<meta property=\"og:site_name\" content=\"Qu\u00edmica y Farmacia\" \/>\n<meta property=\"article:modified_time\" content=\"2025-06-18T14:22:01+00:00\" \/>\n<meta name=\"twitter:card\" content=\"summary_large_image\" \/>\n<script type=\"application\/ld+json\" class=\"yoast-schema-graph\">{\"@context\":\"https:\/\/schema.org\",\"@graph\":[{\"@type\":\"WebPage\",\"@id\":\"https:\/\/medicina.udd.cl\/quimica-farmacia-santiago\/noticias\/\",\"url\":\"https:\/\/medicina.udd.cl\/quimica-farmacia-santiago\/noticias\/\",\"name\":\"Noticias - Qu\u00edmica y Farmacia\",\"isPartOf\":{\"@id\":\"https:\/\/medicina.udd.cl\/quimica-farmacia-santiago\/#website\"},\"datePublished\":\"2025-06-18T14:22:00+00:00\",\"dateModified\":\"2025-06-18T14:22:01+00:00\",\"breadcrumb\":{\"@id\":\"https:\/\/medicina.udd.cl\/quimica-farmacia-santiago\/noticias\/#breadcrumb\"},\"inLanguage\":\"es\",\"potentialAction\":[{\"@type\":\"ReadAction\",\"target\":[\"https:\/\/medicina.udd.cl\/quimica-farmacia-santiago\/noticias\/\"]}]},{\"@type\":\"BreadcrumbList\",\"@id\":\"https:\/\/medicina.udd.cl\/quimica-farmacia-santiago\/noticias\/#breadcrumb\",\"itemListElement\":[{\"@type\":\"ListItem\",\"position\":1,\"name\":\"Portada\",\"item\":\"https:\/\/medicina.udd.cl\/quimica-farmacia-santiago\/\"},{\"@type\":\"ListItem\",\"position\":2,\"name\":\"Noticias\"}]},{\"@type\":\"WebSite\",\"@id\":\"https:\/\/medicina.udd.cl\/quimica-farmacia-santiago\/#website\",\"url\":\"https:\/\/medicina.udd.cl\/quimica-farmacia-santiago\/\",\"name\":\"Qu\u00edmica y Farmacia\",\"description\":\"Facultad de Medicina Cl\u00ednica Alemana Universidad del Desarrollo\",\"inLanguage\":\"es\"}]}<\/script>\n<!-- \/ Yoast SEO plugin. -->","yoast_head_json":{"title":"Noticias - Qu\u00edmica y Farmacia","robots":{"index":"index","follow":"follow","max-snippet":"max-snippet:-1","max-image-preview":"max-image-preview:large","max-video-preview":"max-video-preview:-1"},"canonical":"https:\/\/medicina.udd.cl\/quimica-farmacia-santiago\/noticias\/","og_locale":"es_ES","og_type":"article","og_title":"Noticias - Qu\u00edmica y Farmacia","og_url":"https:\/\/medicina.udd.cl\/quimica-farmacia-santiago\/noticias\/","og_site_name":"Qu\u00edmica y Farmacia","article_modified_time":"2025-06-18T14:22:01+00:00","twitter_card":"summary_large_image","schema":{"@context":"https:\/\/schema.org","@graph":[{"@type":"WebPage","@id":"https:\/\/medicina.udd.cl\/quimica-farmacia-santiago\/noticias\/","url":"https:\/\/medicina.udd.cl\/quimica-farmacia-santiago\/noticias\/","name":"Noticias - Qu\u00edmica y Farmacia","isPartOf":{"@id":"https:\/\/medicina.udd.cl\/quimica-farmacia-santiago\/#website"},"datePublished":"2025-06-18T14:22:00+00:00","dateModified":"2025-06-18T14:22:01+00:00","breadcrumb":{"@id":"https:\/\/medicina.udd.cl\/quimica-farmacia-santiago\/noticias\/#breadcrumb"},"inLanguage":"es","potentialAction":[{"@type":"ReadAction","target":["https:\/\/medicina.udd.cl\/quimica-farmacia-santiago\/noticias\/"]}]},{"@type":"BreadcrumbList","@id":"https:\/\/medicina.udd.cl\/quimica-farmacia-santiago\/noticias\/#breadcrumb","itemListElement":[{"@type":"ListItem","position":1,"name":"Portada","item":"https:\/\/medicina.udd.cl\/quimica-farmacia-santiago\/"},{"@type":"ListItem","position":2,"name":"Noticias"}]},{"@type":"WebSite","@id":"https:\/\/medicina.udd.cl\/quimica-farmacia-santiago\/#website","url":"https:\/\/medicina.udd.cl\/quimica-farmacia-santiago\/","name":"Qu\u00edmica y Farmacia","description":"Facultad de Medicina Cl\u00ednica Alemana Universidad del Desarrollo","inLanguage":"es"}]}},"_links":{"self":[{"href":"https:\/\/medicina.udd.cl\/quimica-farmacia-santiago\/wp-json\/wp\/v2\/pages\/485","targetHints":{"allow":["GET"]}}],"collection":[{"href":"https:\/\/medicina.udd.cl\/quimica-farmacia-santiago\/wp-json\/wp\/v2\/pages"}],"about":[{"href":"https:\/\/medicina.udd.cl\/quimica-farmacia-santiago\/wp-json\/wp\/v2\/types\/page"}],"author":[{"embeddable":true,"href":"https:\/\/medicina.udd.cl\/quimica-farmacia-santiago\/wp-json\/wp\/v2\/users\/9192219"}],"replies":[{"embeddable":true,"href":"https:\/\/medicina.udd.cl\/quimica-farmacia-santiago\/wp-json\/wp\/v2\/comments?post=485"}],"version-history":[{"count":1,"href":"https:\/\/medicina.udd.cl\/quimica-farmacia-santiago\/wp-json\/wp\/v2\/pages\/485\/revisions"}],"predecessor-version":[{"id":486,"href":"https:\/\/medicina.udd.cl\/quimica-farmacia-santiago\/wp-json\/wp\/v2\/pages\/485\/revisions\/486"}],"wp:attachment":[{"href":"https:\/\/medicina.udd.cl\/quimica-farmacia-santiago\/wp-json\/wp\/v2\/media?parent=485"}],"curies":[{"name":"wp","href":"https:\/\/api.w.org\/{rel}","templated":true}]}}