{"id":57,"date":"2024-08-19T15:50:45","date_gmt":"2024-08-19T19:50:45","guid":{"rendered":"https:\/\/medicina.udd.cl\/quimica-farmacia-santiago\/?page_id=57"},"modified":"2024-12-11T17:44:55","modified_gmt":"2024-12-11T20:44:55","slug":"la-carrera","status":"publish","type":"page","link":"https:\/\/medicina.udd.cl\/quimica-farmacia-santiago\/la-carrera\/","title":{"rendered":"La Carrera"},"content":{"rendered":"\n<figure class=\"wp-block-image alignright size-large is-resized\"><img loading=\"lazy\" decoding=\"async\" width=\"1024\" height=\"576\" src=\"http:\/\/medicina.udd.cl\/quimica-farmacia-santiago\/files\/2024\/12\/cropped-img_3221-1-scaled-1-1024x576.jpg\" alt=\"\" class=\"wp-image-203\" style=\"width:478px;height:auto\" srcset=\"https:\/\/medicina.udd.cl\/quimica-farmacia-santiago\/files\/2024\/12\/cropped-img_3221-1-scaled-1-1024x576.jpg 1024w, https:\/\/medicina.udd.cl\/quimica-farmacia-santiago\/files\/2024\/12\/cropped-img_3221-1-scaled-1-300x169.jpg 300w, https:\/\/medicina.udd.cl\/quimica-farmacia-santiago\/files\/2024\/12\/cropped-img_3221-1-scaled-1-768x432.jpg 768w, https:\/\/medicina.udd.cl\/quimica-farmacia-santiago\/files\/2024\/12\/cropped-img_3221-1-scaled-1-1536x864.jpg 1536w, https:\/\/medicina.udd.cl\/quimica-farmacia-santiago\/files\/2024\/12\/cropped-img_3221-1-scaled-1-1366x768.jpg 1366w, https:\/\/medicina.udd.cl\/quimica-farmacia-santiago\/files\/2024\/12\/cropped-img_3221-1-scaled-1-680x382.jpg 680w, https:\/\/medicina.udd.cl\/quimica-farmacia-santiago\/files\/2024\/12\/cropped-img_3221-1-scaled-1.jpg 1920w\" sizes=\"auto, (max-width: 1024px) 100vw, 1024px\" \/><\/figure>\n\n\n\n<h2 class=\"wp-block-heading\"><strong>QU\u00cdMICA Y FARMACIA UDD<\/strong><\/h2>\n\n\n\n<p>La carrera de Qu\u00edmica y Farmacia de la Facultad de Medicina Cl\u00ednica Alemana Universidad del Desarrollo (UDD), te prepara para enfrentar los desaf\u00edos del \u00e1rea de la salud con un enfoque innovador y tecnol\u00f3gico. Desarrollada en un ecosistema de aprendizaje que incluye instituciones de salud, empresas y organizaciones, esta carrera forma profesionales capaces de integrar tecnolog\u00eda e innovaci\u00f3n en la qu\u00edmica y la farmacia, para crear soluciones avanzadas en medicamentos, investigaci\u00f3n y gesti\u00f3n en el campo de la salud. Adem\u00e1s, fomenta un compromiso \u00e9tico, conciencia ambiental, y una visi\u00f3n global, brindando oportunidades para trabajar en diversos entornos como hospitales, laboratorios y centros de investigaci\u00f3n, o incluso liderar proyectos de innovaci\u00f3n y emprendimiento.\u00a0<\/p>\n\n\n<!-- WP Block: UDD - Cards Alternate -->\n<section class=\"wp-block-udd-cards\" style=\"--udd-blocks-has-columns-number: 2\">\n\t<div class=\"container\">\n\t\t\t\t\t\t\t\t\t<div class=\"block__content\">\n\t\t\t<div class=\"cards\">\n\t\t\t\t\t\t\t\t\t\t\t\t\t\t\t\t\t<div class=\"card-wrapper\">\n\t\t\t\t\t\t<div class=\"card\">\n\t\t\t\t\t\t\t<h3 class=\"card__title\">MISI\u00d3N<\/h3>\n\t\t\t\t\t\t\t\t\t\t\t\t\t\t<div class=\"card__description\">\n\t\t\t\t\t\t\t\t<p>Ser una comunidad acad\u00e9mica centrada en el respeto del ser humano, su diversidad y libertad, que forma profesionales \u00edntegros y genera conocimiento cient\u00edfico al servicio de la salud y el bienestar de las personas.<\/p>\n\t\t\t\t\t\t\t<\/div>\n\t\t\t\t\t\t\t\t\t\t\t\t\t<\/div>\n\t\t\t\t\t<\/div>\n\t\t\t\t\t\t\t\t\t\t\t\t\t\t\t\t\t\t\t\t\t<div class=\"card-wrapper\">\n\t\t\t\t\t\t<div class=\"card\">\n\t\t\t\t\t\t\t<h3 class=\"card__title\">VISI\u00d3N<\/h3>\n\t\t\t\t\t\t\t\t\t\t\t\t\t\t<div class=\"card__description\">\n\t\t\t\t\t\t\t\t<p>Ser referentes en la formaci\u00f3n de profesionales de excelencia, que cuidan la salud y el bienestar de la comunidad en una instituci\u00f3n que innova en educaci\u00f3n e investigaci\u00f3n al servicio de nuestra sociedad.<\/p>\n\t\t\t\t\t\t\t<\/div>\n\t\t\t\t\t\t\t\t\t\t\t\t\t<\/div>\n\t\t\t\t\t<\/div>\n\t\t\t\t\t\t\t\t\t\t<\/div>\n\t\t<\/div>\n\t<\/div>\n<\/section>\n\n\n\n<div class=\"wp-block-columns is-layout-flex wp-container-core-columns-is-layout-9d6595d7 wp-block-columns-is-layout-flex\">\n<div class=\"wp-block-column is-layout-flow wp-block-column-is-layout-flow\">\n<p><br><\/p>\n<\/div>\n\n\n\n<div class=\"wp-block-column is-layout-flow wp-block-column-is-layout-flow\">\n<p><br><\/p>\n<\/div>\n<\/div>\n\n\n<section class=\"wp-block-udd-featured-link\">\n\t<div class=\"container\">\n\t\t<div class=\"featured-link\">\n\t\t\t\t\t\t<div class=\"featured-link__media\">\n\t\t\t<a href=\"\" data-url=\"\">\n\t\t\t\t\t<img loading=\"lazy\" decoding=\"async\" width=\"680\" height=\"382\" src=\"https:\/\/medicina.udd.cl\/quimica-farmacia-santiago\/files\/2024\/12\/qf-sesion-1-680x382.jpg\" class=\"featured-link__media-image lazyload\" alt=\"\" sizes=\"auto, (max-width: 680px) 100vw, 680px\" data-src=\"https:\/\/medicina.udd.cl\/quimica-farmacia-santiago\/files\/2024\/12\/qf-sesion-1-680x382.jpg\" data-srcset=\"https:\/\/medicina.udd.cl\/quimica-farmacia-santiago\/files\/2024\/12\/qf-sesion-1-680x382.jpg 680w, https:\/\/medicina.udd.cl\/quimica-farmacia-santiago\/files\/2024\/12\/qf-sesion-1-1920x1080.jpg 1920w, https:\/\/medicina.udd.cl\/quimica-farmacia-santiago\/files\/2024\/12\/qf-sesion-1-1366x768.jpg 1366w, https:\/\/medicina.udd.cl\/quimica-farmacia-santiago\/files\/2024\/12\/qf-sesion-1-952x534.jpg 952w\" \/>\t\t\t\t<\/a>\n\t\t\t<\/div>\n\t\t\t\t\t\t<div class=\"featured-link__content\">\n\t\t\t\t\t\t\t\t\t\t\t\t\t<h3 class=\"featured-link__title\">\n\t\t\t\t\t\t<a data-url=\"\" href=\"\">\n\t\t\t\t\t\t\tOBJETIVOS\t\t\t\t\t\t<\/a>\n\t\t\t\t\t<\/h3>\n\t\t\t\t\t\t\t\t\t\t\t\t\t\t\t\t<ul class=\"wp-block-list\">\n<li>Formar profesionales altamente capacitados capaces de integrar la tecnolog\u00eda farmac\u00e9utica para impactar de manera positiva en la salud p\u00fablica.<\/li>\n<li>&nbsp;Promover la innovaci\u00f3n tecnol\u00f3gica y cient\u00edfica en el \u00e1mbito farmac\u00e9utico y su aplicaci\u00f3n en la atenci\u00f3n cl\u00ednica y hospitalaria.<\/li>\n<li>Fortalecer el posicionamiento de la UDD como una instituci\u00f3n l\u00edder en la formaci\u00f3n de qu\u00edmicos farmac\u00e9uticos, preparados para enfrentar los desaf\u00edos del futuro en salud, con un alto impacto social y un enfoque en la responsabilidad \u00e9tica y p\u00fablica.<\/li>\n<li>Potenciar el aprendizaje aplicado y el desarrollo de competencias en entornos reales ofreciendo a los estudiantes un modelo de formaci\u00f3n integral que combine pr\u00e1cticas profesionales con la colaboraci\u00f3n activa en equipos de salud.<\/li>\n<li>Crear sinergias en investigaci\u00f3n, desarrollo de tecnolog\u00edas y educaci\u00f3n continua, alineadas con las demandas del sector farmac\u00e9utico.<\/li>\n<\/ul>\n\t\t\t\t\t\t\t\t\t\t\t<\/div>\n\t\t<\/div>\n\t<\/div>\n<\/section>\n\n\n\n<h2 class=\"wp-block-heading\"><strong>PERFIL DE EGRESO<\/strong><\/h2>\n\n\n\n<figure class=\"wp-block-image alignright size-large is-resized\"><img loading=\"lazy\" decoding=\"async\" width=\"1024\" height=\"683\" src=\"http:\/\/medicina.udd.cl\/quimica-farmacia-santiago\/files\/2024\/08\/clinica_alemana_2024_vst-5114-1024x683.jpg\" alt=\"\" class=\"wp-image-74\" style=\"width:501px;height:auto\" srcset=\"https:\/\/medicina.udd.cl\/quimica-farmacia-santiago\/files\/2024\/08\/clinica_alemana_2024_vst-5114-1024x683.jpg 1024w, https:\/\/medicina.udd.cl\/quimica-farmacia-santiago\/files\/2024\/08\/clinica_alemana_2024_vst-5114-300x200.jpg 300w, https:\/\/medicina.udd.cl\/quimica-farmacia-santiago\/files\/2024\/08\/clinica_alemana_2024_vst-5114-768x512.jpg 768w, https:\/\/medicina.udd.cl\/quimica-farmacia-santiago\/files\/2024\/08\/clinica_alemana_2024_vst-5114-1536x1024.jpg 1536w, https:\/\/medicina.udd.cl\/quimica-farmacia-santiago\/files\/2024\/08\/clinica_alemana_2024_vst-5114-2048x1365.jpg 2048w\" sizes=\"auto, (max-width: 1024px) 100vw, 1024px\" \/><\/figure>\n\n\n\n<p>El Qu\u00edmico Farmac\u00e9utico de la Universidad del Desarrollo estar\u00e1 preparado para gestionar de manera eficaz el desarrollo, control y distribuci\u00f3n de medicamentos, garantizando un acceso seguro, equitativo y eficaz a las terapias farmacol\u00f3gicas. Ser\u00e1 capaz de liderar proyectos de investigaci\u00f3n, innovaci\u00f3n y emprendimiento dentro del sector farmac\u00e9utico, desarrollando nuevas soluciones tecnol\u00f3gicas aplicadas al \u00e1rea de la salud.<\/p>\n\n\n\n<p>Con un enfoque centrado en el paciente, el Qu\u00edmico Farmac\u00e9utico desempe\u00f1ar\u00e1 un rol crucial en la atenci\u00f3n cl\u00ednica, colaborando en equipos interdisciplinarios para optimizar el uso de f\u00e1rmacos en diversos contextos de salud, demostrando compromiso \u00e9tico, responsabilidad p\u00fablica y capacidad para promover el uso racional de los f\u00e1rmacos, priorizando tanto la calidad de los medicamentos como la seguridad de los pacientes.<\/p>\n\n\n<nav class=\"tabs js-tabs\" role=\"tablist\">\n\t\t<a\n\t\tdata-uid=\"awg2oi\"\n\t\tdata-slug=\"desarrollo-y-produccion-de-farmacos\"\n\t\tclass=\"active js-tab\"\n\t\tid=\"udd-tabs-row--1__tab--0\"\n\t\thref=\"#udd-tabs-row--awg2oi\"\n\t\trole=\"tab\"\n\t\taria-controls=\"udd-tabs-row--1--0\"\n\t\taria-selected=\"true\"\n\t>Desarrollo y producci\u00f3n de f\u00e1rmacos<\/a>\n\t\t<a\n\t\tdata-uid=\"59hmyq\"\n\t\tdata-slug=\"pensamiento-critico-para-la-toma-de-decisiones\"\n\t\tclass=\"js-tab\"\n\t\tid=\"udd-tabs-row--1__tab--1\"\n\t\thref=\"#udd-tabs-row--59hmyq\"\n\t\trole=\"tab\"\n\t\taria-controls=\"udd-tabs-row--1--1\"\n\t\taria-selected=\"false\"\n\t>Pensamiento cr\u00edtico para la toma de decisiones<\/a>\n\t\t<a\n\t\tdata-uid=\"h6q793\"\n\t\tdata-slug=\"promocion-en-el-uso-racional-y-seguro-de-los-farmacos\"\n\t\tclass=\"js-tab\"\n\t\tid=\"udd-tabs-row--1__tab--2\"\n\t\thref=\"#udd-tabs-row--h6q793\"\n\t\trole=\"tab\"\n\t\taria-controls=\"udd-tabs-row--1--2\"\n\t\taria-selected=\"false\"\n\t>Promoci\u00f3n en el uso racional y seguro de los f\u00e1rmacos<\/a>\n\t\t<a\n\t\tdata-uid=\"6srfd5\"\n\t\tdata-slug=\"gestion-de-recursos-y-procesos-farmaceuticos\"\n\t\tclass=\"js-tab\"\n\t\tid=\"udd-tabs-row--1__tab--3\"\n\t\thref=\"#udd-tabs-row--6srfd5\"\n\t\trole=\"tab\"\n\t\taria-controls=\"udd-tabs-row--1--3\"\n\t\taria-selected=\"false\"\n\t>Gesti\u00f3n de recursos y procesos farmac\u00e9uticos<\/a>\n\t\t<a\n\t\tdata-uid=\"nb78f6\"\n\t\tdata-slug=\"investigacion\"\n\t\tclass=\"js-tab\"\n\t\tid=\"udd-tabs-row--1__tab--4\"\n\t\thref=\"#udd-tabs-row--nb78f6\"\n\t\trole=\"tab\"\n\t\taria-controls=\"udd-tabs-row--1--4\"\n\t\taria-selected=\"false\"\n\t>Investigaci\u00f3n<\/a>\n\t<\/nav>\n<div class=\"tab-content\">\n\t<div\n\t\tdata-uid=\"awg2oi\"\n\t\tdata-slug=\"desarrollo-y-produccion-de-farmacos\"\n\t\tclass=\"tab-pane tabs-content udd-tab-content active\"\n\t\tid=\"udd-tabs-row--awg2oi\"\n\t\trole=\"tabpanel\"\n\t\taria-labelledby=\"udd-tabs-row--1__tab--0\"\n\t>\n\t\t<div class=\"text container\">\n\t\t\t\n<p>Dise\u00f1a, sintetiza y eval\u00faa nuevos f\u00e1rmacos y tecnolog\u00edas sanitarias aplicando fundamentos cient\u00edficos y las normativas legales vigentes.<\/p>\n\t\t<\/div>\n\t<\/div>\n\t<div\n\t\tdata-uid=\"59hmyq\"\n\t\tdata-slug=\"pensamiento-critico-para-la-toma-de-decisiones\"\n\t\tclass=\"tab-pane tabs-content udd-tab-content\"\n\t\tid=\"udd-tabs-row--59hmyq\"\n\t\trole=\"tabpanel\"\n\t\taria-labelledby=\"udd-tabs-row--1__tab--1\"\n\t>\n\t\t<div class=\"text container\">\n\t\t\t\n<p>Utiliza pensamiento cr\u00edtico para la toma de decisiones en contextos ambulatorios y hospitalarios, trabajando de manera integrada dentro del equipo cl\u00ednico. Basado en un conocimiento profundo de la farmacolog\u00eda, f\u00e1rmaco-econom\u00eda, salud p\u00fablica global y la atenci\u00f3n centrada en el paciente, optimiza los resultados cl\u00ednicos y promueve la equidad.<\/p>\n\t\t<\/div>\n\t<\/div>\n\t<div\n\t\tdata-uid=\"h6q793\"\n\t\tdata-slug=\"promocion-en-el-uso-racional-y-seguro-de-los-farmacos\"\n\t\tclass=\"tab-pane tabs-content udd-tab-content\"\n\t\tid=\"udd-tabs-row--h6q793\"\n\t\trole=\"tabpanel\"\n\t\taria-labelledby=\"udd-tabs-row--1__tab--2\"\n\t>\n\t\t<div class=\"text container\">\n\t\t\t\n<p>Promueve el uso racional de medicamentos a trav\u00e9s de la educaci\u00f3n al paciente, la colaboraci\u00f3n interdisciplinaria y la utilizaci\u00f3n de tecnolog\u00edas avanzadas para la monitorizaci\u00f3n de f\u00e1rmacos y resultados terap\u00e9uticos. Adem\u00e1s, implementa protocolos de farmacovigilancia, bioequivalencia y seguridad de medicamentos, con el fin de minimizar riesgos asociados al tratamiento.<\/p>\n\t\t<\/div>\n\t<\/div>\n\t<div\n\t\tdata-uid=\"6srfd5\"\n\t\tdata-slug=\"gestion-de-recursos-y-procesos-farmaceuticos\"\n\t\tclass=\"tab-pane tabs-content udd-tab-content\"\n\t\tid=\"udd-tabs-row--6srfd5\"\n\t\trole=\"tabpanel\"\n\t\taria-labelledby=\"udd-tabs-row--1__tab--3\"\n\t>\n\t\t<div class=\"text container\">\n\t\t\t\n<p>Gestiona eficazmente establecimientos farmac\u00e9uticos o industria del rubro, fomentando el trabajo en equipo y aplicando conocimientos en gesti\u00f3n de calidad y manejo de crisis. Adem\u00e1s, optimiza la distribuci\u00f3n de medicamentos y recursos de manera sostenible, promoviendo un acceso seguro a los medicamentos, con un enfoque en la mejora continua de los servicios farmac\u00e9uticos y la salud p\u00fablica.<\/p>\n\t\t<\/div>\n\t<\/div>\n\t<div\n\t\tdata-uid=\"nb78f6\"\n\t\tdata-slug=\"investigacion\"\n\t\tclass=\"tab-pane tabs-content udd-tab-content\"\n\t\tid=\"udd-tabs-row--nb78f6\"\n\t\trole=\"tabpanel\"\n\t\taria-labelledby=\"udd-tabs-row--1__tab--4\"\n\t>\n\t\t<div class=\"text container\">\n\t\t\t\n<p>Participa en proyectos de investigaci\u00f3n cl\u00ednica, b\u00e1sica o traslacional, que impulse la innovaci\u00f3n en f\u00e1rmacos, dispositivos m\u00e9dicos, y tecnolog\u00edas biom\u00e9dicas, manteni\u00e9ndose a la vanguardia del conocimiento global y la medicina basada en la evidencia.<\/p>\n\t\t<\/div>\n\t<\/div>\n<\/div>\n","protected":false},"excerpt":{"rendered":"<p>QU\u00cdMICA Y FARMACIA UDD La carrera de Qu\u00edmica y Farmacia de la Facultad de Medicina Cl\u00ednica Alemana Universidad del Desarrollo (UDD), te prepara para enfrentar los desaf\u00edos del \u00e1rea de la salud con un enfoque innovador y tecnol\u00f3gico. Desarrollada en un ecosistema de aprendizaje que incluye instituciones de salud, empresas y organizaciones, esta carrera forma [&hellip;]<\/p>\n","protected":false},"author":9192254,"featured_media":0,"parent":0,"menu_order":0,"comment_status":"closed","ping_status":"closed","template":"","meta":{"footnotes":""},"class_list":["post-57","page","type-page","status-publish","hentry"],"yoast_head":"<!-- This site is optimized with the Yoast SEO plugin v26.9 - https:\/\/yoast.com\/product\/yoast-seo-wordpress\/ -->\n<title>La Carrera - Qu\u00edmica y Farmacia UDD<\/title>\n<meta name=\"description\" content=\"Desarrollada en un ecosistema de aprendizaje que incluye instituciones de salud, empresas y organizaciones, esta carrera forma profesionales capaces de integrar tecnolog\u00eda e innovaci\u00f3n en la qu\u00edmica y la farmacia, para crear soluciones avanzadas en medicamentos, investigaci\u00f3n y gesti\u00f3n en el campo de la salud.\" \/>\n<meta name=\"robots\" content=\"index, follow, max-snippet:-1, max-image-preview:large, max-video-preview:-1\" \/>\n<link rel=\"canonical\" href=\"https:\/\/medicina.udd.cl\/quimica-farmacia-santiago\/la-carrera\/\" \/>\n<meta property=\"og:locale\" content=\"es_ES\" \/>\n<meta property=\"og:type\" content=\"article\" \/>\n<meta property=\"og:title\" content=\"La Carrera - Qu\u00edmica y Farmacia UDD\" \/>\n<meta property=\"og:description\" content=\"Desarrollada en un ecosistema de aprendizaje que incluye instituciones de salud, empresas y organizaciones, esta carrera forma profesionales capaces de integrar tecnolog\u00eda e innovaci\u00f3n en la qu\u00edmica y la farmacia, para crear soluciones avanzadas en medicamentos, investigaci\u00f3n y gesti\u00f3n en el campo de la salud.\" \/>\n<meta property=\"og:url\" content=\"https:\/\/medicina.udd.cl\/quimica-farmacia-santiago\/la-carrera\/\" \/>\n<meta property=\"og:site_name\" content=\"Qu\u00edmica y Farmacia\" \/>\n<meta property=\"article:modified_time\" content=\"2024-12-11T20:44:55+00:00\" \/>\n<meta property=\"og:image\" content=\"http:\/\/medicina.udd.cl\/quimica-farmacia-santiago\/files\/2024\/12\/cropped-img_3221-1-scaled-1-1024x576.jpg\" \/>\n<meta name=\"twitter:card\" content=\"summary_large_image\" \/>\n<meta name=\"twitter:label1\" content=\"Tiempo de lectura\" \/>\n\t<meta name=\"twitter:data1\" content=\"4 minutos\" \/>\n<script type=\"application\/ld+json\" class=\"yoast-schema-graph\">{\"@context\":\"https:\/\/schema.org\",\"@graph\":[{\"@type\":\"WebPage\",\"@id\":\"https:\/\/medicina.udd.cl\/quimica-farmacia-santiago\/la-carrera\/\",\"url\":\"https:\/\/medicina.udd.cl\/quimica-farmacia-santiago\/la-carrera\/\",\"name\":\"La Carrera - Qu\u00edmica y Farmacia UDD\",\"isPartOf\":{\"@id\":\"https:\/\/medicina.udd.cl\/quimica-farmacia-santiago\/#website\"},\"primaryImageOfPage\":{\"@id\":\"https:\/\/medicina.udd.cl\/quimica-farmacia-santiago\/la-carrera\/#primaryimage\"},\"image\":{\"@id\":\"https:\/\/medicina.udd.cl\/quimica-farmacia-santiago\/la-carrera\/#primaryimage\"},\"thumbnailUrl\":\"http:\/\/medicina.udd.cl\/quimica-farmacia-santiago\/files\/2024\/12\/cropped-img_3221-1-scaled-1-1024x576.jpg\",\"datePublished\":\"2024-08-19T19:50:45+00:00\",\"dateModified\":\"2024-12-11T20:44:55+00:00\",\"description\":\"Desarrollada en un ecosistema de aprendizaje que incluye instituciones de salud, empresas y organizaciones, esta carrera forma profesionales capaces de integrar tecnolog\u00eda e innovaci\u00f3n en la qu\u00edmica y la farmacia, para crear soluciones avanzadas en medicamentos, investigaci\u00f3n y gesti\u00f3n en el campo de la salud.\",\"breadcrumb\":{\"@id\":\"https:\/\/medicina.udd.cl\/quimica-farmacia-santiago\/la-carrera\/#breadcrumb\"},\"inLanguage\":\"es\",\"potentialAction\":[{\"@type\":\"ReadAction\",\"target\":[\"https:\/\/medicina.udd.cl\/quimica-farmacia-santiago\/la-carrera\/\"]}]},{\"@type\":\"ImageObject\",\"inLanguage\":\"es\",\"@id\":\"https:\/\/medicina.udd.cl\/quimica-farmacia-santiago\/la-carrera\/#primaryimage\",\"url\":\"https:\/\/medicina.udd.cl\/quimica-farmacia-santiago\/files\/2024\/12\/cropped-img_3221-1-scaled-1.jpg\",\"contentUrl\":\"https:\/\/medicina.udd.cl\/quimica-farmacia-santiago\/files\/2024\/12\/cropped-img_3221-1-scaled-1.jpg\",\"width\":1920,\"height\":1080},{\"@type\":\"BreadcrumbList\",\"@id\":\"https:\/\/medicina.udd.cl\/quimica-farmacia-santiago\/la-carrera\/#breadcrumb\",\"itemListElement\":[{\"@type\":\"ListItem\",\"position\":1,\"name\":\"Portada\",\"item\":\"https:\/\/medicina.udd.cl\/quimica-farmacia-santiago\/\"},{\"@type\":\"ListItem\",\"position\":2,\"name\":\"La Carrera\"}]},{\"@type\":\"WebSite\",\"@id\":\"https:\/\/medicina.udd.cl\/quimica-farmacia-santiago\/#website\",\"url\":\"https:\/\/medicina.udd.cl\/quimica-farmacia-santiago\/\",\"name\":\"Qu\u00edmica y Farmacia\",\"description\":\"Facultad de Medicina Cl\u00ednica Alemana Universidad del Desarrollo\",\"inLanguage\":\"es\"}]}<\/script>\n<!-- \/ Yoast SEO plugin. -->","yoast_head_json":{"title":"La Carrera - Qu\u00edmica y Farmacia UDD","description":"Desarrollada en un ecosistema de aprendizaje que incluye instituciones de salud, empresas y organizaciones, esta carrera forma profesionales capaces de integrar tecnolog\u00eda e innovaci\u00f3n en la qu\u00edmica y la farmacia, para crear soluciones avanzadas en medicamentos, investigaci\u00f3n y gesti\u00f3n en el campo de la salud.","robots":{"index":"index","follow":"follow","max-snippet":"max-snippet:-1","max-image-preview":"max-image-preview:large","max-video-preview":"max-video-preview:-1"},"canonical":"https:\/\/medicina.udd.cl\/quimica-farmacia-santiago\/la-carrera\/","og_locale":"es_ES","og_type":"article","og_title":"La Carrera - Qu\u00edmica y Farmacia UDD","og_description":"Desarrollada en un ecosistema de aprendizaje que incluye instituciones de salud, empresas y organizaciones, esta carrera forma profesionales capaces de integrar tecnolog\u00eda e innovaci\u00f3n en la qu\u00edmica y la farmacia, para crear soluciones avanzadas en medicamentos, investigaci\u00f3n y gesti\u00f3n en el campo de la salud.","og_url":"https:\/\/medicina.udd.cl\/quimica-farmacia-santiago\/la-carrera\/","og_site_name":"Qu\u00edmica y Farmacia","article_modified_time":"2024-12-11T20:44:55+00:00","og_image":[{"url":"http:\/\/medicina.udd.cl\/quimica-farmacia-santiago\/files\/2024\/12\/cropped-img_3221-1-scaled-1-1024x576.jpg","type":"","width":"","height":""}],"twitter_card":"summary_large_image","twitter_misc":{"Tiempo de lectura":"4 minutos"},"schema":{"@context":"https:\/\/schema.org","@graph":[{"@type":"WebPage","@id":"https:\/\/medicina.udd.cl\/quimica-farmacia-santiago\/la-carrera\/","url":"https:\/\/medicina.udd.cl\/quimica-farmacia-santiago\/la-carrera\/","name":"La Carrera - Qu\u00edmica y Farmacia UDD","isPartOf":{"@id":"https:\/\/medicina.udd.cl\/quimica-farmacia-santiago\/#website"},"primaryImageOfPage":{"@id":"https:\/\/medicina.udd.cl\/quimica-farmacia-santiago\/la-carrera\/#primaryimage"},"image":{"@id":"https:\/\/medicina.udd.cl\/quimica-farmacia-santiago\/la-carrera\/#primaryimage"},"thumbnailUrl":"http:\/\/medicina.udd.cl\/quimica-farmacia-santiago\/files\/2024\/12\/cropped-img_3221-1-scaled-1-1024x576.jpg","datePublished":"2024-08-19T19:50:45+00:00","dateModified":"2024-12-11T20:44:55+00:00","description":"Desarrollada en un ecosistema de aprendizaje que incluye instituciones de salud, empresas y organizaciones, esta carrera forma profesionales capaces de integrar tecnolog\u00eda e innovaci\u00f3n en la qu\u00edmica y la farmacia, para crear soluciones avanzadas en medicamentos, investigaci\u00f3n y gesti\u00f3n en el campo de la salud.","breadcrumb":{"@id":"https:\/\/medicina.udd.cl\/quimica-farmacia-santiago\/la-carrera\/#breadcrumb"},"inLanguage":"es","potentialAction":[{"@type":"ReadAction","target":["https:\/\/medicina.udd.cl\/quimica-farmacia-santiago\/la-carrera\/"]}]},{"@type":"ImageObject","inLanguage":"es","@id":"https:\/\/medicina.udd.cl\/quimica-farmacia-santiago\/la-carrera\/#primaryimage","url":"https:\/\/medicina.udd.cl\/quimica-farmacia-santiago\/files\/2024\/12\/cropped-img_3221-1-scaled-1.jpg","contentUrl":"https:\/\/medicina.udd.cl\/quimica-farmacia-santiago\/files\/2024\/12\/cropped-img_3221-1-scaled-1.jpg","width":1920,"height":1080},{"@type":"BreadcrumbList","@id":"https:\/\/medicina.udd.cl\/quimica-farmacia-santiago\/la-carrera\/#breadcrumb","itemListElement":[{"@type":"ListItem","position":1,"name":"Portada","item":"https:\/\/medicina.udd.cl\/quimica-farmacia-santiago\/"},{"@type":"ListItem","position":2,"name":"La Carrera"}]},{"@type":"WebSite","@id":"https:\/\/medicina.udd.cl\/quimica-farmacia-santiago\/#website","url":"https:\/\/medicina.udd.cl\/quimica-farmacia-santiago\/","name":"Qu\u00edmica y Farmacia","description":"Facultad de Medicina Cl\u00ednica Alemana Universidad del Desarrollo","inLanguage":"es"}]}},"_links":{"self":[{"href":"https:\/\/medicina.udd.cl\/quimica-farmacia-santiago\/wp-json\/wp\/v2\/pages\/57","targetHints":{"allow":["GET"]}}],"collection":[{"href":"https:\/\/medicina.udd.cl\/quimica-farmacia-santiago\/wp-json\/wp\/v2\/pages"}],"about":[{"href":"https:\/\/medicina.udd.cl\/quimica-farmacia-santiago\/wp-json\/wp\/v2\/types\/page"}],"author":[{"embeddable":true,"href":"https:\/\/medicina.udd.cl\/quimica-farmacia-santiago\/wp-json\/wp\/v2\/users\/9192254"}],"replies":[{"embeddable":true,"href":"https:\/\/medicina.udd.cl\/quimica-farmacia-santiago\/wp-json\/wp\/v2\/comments?post=57"}],"version-history":[{"count":15,"href":"https:\/\/medicina.udd.cl\/quimica-farmacia-santiago\/wp-json\/wp\/v2\/pages\/57\/revisions"}],"predecessor-version":[{"id":293,"href":"https:\/\/medicina.udd.cl\/quimica-farmacia-santiago\/wp-json\/wp\/v2\/pages\/57\/revisions\/293"}],"wp:attachment":[{"href":"https:\/\/medicina.udd.cl\/quimica-farmacia-santiago\/wp-json\/wp\/v2\/media?parent=57"}],"curies":[{"name":"wp","href":"https:\/\/api.w.org\/{rel}","templated":true}]}}