{"id":86,"date":"2024-08-20T14:51:27","date_gmt":"2024-08-20T18:51:27","guid":{"rendered":"https:\/\/medicina.udd.cl\/quimica-farmacia-santiago\/?page_id=86"},"modified":"2024-12-12T12:36:27","modified_gmt":"2024-12-12T15:36:27","slug":"por-que-estudiar-quimica-y-farmacia-en-la-udd","status":"publish","type":"page","link":"https:\/\/medicina.udd.cl\/quimica-farmacia-santiago\/por-que-estudiar-quimica-y-farmacia-en-la-udd\/","title":{"rendered":"\u00bfPor qu\u00e9 estudiar Qu\u00edmica y Farmacia en la UDD?"},"content":{"rendered":"\n<div class=\"wp-block-media-text is-stacked-on-mobile\"><figure class=\"wp-block-media-text__media\"><img loading=\"lazy\" decoding=\"async\" width=\"1024\" height=\"683\" src=\"https:\/\/medicina.udd.cl\/quimica-farmacia-santiago\/files\/2024\/08\/fm-sesion-estudiantes-2023-21-1024x683.jpg\" alt=\"\" class=\"wp-image-87 size-full\" srcset=\"https:\/\/medicina.udd.cl\/quimica-farmacia-santiago\/files\/2024\/08\/fm-sesion-estudiantes-2023-21-1024x683.jpg 1024w, https:\/\/medicina.udd.cl\/quimica-farmacia-santiago\/files\/2024\/08\/fm-sesion-estudiantes-2023-21-300x200.jpg 300w, https:\/\/medicina.udd.cl\/quimica-farmacia-santiago\/files\/2024\/08\/fm-sesion-estudiantes-2023-21-768x512.jpg 768w, https:\/\/medicina.udd.cl\/quimica-farmacia-santiago\/files\/2024\/08\/fm-sesion-estudiantes-2023-21-1536x1024.jpg 1536w, https:\/\/medicina.udd.cl\/quimica-farmacia-santiago\/files\/2024\/08\/fm-sesion-estudiantes-2023-21-2048x1366.jpg 2048w\" sizes=\"auto, (max-width: 1024px) 100vw, 1024px\" \/><\/figure><div class=\"wp-block-media-text__content\">\n\n<p><strong>Enfoque interdisciplinario e integrador<\/strong><\/p>\n\n\n<p>Descubre un enfoque verdaderamente interdisciplinario que fusiona biolog\u00eda, qu\u00edmica, f\u00edsica y matem\u00e1ticas, abordando temas desde la s\u00edntesis qu\u00edmica hasta las fronteras de la biotecnolog\u00eda y la ingenier\u00eda gen\u00e9tica. En Qu\u00edmica y Farmacia UDD, no solo aprender\u00e1s las bases cient\u00edficas, sino que tambi\u00e9n explorar\u00e1s c\u00f3mo estas disciplinas se integran para innovar en la salud y la tecnolog\u00eda, prepar\u00e1ndote para enfrentar los desaf\u00edos del futuro con una visi\u00f3n hol\u00edstica y avanzada.&nbsp;<\/p>\n\n<\/div><\/div>\n\n\n\n<div class=\"wp-block-media-text has-media-on-the-right is-stacked-on-mobile\"><div class=\"wp-block-media-text__content\">\n\n<p><strong>Innovaci\u00f3n tecnol\u00f3gica<\/strong>&nbsp;<\/p>\n\n\n<p>En la carrera de Qu\u00edmica y Farmacia UDD, estar\u00e1s a la vanguardia de la innovaci\u00f3n tecnol\u00f3gica. Te sumergir\u00e1s en tecnolog\u00edas emergentes como la inteligencia artificial, la rob\u00f3tica y la nanotecnolog\u00eda, que est\u00e1n revolucionando el desarrollo de medicamentos y terapias. Prep\u00e1rate para ser parte de los avances que est\u00e1n transformando la salud y mejorar la calidad de vida a trav\u00e9s de la ciencia.&nbsp;<\/p>\n\n<\/div><figure class=\"wp-block-media-text__media\"><img loading=\"lazy\" decoding=\"async\" width=\"1024\" height=\"576\" src=\"https:\/\/medicina.udd.cl\/quimica-farmacia-santiago\/files\/2024\/08\/2-1024x576.png\" alt=\"\" class=\"wp-image-92 size-full\" srcset=\"https:\/\/medicina.udd.cl\/quimica-farmacia-santiago\/files\/2024\/08\/2-1024x576.png 1024w, https:\/\/medicina.udd.cl\/quimica-farmacia-santiago\/files\/2024\/08\/2-300x169.png 300w, https:\/\/medicina.udd.cl\/quimica-farmacia-santiago\/files\/2024\/08\/2-768x432.png 768w, https:\/\/medicina.udd.cl\/quimica-farmacia-santiago\/files\/2024\/08\/2-1536x864.png 1536w, https:\/\/medicina.udd.cl\/quimica-farmacia-santiago\/files\/2024\/08\/2-1366x768.png 1366w, https:\/\/medicina.udd.cl\/quimica-farmacia-santiago\/files\/2024\/08\/2-680x382.png 680w, https:\/\/medicina.udd.cl\/quimica-farmacia-santiago\/files\/2024\/08\/2.png 1920w\" sizes=\"auto, (max-width: 1024px) 100vw, 1024px\" \/><\/figure><\/div>\n\n\n\n<div class=\"wp-block-media-text alignfull is-stacked-on-mobile\" style=\"grid-template-columns:35% auto\"><figure class=\"wp-block-media-text__media\"><img loading=\"lazy\" decoding=\"async\" width=\"1024\" height=\"819\" src=\"https:\/\/medicina.udd.cl\/quimica-farmacia-santiago\/files\/2024\/12\/qf-sesion-micro-1024x819.jpg\" alt=\"\" class=\"wp-image-296 size-large\" srcset=\"https:\/\/medicina.udd.cl\/quimica-farmacia-santiago\/files\/2024\/12\/qf-sesion-micro-1024x819.jpg 1024w, https:\/\/medicina.udd.cl\/quimica-farmacia-santiago\/files\/2024\/12\/qf-sesion-micro-300x240.jpg 300w, https:\/\/medicina.udd.cl\/quimica-farmacia-santiago\/files\/2024\/12\/qf-sesion-micro-768x614.jpg 768w, https:\/\/medicina.udd.cl\/quimica-farmacia-santiago\/files\/2024\/12\/qf-sesion-micro-1536x1229.jpg 1536w, https:\/\/medicina.udd.cl\/quimica-farmacia-santiago\/files\/2024\/12\/qf-sesion-micro-2048x1639.jpg 2048w\" sizes=\"auto, (max-width: 1024px) 100vw, 1024px\" \/><\/figure><div class=\"wp-block-media-text__content\">\n<p><strong>Investigaci\u00f3n aplicada<\/strong>&nbsp;<br>Se fomenta el desarrollo en \u00e1reas avanzadas como la medicina personalizada, terapias gen\u00f3micas y el desarrollo sostenible de medicamentos. Tendr\u00e1s la oportunidad de colaborar con industrias y participar en ensayos cl\u00ednicos, lo que te permitir\u00e1 estar en la primera l\u00ednea de la innovaci\u00f3n en salud.&nbsp;<\/p>\n<\/div><\/div>\n\n\n\n<div class=\"wp-block-media-text has-media-on-the-right is-stacked-on-mobile\"><div class=\"wp-block-media-text__content\">\n\n<p><strong>Pr\u00e1ctica profesional en cl\u00ednicas<\/strong>&nbsp;<br>A trav\u00e9s de un aprendizaje experiencial, tendr\u00e1s la oportunidad de trabajar en entornos reales como laboratorios farmac\u00e9uticos, hospitales y centros de investigaci\u00f3n, lo que te permitir\u00e1 aplicar tus conocimientos directamente en el campo de la salud.<\/p>\n\n<\/div><figure class=\"wp-block-media-text__media\"><img loading=\"lazy\" decoding=\"async\" width=\"1024\" height=\"683\" src=\"http:\/\/medicina.udd.cl\/quimica-farmacia-santiago\/files\/2024\/08\/clinica_alemana_2024_vst-5025-1024x683.jpg\" alt=\"\" class=\"wp-image-67 size-full\" srcset=\"https:\/\/medicina.udd.cl\/quimica-farmacia-santiago\/files\/2024\/08\/clinica_alemana_2024_vst-5025-1024x683.jpg 1024w, https:\/\/medicina.udd.cl\/quimica-farmacia-santiago\/files\/2024\/08\/clinica_alemana_2024_vst-5025-300x200.jpg 300w, https:\/\/medicina.udd.cl\/quimica-farmacia-santiago\/files\/2024\/08\/clinica_alemana_2024_vst-5025-768x512.jpg 768w, https:\/\/medicina.udd.cl\/quimica-farmacia-santiago\/files\/2024\/08\/clinica_alemana_2024_vst-5025-1536x1024.jpg 1536w, https:\/\/medicina.udd.cl\/quimica-farmacia-santiago\/files\/2024\/08\/clinica_alemana_2024_vst-5025-2048x1365.jpg 2048w\" sizes=\"auto, (max-width: 1024px) 100vw, 1024px\" \/><\/figure><\/div>\n\n\n\n<div class=\"wp-block-media-text alignfull is-stacked-on-mobile\" style=\"grid-template-columns:35% auto\"><figure class=\"wp-block-media-text__media\"><img loading=\"lazy\" decoding=\"async\" width=\"1024\" height=\"576\" src=\"https:\/\/medicina.udd.cl\/quimica-farmacia-santiago\/files\/2024\/08\/3-1024x576.png\" alt=\"\" class=\"wp-image-88 size-large\" srcset=\"https:\/\/medicina.udd.cl\/quimica-farmacia-santiago\/files\/2024\/08\/3-1024x576.png 1024w, https:\/\/medicina.udd.cl\/quimica-farmacia-santiago\/files\/2024\/08\/3-300x169.png 300w, https:\/\/medicina.udd.cl\/quimica-farmacia-santiago\/files\/2024\/08\/3-768x432.png 768w, https:\/\/medicina.udd.cl\/quimica-farmacia-santiago\/files\/2024\/08\/3-1536x864.png 1536w, https:\/\/medicina.udd.cl\/quimica-farmacia-santiago\/files\/2024\/08\/3-1366x768.png 1366w, https:\/\/medicina.udd.cl\/quimica-farmacia-santiago\/files\/2024\/08\/3-680x382.png 680w, https:\/\/medicina.udd.cl\/quimica-farmacia-santiago\/files\/2024\/08\/3.png 1920w\" sizes=\"auto, (max-width: 1024px) 100vw, 1024px\" \/><\/figure><div class=\"wp-block-media-text__content\">\n<p><strong>S\u00f3lida formaci\u00f3n en \u00e9tica y regulaci\u00f3n<\/strong>&nbsp;<\/p>\n\n\n\n<p>Recibir\u00e1s una s\u00f3lida formaci\u00f3n en \u00e9tica profesional y en la normativa internacional que regula la investigaci\u00f3n y comercializaci\u00f3n de medicamentos. Este enfoque te preparar\u00e1 para tomar decisiones responsables y alineadas con los m\u00e1s altos est\u00e1ndares \u00e9ticos en el desarrollo y distribuci\u00f3n de productos farmac\u00e9uticos&nbsp;<\/p>\n<\/div><\/div>\n\n\n\n<div class=\"wp-block-media-text has-media-on-the-right is-stacked-on-mobile\"><div class=\"wp-block-media-text__content\">\n\n<p><strong>Visi\u00f3n global&nbsp;<\/strong>&nbsp;<\/p>\n\n\n<p>Te preparar\u00e1s para un futuro con una visi\u00f3n global, listo para desempe\u00f1arte tanto en Chile como en el mundo. Tendr\u00e1s la oportunidad de realizar un intercambio en el extranjero, enriqueciendo tu experiencia universitaria. Adem\u00e1s, cursar\u00e1s materias de la disciplina en ingl\u00e9s, asegurando que est\u00e9s preparado para trabajar en este idioma en cualquier parte del mundo.<\/p>\n\n<\/div><figure class=\"wp-block-media-text__media\"><img loading=\"lazy\" decoding=\"async\" width=\"1024\" height=\"576\" src=\"https:\/\/medicina.udd.cl\/quimica-farmacia-santiago\/files\/2024\/08\/diseno-sin-titulo-1024x576.png\" alt=\"\" class=\"wp-image-89 size-full\" srcset=\"https:\/\/medicina.udd.cl\/quimica-farmacia-santiago\/files\/2024\/08\/diseno-sin-titulo-1024x576.png 1024w, https:\/\/medicina.udd.cl\/quimica-farmacia-santiago\/files\/2024\/08\/diseno-sin-titulo-300x169.png 300w, https:\/\/medicina.udd.cl\/quimica-farmacia-santiago\/files\/2024\/08\/diseno-sin-titulo-768x432.png 768w, https:\/\/medicina.udd.cl\/quimica-farmacia-santiago\/files\/2024\/08\/diseno-sin-titulo-1536x864.png 1536w, https:\/\/medicina.udd.cl\/quimica-farmacia-santiago\/files\/2024\/08\/diseno-sin-titulo-1366x768.png 1366w, https:\/\/medicina.udd.cl\/quimica-farmacia-santiago\/files\/2024\/08\/diseno-sin-titulo-680x382.png 680w, https:\/\/medicina.udd.cl\/quimica-farmacia-santiago\/files\/2024\/08\/diseno-sin-titulo.png 1920w\" sizes=\"auto, (max-width: 1024px) 100vw, 1024px\" \/><\/figure><\/div>\n\n\n\n<div class=\"wp-block-media-text alignfull is-stacked-on-mobile\" style=\"grid-template-columns:35% auto\"><figure class=\"wp-block-media-text__media\"><img loading=\"lazy\" decoding=\"async\" width=\"1024\" height=\"576\" src=\"https:\/\/medicina.udd.cl\/quimica-farmacia-santiago\/files\/2024\/08\/diseno-sin-titulo-1-1024x576.png\" alt=\"\" class=\"wp-image-90 size-large\" srcset=\"https:\/\/medicina.udd.cl\/quimica-farmacia-santiago\/files\/2024\/08\/diseno-sin-titulo-1-1024x576.png 1024w, https:\/\/medicina.udd.cl\/quimica-farmacia-santiago\/files\/2024\/08\/diseno-sin-titulo-1-300x169.png 300w, https:\/\/medicina.udd.cl\/quimica-farmacia-santiago\/files\/2024\/08\/diseno-sin-titulo-1-768x432.png 768w, https:\/\/medicina.udd.cl\/quimica-farmacia-santiago\/files\/2024\/08\/diseno-sin-titulo-1-1536x864.png 1536w, https:\/\/medicina.udd.cl\/quimica-farmacia-santiago\/files\/2024\/08\/diseno-sin-titulo-1-1366x768.png 1366w, https:\/\/medicina.udd.cl\/quimica-farmacia-santiago\/files\/2024\/08\/diseno-sin-titulo-1-680x382.png 680w, https:\/\/medicina.udd.cl\/quimica-farmacia-santiago\/files\/2024\/08\/diseno-sin-titulo-1.png 1920w\" sizes=\"auto, (max-width: 1024px) 100vw, 1024px\" \/><\/figure><div class=\"wp-block-media-text__content\">\n<p><strong>Sustentabilidad<\/strong>&nbsp;<br>Aprender\u00e1s a integrar principios de qu\u00edmica verde y sostenibles en el desarrollo y producci\u00f3n de f\u00e1rmacos, con el objetivo de minimizar el impacto ambiental y contribuir a un futuro m\u00e1s saludable y sostenible.&nbsp;<\/p>\n<\/div><\/div>\n","protected":false},"excerpt":{"rendered":"<p>Enfoque interdisciplinario e integrador Descubre un enfoque verdaderamente interdisciplinario que fusiona biolog\u00eda, qu\u00edmica, f\u00edsica y matem\u00e1ticas, abordando temas desde la s\u00edntesis qu\u00edmica hasta las fronteras de la biotecnolog\u00eda y la ingenier\u00eda gen\u00e9tica. En Qu\u00edmica y Farmacia UDD, no solo aprender\u00e1s las bases cient\u00edficas, sino que tambi\u00e9n explorar\u00e1s c\u00f3mo estas disciplinas se integran para innovar en [&hellip;]<\/p>\n","protected":false},"author":9192254,"featured_media":0,"parent":0,"menu_order":0,"comment_status":"closed","ping_status":"closed","template":"","meta":{"footnotes":""},"class_list":["post-86","page","type-page","status-publish","hentry"],"yoast_head":"<!-- This site is optimized with the Yoast SEO plugin v26.9 - https:\/\/yoast.com\/product\/yoast-seo-wordpress\/ -->\n<title>\u00bfPor qu\u00e9 estudiar Qu\u00edmica y Farmacia en la UDD? - Qu\u00edmica y Farmacia<\/title>\n<meta name=\"robots\" content=\"index, follow, max-snippet:-1, max-image-preview:large, max-video-preview:-1\" \/>\n<link rel=\"canonical\" href=\"https:\/\/medicina.udd.cl\/quimica-farmacia-santiago\/por-que-estudiar-quimica-y-farmacia-en-la-udd\/\" \/>\n<meta property=\"og:locale\" content=\"es_ES\" \/>\n<meta property=\"og:type\" content=\"article\" \/>\n<meta property=\"og:title\" content=\"\u00bfPor qu\u00e9 estudiar Qu\u00edmica y Farmacia en la UDD? - Qu\u00edmica y Farmacia\" \/>\n<meta property=\"og:description\" content=\"Enfoque interdisciplinario e integrador Descubre un enfoque verdaderamente interdisciplinario que fusiona biolog\u00eda, qu\u00edmica, f\u00edsica y matem\u00e1ticas, abordando temas desde la s\u00edntesis qu\u00edmica hasta las fronteras de la biotecnolog\u00eda y la ingenier\u00eda gen\u00e9tica. En Qu\u00edmica y Farmacia UDD, no solo aprender\u00e1s las bases cient\u00edficas, sino que tambi\u00e9n explorar\u00e1s c\u00f3mo estas disciplinas se integran para innovar en [&hellip;]\" \/>\n<meta property=\"og:url\" content=\"https:\/\/medicina.udd.cl\/quimica-farmacia-santiago\/por-que-estudiar-quimica-y-farmacia-en-la-udd\/\" \/>\n<meta property=\"og:site_name\" content=\"Qu\u00edmica y Farmacia\" \/>\n<meta property=\"article:modified_time\" content=\"2024-12-12T15:36:27+00:00\" \/>\n<meta property=\"og:image\" content=\"https:\/\/medicina.udd.cl\/quimica-farmacia-santiago\/files\/2024\/08\/fm-sesion-estudiantes-2023-21-1024x683.jpg\" \/>\n<meta name=\"twitter:card\" content=\"summary_large_image\" \/>\n<meta name=\"twitter:label1\" content=\"Tiempo de lectura\" \/>\n\t<meta name=\"twitter:data1\" content=\"4 minutos\" \/>\n<script type=\"application\/ld+json\" class=\"yoast-schema-graph\">{\"@context\":\"https:\/\/schema.org\",\"@graph\":[{\"@type\":\"WebPage\",\"@id\":\"https:\/\/medicina.udd.cl\/quimica-farmacia-santiago\/por-que-estudiar-quimica-y-farmacia-en-la-udd\/\",\"url\":\"https:\/\/medicina.udd.cl\/quimica-farmacia-santiago\/por-que-estudiar-quimica-y-farmacia-en-la-udd\/\",\"name\":\"\u00bfPor qu\u00e9 estudiar Qu\u00edmica y Farmacia en la UDD? - Qu\u00edmica y Farmacia\",\"isPartOf\":{\"@id\":\"https:\/\/medicina.udd.cl\/quimica-farmacia-santiago\/#website\"},\"primaryImageOfPage\":{\"@id\":\"https:\/\/medicina.udd.cl\/quimica-farmacia-santiago\/por-que-estudiar-quimica-y-farmacia-en-la-udd\/#primaryimage\"},\"image\":{\"@id\":\"https:\/\/medicina.udd.cl\/quimica-farmacia-santiago\/por-que-estudiar-quimica-y-farmacia-en-la-udd\/#primaryimage\"},\"thumbnailUrl\":\"https:\/\/medicina.udd.cl\/quimica-farmacia-santiago\/files\/2024\/08\/fm-sesion-estudiantes-2023-21-1024x683.jpg\",\"datePublished\":\"2024-08-20T18:51:27+00:00\",\"dateModified\":\"2024-12-12T15:36:27+00:00\",\"breadcrumb\":{\"@id\":\"https:\/\/medicina.udd.cl\/quimica-farmacia-santiago\/por-que-estudiar-quimica-y-farmacia-en-la-udd\/#breadcrumb\"},\"inLanguage\":\"es\",\"potentialAction\":[{\"@type\":\"ReadAction\",\"target\":[\"https:\/\/medicina.udd.cl\/quimica-farmacia-santiago\/por-que-estudiar-quimica-y-farmacia-en-la-udd\/\"]}]},{\"@type\":\"ImageObject\",\"inLanguage\":\"es\",\"@id\":\"https:\/\/medicina.udd.cl\/quimica-farmacia-santiago\/por-que-estudiar-quimica-y-farmacia-en-la-udd\/#primaryimage\",\"url\":\"https:\/\/medicina.udd.cl\/quimica-farmacia-santiago\/files\/2024\/08\/fm-sesion-estudiantes-2023-21-scaled.jpg\",\"contentUrl\":\"https:\/\/medicina.udd.cl\/quimica-farmacia-santiago\/files\/2024\/08\/fm-sesion-estudiantes-2023-21-scaled.jpg\",\"width\":2560,\"height\":1707},{\"@type\":\"BreadcrumbList\",\"@id\":\"https:\/\/medicina.udd.cl\/quimica-farmacia-santiago\/por-que-estudiar-quimica-y-farmacia-en-la-udd\/#breadcrumb\",\"itemListElement\":[{\"@type\":\"ListItem\",\"position\":1,\"name\":\"Portada\",\"item\":\"https:\/\/medicina.udd.cl\/quimica-farmacia-santiago\/\"},{\"@type\":\"ListItem\",\"position\":2,\"name\":\"\u00bfPor qu\u00e9 estudiar Qu\u00edmica y Farmacia en la UDD?\"}]},{\"@type\":\"WebSite\",\"@id\":\"https:\/\/medicina.udd.cl\/quimica-farmacia-santiago\/#website\",\"url\":\"https:\/\/medicina.udd.cl\/quimica-farmacia-santiago\/\",\"name\":\"Qu\u00edmica y Farmacia\",\"description\":\"Facultad de Medicina Cl\u00ednica Alemana Universidad del Desarrollo\",\"inLanguage\":\"es\"}]}<\/script>\n<!-- \/ Yoast SEO plugin. -->","yoast_head_json":{"title":"\u00bfPor qu\u00e9 estudiar Qu\u00edmica y Farmacia en la UDD? - Qu\u00edmica y Farmacia","robots":{"index":"index","follow":"follow","max-snippet":"max-snippet:-1","max-image-preview":"max-image-preview:large","max-video-preview":"max-video-preview:-1"},"canonical":"https:\/\/medicina.udd.cl\/quimica-farmacia-santiago\/por-que-estudiar-quimica-y-farmacia-en-la-udd\/","og_locale":"es_ES","og_type":"article","og_title":"\u00bfPor qu\u00e9 estudiar Qu\u00edmica y Farmacia en la UDD? - Qu\u00edmica y Farmacia","og_description":"Enfoque interdisciplinario e integrador Descubre un enfoque verdaderamente interdisciplinario que fusiona biolog\u00eda, qu\u00edmica, f\u00edsica y matem\u00e1ticas, abordando temas desde la s\u00edntesis qu\u00edmica hasta las fronteras de la biotecnolog\u00eda y la ingenier\u00eda gen\u00e9tica. En Qu\u00edmica y Farmacia UDD, no solo aprender\u00e1s las bases cient\u00edficas, sino que tambi\u00e9n explorar\u00e1s c\u00f3mo estas disciplinas se integran para innovar en [&hellip;]","og_url":"https:\/\/medicina.udd.cl\/quimica-farmacia-santiago\/por-que-estudiar-quimica-y-farmacia-en-la-udd\/","og_site_name":"Qu\u00edmica y Farmacia","article_modified_time":"2024-12-12T15:36:27+00:00","og_image":[{"url":"https:\/\/medicina.udd.cl\/quimica-farmacia-santiago\/files\/2024\/08\/fm-sesion-estudiantes-2023-21-1024x683.jpg","type":"","width":"","height":""}],"twitter_card":"summary_large_image","twitter_misc":{"Tiempo de lectura":"4 minutos"},"schema":{"@context":"https:\/\/schema.org","@graph":[{"@type":"WebPage","@id":"https:\/\/medicina.udd.cl\/quimica-farmacia-santiago\/por-que-estudiar-quimica-y-farmacia-en-la-udd\/","url":"https:\/\/medicina.udd.cl\/quimica-farmacia-santiago\/por-que-estudiar-quimica-y-farmacia-en-la-udd\/","name":"\u00bfPor qu\u00e9 estudiar Qu\u00edmica y Farmacia en la UDD? - Qu\u00edmica y Farmacia","isPartOf":{"@id":"https:\/\/medicina.udd.cl\/quimica-farmacia-santiago\/#website"},"primaryImageOfPage":{"@id":"https:\/\/medicina.udd.cl\/quimica-farmacia-santiago\/por-que-estudiar-quimica-y-farmacia-en-la-udd\/#primaryimage"},"image":{"@id":"https:\/\/medicina.udd.cl\/quimica-farmacia-santiago\/por-que-estudiar-quimica-y-farmacia-en-la-udd\/#primaryimage"},"thumbnailUrl":"https:\/\/medicina.udd.cl\/quimica-farmacia-santiago\/files\/2024\/08\/fm-sesion-estudiantes-2023-21-1024x683.jpg","datePublished":"2024-08-20T18:51:27+00:00","dateModified":"2024-12-12T15:36:27+00:00","breadcrumb":{"@id":"https:\/\/medicina.udd.cl\/quimica-farmacia-santiago\/por-que-estudiar-quimica-y-farmacia-en-la-udd\/#breadcrumb"},"inLanguage":"es","potentialAction":[{"@type":"ReadAction","target":["https:\/\/medicina.udd.cl\/quimica-farmacia-santiago\/por-que-estudiar-quimica-y-farmacia-en-la-udd\/"]}]},{"@type":"ImageObject","inLanguage":"es","@id":"https:\/\/medicina.udd.cl\/quimica-farmacia-santiago\/por-que-estudiar-quimica-y-farmacia-en-la-udd\/#primaryimage","url":"https:\/\/medicina.udd.cl\/quimica-farmacia-santiago\/files\/2024\/08\/fm-sesion-estudiantes-2023-21-scaled.jpg","contentUrl":"https:\/\/medicina.udd.cl\/quimica-farmacia-santiago\/files\/2024\/08\/fm-sesion-estudiantes-2023-21-scaled.jpg","width":2560,"height":1707},{"@type":"BreadcrumbList","@id":"https:\/\/medicina.udd.cl\/quimica-farmacia-santiago\/por-que-estudiar-quimica-y-farmacia-en-la-udd\/#breadcrumb","itemListElement":[{"@type":"ListItem","position":1,"name":"Portada","item":"https:\/\/medicina.udd.cl\/quimica-farmacia-santiago\/"},{"@type":"ListItem","position":2,"name":"\u00bfPor qu\u00e9 estudiar Qu\u00edmica y Farmacia en la UDD?"}]},{"@type":"WebSite","@id":"https:\/\/medicina.udd.cl\/quimica-farmacia-santiago\/#website","url":"https:\/\/medicina.udd.cl\/quimica-farmacia-santiago\/","name":"Qu\u00edmica y Farmacia","description":"Facultad de Medicina Cl\u00ednica Alemana Universidad del Desarrollo","inLanguage":"es"}]}},"_links":{"self":[{"href":"https:\/\/medicina.udd.cl\/quimica-farmacia-santiago\/wp-json\/wp\/v2\/pages\/86","targetHints":{"allow":["GET"]}}],"collection":[{"href":"https:\/\/medicina.udd.cl\/quimica-farmacia-santiago\/wp-json\/wp\/v2\/pages"}],"about":[{"href":"https:\/\/medicina.udd.cl\/quimica-farmacia-santiago\/wp-json\/wp\/v2\/types\/page"}],"author":[{"embeddable":true,"href":"https:\/\/medicina.udd.cl\/quimica-farmacia-santiago\/wp-json\/wp\/v2\/users\/9192254"}],"replies":[{"embeddable":true,"href":"https:\/\/medicina.udd.cl\/quimica-farmacia-santiago\/wp-json\/wp\/v2\/comments?post=86"}],"version-history":[{"count":4,"href":"https:\/\/medicina.udd.cl\/quimica-farmacia-santiago\/wp-json\/wp\/v2\/pages\/86\/revisions"}],"predecessor-version":[{"id":297,"href":"https:\/\/medicina.udd.cl\/quimica-farmacia-santiago\/wp-json\/wp\/v2\/pages\/86\/revisions\/297"}],"wp:attachment":[{"href":"https:\/\/medicina.udd.cl\/quimica-farmacia-santiago\/wp-json\/wp\/v2\/media?parent=86"}],"curies":[{"name":"wp","href":"https:\/\/api.w.org\/{rel}","templated":true}]}}