{"id":12,"date":"2010-03-31T19:28:51","date_gmt":"2010-03-31T23:28:51","guid":{"rendered":"http:\/\/medicina.udd.cl\/tecnologia-medica\/sobre-la-carrera\/perfil-del-alumno\/"},"modified":"2014-09-23T16:13:31","modified_gmt":"2014-09-23T19:13:31","slug":"perfil-del-tecnologo-medico","status":"publish","type":"page","link":"https:\/\/medicina.udd.cl\/tecnologia-medica-santiago\/la-carrera\/perfil-del-tecnologo-medico\/","title":{"rendered":"Perfil del Tecn\u00f3logo M\u00e9dico"},"content":{"rendered":"<p>El estudiante de la carrera de Tecnolog\u00eda M\u00e9dica ejecuta ex\u00e1menes y procedimientos para el diagn\u00f3stico cl\u00ednico y tratamiento espec\u00edficos bajo est\u00e1ndares de calidad aprobados, fundamento fisiopatol\u00f3gico, bioseguridad y \u00e9tica profesional, proporcionando atenci\u00f3n integral al paciente y la comunidad, en el \u00e1mbito de la promoci\u00f3n, prevenci\u00f3n y recuperaci\u00f3n de la salud.<\/p>\n<p>Los estudiantes de la carrera de Tecnolog\u00eda M\u00e9dica aplican\u00a0conocimientos en las ciencias de la salud para participar en o desarrollar proyectos de investigaci\u00f3n seg\u00fan el m\u00e9todo cient\u00edfico que impacte a la comunidad, considerando los principios bio\u00e9ticos y de bioseguridad.<\/p>\n<p>Utiliza herramientas y conceptos de administraci\u00f3n y gesti\u00f3n, para optimizar los procesos y recursos dentro de las organizaciones de salud, demostrando habilidades gerenciales, comunicacionales y de liderazgo.<\/p>\n<p><a href=\"http:\/\/medicina.udd.cl\/tecnologia-medica-santiago\/files\/2010\/03\/IMG_0071.jpg\"><img loading=\"lazy\" decoding=\"async\" class=\"aligncenter size-medium wp-image-2422\" alt=\"DIGITAL CAMERA\" src=\"http:\/\/medicina.udd.cl\/tecnologia-medica-santiago\/files\/2010\/03\/IMG_0071-300x225.jpg\" width=\"300\" height=\"225\" srcset=\"https:\/\/medicina.udd.cl\/tecnologia-medica-santiago\/files\/2010\/03\/IMG_0071-300x225.jpg 300w, https:\/\/medicina.udd.cl\/tecnologia-medica-santiago\/files\/2010\/03\/IMG_0071.jpg 640w\" sizes=\"auto, (max-width: 300px) 100vw, 300px\" \/><\/a><\/p>\n","protected":false},"excerpt":{"rendered":"<p>El Tecn\u00f3logo M\u00e9dico con especialidad, egresado de la Universidad del Desarrollo ser\u00e1 un profesional aut\u00f3nomo, capaz de ejecutar, desarrollar y validar ex\u00e1menes y procedimientos en las \u00e1reas de Laboratorio Cl\u00ednico, Anatom\u00eda Patol\u00f3gica, en Imagenolog\u00eda y F\u00edsica M\u00e9dica y en Oftalmolog\u00eda y Optometr\u00eda.<\/p>\n","protected":false},"author":1,"featured_media":0,"parent":3,"menu_order":20,"comment_status":"open","ping_status":"open","template":"","meta":{"footnotes":""},"class_list":["post-12","page","type-page","status-publish","hentry"],"yoast_head":"<!-- This site is optimized with the Yoast SEO plugin v26.9 - https:\/\/yoast.com\/product\/yoast-seo-wordpress\/ -->\n<title>Perfil Tecn\u00f3logo M\u00e9dico | Tecnolog\u00eda M\u00e9dica (Santiago)| Universidad del Desarrollo<\/title>\n<meta name=\"description\" content=\"El Tecn\u00f3logo M\u00e9dico UDD ser\u00e1 un profesional aut\u00f3nomo, capaz de ejecutar, desarrollar y validar ex\u00e1menes.\" \/>\n<meta name=\"robots\" content=\"index, follow, max-snippet:-1, max-image-preview:large, max-video-preview:-1\" \/>\n<link rel=\"canonical\" href=\"https:\/\/medicina.udd.cl\/tecnologia-medica-santiago\/la-carrera\/perfil-del-tecnologo-medico\/\" \/>\n<meta property=\"og:locale\" content=\"es_ES\" \/>\n<meta property=\"og:type\" content=\"article\" \/>\n<meta property=\"og:title\" content=\"Perfil Tecn\u00f3logo M\u00e9dico | Tecnolog\u00eda M\u00e9dica (Santiago)| Universidad del Desarrollo\" \/>\n<meta property=\"og:description\" content=\"El Tecn\u00f3logo M\u00e9dico UDD ser\u00e1 un profesional aut\u00f3nomo, capaz de ejecutar, desarrollar y validar ex\u00e1menes.\" \/>\n<meta property=\"og:url\" content=\"https:\/\/medicina.udd.cl\/tecnologia-medica-santiago\/la-carrera\/perfil-del-tecnologo-medico\/\" \/>\n<meta property=\"og:site_name\" content=\"Tecnolog\u00eda M\u00e9dica\" \/>\n<meta property=\"article:modified_time\" content=\"2014-09-23T19:13:31+00:00\" \/>\n<meta property=\"og:image\" content=\"http:\/\/medicina.udd.cl\/tecnologia-medica-santiago\/files\/2010\/03\/IMG_0071-300x225.jpg\" \/>\n<meta name=\"twitter:label1\" content=\"Tiempo de lectura\" \/>\n\t<meta name=\"twitter:data1\" content=\"1 minuto\" \/>\n<script type=\"application\/ld+json\" class=\"yoast-schema-graph\">{\"@context\":\"https:\/\/schema.org\",\"@graph\":[{\"@type\":\"WebPage\",\"@id\":\"https:\/\/medicina.udd.cl\/tecnologia-medica-santiago\/la-carrera\/perfil-del-tecnologo-medico\/\",\"url\":\"https:\/\/medicina.udd.cl\/tecnologia-medica-santiago\/la-carrera\/perfil-del-tecnologo-medico\/\",\"name\":\"Perfil Tecn\u00f3logo M\u00e9dico | Tecnolog\u00eda M\u00e9dica (Santiago)| Universidad del Desarrollo\",\"isPartOf\":{\"@id\":\"https:\/\/medicina.udd.cl\/tecnologia-medica-santiago\/#website\"},\"primaryImageOfPage\":{\"@id\":\"https:\/\/medicina.udd.cl\/tecnologia-medica-santiago\/la-carrera\/perfil-del-tecnologo-medico\/#primaryimage\"},\"image\":{\"@id\":\"https:\/\/medicina.udd.cl\/tecnologia-medica-santiago\/la-carrera\/perfil-del-tecnologo-medico\/#primaryimage\"},\"thumbnailUrl\":\"http:\/\/medicina.udd.cl\/tecnologia-medica-santiago\/files\/2010\/03\/IMG_0071-300x225.jpg\",\"datePublished\":\"2010-03-31T23:28:51+00:00\",\"dateModified\":\"2014-09-23T19:13:31+00:00\",\"description\":\"El Tecn\u00f3logo M\u00e9dico UDD ser\u00e1 un profesional aut\u00f3nomo, capaz de ejecutar, desarrollar y validar ex\u00e1menes.\",\"breadcrumb\":{\"@id\":\"https:\/\/medicina.udd.cl\/tecnologia-medica-santiago\/la-carrera\/perfil-del-tecnologo-medico\/#breadcrumb\"},\"inLanguage\":\"es\",\"potentialAction\":[{\"@type\":\"ReadAction\",\"target\":[\"https:\/\/medicina.udd.cl\/tecnologia-medica-santiago\/la-carrera\/perfil-del-tecnologo-medico\/\"]}]},{\"@type\":\"ImageObject\",\"inLanguage\":\"es\",\"@id\":\"https:\/\/medicina.udd.cl\/tecnologia-medica-santiago\/la-carrera\/perfil-del-tecnologo-medico\/#primaryimage\",\"url\":\"http:\/\/medicina.udd.cl\/tecnologia-medica-santiago\/files\/2010\/03\/IMG_0071-300x225.jpg\",\"contentUrl\":\"http:\/\/medicina.udd.cl\/tecnologia-medica-santiago\/files\/2010\/03\/IMG_0071-300x225.jpg\"},{\"@type\":\"BreadcrumbList\",\"@id\":\"https:\/\/medicina.udd.cl\/tecnologia-medica-santiago\/la-carrera\/perfil-del-tecnologo-medico\/#breadcrumb\",\"itemListElement\":[{\"@type\":\"ListItem\",\"position\":1,\"name\":\"Home\",\"item\":\"https:\/\/medicina.udd.cl\/tecnologia-medica-santiago\/\"},{\"@type\":\"ListItem\",\"position\":2,\"name\":\"La Carrera\",\"item\":\"https:\/\/medicina.udd.cl\/tecnologia-medica-santiago\/la-carrera\/\"},{\"@type\":\"ListItem\",\"position\":3,\"name\":\"Perfil del Tecn\u00f3logo M\u00e9dico\"}]},{\"@type\":\"WebSite\",\"@id\":\"https:\/\/medicina.udd.cl\/tecnologia-medica-santiago\/#website\",\"url\":\"https:\/\/medicina.udd.cl\/tecnologia-medica-santiago\/\",\"name\":\"Tecnolog\u00eda M\u00e9dica\",\"description\":\"Facultad de Medicina Cl\u00ednica Alemana Universidad del Desarrollo\",\"inLanguage\":\"es\"}]}<\/script>\n<!-- \/ Yoast SEO plugin. -->","yoast_head_json":{"title":"Perfil Tecn\u00f3logo M\u00e9dico | Tecnolog\u00eda M\u00e9dica (Santiago)| Universidad del Desarrollo","description":"El Tecn\u00f3logo M\u00e9dico UDD ser\u00e1 un profesional aut\u00f3nomo, capaz de ejecutar, desarrollar y validar ex\u00e1menes.","robots":{"index":"index","follow":"follow","max-snippet":"max-snippet:-1","max-image-preview":"max-image-preview:large","max-video-preview":"max-video-preview:-1"},"canonical":"https:\/\/medicina.udd.cl\/tecnologia-medica-santiago\/la-carrera\/perfil-del-tecnologo-medico\/","og_locale":"es_ES","og_type":"article","og_title":"Perfil Tecn\u00f3logo M\u00e9dico | Tecnolog\u00eda M\u00e9dica (Santiago)| Universidad del Desarrollo","og_description":"El Tecn\u00f3logo M\u00e9dico UDD ser\u00e1 un profesional aut\u00f3nomo, capaz de ejecutar, desarrollar y validar ex\u00e1menes.","og_url":"https:\/\/medicina.udd.cl\/tecnologia-medica-santiago\/la-carrera\/perfil-del-tecnologo-medico\/","og_site_name":"Tecnolog\u00eda M\u00e9dica","article_modified_time":"2014-09-23T19:13:31+00:00","og_image":[{"url":"http:\/\/medicina.udd.cl\/tecnologia-medica-santiago\/files\/2010\/03\/IMG_0071-300x225.jpg","type":"","width":"","height":""}],"twitter_misc":{"Tiempo de lectura":"1 minuto"},"schema":{"@context":"https:\/\/schema.org","@graph":[{"@type":"WebPage","@id":"https:\/\/medicina.udd.cl\/tecnologia-medica-santiago\/la-carrera\/perfil-del-tecnologo-medico\/","url":"https:\/\/medicina.udd.cl\/tecnologia-medica-santiago\/la-carrera\/perfil-del-tecnologo-medico\/","name":"Perfil Tecn\u00f3logo M\u00e9dico | Tecnolog\u00eda M\u00e9dica (Santiago)| Universidad del Desarrollo","isPartOf":{"@id":"https:\/\/medicina.udd.cl\/tecnologia-medica-santiago\/#website"},"primaryImageOfPage":{"@id":"https:\/\/medicina.udd.cl\/tecnologia-medica-santiago\/la-carrera\/perfil-del-tecnologo-medico\/#primaryimage"},"image":{"@id":"https:\/\/medicina.udd.cl\/tecnologia-medica-santiago\/la-carrera\/perfil-del-tecnologo-medico\/#primaryimage"},"thumbnailUrl":"http:\/\/medicina.udd.cl\/tecnologia-medica-santiago\/files\/2010\/03\/IMG_0071-300x225.jpg","datePublished":"2010-03-31T23:28:51+00:00","dateModified":"2014-09-23T19:13:31+00:00","description":"El Tecn\u00f3logo M\u00e9dico UDD ser\u00e1 un profesional aut\u00f3nomo, capaz de ejecutar, desarrollar y validar ex\u00e1menes.","breadcrumb":{"@id":"https:\/\/medicina.udd.cl\/tecnologia-medica-santiago\/la-carrera\/perfil-del-tecnologo-medico\/#breadcrumb"},"inLanguage":"es","potentialAction":[{"@type":"ReadAction","target":["https:\/\/medicina.udd.cl\/tecnologia-medica-santiago\/la-carrera\/perfil-del-tecnologo-medico\/"]}]},{"@type":"ImageObject","inLanguage":"es","@id":"https:\/\/medicina.udd.cl\/tecnologia-medica-santiago\/la-carrera\/perfil-del-tecnologo-medico\/#primaryimage","url":"http:\/\/medicina.udd.cl\/tecnologia-medica-santiago\/files\/2010\/03\/IMG_0071-300x225.jpg","contentUrl":"http:\/\/medicina.udd.cl\/tecnologia-medica-santiago\/files\/2010\/03\/IMG_0071-300x225.jpg"},{"@type":"BreadcrumbList","@id":"https:\/\/medicina.udd.cl\/tecnologia-medica-santiago\/la-carrera\/perfil-del-tecnologo-medico\/#breadcrumb","itemListElement":[{"@type":"ListItem","position":1,"name":"Home","item":"https:\/\/medicina.udd.cl\/tecnologia-medica-santiago\/"},{"@type":"ListItem","position":2,"name":"La Carrera","item":"https:\/\/medicina.udd.cl\/tecnologia-medica-santiago\/la-carrera\/"},{"@type":"ListItem","position":3,"name":"Perfil del Tecn\u00f3logo M\u00e9dico"}]},{"@type":"WebSite","@id":"https:\/\/medicina.udd.cl\/tecnologia-medica-santiago\/#website","url":"https:\/\/medicina.udd.cl\/tecnologia-medica-santiago\/","name":"Tecnolog\u00eda M\u00e9dica","description":"Facultad de Medicina Cl\u00ednica Alemana Universidad del Desarrollo","inLanguage":"es"}]}},"_links":{"self":[{"href":"https:\/\/medicina.udd.cl\/tecnologia-medica-santiago\/wp-json\/wp\/v2\/pages\/12","targetHints":{"allow":["GET"]}}],"collection":[{"href":"https:\/\/medicina.udd.cl\/tecnologia-medica-santiago\/wp-json\/wp\/v2\/pages"}],"about":[{"href":"https:\/\/medicina.udd.cl\/tecnologia-medica-santiago\/wp-json\/wp\/v2\/types\/page"}],"author":[{"embeddable":true,"href":"https:\/\/medicina.udd.cl\/tecnologia-medica-santiago\/wp-json\/wp\/v2\/users\/1"}],"replies":[{"embeddable":true,"href":"https:\/\/medicina.udd.cl\/tecnologia-medica-santiago\/wp-json\/wp\/v2\/comments?post=12"}],"version-history":[{"count":23,"href":"https:\/\/medicina.udd.cl\/tecnologia-medica-santiago\/wp-json\/wp\/v2\/pages\/12\/revisions"}],"predecessor-version":[{"id":3085,"href":"https:\/\/medicina.udd.cl\/tecnologia-medica-santiago\/wp-json\/wp\/v2\/pages\/12\/revisions\/3085"}],"up":[{"embeddable":true,"href":"https:\/\/medicina.udd.cl\/tecnologia-medica-santiago\/wp-json\/wp\/v2\/pages\/3"}],"wp:attachment":[{"href":"https:\/\/medicina.udd.cl\/tecnologia-medica-santiago\/wp-json\/wp\/v2\/media?parent=12"}],"curies":[{"name":"wp","href":"https:\/\/api.w.org\/{rel}","templated":true}]}}