{"id":20,"date":"2010-03-31T19:28:52","date_gmt":"2010-03-31T23:28:52","guid":{"rendered":"http:\/\/medicina.udd.cl\/tecnologia-medica\/vida-universitaria\/centro-de-alumnos\/"},"modified":"2018-08-20T12:03:36","modified_gmt":"2018-08-20T15:03:36","slug":"centro-de-alumnos","status":"publish","type":"page","link":"https:\/\/medicina.udd.cl\/tecnologia-medica-santiago\/vida-universitaria\/centro-de-alumnos\/","title":{"rendered":"Centro de Alumnos"},"content":{"rendered":"<p><a href=\"http:\/\/medicina.udd.cl\/tecnologia-medica-santiago\/files\/2018\/08\/Captura-de-pantalla-2018-08-17-a-las-12.55.07.png\" rel=\"attachment wp-att-4313\"><img loading=\"lazy\" decoding=\"async\" class=\"aligncenter wp-image-5429\" src=\"http:\/\/medicina.udd.cl\/tecnologia-medica-santiago\/files\/2018\/08\/Captura-de-pantalla-2018-08-17-a-las-12.55.07-150x150.png\" alt=\"\" width=\"400\" height=\"257\" srcset=\"https:\/\/medicina.udd.cl\/tecnologia-medica-santiago\/files\/2018\/08\/Captura-de-pantalla-2018-08-17-a-las-12.55.07-300x193.png 300w, https:\/\/medicina.udd.cl\/tecnologia-medica-santiago\/files\/2018\/08\/Captura-de-pantalla-2018-08-17-a-las-12.55.07-768x493.png 768w, https:\/\/medicina.udd.cl\/tecnologia-medica-santiago\/files\/2018\/08\/Captura-de-pantalla-2018-08-17-a-las-12.55.07-1024x657.png 1024w, https:\/\/medicina.udd.cl\/tecnologia-medica-santiago\/files\/2018\/08\/Captura-de-pantalla-2018-08-17-a-las-12.55.07-125x80.png 125w, https:\/\/medicina.udd.cl\/tecnologia-medica-santiago\/files\/2018\/08\/Captura-de-pantalla-2018-08-17-a-las-12.55.07-960x616.png 960w, https:\/\/medicina.udd.cl\/tecnologia-medica-santiago\/files\/2018\/08\/Captura-de-pantalla-2018-08-17-a-las-12.55.07.png 1042w\" sizes=\"auto, (max-width: 400px) 100vw, 400px\" \/><\/a><\/p>\n<p>El Centro de Estudiantes 2018 de Tecnolog\u00eda M\u00e9dica est\u00e1 conformado por las siguientes personas:<\/p>\n<ul>\n<li><strong>Presidenta:<\/strong>\u00a0Consuelo Escobar<\/li>\n<li><strong>Vicepresidenta 1:<\/strong>\u00a0Mauricio Aleuanlli<\/li>\n<li><strong>Vicepresidenta 2:<\/strong>\u00a0Camilo Silva<\/li>\n<li><strong>Secretaria General:<\/strong>\u00a0Paz Vald\u00e9s<\/li>\n<li><strong>Secretario Ejecutivo:<\/strong>\u00a0Camilo Recabal<\/li>\n<li><strong>Tesorera:<\/strong>\u00a0Marcela Vergara<\/li>\n<\/ul>\n","protected":false},"excerpt":{"rendered":"<p>El Centro de Estudiantes 2018 de Tecnolog\u00eda M\u00e9dica est\u00e1 conformado por las siguientes personas: Presidenta:\u00a0Consuelo Escobar Vicepresidenta 1:\u00a0Mauricio Aleuanlli Vicepresidenta 2:\u00a0Camilo Silva Secretaria General:\u00a0Paz Vald\u00e9s Secretario Ejecutivo:\u00a0Camilo Recabal Tesorera:\u00a0Marcela Vergara<\/p>\n","protected":false},"author":1,"featured_media":0,"parent":7,"menu_order":0,"comment_status":"open","ping_status":"open","template":"","meta":{"footnotes":""},"class_list":["post-20","page","type-page","status-publish","hentry"],"yoast_head":"<!-- This site is optimized with the Yoast SEO plugin v26.9 - https:\/\/yoast.com\/product\/yoast-seo-wordpress\/ -->\n<title>Centro de Alumnos| Carrera de Tecnolog\u00eda M\u00e9dica (Santiago) UDD<\/title>\n<meta name=\"description\" content=\"Conoce a nuestro centro de alumnos de la carrera de Tecnolog\u00eda M\u00e9dica los cuales organizaran y velaran por tu bienestar dentro de la carrera.\" \/>\n<meta name=\"robots\" content=\"index, follow, max-snippet:-1, max-image-preview:large, max-video-preview:-1\" \/>\n<link rel=\"canonical\" href=\"https:\/\/medicina.udd.cl\/tecnologia-medica-santiago\/vida-universitaria\/centro-de-alumnos\/\" \/>\n<meta property=\"og:locale\" content=\"es_ES\" \/>\n<meta property=\"og:type\" content=\"article\" \/>\n<meta property=\"og:title\" content=\"Centro de Alumnos| Carrera de Tecnolog\u00eda M\u00e9dica (Santiago) UDD\" \/>\n<meta property=\"og:description\" content=\"Conoce a nuestro centro de alumnos de la carrera de Tecnolog\u00eda M\u00e9dica los cuales organizaran y velaran por tu bienestar dentro de la carrera.\" \/>\n<meta property=\"og:url\" content=\"https:\/\/medicina.udd.cl\/tecnologia-medica-santiago\/vida-universitaria\/centro-de-alumnos\/\" \/>\n<meta property=\"og:site_name\" content=\"Tecnolog\u00eda M\u00e9dica\" \/>\n<meta property=\"article:modified_time\" content=\"2018-08-20T15:03:36+00:00\" \/>\n<meta property=\"og:image\" content=\"http:\/\/medicina.udd.cl\/tecnologia-medica-santiago\/files\/2018\/08\/Captura-de-pantalla-2018-08-17-a-las-12.55.07-150x150.png\" \/>\n<script type=\"application\/ld+json\" class=\"yoast-schema-graph\">{\"@context\":\"https:\/\/schema.org\",\"@graph\":[{\"@type\":\"WebPage\",\"@id\":\"https:\/\/medicina.udd.cl\/tecnologia-medica-santiago\/vida-universitaria\/centro-de-alumnos\/\",\"url\":\"https:\/\/medicina.udd.cl\/tecnologia-medica-santiago\/vida-universitaria\/centro-de-alumnos\/\",\"name\":\"Centro de Alumnos| Carrera de Tecnolog\u00eda M\u00e9dica (Santiago) UDD\",\"isPartOf\":{\"@id\":\"https:\/\/medicina.udd.cl\/tecnologia-medica-santiago\/#website\"},\"primaryImageOfPage\":{\"@id\":\"https:\/\/medicina.udd.cl\/tecnologia-medica-santiago\/vida-universitaria\/centro-de-alumnos\/#primaryimage\"},\"image\":{\"@id\":\"https:\/\/medicina.udd.cl\/tecnologia-medica-santiago\/vida-universitaria\/centro-de-alumnos\/#primaryimage\"},\"thumbnailUrl\":\"http:\/\/medicina.udd.cl\/tecnologia-medica-santiago\/files\/2018\/08\/Captura-de-pantalla-2018-08-17-a-las-12.55.07-150x150.png\",\"datePublished\":\"2010-03-31T23:28:52+00:00\",\"dateModified\":\"2018-08-20T15:03:36+00:00\",\"description\":\"Conoce a nuestro centro de alumnos de la carrera de Tecnolog\u00eda M\u00e9dica los cuales organizaran y velaran por tu bienestar dentro de la carrera.\",\"breadcrumb\":{\"@id\":\"https:\/\/medicina.udd.cl\/tecnologia-medica-santiago\/vida-universitaria\/centro-de-alumnos\/#breadcrumb\"},\"inLanguage\":\"es\",\"potentialAction\":[{\"@type\":\"ReadAction\",\"target\":[\"https:\/\/medicina.udd.cl\/tecnologia-medica-santiago\/vida-universitaria\/centro-de-alumnos\/\"]}]},{\"@type\":\"ImageObject\",\"inLanguage\":\"es\",\"@id\":\"https:\/\/medicina.udd.cl\/tecnologia-medica-santiago\/vida-universitaria\/centro-de-alumnos\/#primaryimage\",\"url\":\"http:\/\/medicina.udd.cl\/tecnologia-medica-santiago\/files\/2018\/08\/Captura-de-pantalla-2018-08-17-a-las-12.55.07-150x150.png\",\"contentUrl\":\"http:\/\/medicina.udd.cl\/tecnologia-medica-santiago\/files\/2018\/08\/Captura-de-pantalla-2018-08-17-a-las-12.55.07-150x150.png\"},{\"@type\":\"BreadcrumbList\",\"@id\":\"https:\/\/medicina.udd.cl\/tecnologia-medica-santiago\/vida-universitaria\/centro-de-alumnos\/#breadcrumb\",\"itemListElement\":[{\"@type\":\"ListItem\",\"position\":1,\"name\":\"Home\",\"item\":\"https:\/\/medicina.udd.cl\/tecnologia-medica-santiago\/\"},{\"@type\":\"ListItem\",\"position\":2,\"name\":\"Vida Universitaria\",\"item\":\"https:\/\/medicina.udd.cl\/tecnologia-medica-santiago\/vida-universitaria\/\"},{\"@type\":\"ListItem\",\"position\":3,\"name\":\"Centro de Alumnos\"}]},{\"@type\":\"WebSite\",\"@id\":\"https:\/\/medicina.udd.cl\/tecnologia-medica-santiago\/#website\",\"url\":\"https:\/\/medicina.udd.cl\/tecnologia-medica-santiago\/\",\"name\":\"Tecnolog\u00eda M\u00e9dica\",\"description\":\"Facultad de Medicina Cl\u00ednica Alemana Universidad del Desarrollo\",\"inLanguage\":\"es\"}]}<\/script>\n<!-- \/ Yoast SEO plugin. -->","yoast_head_json":{"title":"Centro de Alumnos| Carrera de Tecnolog\u00eda M\u00e9dica (Santiago) UDD","description":"Conoce a nuestro centro de alumnos de la carrera de Tecnolog\u00eda M\u00e9dica los cuales organizaran y velaran por tu bienestar dentro de la carrera.","robots":{"index":"index","follow":"follow","max-snippet":"max-snippet:-1","max-image-preview":"max-image-preview:large","max-video-preview":"max-video-preview:-1"},"canonical":"https:\/\/medicina.udd.cl\/tecnologia-medica-santiago\/vida-universitaria\/centro-de-alumnos\/","og_locale":"es_ES","og_type":"article","og_title":"Centro de Alumnos| Carrera de Tecnolog\u00eda M\u00e9dica (Santiago) UDD","og_description":"Conoce a nuestro centro de alumnos de la carrera de Tecnolog\u00eda M\u00e9dica los cuales organizaran y velaran por tu bienestar dentro de la carrera.","og_url":"https:\/\/medicina.udd.cl\/tecnologia-medica-santiago\/vida-universitaria\/centro-de-alumnos\/","og_site_name":"Tecnolog\u00eda M\u00e9dica","article_modified_time":"2018-08-20T15:03:36+00:00","og_image":[{"url":"http:\/\/medicina.udd.cl\/tecnologia-medica-santiago\/files\/2018\/08\/Captura-de-pantalla-2018-08-17-a-las-12.55.07-150x150.png","type":"","width":"","height":""}],"schema":{"@context":"https:\/\/schema.org","@graph":[{"@type":"WebPage","@id":"https:\/\/medicina.udd.cl\/tecnologia-medica-santiago\/vida-universitaria\/centro-de-alumnos\/","url":"https:\/\/medicina.udd.cl\/tecnologia-medica-santiago\/vida-universitaria\/centro-de-alumnos\/","name":"Centro de Alumnos| Carrera de Tecnolog\u00eda M\u00e9dica (Santiago) UDD","isPartOf":{"@id":"https:\/\/medicina.udd.cl\/tecnologia-medica-santiago\/#website"},"primaryImageOfPage":{"@id":"https:\/\/medicina.udd.cl\/tecnologia-medica-santiago\/vida-universitaria\/centro-de-alumnos\/#primaryimage"},"image":{"@id":"https:\/\/medicina.udd.cl\/tecnologia-medica-santiago\/vida-universitaria\/centro-de-alumnos\/#primaryimage"},"thumbnailUrl":"http:\/\/medicina.udd.cl\/tecnologia-medica-santiago\/files\/2018\/08\/Captura-de-pantalla-2018-08-17-a-las-12.55.07-150x150.png","datePublished":"2010-03-31T23:28:52+00:00","dateModified":"2018-08-20T15:03:36+00:00","description":"Conoce a nuestro centro de alumnos de la carrera de Tecnolog\u00eda M\u00e9dica los cuales organizaran y velaran por tu bienestar dentro de la carrera.","breadcrumb":{"@id":"https:\/\/medicina.udd.cl\/tecnologia-medica-santiago\/vida-universitaria\/centro-de-alumnos\/#breadcrumb"},"inLanguage":"es","potentialAction":[{"@type":"ReadAction","target":["https:\/\/medicina.udd.cl\/tecnologia-medica-santiago\/vida-universitaria\/centro-de-alumnos\/"]}]},{"@type":"ImageObject","inLanguage":"es","@id":"https:\/\/medicina.udd.cl\/tecnologia-medica-santiago\/vida-universitaria\/centro-de-alumnos\/#primaryimage","url":"http:\/\/medicina.udd.cl\/tecnologia-medica-santiago\/files\/2018\/08\/Captura-de-pantalla-2018-08-17-a-las-12.55.07-150x150.png","contentUrl":"http:\/\/medicina.udd.cl\/tecnologia-medica-santiago\/files\/2018\/08\/Captura-de-pantalla-2018-08-17-a-las-12.55.07-150x150.png"},{"@type":"BreadcrumbList","@id":"https:\/\/medicina.udd.cl\/tecnologia-medica-santiago\/vida-universitaria\/centro-de-alumnos\/#breadcrumb","itemListElement":[{"@type":"ListItem","position":1,"name":"Home","item":"https:\/\/medicina.udd.cl\/tecnologia-medica-santiago\/"},{"@type":"ListItem","position":2,"name":"Vida Universitaria","item":"https:\/\/medicina.udd.cl\/tecnologia-medica-santiago\/vida-universitaria\/"},{"@type":"ListItem","position":3,"name":"Centro de Alumnos"}]},{"@type":"WebSite","@id":"https:\/\/medicina.udd.cl\/tecnologia-medica-santiago\/#website","url":"https:\/\/medicina.udd.cl\/tecnologia-medica-santiago\/","name":"Tecnolog\u00eda M\u00e9dica","description":"Facultad de Medicina Cl\u00ednica Alemana Universidad del Desarrollo","inLanguage":"es"}]}},"_links":{"self":[{"href":"https:\/\/medicina.udd.cl\/tecnologia-medica-santiago\/wp-json\/wp\/v2\/pages\/20","targetHints":{"allow":["GET"]}}],"collection":[{"href":"https:\/\/medicina.udd.cl\/tecnologia-medica-santiago\/wp-json\/wp\/v2\/pages"}],"about":[{"href":"https:\/\/medicina.udd.cl\/tecnologia-medica-santiago\/wp-json\/wp\/v2\/types\/page"}],"author":[{"embeddable":true,"href":"https:\/\/medicina.udd.cl\/tecnologia-medica-santiago\/wp-json\/wp\/v2\/users\/1"}],"replies":[{"embeddable":true,"href":"https:\/\/medicina.udd.cl\/tecnologia-medica-santiago\/wp-json\/wp\/v2\/comments?post=20"}],"version-history":[{"count":15,"href":"https:\/\/medicina.udd.cl\/tecnologia-medica-santiago\/wp-json\/wp\/v2\/pages\/20\/revisions"}],"predecessor-version":[{"id":5433,"href":"https:\/\/medicina.udd.cl\/tecnologia-medica-santiago\/wp-json\/wp\/v2\/pages\/20\/revisions\/5433"}],"up":[{"embeddable":true,"href":"https:\/\/medicina.udd.cl\/tecnologia-medica-santiago\/wp-json\/wp\/v2\/pages\/7"}],"wp:attachment":[{"href":"https:\/\/medicina.udd.cl\/tecnologia-medica-santiago\/wp-json\/wp\/v2\/media?parent=20"}],"curies":[{"name":"wp","href":"https:\/\/api.w.org\/{rel}","templated":true}]}}