{"id":2576,"date":"2013-10-10T11:35:54","date_gmt":"2013-10-10T15:35:54","guid":{"rendered":"http:\/\/medicina.udd.cl\/tecnologia-medica-santiago\/?page_id=2576"},"modified":"2013-10-10T11:35:54","modified_gmt":"2013-10-10T15:35:54","slug":"contacto","status":"publish","type":"page","link":"https:\/\/medicina.udd.cl\/tecnologia-medica-santiago\/contacto\/","title":{"rendered":"Contacto"},"content":{"rendered":"<p><script type=\"text\/javascript\" src=\"http:\/\/www.udd.cl\/dircom\/web\/formulariocontactanos.js\"><\/script><\/p>\n<p><iframe id=\"uddframe5\"align=\"left\" allowtransparency=\"true\" frameborder=\"0\" scrolling=\"no\" style=\"width:668px; max-width: 668px; height:1500px; border:none; text-align:left;\" src=\"\"><\/iframe><\/p>\n","protected":false},"excerpt":{"rendered":"","protected":false},"author":1,"featured_media":0,"parent":0,"menu_order":0,"comment_status":"open","ping_status":"open","template":"template-wide-content.php","meta":{"footnotes":""},"class_list":["post-2576","page","type-page","status-publish","hentry"],"yoast_head":"<!-- This site is optimized with the Yoast SEO plugin v26.9 - https:\/\/yoast.com\/product\/yoast-seo-wordpress\/ -->\n<title>Contacto Carrera | Tecnolog\u00eda M\u00e9dica UDD<\/title>\n<meta name=\"description\" content=\"\u00bfTienes dudas respecto a la carrera de Tecnolog\u00eda M\u00e9dica en la UDD?, cont\u00e1ctanos y te responderemos a la brevedad.\" \/>\n<meta name=\"robots\" content=\"index, follow, max-snippet:-1, max-image-preview:large, max-video-preview:-1\" \/>\n<link rel=\"canonical\" href=\"https:\/\/medicina.udd.cl\/tecnologia-medica-santiago\/contacto\/\" \/>\n<meta property=\"og:locale\" content=\"es_ES\" \/>\n<meta property=\"og:type\" content=\"article\" \/>\n<meta property=\"og:title\" content=\"Contacto Carrera | Tecnolog\u00eda M\u00e9dica UDD\" \/>\n<meta property=\"og:description\" content=\"\u00bfTienes dudas respecto a la carrera de Tecnolog\u00eda M\u00e9dica en la UDD?, cont\u00e1ctanos y te responderemos a la brevedad.\" \/>\n<meta property=\"og:url\" content=\"https:\/\/medicina.udd.cl\/tecnologia-medica-santiago\/contacto\/\" \/>\n<meta property=\"og:site_name\" content=\"Tecnolog\u00eda M\u00e9dica\" \/>\n<script type=\"application\/ld+json\" class=\"yoast-schema-graph\">{\"@context\":\"https:\/\/schema.org\",\"@graph\":[{\"@type\":\"WebPage\",\"@id\":\"https:\/\/medicina.udd.cl\/tecnologia-medica-santiago\/contacto\/\",\"url\":\"https:\/\/medicina.udd.cl\/tecnologia-medica-santiago\/contacto\/\",\"name\":\"Contacto Carrera | Tecnolog\u00eda M\u00e9dica UDD\",\"isPartOf\":{\"@id\":\"https:\/\/medicina.udd.cl\/tecnologia-medica-santiago\/#website\"},\"datePublished\":\"2013-10-10T15:35:54+00:00\",\"description\":\"\u00bfTienes dudas respecto a la carrera de Tecnolog\u00eda M\u00e9dica en la UDD?, cont\u00e1ctanos y te responderemos a la brevedad.\",\"breadcrumb\":{\"@id\":\"https:\/\/medicina.udd.cl\/tecnologia-medica-santiago\/contacto\/#breadcrumb\"},\"inLanguage\":\"es\",\"potentialAction\":[{\"@type\":\"ReadAction\",\"target\":[\"https:\/\/medicina.udd.cl\/tecnologia-medica-santiago\/contacto\/\"]}]},{\"@type\":\"BreadcrumbList\",\"@id\":\"https:\/\/medicina.udd.cl\/tecnologia-medica-santiago\/contacto\/#breadcrumb\",\"itemListElement\":[{\"@type\":\"ListItem\",\"position\":1,\"name\":\"Home\",\"item\":\"https:\/\/medicina.udd.cl\/tecnologia-medica-santiago\/\"},{\"@type\":\"ListItem\",\"position\":2,\"name\":\"Contacto\"}]},{\"@type\":\"WebSite\",\"@id\":\"https:\/\/medicina.udd.cl\/tecnologia-medica-santiago\/#website\",\"url\":\"https:\/\/medicina.udd.cl\/tecnologia-medica-santiago\/\",\"name\":\"Tecnolog\u00eda M\u00e9dica\",\"description\":\"Facultad de Medicina Cl\u00ednica Alemana Universidad del Desarrollo\",\"inLanguage\":\"es\"}]}<\/script>\n<!-- \/ Yoast SEO plugin. -->","yoast_head_json":{"title":"Contacto Carrera | Tecnolog\u00eda M\u00e9dica UDD","description":"\u00bfTienes dudas respecto a la carrera de Tecnolog\u00eda M\u00e9dica en la UDD?, cont\u00e1ctanos y te responderemos a la brevedad.","robots":{"index":"index","follow":"follow","max-snippet":"max-snippet:-1","max-image-preview":"max-image-preview:large","max-video-preview":"max-video-preview:-1"},"canonical":"https:\/\/medicina.udd.cl\/tecnologia-medica-santiago\/contacto\/","og_locale":"es_ES","og_type":"article","og_title":"Contacto Carrera | Tecnolog\u00eda M\u00e9dica UDD","og_description":"\u00bfTienes dudas respecto a la carrera de Tecnolog\u00eda M\u00e9dica en la UDD?, cont\u00e1ctanos y te responderemos a la brevedad.","og_url":"https:\/\/medicina.udd.cl\/tecnologia-medica-santiago\/contacto\/","og_site_name":"Tecnolog\u00eda M\u00e9dica","schema":{"@context":"https:\/\/schema.org","@graph":[{"@type":"WebPage","@id":"https:\/\/medicina.udd.cl\/tecnologia-medica-santiago\/contacto\/","url":"https:\/\/medicina.udd.cl\/tecnologia-medica-santiago\/contacto\/","name":"Contacto Carrera | Tecnolog\u00eda M\u00e9dica UDD","isPartOf":{"@id":"https:\/\/medicina.udd.cl\/tecnologia-medica-santiago\/#website"},"datePublished":"2013-10-10T15:35:54+00:00","description":"\u00bfTienes dudas respecto a la carrera de Tecnolog\u00eda M\u00e9dica en la UDD?, cont\u00e1ctanos y te responderemos a la brevedad.","breadcrumb":{"@id":"https:\/\/medicina.udd.cl\/tecnologia-medica-santiago\/contacto\/#breadcrumb"},"inLanguage":"es","potentialAction":[{"@type":"ReadAction","target":["https:\/\/medicina.udd.cl\/tecnologia-medica-santiago\/contacto\/"]}]},{"@type":"BreadcrumbList","@id":"https:\/\/medicina.udd.cl\/tecnologia-medica-santiago\/contacto\/#breadcrumb","itemListElement":[{"@type":"ListItem","position":1,"name":"Home","item":"https:\/\/medicina.udd.cl\/tecnologia-medica-santiago\/"},{"@type":"ListItem","position":2,"name":"Contacto"}]},{"@type":"WebSite","@id":"https:\/\/medicina.udd.cl\/tecnologia-medica-santiago\/#website","url":"https:\/\/medicina.udd.cl\/tecnologia-medica-santiago\/","name":"Tecnolog\u00eda M\u00e9dica","description":"Facultad de Medicina Cl\u00ednica Alemana Universidad del Desarrollo","inLanguage":"es"}]}},"_links":{"self":[{"href":"https:\/\/medicina.udd.cl\/tecnologia-medica-santiago\/wp-json\/wp\/v2\/pages\/2576","targetHints":{"allow":["GET"]}}],"collection":[{"href":"https:\/\/medicina.udd.cl\/tecnologia-medica-santiago\/wp-json\/wp\/v2\/pages"}],"about":[{"href":"https:\/\/medicina.udd.cl\/tecnologia-medica-santiago\/wp-json\/wp\/v2\/types\/page"}],"author":[{"embeddable":true,"href":"https:\/\/medicina.udd.cl\/tecnologia-medica-santiago\/wp-json\/wp\/v2\/users\/1"}],"replies":[{"embeddable":true,"href":"https:\/\/medicina.udd.cl\/tecnologia-medica-santiago\/wp-json\/wp\/v2\/comments?post=2576"}],"version-history":[{"count":0,"href":"https:\/\/medicina.udd.cl\/tecnologia-medica-santiago\/wp-json\/wp\/v2\/pages\/2576\/revisions"}],"wp:attachment":[{"href":"https:\/\/medicina.udd.cl\/tecnologia-medica-santiago\/wp-json\/wp\/v2\/media?parent=2576"}],"curies":[{"name":"wp","href":"https:\/\/api.w.org\/{rel}","templated":true}]}}