{"id":28,"date":"2010-03-31T19:28:52","date_gmt":"2010-03-31T23:28:52","guid":{"rendered":"http:\/\/medicina.udd.cl\/tecnologia-medica\/donde-estamos\/"},"modified":"2017-01-13T16:00:27","modified_gmt":"2017-01-13T19:00:27","slug":"donde-estamos","status":"publish","type":"page","link":"https:\/\/medicina.udd.cl\/tecnologia-medica-santiago\/donde-estamos\/","title":{"rendered":"\u00bfD\u00f3nde Estamos?"},"content":{"rendered":"<p>[mapa url_mapa=\u00bbhttps:\/\/maps.google.com\/maps?q=Universidad+del+Desarrollo+-+La+Plaza+680,+Chile&amp;hl=en&amp;ll=-33.391947,-70.501285&amp;spn=0.00928,0.021136&amp;sll=37.0625,-95.677068&amp;sspn=38.092988,86.572266&amp;oq=univer&amp;hq=Universidad+del+Desarrollo+-+La+Plaza+680,+Chile&amp;t=m&amp;z=16&#8243;]<\/p>\n<p>&nbsp;<\/p>\n<header class=\"widget-header\">\n<h3 class=\"widget-title\">Direcci\u00f3n<\/h3>\n<\/header>\n<div class=\"widget-content\">\n<address><span class=\"street-address\">Av. Plaza 680, Las Condes<\/span>,<span class=\"locality\">Santiago<\/span>.<\/p>\n<\/address>\n<\/div>\n","protected":false},"excerpt":{"rendered":"<p>[mapa url_mapa=\u00bbhttps:\/\/maps.google.com\/maps?q=Universidad+del+Desarrollo+-+La+Plaza+680,+Chile&amp;hl=en&amp;ll=-33.391947,-70.501285&amp;spn=0.00928,0.021136&amp;sll=37.0625,-95.677068&amp;sspn=38.092988,86.572266&amp;oq=univer&amp;hq=Universidad+del+Desarrollo+-+La+Plaza+680,+Chile&amp;t=m&amp;z=16&#8243;] &nbsp; Direcci\u00f3n Av. Plaza 680, Las Condes,Santiago.<\/p>\n","protected":false},"author":1,"featured_media":0,"parent":0,"menu_order":0,"comment_status":"open","ping_status":"open","template":"template-wide-content.php","meta":{"footnotes":""},"class_list":["post-28","page","type-page","status-publish","hentry"],"yoast_head":"<!-- This site is optimized with the Yoast SEO plugin v26.9 - https:\/\/yoast.com\/product\/yoast-seo-wordpress\/ -->\n<title>\u00bfD\u00f3nde Estamos?<\/title>\n<meta name=\"robots\" content=\"index, follow, max-snippet:-1, max-image-preview:large, max-video-preview:-1\" \/>\n<link rel=\"canonical\" href=\"https:\/\/medicina.udd.cl\/tecnologia-medica-santiago\/donde-estamos\/\" \/>\n<meta property=\"og:locale\" content=\"es_ES\" \/>\n<meta property=\"og:type\" content=\"article\" \/>\n<meta property=\"og:title\" content=\"\u00bfD\u00f3nde Estamos?\" \/>\n<meta property=\"og:description\" content=\"[mapa url_mapa=\u00bbhttps:\/\/maps.google.com\/maps?q=Universidad+del+Desarrollo+-+La+Plaza+680,+Chile&amp;hl=en&amp;ll=-33.391947,-70.501285&amp;spn=0.00928,0.021136&amp;sll=37.0625,-95.677068&amp;sspn=38.092988,86.572266&amp;oq=univer&amp;hq=Universidad+del+Desarrollo+-+La+Plaza+680,+Chile&amp;t=m&amp;z=16&#8243;] &nbsp; Direcci\u00f3n Av. Plaza 680, Las Condes,Santiago.\" \/>\n<meta property=\"og:url\" content=\"https:\/\/medicina.udd.cl\/tecnologia-medica-santiago\/donde-estamos\/\" \/>\n<meta property=\"og:site_name\" content=\"Tecnolog\u00eda M\u00e9dica\" \/>\n<meta property=\"article:modified_time\" content=\"2017-01-13T19:00:27+00:00\" \/>\n<script type=\"application\/ld+json\" class=\"yoast-schema-graph\">{\"@context\":\"https:\/\/schema.org\",\"@graph\":[{\"@type\":\"WebPage\",\"@id\":\"https:\/\/medicina.udd.cl\/tecnologia-medica-santiago\/donde-estamos\/\",\"url\":\"https:\/\/medicina.udd.cl\/tecnologia-medica-santiago\/donde-estamos\/\",\"name\":\"\u00bfD\u00f3nde Estamos?\",\"isPartOf\":{\"@id\":\"https:\/\/medicina.udd.cl\/tecnologia-medica-santiago\/#website\"},\"datePublished\":\"2010-03-31T23:28:52+00:00\",\"dateModified\":\"2017-01-13T19:00:27+00:00\",\"breadcrumb\":{\"@id\":\"https:\/\/medicina.udd.cl\/tecnologia-medica-santiago\/donde-estamos\/#breadcrumb\"},\"inLanguage\":\"es\",\"potentialAction\":[{\"@type\":\"ReadAction\",\"target\":[\"https:\/\/medicina.udd.cl\/tecnologia-medica-santiago\/donde-estamos\/\"]}]},{\"@type\":\"BreadcrumbList\",\"@id\":\"https:\/\/medicina.udd.cl\/tecnologia-medica-santiago\/donde-estamos\/#breadcrumb\",\"itemListElement\":[{\"@type\":\"ListItem\",\"position\":1,\"name\":\"Home\",\"item\":\"https:\/\/medicina.udd.cl\/tecnologia-medica-santiago\/\"},{\"@type\":\"ListItem\",\"position\":2,\"name\":\"\u00bfD\u00f3nde Estamos?\"}]},{\"@type\":\"WebSite\",\"@id\":\"https:\/\/medicina.udd.cl\/tecnologia-medica-santiago\/#website\",\"url\":\"https:\/\/medicina.udd.cl\/tecnologia-medica-santiago\/\",\"name\":\"Tecnolog\u00eda M\u00e9dica\",\"description\":\"Facultad de Medicina Cl\u00ednica Alemana Universidad del Desarrollo\",\"inLanguage\":\"es\"}]}<\/script>\n<!-- \/ Yoast SEO plugin. -->","yoast_head_json":{"title":"\u00bfD\u00f3nde Estamos?","robots":{"index":"index","follow":"follow","max-snippet":"max-snippet:-1","max-image-preview":"max-image-preview:large","max-video-preview":"max-video-preview:-1"},"canonical":"https:\/\/medicina.udd.cl\/tecnologia-medica-santiago\/donde-estamos\/","og_locale":"es_ES","og_type":"article","og_title":"\u00bfD\u00f3nde Estamos?","og_description":"[mapa url_mapa=\u00bbhttps:\/\/maps.google.com\/maps?q=Universidad+del+Desarrollo+-+La+Plaza+680,+Chile&amp;hl=en&amp;ll=-33.391947,-70.501285&amp;spn=0.00928,0.021136&amp;sll=37.0625,-95.677068&amp;sspn=38.092988,86.572266&amp;oq=univer&amp;hq=Universidad+del+Desarrollo+-+La+Plaza+680,+Chile&amp;t=m&amp;z=16&#8243;] &nbsp; Direcci\u00f3n Av. Plaza 680, Las Condes,Santiago.","og_url":"https:\/\/medicina.udd.cl\/tecnologia-medica-santiago\/donde-estamos\/","og_site_name":"Tecnolog\u00eda M\u00e9dica","article_modified_time":"2017-01-13T19:00:27+00:00","schema":{"@context":"https:\/\/schema.org","@graph":[{"@type":"WebPage","@id":"https:\/\/medicina.udd.cl\/tecnologia-medica-santiago\/donde-estamos\/","url":"https:\/\/medicina.udd.cl\/tecnologia-medica-santiago\/donde-estamos\/","name":"\u00bfD\u00f3nde Estamos?","isPartOf":{"@id":"https:\/\/medicina.udd.cl\/tecnologia-medica-santiago\/#website"},"datePublished":"2010-03-31T23:28:52+00:00","dateModified":"2017-01-13T19:00:27+00:00","breadcrumb":{"@id":"https:\/\/medicina.udd.cl\/tecnologia-medica-santiago\/donde-estamos\/#breadcrumb"},"inLanguage":"es","potentialAction":[{"@type":"ReadAction","target":["https:\/\/medicina.udd.cl\/tecnologia-medica-santiago\/donde-estamos\/"]}]},{"@type":"BreadcrumbList","@id":"https:\/\/medicina.udd.cl\/tecnologia-medica-santiago\/donde-estamos\/#breadcrumb","itemListElement":[{"@type":"ListItem","position":1,"name":"Home","item":"https:\/\/medicina.udd.cl\/tecnologia-medica-santiago\/"},{"@type":"ListItem","position":2,"name":"\u00bfD\u00f3nde Estamos?"}]},{"@type":"WebSite","@id":"https:\/\/medicina.udd.cl\/tecnologia-medica-santiago\/#website","url":"https:\/\/medicina.udd.cl\/tecnologia-medica-santiago\/","name":"Tecnolog\u00eda M\u00e9dica","description":"Facultad de Medicina Cl\u00ednica Alemana Universidad del Desarrollo","inLanguage":"es"}]}},"_links":{"self":[{"href":"https:\/\/medicina.udd.cl\/tecnologia-medica-santiago\/wp-json\/wp\/v2\/pages\/28","targetHints":{"allow":["GET"]}}],"collection":[{"href":"https:\/\/medicina.udd.cl\/tecnologia-medica-santiago\/wp-json\/wp\/v2\/pages"}],"about":[{"href":"https:\/\/medicina.udd.cl\/tecnologia-medica-santiago\/wp-json\/wp\/v2\/types\/page"}],"author":[{"embeddable":true,"href":"https:\/\/medicina.udd.cl\/tecnologia-medica-santiago\/wp-json\/wp\/v2\/users\/1"}],"replies":[{"embeddable":true,"href":"https:\/\/medicina.udd.cl\/tecnologia-medica-santiago\/wp-json\/wp\/v2\/comments?post=28"}],"version-history":[{"count":8,"href":"https:\/\/medicina.udd.cl\/tecnologia-medica-santiago\/wp-json\/wp\/v2\/pages\/28\/revisions"}],"predecessor-version":[{"id":4807,"href":"https:\/\/medicina.udd.cl\/tecnologia-medica-santiago\/wp-json\/wp\/v2\/pages\/28\/revisions\/4807"}],"wp:attachment":[{"href":"https:\/\/medicina.udd.cl\/tecnologia-medica-santiago\/wp-json\/wp\/v2\/media?parent=28"}],"curies":[{"name":"wp","href":"https:\/\/api.w.org\/{rel}","templated":true}]}}