{"id":3137,"date":"2014-10-09T12:12:29","date_gmt":"2014-10-09T15:12:29","guid":{"rendered":"http:\/\/medicina.udd.cl\/tecnologia-medica-santiago\/?page_id=3137"},"modified":"2018-08-20T11:08:11","modified_gmt":"2018-08-20T14:08:11","slug":"sellos-diferenciadores","status":"publish","type":"page","link":"https:\/\/medicina.udd.cl\/tecnologia-medica-santiago\/la-carrera\/descripcion\/sellos-diferenciadores\/","title":{"rendered":"Sellos diferenciadores"},"content":{"rendered":"<p style=\"text-align: justify\"><img loading=\"lazy\" decoding=\"async\" class=\" wp-image-4297 alignleft\" src=\"http:\/\/medicina.udd.cl\/tecnologia-medica-santiago\/files\/2014\/10\/FOTO-SELLO-DIFERENCIADORES-300x199.jpg\" alt=\"FOTO SELLO DIFERENCIADORES\" width=\"410\" height=\"272\" srcset=\"https:\/\/medicina.udd.cl\/tecnologia-medica-santiago\/files\/2014\/10\/FOTO-SELLO-DIFERENCIADORES-300x199.jpg 300w, https:\/\/medicina.udd.cl\/tecnologia-medica-santiago\/files\/2014\/10\/FOTO-SELLO-DIFERENCIADORES-768x509.jpg 768w, https:\/\/medicina.udd.cl\/tecnologia-medica-santiago\/files\/2014\/10\/FOTO-SELLO-DIFERENCIADORES-1024x678.jpg 1024w, https:\/\/medicina.udd.cl\/tecnologia-medica-santiago\/files\/2014\/10\/FOTO-SELLO-DIFERENCIADORES-960x636.jpg 960w\" sizes=\"auto, (max-width: 410px) 100vw, 410px\" \/>A siete a\u00f1os desde la creaci\u00f3n de Tecnolog\u00eda M\u00e9dica UDD, los desaf\u00edos propuestos por los directivos, docentes, estudiantes y administrativos han sido grandes, importantes e indicadores de un sello propio, \u00fanico en el pa\u00eds.<\/p>\n<p style=\"text-align: justify\">Los sellos\u00a0diferenciadores de nuestra carrera y el cumplimiento de nuestros desaf\u00edos han permitido un<strong> alto nivel de empleabilidad <\/strong>de nuestros egresados, llegando a un 95% antes de cumplir seis meses desde su titulaci\u00f3n.<\/p>\n<p style=\"text-align: justify\">Entre los hitos, destacamos:<\/p>\n<ul style=\"text-align: justify\">\n<li>Integraci\u00f3n de algunas asignaturas en las mallas de las especialidades del \u00e1rea del laboratorio, como Bioan\u00e1lisis Cl\u00ednico, Hematolog\u00eda y Banco de Sangre y la de Morfofisiopatolog\u00eda y Citodiagn\u00f3stico.<\/li>\n<li>Inclusi\u00f3n de asignaturas en la malla de Imagenolog\u00eda y F\u00edsica M\u00e9dica como ecograf\u00eda, mamograf\u00eda y otras que s\u00f3lo se imparten en esta Universidad, con actividades pr\u00e1cticas para estudiantes hombres y mujeres sin discriminaci\u00f3n y con la modalidad de un tutor por estudiante.<\/li>\n<li>Postulaci\u00f3n en el segundo semestre del primer a\u00f1o de la carrera a una de las especialidades por sistema de prelaci\u00f3n acad\u00e9mica.<\/li>\n<li>Incorporaci\u00f3n de asignaturas transversales del ciclo cl\u00ednico en cada especialidad como Gesti\u00f3n de Calidad, Administraci\u00f3n en Salud y Seminario de Investigaci\u00f3n, con actividades comunes y otras separadas por especialidad.<\/li>\n<li>Participaci\u00f3n de estudiantes y docentes en actividades de ayuda a la comunidad y proyectos de investigaci\u00f3n desde el primer a\u00f1o de carrera.<\/li>\n<li>Realizaci\u00f3n de un segundo Internado Cl\u00ednico pero Electivo en una de las \u00e1reas de su especialidad.<\/li>\n<li>Examen de t\u00edtulo con casos cl\u00ednicos para todas las especialidades.<\/li>\n<\/ul>\n<p style=\"text-align: justify\">Estos hitos han sido acompa\u00f1ados y basados en la <strong>excelencia del equipo directivo y docente con el que cuenta la carrera<\/strong>: m\u00e1s de 20 profesores y tutores con grado acad\u00e9mico de Mag\u00edster y nueve con Doctorados.<\/p>\n<p style=\"text-align: justify\">A esto se suma el gran n\u00famero de campos cl\u00ednicos e instituciones de excelencia en el \u00e1rea p\u00fablica y privada \u2013la mayor\u00eda acreditadas-, que dan cuenta de la demanda interna para todas las especialidades que imparte Tecnolog\u00eda M\u00e9dica de la Facultad de Medicina CAS-UDD.<\/p>\n","protected":false},"excerpt":{"rendered":"<p>A siete a\u00f1os desde la creaci\u00f3n de Tecnolog\u00eda M\u00e9dica UDD, los desaf\u00edos propuestos por los directivos, docentes, estudiantes y administrativos han sido grandes, importantes e indicadores de un sello propio, \u00fanico en el pa\u00eds. Los sellos\u00a0diferenciadores de nuestra carrera y el cumplimiento de nuestros desaf\u00edos han permitido un alto nivel de empleabilidad de nuestros egresados, [&hellip;]<\/p>\n","protected":false},"author":40,"featured_media":0,"parent":334,"menu_order":6,"comment_status":"open","ping_status":"open","template":"","meta":{"footnotes":""},"class_list":["post-3137","page","type-page","status-publish","hentry"],"yoast_head":"<!-- This site is optimized with the Yoast SEO plugin v26.9 - https:\/\/yoast.com\/product\/yoast-seo-wordpress\/ -->\n<title>Sellos diferenciadores - Tecnolog\u00eda M\u00e9dica<\/title>\n<meta name=\"robots\" content=\"index, follow, max-snippet:-1, max-image-preview:large, max-video-preview:-1\" \/>\n<link rel=\"canonical\" href=\"https:\/\/medicina.udd.cl\/tecnologia-medica-santiago\/la-carrera\/descripcion\/sellos-diferenciadores\/\" \/>\n<meta property=\"og:locale\" content=\"es_ES\" \/>\n<meta property=\"og:type\" content=\"article\" \/>\n<meta property=\"og:title\" content=\"Sellos diferenciadores - Tecnolog\u00eda M\u00e9dica\" \/>\n<meta property=\"og:description\" content=\"A siete a\u00f1os desde la creaci\u00f3n de Tecnolog\u00eda M\u00e9dica UDD, los desaf\u00edos propuestos por los directivos, docentes, estudiantes y administrativos han sido grandes, importantes e indicadores de un sello propio, \u00fanico en el pa\u00eds. Los sellos\u00a0diferenciadores de nuestra carrera y el cumplimiento de nuestros desaf\u00edos han permitido un alto nivel de empleabilidad de nuestros egresados, [&hellip;]\" \/>\n<meta property=\"og:url\" content=\"https:\/\/medicina.udd.cl\/tecnologia-medica-santiago\/la-carrera\/descripcion\/sellos-diferenciadores\/\" \/>\n<meta property=\"og:site_name\" content=\"Tecnolog\u00eda M\u00e9dica\" \/>\n<meta property=\"article:modified_time\" content=\"2018-08-20T14:08:11+00:00\" \/>\n<meta property=\"og:image\" content=\"http:\/\/medicina.udd.cl\/tecnologia-medica-santiago\/files\/2014\/10\/FOTO-SELLO-DIFERENCIADORES-300x199.jpg\" \/>\n<meta name=\"twitter:label1\" content=\"Tiempo de lectura\" \/>\n\t<meta name=\"twitter:data1\" content=\"2 minutos\" \/>\n<script type=\"application\/ld+json\" class=\"yoast-schema-graph\">{\"@context\":\"https:\/\/schema.org\",\"@graph\":[{\"@type\":\"WebPage\",\"@id\":\"https:\/\/medicina.udd.cl\/tecnologia-medica-santiago\/la-carrera\/descripcion\/sellos-diferenciadores\/\",\"url\":\"https:\/\/medicina.udd.cl\/tecnologia-medica-santiago\/la-carrera\/descripcion\/sellos-diferenciadores\/\",\"name\":\"Sellos diferenciadores - Tecnolog\u00eda M\u00e9dica\",\"isPartOf\":{\"@id\":\"https:\/\/medicina.udd.cl\/tecnologia-medica-santiago\/#website\"},\"primaryImageOfPage\":{\"@id\":\"https:\/\/medicina.udd.cl\/tecnologia-medica-santiago\/la-carrera\/descripcion\/sellos-diferenciadores\/#primaryimage\"},\"image\":{\"@id\":\"https:\/\/medicina.udd.cl\/tecnologia-medica-santiago\/la-carrera\/descripcion\/sellos-diferenciadores\/#primaryimage\"},\"thumbnailUrl\":\"http:\/\/medicina.udd.cl\/tecnologia-medica-santiago\/files\/2014\/10\/FOTO-SELLO-DIFERENCIADORES-300x199.jpg\",\"datePublished\":\"2014-10-09T15:12:29+00:00\",\"dateModified\":\"2018-08-20T14:08:11+00:00\",\"breadcrumb\":{\"@id\":\"https:\/\/medicina.udd.cl\/tecnologia-medica-santiago\/la-carrera\/descripcion\/sellos-diferenciadores\/#breadcrumb\"},\"inLanguage\":\"es\",\"potentialAction\":[{\"@type\":\"ReadAction\",\"target\":[\"https:\/\/medicina.udd.cl\/tecnologia-medica-santiago\/la-carrera\/descripcion\/sellos-diferenciadores\/\"]}]},{\"@type\":\"ImageObject\",\"inLanguage\":\"es\",\"@id\":\"https:\/\/medicina.udd.cl\/tecnologia-medica-santiago\/la-carrera\/descripcion\/sellos-diferenciadores\/#primaryimage\",\"url\":\"http:\/\/medicina.udd.cl\/tecnologia-medica-santiago\/files\/2014\/10\/FOTO-SELLO-DIFERENCIADORES-300x199.jpg\",\"contentUrl\":\"http:\/\/medicina.udd.cl\/tecnologia-medica-santiago\/files\/2014\/10\/FOTO-SELLO-DIFERENCIADORES-300x199.jpg\"},{\"@type\":\"BreadcrumbList\",\"@id\":\"https:\/\/medicina.udd.cl\/tecnologia-medica-santiago\/la-carrera\/descripcion\/sellos-diferenciadores\/#breadcrumb\",\"itemListElement\":[{\"@type\":\"ListItem\",\"position\":1,\"name\":\"Home\",\"item\":\"https:\/\/medicina.udd.cl\/tecnologia-medica-santiago\/\"},{\"@type\":\"ListItem\",\"position\":2,\"name\":\"La Carrera\",\"item\":\"https:\/\/medicina.udd.cl\/tecnologia-medica-santiago\/la-carrera\/\"},{\"@type\":\"ListItem\",\"position\":3,\"name\":\"Descripci\u00f3n\",\"item\":\"https:\/\/medicina.udd.cl\/tecnologia-medica-santiago\/la-carrera\/descripcion\/\"},{\"@type\":\"ListItem\",\"position\":4,\"name\":\"Sellos diferenciadores\"}]},{\"@type\":\"WebSite\",\"@id\":\"https:\/\/medicina.udd.cl\/tecnologia-medica-santiago\/#website\",\"url\":\"https:\/\/medicina.udd.cl\/tecnologia-medica-santiago\/\",\"name\":\"Tecnolog\u00eda M\u00e9dica\",\"description\":\"Facultad de Medicina Cl\u00ednica Alemana Universidad del Desarrollo\",\"inLanguage\":\"es\"}]}<\/script>\n<!-- \/ Yoast SEO plugin. -->","yoast_head_json":{"title":"Sellos diferenciadores - Tecnolog\u00eda M\u00e9dica","robots":{"index":"index","follow":"follow","max-snippet":"max-snippet:-1","max-image-preview":"max-image-preview:large","max-video-preview":"max-video-preview:-1"},"canonical":"https:\/\/medicina.udd.cl\/tecnologia-medica-santiago\/la-carrera\/descripcion\/sellos-diferenciadores\/","og_locale":"es_ES","og_type":"article","og_title":"Sellos diferenciadores - Tecnolog\u00eda M\u00e9dica","og_description":"A siete a\u00f1os desde la creaci\u00f3n de Tecnolog\u00eda M\u00e9dica UDD, los desaf\u00edos propuestos por los directivos, docentes, estudiantes y administrativos han sido grandes, importantes e indicadores de un sello propio, \u00fanico en el pa\u00eds. Los sellos\u00a0diferenciadores de nuestra carrera y el cumplimiento de nuestros desaf\u00edos han permitido un alto nivel de empleabilidad de nuestros egresados, [&hellip;]","og_url":"https:\/\/medicina.udd.cl\/tecnologia-medica-santiago\/la-carrera\/descripcion\/sellos-diferenciadores\/","og_site_name":"Tecnolog\u00eda M\u00e9dica","article_modified_time":"2018-08-20T14:08:11+00:00","og_image":[{"url":"http:\/\/medicina.udd.cl\/tecnologia-medica-santiago\/files\/2014\/10\/FOTO-SELLO-DIFERENCIADORES-300x199.jpg","type":"","width":"","height":""}],"twitter_misc":{"Tiempo de lectura":"2 minutos"},"schema":{"@context":"https:\/\/schema.org","@graph":[{"@type":"WebPage","@id":"https:\/\/medicina.udd.cl\/tecnologia-medica-santiago\/la-carrera\/descripcion\/sellos-diferenciadores\/","url":"https:\/\/medicina.udd.cl\/tecnologia-medica-santiago\/la-carrera\/descripcion\/sellos-diferenciadores\/","name":"Sellos diferenciadores - Tecnolog\u00eda M\u00e9dica","isPartOf":{"@id":"https:\/\/medicina.udd.cl\/tecnologia-medica-santiago\/#website"},"primaryImageOfPage":{"@id":"https:\/\/medicina.udd.cl\/tecnologia-medica-santiago\/la-carrera\/descripcion\/sellos-diferenciadores\/#primaryimage"},"image":{"@id":"https:\/\/medicina.udd.cl\/tecnologia-medica-santiago\/la-carrera\/descripcion\/sellos-diferenciadores\/#primaryimage"},"thumbnailUrl":"http:\/\/medicina.udd.cl\/tecnologia-medica-santiago\/files\/2014\/10\/FOTO-SELLO-DIFERENCIADORES-300x199.jpg","datePublished":"2014-10-09T15:12:29+00:00","dateModified":"2018-08-20T14:08:11+00:00","breadcrumb":{"@id":"https:\/\/medicina.udd.cl\/tecnologia-medica-santiago\/la-carrera\/descripcion\/sellos-diferenciadores\/#breadcrumb"},"inLanguage":"es","potentialAction":[{"@type":"ReadAction","target":["https:\/\/medicina.udd.cl\/tecnologia-medica-santiago\/la-carrera\/descripcion\/sellos-diferenciadores\/"]}]},{"@type":"ImageObject","inLanguage":"es","@id":"https:\/\/medicina.udd.cl\/tecnologia-medica-santiago\/la-carrera\/descripcion\/sellos-diferenciadores\/#primaryimage","url":"http:\/\/medicina.udd.cl\/tecnologia-medica-santiago\/files\/2014\/10\/FOTO-SELLO-DIFERENCIADORES-300x199.jpg","contentUrl":"http:\/\/medicina.udd.cl\/tecnologia-medica-santiago\/files\/2014\/10\/FOTO-SELLO-DIFERENCIADORES-300x199.jpg"},{"@type":"BreadcrumbList","@id":"https:\/\/medicina.udd.cl\/tecnologia-medica-santiago\/la-carrera\/descripcion\/sellos-diferenciadores\/#breadcrumb","itemListElement":[{"@type":"ListItem","position":1,"name":"Home","item":"https:\/\/medicina.udd.cl\/tecnologia-medica-santiago\/"},{"@type":"ListItem","position":2,"name":"La Carrera","item":"https:\/\/medicina.udd.cl\/tecnologia-medica-santiago\/la-carrera\/"},{"@type":"ListItem","position":3,"name":"Descripci\u00f3n","item":"https:\/\/medicina.udd.cl\/tecnologia-medica-santiago\/la-carrera\/descripcion\/"},{"@type":"ListItem","position":4,"name":"Sellos diferenciadores"}]},{"@type":"WebSite","@id":"https:\/\/medicina.udd.cl\/tecnologia-medica-santiago\/#website","url":"https:\/\/medicina.udd.cl\/tecnologia-medica-santiago\/","name":"Tecnolog\u00eda M\u00e9dica","description":"Facultad de Medicina Cl\u00ednica Alemana Universidad del Desarrollo","inLanguage":"es"}]}},"_links":{"self":[{"href":"https:\/\/medicina.udd.cl\/tecnologia-medica-santiago\/wp-json\/wp\/v2\/pages\/3137","targetHints":{"allow":["GET"]}}],"collection":[{"href":"https:\/\/medicina.udd.cl\/tecnologia-medica-santiago\/wp-json\/wp\/v2\/pages"}],"about":[{"href":"https:\/\/medicina.udd.cl\/tecnologia-medica-santiago\/wp-json\/wp\/v2\/types\/page"}],"author":[{"embeddable":true,"href":"https:\/\/medicina.udd.cl\/tecnologia-medica-santiago\/wp-json\/wp\/v2\/users\/40"}],"replies":[{"embeddable":true,"href":"https:\/\/medicina.udd.cl\/tecnologia-medica-santiago\/wp-json\/wp\/v2\/comments?post=3137"}],"version-history":[{"count":21,"href":"https:\/\/medicina.udd.cl\/tecnologia-medica-santiago\/wp-json\/wp\/v2\/pages\/3137\/revisions"}],"predecessor-version":[{"id":5422,"href":"https:\/\/medicina.udd.cl\/tecnologia-medica-santiago\/wp-json\/wp\/v2\/pages\/3137\/revisions\/5422"}],"up":[{"embeddable":true,"href":"https:\/\/medicina.udd.cl\/tecnologia-medica-santiago\/wp-json\/wp\/v2\/pages\/334"}],"wp:attachment":[{"href":"https:\/\/medicina.udd.cl\/tecnologia-medica-santiago\/wp-json\/wp\/v2\/media?parent=3137"}],"curies":[{"name":"wp","href":"https:\/\/api.w.org\/{rel}","templated":true}]}}