{"id":3278,"date":"2014-11-27T11:40:07","date_gmt":"2014-11-27T14:40:07","guid":{"rendered":"http:\/\/medicina.udd.cl\/tecnologia-medica-santiago\/?page_id=3278"},"modified":"2021-07-14T09:39:04","modified_gmt":"2021-07-14T13:39:04","slug":"imagenologia-y-fisica-medica","status":"publish","type":"page","link":"https:\/\/medicina.udd.cl\/tecnologia-medica-santiago\/admision\/malla-curricular\/imagenologia-y-fisica-medica\/","title":{"rendered":"Imagenologi\u0301a y Fi\u0301sica Me\u0301dica"},"content":{"rendered":"<p class=\"wp-block-udd-button text-center\"><a class=\"btn btn-primary btn-lg\" href=\"https:\/\/www.udd.cl\/mallas\/tecmedica_imagenologia.pdf\" data-url=\"https:\/\/www.udd.cl\/mallas\/tecmedica_imagenologia.pdf\"><svg class=\"svg-download-dims\"><use xlink:href='https:\/\/medicina.udd.cl\/tecnologia-medica-santiago\/wp-content\/themes\/facultades-2018\/assets\/img\/svg\/dist\/main.svg?version=1695853099#download'><\/use><\/svg> Descargar la malla en .PDF <\/a><\/p>\n","protected":false},"excerpt":{"rendered":"","protected":false},"author":1,"featured_media":0,"parent":10,"menu_order":0,"comment_status":"open","ping_status":"open","template":"","meta":{"footnotes":""},"class_list":["post-3278","page","type-page","status-publish","hentry"],"yoast_head":"<!-- This site is optimized with the Yoast SEO plugin v26.9 - https:\/\/yoast.com\/product\/yoast-seo-wordpress\/ -->\n<title>Imagenologi\u0301a y Fi\u0301sica Me\u0301dica - Tecnolog\u00eda M\u00e9dica<\/title>\n<meta name=\"robots\" content=\"index, follow, max-snippet:-1, max-image-preview:large, max-video-preview:-1\" \/>\n<link rel=\"canonical\" href=\"https:\/\/medicina.udd.cl\/tecnologia-medica-santiago\/admision\/malla-curricular\/imagenologia-y-fisica-medica\/\" \/>\n<meta property=\"og:locale\" content=\"es_ES\" \/>\n<meta property=\"og:type\" content=\"article\" \/>\n<meta property=\"og:title\" content=\"Imagenologi\u0301a y Fi\u0301sica Me\u0301dica - Tecnolog\u00eda M\u00e9dica\" \/>\n<meta property=\"og:url\" content=\"https:\/\/medicina.udd.cl\/tecnologia-medica-santiago\/admision\/malla-curricular\/imagenologia-y-fisica-medica\/\" \/>\n<meta property=\"og:site_name\" content=\"Tecnolog\u00eda M\u00e9dica\" \/>\n<meta property=\"article:modified_time\" content=\"2021-07-14T13:39:04+00:00\" \/>\n<script type=\"application\/ld+json\" class=\"yoast-schema-graph\">{\"@context\":\"https:\/\/schema.org\",\"@graph\":[{\"@type\":\"WebPage\",\"@id\":\"https:\/\/medicina.udd.cl\/tecnologia-medica-santiago\/admision\/malla-curricular\/imagenologia-y-fisica-medica\/\",\"url\":\"https:\/\/medicina.udd.cl\/tecnologia-medica-santiago\/admision\/malla-curricular\/imagenologia-y-fisica-medica\/\",\"name\":\"Imagenologi\u0301a y Fi\u0301sica Me\u0301dica - Tecnolog\u00eda M\u00e9dica\",\"isPartOf\":{\"@id\":\"https:\/\/medicina.udd.cl\/tecnologia-medica-santiago\/#website\"},\"datePublished\":\"2014-11-27T14:40:07+00:00\",\"dateModified\":\"2021-07-14T13:39:04+00:00\",\"breadcrumb\":{\"@id\":\"https:\/\/medicina.udd.cl\/tecnologia-medica-santiago\/admision\/malla-curricular\/imagenologia-y-fisica-medica\/#breadcrumb\"},\"inLanguage\":\"es\",\"potentialAction\":[{\"@type\":\"ReadAction\",\"target\":[\"https:\/\/medicina.udd.cl\/tecnologia-medica-santiago\/admision\/malla-curricular\/imagenologia-y-fisica-medica\/\"]}]},{\"@type\":\"BreadcrumbList\",\"@id\":\"https:\/\/medicina.udd.cl\/tecnologia-medica-santiago\/admision\/malla-curricular\/imagenologia-y-fisica-medica\/#breadcrumb\",\"itemListElement\":[{\"@type\":\"ListItem\",\"position\":1,\"name\":\"Home\",\"item\":\"https:\/\/medicina.udd.cl\/tecnologia-medica-santiago\/\"},{\"@type\":\"ListItem\",\"position\":2,\"name\":\"Admisi\u00f3n\",\"item\":\"https:\/\/medicina.udd.cl\/tecnologia-medica-santiago\/admision\/\"},{\"@type\":\"ListItem\",\"position\":3,\"name\":\"Mallas Curriculares\",\"item\":\"https:\/\/medicina.udd.cl\/tecnologia-medica-santiago\/admision\/malla-curricular\/\"},{\"@type\":\"ListItem\",\"position\":4,\"name\":\"Imagenologi\u0301a y Fi\u0301sica Me\u0301dica\"}]},{\"@type\":\"WebSite\",\"@id\":\"https:\/\/medicina.udd.cl\/tecnologia-medica-santiago\/#website\",\"url\":\"https:\/\/medicina.udd.cl\/tecnologia-medica-santiago\/\",\"name\":\"Tecnolog\u00eda M\u00e9dica\",\"description\":\"Facultad de Medicina Cl\u00ednica Alemana Universidad del Desarrollo\",\"inLanguage\":\"es\"}]}<\/script>\n<!-- \/ Yoast SEO plugin. -->","yoast_head_json":{"title":"Imagenologi\u0301a y Fi\u0301sica Me\u0301dica - Tecnolog\u00eda M\u00e9dica","robots":{"index":"index","follow":"follow","max-snippet":"max-snippet:-1","max-image-preview":"max-image-preview:large","max-video-preview":"max-video-preview:-1"},"canonical":"https:\/\/medicina.udd.cl\/tecnologia-medica-santiago\/admision\/malla-curricular\/imagenologia-y-fisica-medica\/","og_locale":"es_ES","og_type":"article","og_title":"Imagenologi\u0301a y Fi\u0301sica Me\u0301dica - Tecnolog\u00eda M\u00e9dica","og_url":"https:\/\/medicina.udd.cl\/tecnologia-medica-santiago\/admision\/malla-curricular\/imagenologia-y-fisica-medica\/","og_site_name":"Tecnolog\u00eda M\u00e9dica","article_modified_time":"2021-07-14T13:39:04+00:00","schema":{"@context":"https:\/\/schema.org","@graph":[{"@type":"WebPage","@id":"https:\/\/medicina.udd.cl\/tecnologia-medica-santiago\/admision\/malla-curricular\/imagenologia-y-fisica-medica\/","url":"https:\/\/medicina.udd.cl\/tecnologia-medica-santiago\/admision\/malla-curricular\/imagenologia-y-fisica-medica\/","name":"Imagenologi\u0301a y Fi\u0301sica Me\u0301dica - Tecnolog\u00eda M\u00e9dica","isPartOf":{"@id":"https:\/\/medicina.udd.cl\/tecnologia-medica-santiago\/#website"},"datePublished":"2014-11-27T14:40:07+00:00","dateModified":"2021-07-14T13:39:04+00:00","breadcrumb":{"@id":"https:\/\/medicina.udd.cl\/tecnologia-medica-santiago\/admision\/malla-curricular\/imagenologia-y-fisica-medica\/#breadcrumb"},"inLanguage":"es","potentialAction":[{"@type":"ReadAction","target":["https:\/\/medicina.udd.cl\/tecnologia-medica-santiago\/admision\/malla-curricular\/imagenologia-y-fisica-medica\/"]}]},{"@type":"BreadcrumbList","@id":"https:\/\/medicina.udd.cl\/tecnologia-medica-santiago\/admision\/malla-curricular\/imagenologia-y-fisica-medica\/#breadcrumb","itemListElement":[{"@type":"ListItem","position":1,"name":"Home","item":"https:\/\/medicina.udd.cl\/tecnologia-medica-santiago\/"},{"@type":"ListItem","position":2,"name":"Admisi\u00f3n","item":"https:\/\/medicina.udd.cl\/tecnologia-medica-santiago\/admision\/"},{"@type":"ListItem","position":3,"name":"Mallas Curriculares","item":"https:\/\/medicina.udd.cl\/tecnologia-medica-santiago\/admision\/malla-curricular\/"},{"@type":"ListItem","position":4,"name":"Imagenologi\u0301a y Fi\u0301sica Me\u0301dica"}]},{"@type":"WebSite","@id":"https:\/\/medicina.udd.cl\/tecnologia-medica-santiago\/#website","url":"https:\/\/medicina.udd.cl\/tecnologia-medica-santiago\/","name":"Tecnolog\u00eda M\u00e9dica","description":"Facultad de Medicina Cl\u00ednica Alemana Universidad del Desarrollo","inLanguage":"es"}]}},"_links":{"self":[{"href":"https:\/\/medicina.udd.cl\/tecnologia-medica-santiago\/wp-json\/wp\/v2\/pages\/3278","targetHints":{"allow":["GET"]}}],"collection":[{"href":"https:\/\/medicina.udd.cl\/tecnologia-medica-santiago\/wp-json\/wp\/v2\/pages"}],"about":[{"href":"https:\/\/medicina.udd.cl\/tecnologia-medica-santiago\/wp-json\/wp\/v2\/types\/page"}],"author":[{"embeddable":true,"href":"https:\/\/medicina.udd.cl\/tecnologia-medica-santiago\/wp-json\/wp\/v2\/users\/1"}],"replies":[{"embeddable":true,"href":"https:\/\/medicina.udd.cl\/tecnologia-medica-santiago\/wp-json\/wp\/v2\/comments?post=3278"}],"version-history":[{"count":9,"href":"https:\/\/medicina.udd.cl\/tecnologia-medica-santiago\/wp-json\/wp\/v2\/pages\/3278\/revisions"}],"predecessor-version":[{"id":6926,"href":"https:\/\/medicina.udd.cl\/tecnologia-medica-santiago\/wp-json\/wp\/v2\/pages\/3278\/revisions\/6926"}],"up":[{"embeddable":true,"href":"https:\/\/medicina.udd.cl\/tecnologia-medica-santiago\/wp-json\/wp\/v2\/pages\/10"}],"wp:attachment":[{"href":"https:\/\/medicina.udd.cl\/tecnologia-medica-santiago\/wp-json\/wp\/v2\/media?parent=3278"}],"curies":[{"name":"wp","href":"https:\/\/api.w.org\/{rel}","templated":true}]}}