{"id":3284,"date":"2014-11-27T11:41:11","date_gmt":"2014-11-27T14:41:11","guid":{"rendered":"http:\/\/medicina.udd.cl\/tecnologia-medica-santiago\/?page_id=3284"},"modified":"2021-07-14T09:37:59","modified_gmt":"2021-07-14T13:37:59","slug":"bioanalisis-clinico-hematologia-y-banco-de-sangre","status":"publish","type":"page","link":"https:\/\/medicina.udd.cl\/tecnologia-medica-santiago\/admision\/malla-curricular\/bioanalisis-clinico-hematologia-y-banco-de-sangre\/","title":{"rendered":"Bioana\u0301lisis Cli\u0301nico, Hematologi\u0301a y Medicina Transfusional"},"content":{"rendered":"<p class=\"wp-block-udd-button text-center\"><a class=\"btn btn-primary btn-lg\" href=\"https:\/\/www.udd.cl\/mallas\/tecmedica_bioanalisis.pdf\" data-url=\"https:\/\/www.udd.cl\/mallas\/tecmedica_bioanalisis.pdf\"><svg class=\"svg-download-dims\"><use xlink:href='https:\/\/medicina.udd.cl\/tecnologia-medica-santiago\/wp-content\/themes\/facultades-2018\/assets\/img\/svg\/dist\/main.svg?version=1695853099#download'><\/use><\/svg> Descarga la malla en .PDF <\/a><\/p>\n","protected":false},"excerpt":{"rendered":"","protected":false},"author":1,"featured_media":0,"parent":10,"menu_order":0,"comment_status":"open","ping_status":"open","template":"","meta":{"footnotes":""},"class_list":["post-3284","page","type-page","status-publish","hentry"],"yoast_head":"<!-- This site is optimized with the Yoast SEO plugin v26.9 - https:\/\/yoast.com\/product\/yoast-seo-wordpress\/ -->\n<title>Bioana\u0301lisis Cli\u0301nico, Hematologi\u0301a y Medicina Transfusional - Tecnolog\u00eda M\u00e9dica<\/title>\n<meta name=\"robots\" content=\"index, follow, max-snippet:-1, max-image-preview:large, max-video-preview:-1\" \/>\n<link rel=\"canonical\" href=\"https:\/\/medicina.udd.cl\/tecnologia-medica-santiago\/admision\/malla-curricular\/bioanalisis-clinico-hematologia-y-banco-de-sangre\/\" \/>\n<meta property=\"og:locale\" content=\"es_ES\" \/>\n<meta property=\"og:type\" content=\"article\" \/>\n<meta property=\"og:title\" content=\"Bioana\u0301lisis Cli\u0301nico, Hematologi\u0301a y Medicina Transfusional - Tecnolog\u00eda M\u00e9dica\" \/>\n<meta property=\"og:url\" content=\"https:\/\/medicina.udd.cl\/tecnologia-medica-santiago\/admision\/malla-curricular\/bioanalisis-clinico-hematologia-y-banco-de-sangre\/\" \/>\n<meta property=\"og:site_name\" content=\"Tecnolog\u00eda M\u00e9dica\" \/>\n<meta property=\"article:modified_time\" content=\"2021-07-14T13:37:59+00:00\" \/>\n<script type=\"application\/ld+json\" class=\"yoast-schema-graph\">{\"@context\":\"https:\/\/schema.org\",\"@graph\":[{\"@type\":\"WebPage\",\"@id\":\"https:\/\/medicina.udd.cl\/tecnologia-medica-santiago\/admision\/malla-curricular\/bioanalisis-clinico-hematologia-y-banco-de-sangre\/\",\"url\":\"https:\/\/medicina.udd.cl\/tecnologia-medica-santiago\/admision\/malla-curricular\/bioanalisis-clinico-hematologia-y-banco-de-sangre\/\",\"name\":\"Bioana\u0301lisis Cli\u0301nico, Hematologi\u0301a y Medicina Transfusional - Tecnolog\u00eda M\u00e9dica\",\"isPartOf\":{\"@id\":\"https:\/\/medicina.udd.cl\/tecnologia-medica-santiago\/#website\"},\"datePublished\":\"2014-11-27T14:41:11+00:00\",\"dateModified\":\"2021-07-14T13:37:59+00:00\",\"breadcrumb\":{\"@id\":\"https:\/\/medicina.udd.cl\/tecnologia-medica-santiago\/admision\/malla-curricular\/bioanalisis-clinico-hematologia-y-banco-de-sangre\/#breadcrumb\"},\"inLanguage\":\"es\",\"potentialAction\":[{\"@type\":\"ReadAction\",\"target\":[\"https:\/\/medicina.udd.cl\/tecnologia-medica-santiago\/admision\/malla-curricular\/bioanalisis-clinico-hematologia-y-banco-de-sangre\/\"]}]},{\"@type\":\"BreadcrumbList\",\"@id\":\"https:\/\/medicina.udd.cl\/tecnologia-medica-santiago\/admision\/malla-curricular\/bioanalisis-clinico-hematologia-y-banco-de-sangre\/#breadcrumb\",\"itemListElement\":[{\"@type\":\"ListItem\",\"position\":1,\"name\":\"Home\",\"item\":\"https:\/\/medicina.udd.cl\/tecnologia-medica-santiago\/\"},{\"@type\":\"ListItem\",\"position\":2,\"name\":\"Admisi\u00f3n\",\"item\":\"https:\/\/medicina.udd.cl\/tecnologia-medica-santiago\/admision\/\"},{\"@type\":\"ListItem\",\"position\":3,\"name\":\"Mallas Curriculares\",\"item\":\"https:\/\/medicina.udd.cl\/tecnologia-medica-santiago\/admision\/malla-curricular\/\"},{\"@type\":\"ListItem\",\"position\":4,\"name\":\"Bioana\u0301lisis Cli\u0301nico, Hematologi\u0301a y Medicina Transfusional\"}]},{\"@type\":\"WebSite\",\"@id\":\"https:\/\/medicina.udd.cl\/tecnologia-medica-santiago\/#website\",\"url\":\"https:\/\/medicina.udd.cl\/tecnologia-medica-santiago\/\",\"name\":\"Tecnolog\u00eda M\u00e9dica\",\"description\":\"Facultad de Medicina Cl\u00ednica Alemana Universidad del Desarrollo\",\"inLanguage\":\"es\"}]}<\/script>\n<!-- \/ Yoast SEO plugin. -->","yoast_head_json":{"title":"Bioana\u0301lisis Cli\u0301nico, Hematologi\u0301a y Medicina Transfusional - Tecnolog\u00eda M\u00e9dica","robots":{"index":"index","follow":"follow","max-snippet":"max-snippet:-1","max-image-preview":"max-image-preview:large","max-video-preview":"max-video-preview:-1"},"canonical":"https:\/\/medicina.udd.cl\/tecnologia-medica-santiago\/admision\/malla-curricular\/bioanalisis-clinico-hematologia-y-banco-de-sangre\/","og_locale":"es_ES","og_type":"article","og_title":"Bioana\u0301lisis Cli\u0301nico, Hematologi\u0301a y Medicina Transfusional - Tecnolog\u00eda M\u00e9dica","og_url":"https:\/\/medicina.udd.cl\/tecnologia-medica-santiago\/admision\/malla-curricular\/bioanalisis-clinico-hematologia-y-banco-de-sangre\/","og_site_name":"Tecnolog\u00eda M\u00e9dica","article_modified_time":"2021-07-14T13:37:59+00:00","schema":{"@context":"https:\/\/schema.org","@graph":[{"@type":"WebPage","@id":"https:\/\/medicina.udd.cl\/tecnologia-medica-santiago\/admision\/malla-curricular\/bioanalisis-clinico-hematologia-y-banco-de-sangre\/","url":"https:\/\/medicina.udd.cl\/tecnologia-medica-santiago\/admision\/malla-curricular\/bioanalisis-clinico-hematologia-y-banco-de-sangre\/","name":"Bioana\u0301lisis Cli\u0301nico, Hematologi\u0301a y Medicina Transfusional - Tecnolog\u00eda M\u00e9dica","isPartOf":{"@id":"https:\/\/medicina.udd.cl\/tecnologia-medica-santiago\/#website"},"datePublished":"2014-11-27T14:41:11+00:00","dateModified":"2021-07-14T13:37:59+00:00","breadcrumb":{"@id":"https:\/\/medicina.udd.cl\/tecnologia-medica-santiago\/admision\/malla-curricular\/bioanalisis-clinico-hematologia-y-banco-de-sangre\/#breadcrumb"},"inLanguage":"es","potentialAction":[{"@type":"ReadAction","target":["https:\/\/medicina.udd.cl\/tecnologia-medica-santiago\/admision\/malla-curricular\/bioanalisis-clinico-hematologia-y-banco-de-sangre\/"]}]},{"@type":"BreadcrumbList","@id":"https:\/\/medicina.udd.cl\/tecnologia-medica-santiago\/admision\/malla-curricular\/bioanalisis-clinico-hematologia-y-banco-de-sangre\/#breadcrumb","itemListElement":[{"@type":"ListItem","position":1,"name":"Home","item":"https:\/\/medicina.udd.cl\/tecnologia-medica-santiago\/"},{"@type":"ListItem","position":2,"name":"Admisi\u00f3n","item":"https:\/\/medicina.udd.cl\/tecnologia-medica-santiago\/admision\/"},{"@type":"ListItem","position":3,"name":"Mallas Curriculares","item":"https:\/\/medicina.udd.cl\/tecnologia-medica-santiago\/admision\/malla-curricular\/"},{"@type":"ListItem","position":4,"name":"Bioana\u0301lisis Cli\u0301nico, Hematologi\u0301a y Medicina Transfusional"}]},{"@type":"WebSite","@id":"https:\/\/medicina.udd.cl\/tecnologia-medica-santiago\/#website","url":"https:\/\/medicina.udd.cl\/tecnologia-medica-santiago\/","name":"Tecnolog\u00eda M\u00e9dica","description":"Facultad de Medicina Cl\u00ednica Alemana Universidad del Desarrollo","inLanguage":"es"}]}},"_links":{"self":[{"href":"https:\/\/medicina.udd.cl\/tecnologia-medica-santiago\/wp-json\/wp\/v2\/pages\/3284","targetHints":{"allow":["GET"]}}],"collection":[{"href":"https:\/\/medicina.udd.cl\/tecnologia-medica-santiago\/wp-json\/wp\/v2\/pages"}],"about":[{"href":"https:\/\/medicina.udd.cl\/tecnologia-medica-santiago\/wp-json\/wp\/v2\/types\/page"}],"author":[{"embeddable":true,"href":"https:\/\/medicina.udd.cl\/tecnologia-medica-santiago\/wp-json\/wp\/v2\/users\/1"}],"replies":[{"embeddable":true,"href":"https:\/\/medicina.udd.cl\/tecnologia-medica-santiago\/wp-json\/wp\/v2\/comments?post=3284"}],"version-history":[{"count":12,"href":"https:\/\/medicina.udd.cl\/tecnologia-medica-santiago\/wp-json\/wp\/v2\/pages\/3284\/revisions"}],"predecessor-version":[{"id":6924,"href":"https:\/\/medicina.udd.cl\/tecnologia-medica-santiago\/wp-json\/wp\/v2\/pages\/3284\/revisions\/6924"}],"up":[{"embeddable":true,"href":"https:\/\/medicina.udd.cl\/tecnologia-medica-santiago\/wp-json\/wp\/v2\/pages\/10"}],"wp:attachment":[{"href":"https:\/\/medicina.udd.cl\/tecnologia-medica-santiago\/wp-json\/wp\/v2\/media?parent=3284"}],"curies":[{"name":"wp","href":"https:\/\/api.w.org\/{rel}","templated":true}]}}