{"id":334,"date":"2010-08-16T17:01:53","date_gmt":"2010-08-16T21:01:53","guid":{"rendered":"http:\/\/medicina.udd.cl\/tecnologia-medica-santiago\/sobre-la-carrera\/el-rol-del-tecnologo-medico\/"},"modified":"2017-12-26T14:55:35","modified_gmt":"2017-12-26T17:55:35","slug":"descripcion","status":"publish","type":"page","link":"https:\/\/medicina.udd.cl\/tecnologia-medica-santiago\/la-carrera\/descripcion\/","title":{"rendered":"Descripci\u00f3n"},"content":{"rendered":"<p style=\"text-align: justify\"><a href=\"http:\/\/medicina.udd.cl\/tecnologia-medica-santiago\/files\/2010\/08\/FOTO-DESCRIPCI\u00d3N-LOGO-WEB.png\" rel=\"attachment wp-att-4305\"><img loading=\"lazy\" decoding=\"async\" class=\"wp-image-4305 alignleft\" src=\"http:\/\/medicina.udd.cl\/tecnologia-medica-santiago\/files\/2010\/08\/FOTO-DESCRIPCI\u00d3N-LOGO-WEB-300x300.png\" alt=\"FOTO DESCRIPCI\u00d3N, LOGO-WEB\" width=\"142\" height=\"142\" srcset=\"https:\/\/medicina.udd.cl\/tecnologia-medica-santiago\/files\/2010\/08\/FOTO-DESCRIPCI\u00d3N-LOGO-WEB-300x300.png 300w, https:\/\/medicina.udd.cl\/tecnologia-medica-santiago\/files\/2010\/08\/FOTO-DESCRIPCI\u00d3N-LOGO-WEB-150x150.png 150w, https:\/\/medicina.udd.cl\/tecnologia-medica-santiago\/files\/2010\/08\/FOTO-DESCRIPCI\u00d3N-LOGO-WEB-768x768.png 768w, https:\/\/medicina.udd.cl\/tecnologia-medica-santiago\/files\/2010\/08\/FOTO-DESCRIPCI\u00d3N-LOGO-WEB-62x62.png 62w, https:\/\/medicina.udd.cl\/tecnologia-medica-santiago\/files\/2010\/08\/FOTO-DESCRIPCI\u00d3N-LOGO-WEB-960x960.png 960w, https:\/\/medicina.udd.cl\/tecnologia-medica-santiago\/files\/2010\/08\/FOTO-DESCRIPCI\u00d3N-LOGO-WEB-126x126.png 126w, https:\/\/medicina.udd.cl\/tecnologia-medica-santiago\/files\/2010\/08\/FOTO-DESCRIPCI\u00d3N-LOGO-WEB.png 1000w\" sizes=\"auto, (max-width: 142px) 100vw, 142px\" \/><\/a>En la carrera de Tecnolog\u00eda M\u00e9dica formamos profesionales capaces de ejecutar, desarrollar y validar ex\u00e1menes y procedimientos en las diferentes \u00e1reas de especialidad, con una visi\u00f3n global de su disciplina que les permite adaptarse perfectamente a las exigencias laborales del pa\u00eds, y adem\u00e1s preparados para desarrollar nuevas tecnolog\u00edas.<\/p>\n<p style=\"text-align: justify\">El alumno elige entre las cuatro especialidades que se imparten:<\/p>\n<ul style=\"text-align: justify\">\n<li><strong>Bioan\u00e1lisis Cl\u00ednico, Hematolog\u00eda y Medicina Transfusional\u00a0<\/strong><\/li>\n<li><strong>Morfofisiopatolog\u00eda y Citodiagn\u00f3stico<\/strong><\/li>\n<li><strong>Imagenolog\u00eda y F\u00edsica M\u00e9dica<\/strong><\/li>\n<li><strong>Oftalmolog\u00eda y Optometr\u00eda<\/strong><\/li>\n<\/ul>\n<p style=\"text-align: justify\">Nuestra malla curricular es innovadora, semiflexible y permite la integraci\u00f3n de las especialidades de la carrera. Fomenta la investigaci\u00f3n, la gesti\u00f3n y administraci\u00f3n en salud, el sentido de responsabilidad p\u00fablica, el emprendimiento, liderazgo y el amor por el trabajo bien hecho.<\/p>\n","protected":false},"excerpt":{"rendered":"<p>En la carrera de Tecnolog\u00eda M\u00e9dica formamos profesionales capaces de ejecutar, desarrollar y validar ex\u00e1menes y procedimientos en las diferentes \u00e1reas de especialidad, con una visi\u00f3n global de su disciplina que les permite adaptarse perfectamente a las exigencias laborales del pa\u00eds, y adem\u00e1s preparados para desarrollar nuevas tecnolog\u00edas. El alumno elige entre las cuatro especialidades [&hellip;]<\/p>\n","protected":false},"author":1,"featured_media":0,"parent":3,"menu_order":10,"comment_status":"open","ping_status":"open","template":"","meta":{"footnotes":""},"class_list":["post-334","page","type-page","status-publish","hentry"],"yoast_head":"<!-- This site is optimized with the Yoast SEO plugin v26.9 - https:\/\/yoast.com\/product\/yoast-seo-wordpress\/ -->\n<title>Descripci\u00f3n de la Carrera | Tecnolog\u00eda M\u00e9dica (Santiago)| Universidad del Desarrollo<\/title>\n<meta name=\"description\" content=\"El Tecn\u00f3logo M\u00e9dico es el profesional dentro del equipo de salud que orienta y contribuye al diagn\u00f3stico cl\u00ednico, seguimiento y tratamiento de patolog\u00edas.\" \/>\n<meta name=\"robots\" content=\"index, follow, max-snippet:-1, max-image-preview:large, max-video-preview:-1\" \/>\n<link rel=\"canonical\" href=\"https:\/\/medicina.udd.cl\/tecnologia-medica-santiago\/la-carrera\/descripcion\/\" \/>\n<meta property=\"og:locale\" content=\"es_ES\" \/>\n<meta property=\"og:type\" content=\"article\" \/>\n<meta property=\"og:title\" content=\"Descripci\u00f3n de la Carrera | Tecnolog\u00eda M\u00e9dica (Santiago)| Universidad del Desarrollo\" \/>\n<meta property=\"og:description\" content=\"El Tecn\u00f3logo M\u00e9dico es el profesional dentro del equipo de salud que orienta y contribuye al diagn\u00f3stico cl\u00ednico, seguimiento y tratamiento de patolog\u00edas.\" \/>\n<meta property=\"og:url\" content=\"https:\/\/medicina.udd.cl\/tecnologia-medica-santiago\/la-carrera\/descripcion\/\" \/>\n<meta property=\"og:site_name\" content=\"Tecnolog\u00eda M\u00e9dica\" \/>\n<meta property=\"article:modified_time\" content=\"2017-12-26T17:55:35+00:00\" \/>\n<meta name=\"twitter:label1\" content=\"Tiempo de lectura\" \/>\n\t<meta name=\"twitter:data1\" content=\"1 minuto\" \/>\n<script type=\"application\/ld+json\" class=\"yoast-schema-graph\">{\"@context\":\"https:\/\/schema.org\",\"@graph\":[{\"@type\":\"WebPage\",\"@id\":\"https:\/\/medicina.udd.cl\/tecnologia-medica-santiago\/la-carrera\/descripcion\/\",\"url\":\"https:\/\/medicina.udd.cl\/tecnologia-medica-santiago\/la-carrera\/descripcion\/\",\"name\":\"Descripci\u00f3n de la Carrera | Tecnolog\u00eda M\u00e9dica (Santiago)| Universidad del Desarrollo\",\"isPartOf\":{\"@id\":\"https:\/\/medicina.udd.cl\/tecnologia-medica-santiago\/#website\"},\"datePublished\":\"2010-08-16T21:01:53+00:00\",\"dateModified\":\"2017-12-26T17:55:35+00:00\",\"description\":\"El Tecn\u00f3logo M\u00e9dico es el profesional dentro del equipo de salud que orienta y contribuye al diagn\u00f3stico cl\u00ednico, seguimiento y tratamiento de patolog\u00edas.\",\"breadcrumb\":{\"@id\":\"https:\/\/medicina.udd.cl\/tecnologia-medica-santiago\/la-carrera\/descripcion\/#breadcrumb\"},\"inLanguage\":\"es\",\"potentialAction\":[{\"@type\":\"ReadAction\",\"target\":[\"https:\/\/medicina.udd.cl\/tecnologia-medica-santiago\/la-carrera\/descripcion\/\"]}]},{\"@type\":\"BreadcrumbList\",\"@id\":\"https:\/\/medicina.udd.cl\/tecnologia-medica-santiago\/la-carrera\/descripcion\/#breadcrumb\",\"itemListElement\":[{\"@type\":\"ListItem\",\"position\":1,\"name\":\"Home\",\"item\":\"https:\/\/medicina.udd.cl\/tecnologia-medica-santiago\/\"},{\"@type\":\"ListItem\",\"position\":2,\"name\":\"La Carrera\",\"item\":\"https:\/\/medicina.udd.cl\/tecnologia-medica-santiago\/la-carrera\/\"},{\"@type\":\"ListItem\",\"position\":3,\"name\":\"Descripci\u00f3n\"}]},{\"@type\":\"WebSite\",\"@id\":\"https:\/\/medicina.udd.cl\/tecnologia-medica-santiago\/#website\",\"url\":\"https:\/\/medicina.udd.cl\/tecnologia-medica-santiago\/\",\"name\":\"Tecnolog\u00eda M\u00e9dica\",\"description\":\"Facultad de Medicina Cl\u00ednica Alemana Universidad del Desarrollo\",\"inLanguage\":\"es\"}]}<\/script>\n<!-- \/ Yoast SEO plugin. -->","yoast_head_json":{"title":"Descripci\u00f3n de la Carrera | Tecnolog\u00eda M\u00e9dica (Santiago)| Universidad del Desarrollo","description":"El Tecn\u00f3logo M\u00e9dico es el profesional dentro del equipo de salud que orienta y contribuye al diagn\u00f3stico cl\u00ednico, seguimiento y tratamiento de patolog\u00edas.","robots":{"index":"index","follow":"follow","max-snippet":"max-snippet:-1","max-image-preview":"max-image-preview:large","max-video-preview":"max-video-preview:-1"},"canonical":"https:\/\/medicina.udd.cl\/tecnologia-medica-santiago\/la-carrera\/descripcion\/","og_locale":"es_ES","og_type":"article","og_title":"Descripci\u00f3n de la Carrera | Tecnolog\u00eda M\u00e9dica (Santiago)| Universidad del Desarrollo","og_description":"El Tecn\u00f3logo M\u00e9dico es el profesional dentro del equipo de salud que orienta y contribuye al diagn\u00f3stico cl\u00ednico, seguimiento y tratamiento de patolog\u00edas.","og_url":"https:\/\/medicina.udd.cl\/tecnologia-medica-santiago\/la-carrera\/descripcion\/","og_site_name":"Tecnolog\u00eda M\u00e9dica","article_modified_time":"2017-12-26T17:55:35+00:00","twitter_misc":{"Tiempo de lectura":"1 minuto"},"schema":{"@context":"https:\/\/schema.org","@graph":[{"@type":"WebPage","@id":"https:\/\/medicina.udd.cl\/tecnologia-medica-santiago\/la-carrera\/descripcion\/","url":"https:\/\/medicina.udd.cl\/tecnologia-medica-santiago\/la-carrera\/descripcion\/","name":"Descripci\u00f3n de la Carrera | Tecnolog\u00eda M\u00e9dica (Santiago)| Universidad del Desarrollo","isPartOf":{"@id":"https:\/\/medicina.udd.cl\/tecnologia-medica-santiago\/#website"},"datePublished":"2010-08-16T21:01:53+00:00","dateModified":"2017-12-26T17:55:35+00:00","description":"El Tecn\u00f3logo M\u00e9dico es el profesional dentro del equipo de salud que orienta y contribuye al diagn\u00f3stico cl\u00ednico, seguimiento y tratamiento de patolog\u00edas.","breadcrumb":{"@id":"https:\/\/medicina.udd.cl\/tecnologia-medica-santiago\/la-carrera\/descripcion\/#breadcrumb"},"inLanguage":"es","potentialAction":[{"@type":"ReadAction","target":["https:\/\/medicina.udd.cl\/tecnologia-medica-santiago\/la-carrera\/descripcion\/"]}]},{"@type":"BreadcrumbList","@id":"https:\/\/medicina.udd.cl\/tecnologia-medica-santiago\/la-carrera\/descripcion\/#breadcrumb","itemListElement":[{"@type":"ListItem","position":1,"name":"Home","item":"https:\/\/medicina.udd.cl\/tecnologia-medica-santiago\/"},{"@type":"ListItem","position":2,"name":"La Carrera","item":"https:\/\/medicina.udd.cl\/tecnologia-medica-santiago\/la-carrera\/"},{"@type":"ListItem","position":3,"name":"Descripci\u00f3n"}]},{"@type":"WebSite","@id":"https:\/\/medicina.udd.cl\/tecnologia-medica-santiago\/#website","url":"https:\/\/medicina.udd.cl\/tecnologia-medica-santiago\/","name":"Tecnolog\u00eda M\u00e9dica","description":"Facultad de Medicina Cl\u00ednica Alemana Universidad del Desarrollo","inLanguage":"es"}]}},"_links":{"self":[{"href":"https:\/\/medicina.udd.cl\/tecnologia-medica-santiago\/wp-json\/wp\/v2\/pages\/334","targetHints":{"allow":["GET"]}}],"collection":[{"href":"https:\/\/medicina.udd.cl\/tecnologia-medica-santiago\/wp-json\/wp\/v2\/pages"}],"about":[{"href":"https:\/\/medicina.udd.cl\/tecnologia-medica-santiago\/wp-json\/wp\/v2\/types\/page"}],"author":[{"embeddable":true,"href":"https:\/\/medicina.udd.cl\/tecnologia-medica-santiago\/wp-json\/wp\/v2\/users\/1"}],"replies":[{"embeddable":true,"href":"https:\/\/medicina.udd.cl\/tecnologia-medica-santiago\/wp-json\/wp\/v2\/comments?post=334"}],"version-history":[{"count":37,"href":"https:\/\/medicina.udd.cl\/tecnologia-medica-santiago\/wp-json\/wp\/v2\/pages\/334\/revisions"}],"predecessor-version":[{"id":5269,"href":"https:\/\/medicina.udd.cl\/tecnologia-medica-santiago\/wp-json\/wp\/v2\/pages\/334\/revisions\/5269"}],"up":[{"embeddable":true,"href":"https:\/\/medicina.udd.cl\/tecnologia-medica-santiago\/wp-json\/wp\/v2\/pages\/3"}],"wp:attachment":[{"href":"https:\/\/medicina.udd.cl\/tecnologia-medica-santiago\/wp-json\/wp\/v2\/media?parent=334"}],"curies":[{"name":"wp","href":"https:\/\/api.w.org\/{rel}","templated":true}]}}