{"id":3686,"date":"2015-08-27T11:34:15","date_gmt":"2015-08-27T14:34:15","guid":{"rendered":"http:\/\/medicina.udd.cl\/tecnologia-medica-santiago\/?page_id=3686"},"modified":"2024-12-11T17:52:02","modified_gmt":"2024-12-11T20:52:02","slug":"mision-vision-y-perfil-de-egreso","status":"publish","type":"page","link":"https:\/\/medicina.udd.cl\/tecnologia-medica-santiago\/la-carrera\/descripcion\/mision-vision-y-perfil-de-egreso\/","title":{"rendered":"Misi\u00f3n, Visi\u00f3n y Objetivos"},"content":{"rendered":"\n<p><em>El Perfil de Egreso de nuestra carrera contempla el logro de competencias gen\u00e9ricas UDD y espec\u00edficas que todos los titulados deben demostrar al ingresar al mundo laboral. <\/em> <\/p>\n\n\n\n<div class=\"wp-block-image\"><figure class=\"aligncenter size-large\"><a href=\"https:\/\/medicina.udd.cl\/tecnologia-medica-santiago\/files\/2022\/10\/POST_MISION_VISION.pdf\"><img loading=\"lazy\" decoding=\"async\" width=\"1000\" height=\"1000\" src=\"https:\/\/medicina.udd.cl\/tecnologia-medica-santiago\/files\/2022\/10\/POST_MISION_VISION.png\" alt=\"\" class=\"wp-image-7817\" srcset=\"https:\/\/medicina.udd.cl\/tecnologia-medica-santiago\/files\/2022\/10\/POST_MISION_VISION.png 1000w, https:\/\/medicina.udd.cl\/tecnologia-medica-santiago\/files\/2022\/10\/POST_MISION_VISION-300x300.png 300w, https:\/\/medicina.udd.cl\/tecnologia-medica-santiago\/files\/2022\/10\/POST_MISION_VISION-150x150.png 150w, https:\/\/medicina.udd.cl\/tecnologia-medica-santiago\/files\/2022\/10\/POST_MISION_VISION-768x768.png 768w, https:\/\/medicina.udd.cl\/tecnologia-medica-santiago\/files\/2022\/10\/POST_MISION_VISION-62x62.png 62w, https:\/\/medicina.udd.cl\/tecnologia-medica-santiago\/files\/2022\/10\/POST_MISION_VISION-750x750.png 750w, https:\/\/medicina.udd.cl\/tecnologia-medica-santiago\/files\/2022\/10\/POST_MISION_VISION-500x500.png 500w, https:\/\/medicina.udd.cl\/tecnologia-medica-santiago\/files\/2022\/10\/POST_MISION_VISION-250x250.png 250w, https:\/\/medicina.udd.cl\/tecnologia-medica-santiago\/files\/2022\/10\/POST_MISION_VISION-126x126.png 126w\" sizes=\"auto, (max-width: 1000px) 100vw, 1000px\" \/><\/a><\/figure><\/div>\n\n\n\n<h2 class=\"wp-block-heading\"><strong>Objetivos educacionales de Tecnolog\u00eda M\u00e9dica UDD<\/strong><\/h2>\n\n\n\n<ul class=\"wp-block-list\"><li>Formar Tecn\u00f3logos M\u00e9dicos&nbsp; que cumplan el Perfil de Egreso de la Carrera.<\/li><\/ul>\n\n\n\n<ul class=\"wp-block-list\"><li>Implementar un Modelo Educativo de la Carrera en coherencia al Proyecto Educativo de Pregrado UDD Futuro, que permita lograr el Perfil de Egreso, resguardando la s\u00f3lida formaci\u00f3n disciplinar e incorporando a la vez los pilares de formaci\u00f3n extradisciplinar, aprendizaje experiencial, globalizaci\u00f3n, interdisciplina, flexibilidad y tecnolog\u00eda digital que define este proyecto.<\/li><\/ul>\n\n\n\n<ul class=\"wp-block-list\"><li>Conformar un n\u00facleo de profesores expertos en su disciplina, formados en docencia, que a trav\u00e9s de una metodolog\u00eda innovadora y comprometidos con el aprendizaje de sus estudiantes, favorezcan la implementaci\u00f3n del Modelo Educativo.<\/li><\/ul>\n\n\n\n<ul class=\"wp-block-list\"><li>Vincular la carrera de Tecnolog\u00eda M\u00e9dica a un Instituto de Ciencias (ICIM) para fomentar el desarrollo de un profesional que reconoce la investigaci\u00f3n como parte esencial del aporte de la Tecnolog\u00eda M\u00e9dica a la sociedad.<\/li><\/ul>\n","protected":false},"excerpt":{"rendered":"<p>El Perfil de Egreso de nuestra carrera contempla el logro de competencias gen\u00e9ricas UDD y espec\u00edficas que todos los titulados deben demostrar al ingresar al mundo laboral. Objetivos educacionales de Tecnolog\u00eda M\u00e9dica UDD Formar Tecn\u00f3logos M\u00e9dicos&nbsp; que cumplan el Perfil de Egreso de la Carrera. Implementar un Modelo Educativo de la Carrera en coherencia al [&hellip;]<\/p>\n","protected":false},"author":42,"featured_media":0,"parent":334,"menu_order":0,"comment_status":"open","ping_status":"open","template":"","meta":{"footnotes":""},"class_list":["post-3686","page","type-page","status-publish","hentry"],"yoast_head":"<!-- This site is optimized with the Yoast SEO plugin v26.9 - https:\/\/yoast.com\/product\/yoast-seo-wordpress\/ -->\n<title>Misi\u00f3n, Visi\u00f3n y Objetivos - Tecnolog\u00eda M\u00e9dica UDD<\/title>\n<meta name=\"robots\" content=\"index, follow, max-snippet:-1, max-image-preview:large, max-video-preview:-1\" \/>\n<link rel=\"canonical\" href=\"https:\/\/medicina.udd.cl\/tecnologia-medica-santiago\/la-carrera\/descripcion\/mision-vision-y-perfil-de-egreso\/\" \/>\n<meta property=\"og:locale\" content=\"es_ES\" \/>\n<meta property=\"og:type\" content=\"article\" \/>\n<meta property=\"og:title\" content=\"Misi\u00f3n, Visi\u00f3n y Objetivos - Tecnolog\u00eda M\u00e9dica UDD\" \/>\n<meta property=\"og:description\" content=\"El Perfil de Egreso de nuestra carrera contempla el logro de competencias gen\u00e9ricas UDD y espec\u00edficas que todos los titulados deben demostrar al ingresar al mundo laboral. Objetivos educacionales de Tecnolog\u00eda M\u00e9dica UDD Formar Tecn\u00f3logos M\u00e9dicos&nbsp; que cumplan el Perfil de Egreso de la Carrera. Implementar un Modelo Educativo de la Carrera en coherencia al [&hellip;]\" \/>\n<meta property=\"og:url\" content=\"https:\/\/medicina.udd.cl\/tecnologia-medica-santiago\/la-carrera\/descripcion\/mision-vision-y-perfil-de-egreso\/\" \/>\n<meta property=\"og:site_name\" content=\"Tecnolog\u00eda M\u00e9dica\" \/>\n<meta property=\"article:modified_time\" content=\"2024-12-11T20:52:02+00:00\" \/>\n<meta property=\"og:image\" content=\"https:\/\/medicina.udd.cl\/tecnologia-medica-santiago\/files\/2022\/10\/POST_MISION_VISION.png\" \/>\n<meta name=\"twitter:label1\" content=\"Tiempo de lectura\" \/>\n\t<meta name=\"twitter:data1\" content=\"1 minuto\" \/>\n<script type=\"application\/ld+json\" class=\"yoast-schema-graph\">{\"@context\":\"https:\/\/schema.org\",\"@graph\":[{\"@type\":\"WebPage\",\"@id\":\"https:\/\/medicina.udd.cl\/tecnologia-medica-santiago\/la-carrera\/descripcion\/mision-vision-y-perfil-de-egreso\/\",\"url\":\"https:\/\/medicina.udd.cl\/tecnologia-medica-santiago\/la-carrera\/descripcion\/mision-vision-y-perfil-de-egreso\/\",\"name\":\"Misi\u00f3n, Visi\u00f3n y Objetivos - Tecnolog\u00eda M\u00e9dica UDD\",\"isPartOf\":{\"@id\":\"https:\/\/medicina.udd.cl\/tecnologia-medica-santiago\/#website\"},\"primaryImageOfPage\":{\"@id\":\"https:\/\/medicina.udd.cl\/tecnologia-medica-santiago\/la-carrera\/descripcion\/mision-vision-y-perfil-de-egreso\/#primaryimage\"},\"image\":{\"@id\":\"https:\/\/medicina.udd.cl\/tecnologia-medica-santiago\/la-carrera\/descripcion\/mision-vision-y-perfil-de-egreso\/#primaryimage\"},\"thumbnailUrl\":\"https:\/\/medicina.udd.cl\/tecnologia-medica-santiago\/files\/2022\/10\/POST_MISION_VISION.png\",\"datePublished\":\"2015-08-27T14:34:15+00:00\",\"dateModified\":\"2024-12-11T20:52:02+00:00\",\"breadcrumb\":{\"@id\":\"https:\/\/medicina.udd.cl\/tecnologia-medica-santiago\/la-carrera\/descripcion\/mision-vision-y-perfil-de-egreso\/#breadcrumb\"},\"inLanguage\":\"es\",\"potentialAction\":[{\"@type\":\"ReadAction\",\"target\":[\"https:\/\/medicina.udd.cl\/tecnologia-medica-santiago\/la-carrera\/descripcion\/mision-vision-y-perfil-de-egreso\/\"]}]},{\"@type\":\"ImageObject\",\"inLanguage\":\"es\",\"@id\":\"https:\/\/medicina.udd.cl\/tecnologia-medica-santiago\/la-carrera\/descripcion\/mision-vision-y-perfil-de-egreso\/#primaryimage\",\"url\":\"https:\/\/medicina.udd.cl\/tecnologia-medica-santiago\/files\/2022\/10\/POST_MISION_VISION.png\",\"contentUrl\":\"https:\/\/medicina.udd.cl\/tecnologia-medica-santiago\/files\/2022\/10\/POST_MISION_VISION.png\",\"width\":1000,\"height\":1000},{\"@type\":\"BreadcrumbList\",\"@id\":\"https:\/\/medicina.udd.cl\/tecnologia-medica-santiago\/la-carrera\/descripcion\/mision-vision-y-perfil-de-egreso\/#breadcrumb\",\"itemListElement\":[{\"@type\":\"ListItem\",\"position\":1,\"name\":\"Home\",\"item\":\"https:\/\/medicina.udd.cl\/tecnologia-medica-santiago\/\"},{\"@type\":\"ListItem\",\"position\":2,\"name\":\"La Carrera\",\"item\":\"https:\/\/medicina.udd.cl\/tecnologia-medica-santiago\/la-carrera\/\"},{\"@type\":\"ListItem\",\"position\":3,\"name\":\"Descripci\u00f3n\",\"item\":\"https:\/\/medicina.udd.cl\/tecnologia-medica-santiago\/la-carrera\/descripcion\/\"},{\"@type\":\"ListItem\",\"position\":4,\"name\":\"Misi\u00f3n, Visi\u00f3n y Objetivos\"}]},{\"@type\":\"WebSite\",\"@id\":\"https:\/\/medicina.udd.cl\/tecnologia-medica-santiago\/#website\",\"url\":\"https:\/\/medicina.udd.cl\/tecnologia-medica-santiago\/\",\"name\":\"Tecnolog\u00eda M\u00e9dica\",\"description\":\"Facultad de Medicina Cl\u00ednica Alemana Universidad del Desarrollo\",\"inLanguage\":\"es\"}]}<\/script>\n<!-- \/ Yoast SEO plugin. -->","yoast_head_json":{"title":"Misi\u00f3n, Visi\u00f3n y Objetivos - Tecnolog\u00eda M\u00e9dica UDD","robots":{"index":"index","follow":"follow","max-snippet":"max-snippet:-1","max-image-preview":"max-image-preview:large","max-video-preview":"max-video-preview:-1"},"canonical":"https:\/\/medicina.udd.cl\/tecnologia-medica-santiago\/la-carrera\/descripcion\/mision-vision-y-perfil-de-egreso\/","og_locale":"es_ES","og_type":"article","og_title":"Misi\u00f3n, Visi\u00f3n y Objetivos - Tecnolog\u00eda M\u00e9dica UDD","og_description":"El Perfil de Egreso de nuestra carrera contempla el logro de competencias gen\u00e9ricas UDD y espec\u00edficas que todos los titulados deben demostrar al ingresar al mundo laboral. Objetivos educacionales de Tecnolog\u00eda M\u00e9dica UDD Formar Tecn\u00f3logos M\u00e9dicos&nbsp; que cumplan el Perfil de Egreso de la Carrera. Implementar un Modelo Educativo de la Carrera en coherencia al [&hellip;]","og_url":"https:\/\/medicina.udd.cl\/tecnologia-medica-santiago\/la-carrera\/descripcion\/mision-vision-y-perfil-de-egreso\/","og_site_name":"Tecnolog\u00eda M\u00e9dica","article_modified_time":"2024-12-11T20:52:02+00:00","og_image":[{"url":"https:\/\/medicina.udd.cl\/tecnologia-medica-santiago\/files\/2022\/10\/POST_MISION_VISION.png","type":"","width":"","height":""}],"twitter_misc":{"Tiempo de lectura":"1 minuto"},"schema":{"@context":"https:\/\/schema.org","@graph":[{"@type":"WebPage","@id":"https:\/\/medicina.udd.cl\/tecnologia-medica-santiago\/la-carrera\/descripcion\/mision-vision-y-perfil-de-egreso\/","url":"https:\/\/medicina.udd.cl\/tecnologia-medica-santiago\/la-carrera\/descripcion\/mision-vision-y-perfil-de-egreso\/","name":"Misi\u00f3n, Visi\u00f3n y Objetivos - Tecnolog\u00eda M\u00e9dica UDD","isPartOf":{"@id":"https:\/\/medicina.udd.cl\/tecnologia-medica-santiago\/#website"},"primaryImageOfPage":{"@id":"https:\/\/medicina.udd.cl\/tecnologia-medica-santiago\/la-carrera\/descripcion\/mision-vision-y-perfil-de-egreso\/#primaryimage"},"image":{"@id":"https:\/\/medicina.udd.cl\/tecnologia-medica-santiago\/la-carrera\/descripcion\/mision-vision-y-perfil-de-egreso\/#primaryimage"},"thumbnailUrl":"https:\/\/medicina.udd.cl\/tecnologia-medica-santiago\/files\/2022\/10\/POST_MISION_VISION.png","datePublished":"2015-08-27T14:34:15+00:00","dateModified":"2024-12-11T20:52:02+00:00","breadcrumb":{"@id":"https:\/\/medicina.udd.cl\/tecnologia-medica-santiago\/la-carrera\/descripcion\/mision-vision-y-perfil-de-egreso\/#breadcrumb"},"inLanguage":"es","potentialAction":[{"@type":"ReadAction","target":["https:\/\/medicina.udd.cl\/tecnologia-medica-santiago\/la-carrera\/descripcion\/mision-vision-y-perfil-de-egreso\/"]}]},{"@type":"ImageObject","inLanguage":"es","@id":"https:\/\/medicina.udd.cl\/tecnologia-medica-santiago\/la-carrera\/descripcion\/mision-vision-y-perfil-de-egreso\/#primaryimage","url":"https:\/\/medicina.udd.cl\/tecnologia-medica-santiago\/files\/2022\/10\/POST_MISION_VISION.png","contentUrl":"https:\/\/medicina.udd.cl\/tecnologia-medica-santiago\/files\/2022\/10\/POST_MISION_VISION.png","width":1000,"height":1000},{"@type":"BreadcrumbList","@id":"https:\/\/medicina.udd.cl\/tecnologia-medica-santiago\/la-carrera\/descripcion\/mision-vision-y-perfil-de-egreso\/#breadcrumb","itemListElement":[{"@type":"ListItem","position":1,"name":"Home","item":"https:\/\/medicina.udd.cl\/tecnologia-medica-santiago\/"},{"@type":"ListItem","position":2,"name":"La Carrera","item":"https:\/\/medicina.udd.cl\/tecnologia-medica-santiago\/la-carrera\/"},{"@type":"ListItem","position":3,"name":"Descripci\u00f3n","item":"https:\/\/medicina.udd.cl\/tecnologia-medica-santiago\/la-carrera\/descripcion\/"},{"@type":"ListItem","position":4,"name":"Misi\u00f3n, Visi\u00f3n y Objetivos"}]},{"@type":"WebSite","@id":"https:\/\/medicina.udd.cl\/tecnologia-medica-santiago\/#website","url":"https:\/\/medicina.udd.cl\/tecnologia-medica-santiago\/","name":"Tecnolog\u00eda M\u00e9dica","description":"Facultad de Medicina Cl\u00ednica Alemana Universidad del Desarrollo","inLanguage":"es"}]}},"_links":{"self":[{"href":"https:\/\/medicina.udd.cl\/tecnologia-medica-santiago\/wp-json\/wp\/v2\/pages\/3686","targetHints":{"allow":["GET"]}}],"collection":[{"href":"https:\/\/medicina.udd.cl\/tecnologia-medica-santiago\/wp-json\/wp\/v2\/pages"}],"about":[{"href":"https:\/\/medicina.udd.cl\/tecnologia-medica-santiago\/wp-json\/wp\/v2\/types\/page"}],"author":[{"embeddable":true,"href":"https:\/\/medicina.udd.cl\/tecnologia-medica-santiago\/wp-json\/wp\/v2\/users\/42"}],"replies":[{"embeddable":true,"href":"https:\/\/medicina.udd.cl\/tecnologia-medica-santiago\/wp-json\/wp\/v2\/comments?post=3686"}],"version-history":[{"count":17,"href":"https:\/\/medicina.udd.cl\/tecnologia-medica-santiago\/wp-json\/wp\/v2\/pages\/3686\/revisions"}],"predecessor-version":[{"id":7818,"href":"https:\/\/medicina.udd.cl\/tecnologia-medica-santiago\/wp-json\/wp\/v2\/pages\/3686\/revisions\/7818"}],"up":[{"embeddable":true,"href":"https:\/\/medicina.udd.cl\/tecnologia-medica-santiago\/wp-json\/wp\/v2\/pages\/334"}],"wp:attachment":[{"href":"https:\/\/medicina.udd.cl\/tecnologia-medica-santiago\/wp-json\/wp\/v2\/media?parent=3686"}],"curies":[{"name":"wp","href":"https:\/\/api.w.org\/{rel}","templated":true}]}}