{"id":3726,"date":"2015-09-03T10:30:32","date_gmt":"2015-09-03T13:30:32","guid":{"rendered":"http:\/\/medicina.udd.cl\/tecnologia-medica-santiago\/?page_id=3726"},"modified":"2018-08-20T11:26:21","modified_gmt":"2018-08-20T14:26:21","slug":"perfil-de-egreso-de-tecnologia-medica","status":"publish","type":"page","link":"https:\/\/medicina.udd.cl\/tecnologia-medica-santiago\/la-carrera\/descripcion\/perfil-de-egreso-de-tecnologia-medica\/","title":{"rendered":"Perfil de Egreso de Tecnolog\u00eda M\u00e9dica"},"content":{"rendered":"<p style=\"text-align: justify\"><a href=\"http:\/\/medicina.udd.cl\/tecnologia-medica-santiago\/files\/2015\/09\/perfil-egresado-tm.jpg\"><img loading=\"lazy\" decoding=\"async\" class=\"aligncenter wp-image-5335\" src=\"http:\/\/medicina.udd.cl\/tecnologia-medica-santiago\/files\/2015\/09\/perfil-egresado-tm-150x150.jpg\" alt=\"\" width=\"300\" height=\"236\" srcset=\"https:\/\/medicina.udd.cl\/tecnologia-medica-santiago\/files\/2015\/09\/perfil-egresado-tm-300x236.jpg 300w, https:\/\/medicina.udd.cl\/tecnologia-medica-santiago\/files\/2015\/09\/perfil-egresado-tm-768x605.jpg 768w, https:\/\/medicina.udd.cl\/tecnologia-medica-santiago\/files\/2015\/09\/perfil-egresado-tm-1024x807.jpg 1024w, https:\/\/medicina.udd.cl\/tecnologia-medica-santiago\/files\/2015\/09\/perfil-egresado-tm-960x756.jpg 960w\" sizes=\"auto, (max-width: 300px) 100vw, 300px\" \/><\/a>El (la) tecn\u00f3logo(a) m\u00e9dico(a) con especialidad, egresado(a) de la Universidad del Desarrollo ser\u00e1 un(a) profesional integral, cuyo quehacer est\u00e1 centrado fundamentalmente en el paciente y su entorno.<\/p>\n<p style=\"text-align: justify\">Ser\u00e1 capaz de realizar y validar ex\u00e1menes y procedimientos destinados a un diagn\u00f3stico cl\u00ednico certero o a un tratamiento espec\u00edfico basados en un raciocinio fisiopatol\u00f3gico y en el marco del aseguramiento de la calidad. Adem\u00e1s, c<span style=\"line-height: 1.5\">ontar\u00e1 con herramientas para desarrollar investigaci\u00f3n cient\u00edfica y asumir responsabilidades en gesti\u00f3n y administraci\u00f3n, <\/span><span style=\"line-height: 1.5\">adapt\u00e1ndose a los cambios permanentes del medio y a la incorporaci\u00f3n de nuevas tecnolog\u00edas.<\/span><\/p>\n<p style=\"text-align: justify\">Del mismo modo, aplicar\u00e1 sus conocimientos y competencias demostrando poseer bases \u00e9ticas, vocaci\u00f3n de servicio y sentido de responsabilidad social, en una de las cuatro especialidades:<\/p>\n<p style=\"text-align: justify\">1. Bioan\u00e1lisis Cl\u00ednico, Hematolog\u00eda y Medicina transfusional<br \/>\n2. Imagenolog\u00eda y F\u00edsica M\u00e9dica<br \/>\n3. Morfofisiopatolog\u00eda y Citodiagn\u00f3stico<br \/>\n4. Oftalmolog\u00eda y Optometr\u00eda<\/p>\n<ul>\n<li style=\"text-align: justify\"><strong>Competencias Gen\u00e9ricas\u00a0<a href=\"http:\/\/medicina.udd.cl\/tecnologia-medica-santiago\/competencias-genericas-de-los-egresados\">ver aqu\u00ed<\/a><\/strong><\/li>\n<li style=\"text-align: justify\"><strong>Competencias Espec\u00edficas <a href=\"http:\/\/medicina.udd.cl\/tecnologia-medica-santiago\/competencias-especificas-del-egresado-de-tecnologia-medica\">ver aqu\u00ed<\/a><\/strong><\/li>\n<\/ul>\n","protected":false},"excerpt":{"rendered":"<p>El (la) tecn\u00f3logo(a) m\u00e9dico(a) con especialidad, egresado(a) de la Universidad del Desarrollo ser\u00e1 un(a) profesional integral, cuyo quehacer est\u00e1 centrado fundamentalmente en el paciente y su entorno. Ser\u00e1 capaz de realizar y validar ex\u00e1menes y procedimientos destinados a un diagn\u00f3stico cl\u00ednico certero o a un tratamiento espec\u00edfico basados en un raciocinio fisiopatol\u00f3gico y en el [&hellip;]<\/p>\n","protected":false},"author":47,"featured_media":0,"parent":334,"menu_order":0,"comment_status":"open","ping_status":"open","template":"","meta":{"footnotes":""},"class_list":["post-3726","page","type-page","status-publish","hentry"],"yoast_head":"<!-- This site is optimized with the Yoast SEO plugin v26.9 - https:\/\/yoast.com\/product\/yoast-seo-wordpress\/ -->\n<title>Perfil de Egreso de Tecnolog\u00eda M\u00e9dica - Tecnolog\u00eda M\u00e9dica<\/title>\n<meta name=\"robots\" content=\"index, follow, max-snippet:-1, max-image-preview:large, max-video-preview:-1\" \/>\n<link rel=\"canonical\" href=\"https:\/\/medicina.udd.cl\/tecnologia-medica-santiago\/la-carrera\/descripcion\/perfil-de-egreso-de-tecnologia-medica\/\" \/>\n<meta property=\"og:locale\" content=\"es_ES\" \/>\n<meta property=\"og:type\" content=\"article\" \/>\n<meta property=\"og:title\" content=\"Perfil de Egreso de Tecnolog\u00eda M\u00e9dica - Tecnolog\u00eda M\u00e9dica\" \/>\n<meta property=\"og:description\" content=\"El (la) tecn\u00f3logo(a) m\u00e9dico(a) con especialidad, egresado(a) de la Universidad del Desarrollo ser\u00e1 un(a) profesional integral, cuyo quehacer est\u00e1 centrado fundamentalmente en el paciente y su entorno. Ser\u00e1 capaz de realizar y validar ex\u00e1menes y procedimientos destinados a un diagn\u00f3stico cl\u00ednico certero o a un tratamiento espec\u00edfico basados en un raciocinio fisiopatol\u00f3gico y en el [&hellip;]\" \/>\n<meta property=\"og:url\" content=\"https:\/\/medicina.udd.cl\/tecnologia-medica-santiago\/la-carrera\/descripcion\/perfil-de-egreso-de-tecnologia-medica\/\" \/>\n<meta property=\"og:site_name\" content=\"Tecnolog\u00eda M\u00e9dica\" \/>\n<meta property=\"article:modified_time\" content=\"2018-08-20T14:26:21+00:00\" \/>\n<meta property=\"og:image\" content=\"http:\/\/medicina.udd.cl\/tecnologia-medica-santiago\/files\/2015\/09\/perfil-egresado-tm-150x150.jpg\" \/>\n<meta name=\"twitter:label1\" content=\"Tiempo de lectura\" \/>\n\t<meta name=\"twitter:data1\" content=\"1 minuto\" \/>\n<script type=\"application\/ld+json\" class=\"yoast-schema-graph\">{\"@context\":\"https:\/\/schema.org\",\"@graph\":[{\"@type\":\"WebPage\",\"@id\":\"https:\/\/medicina.udd.cl\/tecnologia-medica-santiago\/la-carrera\/descripcion\/perfil-de-egreso-de-tecnologia-medica\/\",\"url\":\"https:\/\/medicina.udd.cl\/tecnologia-medica-santiago\/la-carrera\/descripcion\/perfil-de-egreso-de-tecnologia-medica\/\",\"name\":\"Perfil de Egreso de Tecnolog\u00eda M\u00e9dica - Tecnolog\u00eda M\u00e9dica\",\"isPartOf\":{\"@id\":\"https:\/\/medicina.udd.cl\/tecnologia-medica-santiago\/#website\"},\"primaryImageOfPage\":{\"@id\":\"https:\/\/medicina.udd.cl\/tecnologia-medica-santiago\/la-carrera\/descripcion\/perfil-de-egreso-de-tecnologia-medica\/#primaryimage\"},\"image\":{\"@id\":\"https:\/\/medicina.udd.cl\/tecnologia-medica-santiago\/la-carrera\/descripcion\/perfil-de-egreso-de-tecnologia-medica\/#primaryimage\"},\"thumbnailUrl\":\"http:\/\/medicina.udd.cl\/tecnologia-medica-santiago\/files\/2015\/09\/perfil-egresado-tm-150x150.jpg\",\"datePublished\":\"2015-09-03T13:30:32+00:00\",\"dateModified\":\"2018-08-20T14:26:21+00:00\",\"breadcrumb\":{\"@id\":\"https:\/\/medicina.udd.cl\/tecnologia-medica-santiago\/la-carrera\/descripcion\/perfil-de-egreso-de-tecnologia-medica\/#breadcrumb\"},\"inLanguage\":\"es\",\"potentialAction\":[{\"@type\":\"ReadAction\",\"target\":[\"https:\/\/medicina.udd.cl\/tecnologia-medica-santiago\/la-carrera\/descripcion\/perfil-de-egreso-de-tecnologia-medica\/\"]}]},{\"@type\":\"ImageObject\",\"inLanguage\":\"es\",\"@id\":\"https:\/\/medicina.udd.cl\/tecnologia-medica-santiago\/la-carrera\/descripcion\/perfil-de-egreso-de-tecnologia-medica\/#primaryimage\",\"url\":\"http:\/\/medicina.udd.cl\/tecnologia-medica-santiago\/files\/2015\/09\/perfil-egresado-tm-150x150.jpg\",\"contentUrl\":\"http:\/\/medicina.udd.cl\/tecnologia-medica-santiago\/files\/2015\/09\/perfil-egresado-tm-150x150.jpg\"},{\"@type\":\"BreadcrumbList\",\"@id\":\"https:\/\/medicina.udd.cl\/tecnologia-medica-santiago\/la-carrera\/descripcion\/perfil-de-egreso-de-tecnologia-medica\/#breadcrumb\",\"itemListElement\":[{\"@type\":\"ListItem\",\"position\":1,\"name\":\"Home\",\"item\":\"https:\/\/medicina.udd.cl\/tecnologia-medica-santiago\/\"},{\"@type\":\"ListItem\",\"position\":2,\"name\":\"La Carrera\",\"item\":\"https:\/\/medicina.udd.cl\/tecnologia-medica-santiago\/la-carrera\/\"},{\"@type\":\"ListItem\",\"position\":3,\"name\":\"Descripci\u00f3n\",\"item\":\"https:\/\/medicina.udd.cl\/tecnologia-medica-santiago\/la-carrera\/descripcion\/\"},{\"@type\":\"ListItem\",\"position\":4,\"name\":\"Perfil de Egreso de Tecnolog\u00eda M\u00e9dica\"}]},{\"@type\":\"WebSite\",\"@id\":\"https:\/\/medicina.udd.cl\/tecnologia-medica-santiago\/#website\",\"url\":\"https:\/\/medicina.udd.cl\/tecnologia-medica-santiago\/\",\"name\":\"Tecnolog\u00eda M\u00e9dica\",\"description\":\"Facultad de Medicina Cl\u00ednica Alemana Universidad del Desarrollo\",\"inLanguage\":\"es\"}]}<\/script>\n<!-- \/ Yoast SEO plugin. -->","yoast_head_json":{"title":"Perfil de Egreso de Tecnolog\u00eda M\u00e9dica - Tecnolog\u00eda M\u00e9dica","robots":{"index":"index","follow":"follow","max-snippet":"max-snippet:-1","max-image-preview":"max-image-preview:large","max-video-preview":"max-video-preview:-1"},"canonical":"https:\/\/medicina.udd.cl\/tecnologia-medica-santiago\/la-carrera\/descripcion\/perfil-de-egreso-de-tecnologia-medica\/","og_locale":"es_ES","og_type":"article","og_title":"Perfil de Egreso de Tecnolog\u00eda M\u00e9dica - Tecnolog\u00eda M\u00e9dica","og_description":"El (la) tecn\u00f3logo(a) m\u00e9dico(a) con especialidad, egresado(a) de la Universidad del Desarrollo ser\u00e1 un(a) profesional integral, cuyo quehacer est\u00e1 centrado fundamentalmente en el paciente y su entorno. Ser\u00e1 capaz de realizar y validar ex\u00e1menes y procedimientos destinados a un diagn\u00f3stico cl\u00ednico certero o a un tratamiento espec\u00edfico basados en un raciocinio fisiopatol\u00f3gico y en el [&hellip;]","og_url":"https:\/\/medicina.udd.cl\/tecnologia-medica-santiago\/la-carrera\/descripcion\/perfil-de-egreso-de-tecnologia-medica\/","og_site_name":"Tecnolog\u00eda M\u00e9dica","article_modified_time":"2018-08-20T14:26:21+00:00","og_image":[{"url":"http:\/\/medicina.udd.cl\/tecnologia-medica-santiago\/files\/2015\/09\/perfil-egresado-tm-150x150.jpg","type":"","width":"","height":""}],"twitter_misc":{"Tiempo de lectura":"1 minuto"},"schema":{"@context":"https:\/\/schema.org","@graph":[{"@type":"WebPage","@id":"https:\/\/medicina.udd.cl\/tecnologia-medica-santiago\/la-carrera\/descripcion\/perfil-de-egreso-de-tecnologia-medica\/","url":"https:\/\/medicina.udd.cl\/tecnologia-medica-santiago\/la-carrera\/descripcion\/perfil-de-egreso-de-tecnologia-medica\/","name":"Perfil de Egreso de Tecnolog\u00eda M\u00e9dica - Tecnolog\u00eda M\u00e9dica","isPartOf":{"@id":"https:\/\/medicina.udd.cl\/tecnologia-medica-santiago\/#website"},"primaryImageOfPage":{"@id":"https:\/\/medicina.udd.cl\/tecnologia-medica-santiago\/la-carrera\/descripcion\/perfil-de-egreso-de-tecnologia-medica\/#primaryimage"},"image":{"@id":"https:\/\/medicina.udd.cl\/tecnologia-medica-santiago\/la-carrera\/descripcion\/perfil-de-egreso-de-tecnologia-medica\/#primaryimage"},"thumbnailUrl":"http:\/\/medicina.udd.cl\/tecnologia-medica-santiago\/files\/2015\/09\/perfil-egresado-tm-150x150.jpg","datePublished":"2015-09-03T13:30:32+00:00","dateModified":"2018-08-20T14:26:21+00:00","breadcrumb":{"@id":"https:\/\/medicina.udd.cl\/tecnologia-medica-santiago\/la-carrera\/descripcion\/perfil-de-egreso-de-tecnologia-medica\/#breadcrumb"},"inLanguage":"es","potentialAction":[{"@type":"ReadAction","target":["https:\/\/medicina.udd.cl\/tecnologia-medica-santiago\/la-carrera\/descripcion\/perfil-de-egreso-de-tecnologia-medica\/"]}]},{"@type":"ImageObject","inLanguage":"es","@id":"https:\/\/medicina.udd.cl\/tecnologia-medica-santiago\/la-carrera\/descripcion\/perfil-de-egreso-de-tecnologia-medica\/#primaryimage","url":"http:\/\/medicina.udd.cl\/tecnologia-medica-santiago\/files\/2015\/09\/perfil-egresado-tm-150x150.jpg","contentUrl":"http:\/\/medicina.udd.cl\/tecnologia-medica-santiago\/files\/2015\/09\/perfil-egresado-tm-150x150.jpg"},{"@type":"BreadcrumbList","@id":"https:\/\/medicina.udd.cl\/tecnologia-medica-santiago\/la-carrera\/descripcion\/perfil-de-egreso-de-tecnologia-medica\/#breadcrumb","itemListElement":[{"@type":"ListItem","position":1,"name":"Home","item":"https:\/\/medicina.udd.cl\/tecnologia-medica-santiago\/"},{"@type":"ListItem","position":2,"name":"La Carrera","item":"https:\/\/medicina.udd.cl\/tecnologia-medica-santiago\/la-carrera\/"},{"@type":"ListItem","position":3,"name":"Descripci\u00f3n","item":"https:\/\/medicina.udd.cl\/tecnologia-medica-santiago\/la-carrera\/descripcion\/"},{"@type":"ListItem","position":4,"name":"Perfil de Egreso de Tecnolog\u00eda M\u00e9dica"}]},{"@type":"WebSite","@id":"https:\/\/medicina.udd.cl\/tecnologia-medica-santiago\/#website","url":"https:\/\/medicina.udd.cl\/tecnologia-medica-santiago\/","name":"Tecnolog\u00eda M\u00e9dica","description":"Facultad de Medicina Cl\u00ednica Alemana Universidad del Desarrollo","inLanguage":"es"}]}},"_links":{"self":[{"href":"https:\/\/medicina.udd.cl\/tecnologia-medica-santiago\/wp-json\/wp\/v2\/pages\/3726","targetHints":{"allow":["GET"]}}],"collection":[{"href":"https:\/\/medicina.udd.cl\/tecnologia-medica-santiago\/wp-json\/wp\/v2\/pages"}],"about":[{"href":"https:\/\/medicina.udd.cl\/tecnologia-medica-santiago\/wp-json\/wp\/v2\/types\/page"}],"author":[{"embeddable":true,"href":"https:\/\/medicina.udd.cl\/tecnologia-medica-santiago\/wp-json\/wp\/v2\/users\/47"}],"replies":[{"embeddable":true,"href":"https:\/\/medicina.udd.cl\/tecnologia-medica-santiago\/wp-json\/wp\/v2\/comments?post=3726"}],"version-history":[{"count":24,"href":"https:\/\/medicina.udd.cl\/tecnologia-medica-santiago\/wp-json\/wp\/v2\/pages\/3726\/revisions"}],"predecessor-version":[{"id":5426,"href":"https:\/\/medicina.udd.cl\/tecnologia-medica-santiago\/wp-json\/wp\/v2\/pages\/3726\/revisions\/5426"}],"up":[{"embeddable":true,"href":"https:\/\/medicina.udd.cl\/tecnologia-medica-santiago\/wp-json\/wp\/v2\/pages\/334"}],"wp:attachment":[{"href":"https:\/\/medicina.udd.cl\/tecnologia-medica-santiago\/wp-json\/wp\/v2\/media?parent=3726"}],"curies":[{"name":"wp","href":"https:\/\/api.w.org\/{rel}","templated":true}]}}