{"id":3734,"date":"2015-09-03T10:37:43","date_gmt":"2015-09-03T13:37:43","guid":{"rendered":"http:\/\/medicina.udd.cl\/tecnologia-medica-santiago\/?page_id=3734"},"modified":"2015-09-03T11:05:30","modified_gmt":"2015-09-03T14:05:30","slug":"competencias-especificas-del-egresado-de-tecnologia-medica","status":"publish","type":"page","link":"https:\/\/medicina.udd.cl\/tecnologia-medica-santiago\/competencias-especificas-del-egresado-de-tecnologia-medica\/","title":{"rendered":"Competencias espec\u00edficas del egresado de Tecnolog\u00eda M\u00e9dica"},"content":{"rendered":"<p><span style=\"text-decoration: underline\"><strong><a href=\"http:\/\/medicina.udd.cl\/tecnologia-medica-santiago\/files\/2015\/09\/Tecnolog\u00eda-M\u00e9dica-3.jpg\"><img loading=\"lazy\" decoding=\"async\" class=\"aligncenter size-medium wp-image-3736\" alt=\"Tecnolog\u00eda M\u00e9dica 3\" src=\"http:\/\/medicina.udd.cl\/tecnologia-medica-santiago\/files\/2015\/09\/Tecnolog\u00eda-M\u00e9dica-3-300x186.jpg\" width=\"300\" height=\"186\" \/><\/a>\u2022 \u00c1rea Asistencial<\/strong><\/span><br \/>\nEjecutar y validar ex\u00e1menes y\/o procedimientos para el diagn\u00f3stico cl\u00ednico y tratamiento espec\u00edfico de enfermedades, respetando pautas y normas de bioseguridad con est\u00e1ndares de calidad aprobados, fundamento fisiopatol\u00f3gico y \u00e9tica profesional, proporcionando atenci\u00f3n integral al paciente y la comunidad, en el \u00e1mbito de la promoci\u00f3n, prevenci\u00f3n y recuperaci\u00f3n de la salud.<\/p>\n<p><strong><span style=\"text-decoration: underline\">\u2022 \u00c1rea Investigaci\u00f3n<\/span><\/strong><br \/>\nAplicar el pensamiento cient\u00edfico, participando en la generaci\u00f3n y desarrollo de proyectos de investigaci\u00f3n b\u00e1sica y\/o aplicada que tengan impacto en la salud de la comunidad, considerando principios \u00e9ticos y normas de bioseguridad.<\/p>\n<p><span style=\"text-decoration: underline\"><strong>\u2022 \u00c1rea Gesti\u00f3n y Administraci\u00f3n<\/strong><\/span><br \/>\nUtilizar herramientas y conceptos modernos de administraci\u00f3n y gesti\u00f3n en salud, evidenciando capacidad de iniciar nuevas actividades para optimizar los procesos y recursos dentro de las instituciones de salud, demostrando habilidades comunicacionales y de liderazgo.<\/p>\n","protected":false},"excerpt":{"rendered":"<p>\u2022 \u00c1rea Asistencial Ejecutar y validar ex\u00e1menes y\/o procedimientos para el diagn\u00f3stico cl\u00ednico y tratamiento espec\u00edfico de enfermedades, respetando pautas y normas de bioseguridad con est\u00e1ndares de calidad aprobados, fundamento fisiopatol\u00f3gico y \u00e9tica profesional, proporcionando atenci\u00f3n integral al paciente y la comunidad, en el \u00e1mbito de la promoci\u00f3n, prevenci\u00f3n y recuperaci\u00f3n de la salud. \u2022 [&hellip;]<\/p>\n","protected":false},"author":47,"featured_media":0,"parent":0,"menu_order":0,"comment_status":"open","ping_status":"open","template":"","meta":{"footnotes":""},"class_list":["post-3734","page","type-page","status-publish","hentry"],"yoast_head":"<!-- This site is optimized with the Yoast SEO plugin v26.9 - https:\/\/yoast.com\/product\/yoast-seo-wordpress\/ -->\n<title>Competencias espec\u00edficas del egresado de Tecnolog\u00eda M\u00e9dica - Tecnolog\u00eda M\u00e9dica<\/title>\n<meta name=\"robots\" content=\"index, follow, max-snippet:-1, max-image-preview:large, max-video-preview:-1\" \/>\n<link rel=\"canonical\" href=\"https:\/\/medicina.udd.cl\/tecnologia-medica-santiago\/competencias-especificas-del-egresado-de-tecnologia-medica\/\" \/>\n<meta property=\"og:locale\" content=\"es_ES\" \/>\n<meta property=\"og:type\" content=\"article\" \/>\n<meta property=\"og:title\" content=\"Competencias espec\u00edficas del egresado de Tecnolog\u00eda M\u00e9dica - Tecnolog\u00eda M\u00e9dica\" \/>\n<meta property=\"og:description\" content=\"\u2022 \u00c1rea Asistencial Ejecutar y validar ex\u00e1menes y\/o procedimientos para el diagn\u00f3stico cl\u00ednico y tratamiento espec\u00edfico de enfermedades, respetando pautas y normas de bioseguridad con est\u00e1ndares de calidad aprobados, fundamento fisiopatol\u00f3gico y \u00e9tica profesional, proporcionando atenci\u00f3n integral al paciente y la comunidad, en el \u00e1mbito de la promoci\u00f3n, prevenci\u00f3n y recuperaci\u00f3n de la salud. \u2022 [&hellip;]\" \/>\n<meta property=\"og:url\" content=\"https:\/\/medicina.udd.cl\/tecnologia-medica-santiago\/competencias-especificas-del-egresado-de-tecnologia-medica\/\" \/>\n<meta property=\"og:site_name\" content=\"Tecnolog\u00eda M\u00e9dica\" \/>\n<meta property=\"article:modified_time\" content=\"2015-09-03T14:05:30+00:00\" \/>\n<meta name=\"twitter:label1\" content=\"Tiempo de lectura\" \/>\n\t<meta name=\"twitter:data1\" content=\"1 minuto\" \/>\n<script type=\"application\/ld+json\" class=\"yoast-schema-graph\">{\"@context\":\"https:\/\/schema.org\",\"@graph\":[{\"@type\":\"WebPage\",\"@id\":\"https:\/\/medicina.udd.cl\/tecnologia-medica-santiago\/competencias-especificas-del-egresado-de-tecnologia-medica\/\",\"url\":\"https:\/\/medicina.udd.cl\/tecnologia-medica-santiago\/competencias-especificas-del-egresado-de-tecnologia-medica\/\",\"name\":\"Competencias espec\u00edficas del egresado de Tecnolog\u00eda M\u00e9dica - Tecnolog\u00eda M\u00e9dica\",\"isPartOf\":{\"@id\":\"https:\/\/medicina.udd.cl\/tecnologia-medica-santiago\/#website\"},\"datePublished\":\"2015-09-03T13:37:43+00:00\",\"dateModified\":\"2015-09-03T14:05:30+00:00\",\"breadcrumb\":{\"@id\":\"https:\/\/medicina.udd.cl\/tecnologia-medica-santiago\/competencias-especificas-del-egresado-de-tecnologia-medica\/#breadcrumb\"},\"inLanguage\":\"es\",\"potentialAction\":[{\"@type\":\"ReadAction\",\"target\":[\"https:\/\/medicina.udd.cl\/tecnologia-medica-santiago\/competencias-especificas-del-egresado-de-tecnologia-medica\/\"]}]},{\"@type\":\"BreadcrumbList\",\"@id\":\"https:\/\/medicina.udd.cl\/tecnologia-medica-santiago\/competencias-especificas-del-egresado-de-tecnologia-medica\/#breadcrumb\",\"itemListElement\":[{\"@type\":\"ListItem\",\"position\":1,\"name\":\"Home\",\"item\":\"https:\/\/medicina.udd.cl\/tecnologia-medica-santiago\/\"},{\"@type\":\"ListItem\",\"position\":2,\"name\":\"Competencias espec\u00edficas del egresado de Tecnolog\u00eda M\u00e9dica\"}]},{\"@type\":\"WebSite\",\"@id\":\"https:\/\/medicina.udd.cl\/tecnologia-medica-santiago\/#website\",\"url\":\"https:\/\/medicina.udd.cl\/tecnologia-medica-santiago\/\",\"name\":\"Tecnolog\u00eda M\u00e9dica\",\"description\":\"Facultad de Medicina Cl\u00ednica Alemana Universidad del Desarrollo\",\"inLanguage\":\"es\"}]}<\/script>\n<!-- \/ Yoast SEO plugin. -->","yoast_head_json":{"title":"Competencias espec\u00edficas del egresado de Tecnolog\u00eda M\u00e9dica - Tecnolog\u00eda M\u00e9dica","robots":{"index":"index","follow":"follow","max-snippet":"max-snippet:-1","max-image-preview":"max-image-preview:large","max-video-preview":"max-video-preview:-1"},"canonical":"https:\/\/medicina.udd.cl\/tecnologia-medica-santiago\/competencias-especificas-del-egresado-de-tecnologia-medica\/","og_locale":"es_ES","og_type":"article","og_title":"Competencias espec\u00edficas del egresado de Tecnolog\u00eda M\u00e9dica - Tecnolog\u00eda M\u00e9dica","og_description":"\u2022 \u00c1rea Asistencial Ejecutar y validar ex\u00e1menes y\/o procedimientos para el diagn\u00f3stico cl\u00ednico y tratamiento espec\u00edfico de enfermedades, respetando pautas y normas de bioseguridad con est\u00e1ndares de calidad aprobados, fundamento fisiopatol\u00f3gico y \u00e9tica profesional, proporcionando atenci\u00f3n integral al paciente y la comunidad, en el \u00e1mbito de la promoci\u00f3n, prevenci\u00f3n y recuperaci\u00f3n de la salud. \u2022 [&hellip;]","og_url":"https:\/\/medicina.udd.cl\/tecnologia-medica-santiago\/competencias-especificas-del-egresado-de-tecnologia-medica\/","og_site_name":"Tecnolog\u00eda M\u00e9dica","article_modified_time":"2015-09-03T14:05:30+00:00","twitter_misc":{"Tiempo de lectura":"1 minuto"},"schema":{"@context":"https:\/\/schema.org","@graph":[{"@type":"WebPage","@id":"https:\/\/medicina.udd.cl\/tecnologia-medica-santiago\/competencias-especificas-del-egresado-de-tecnologia-medica\/","url":"https:\/\/medicina.udd.cl\/tecnologia-medica-santiago\/competencias-especificas-del-egresado-de-tecnologia-medica\/","name":"Competencias espec\u00edficas del egresado de Tecnolog\u00eda M\u00e9dica - Tecnolog\u00eda M\u00e9dica","isPartOf":{"@id":"https:\/\/medicina.udd.cl\/tecnologia-medica-santiago\/#website"},"datePublished":"2015-09-03T13:37:43+00:00","dateModified":"2015-09-03T14:05:30+00:00","breadcrumb":{"@id":"https:\/\/medicina.udd.cl\/tecnologia-medica-santiago\/competencias-especificas-del-egresado-de-tecnologia-medica\/#breadcrumb"},"inLanguage":"es","potentialAction":[{"@type":"ReadAction","target":["https:\/\/medicina.udd.cl\/tecnologia-medica-santiago\/competencias-especificas-del-egresado-de-tecnologia-medica\/"]}]},{"@type":"BreadcrumbList","@id":"https:\/\/medicina.udd.cl\/tecnologia-medica-santiago\/competencias-especificas-del-egresado-de-tecnologia-medica\/#breadcrumb","itemListElement":[{"@type":"ListItem","position":1,"name":"Home","item":"https:\/\/medicina.udd.cl\/tecnologia-medica-santiago\/"},{"@type":"ListItem","position":2,"name":"Competencias espec\u00edficas del egresado de Tecnolog\u00eda M\u00e9dica"}]},{"@type":"WebSite","@id":"https:\/\/medicina.udd.cl\/tecnologia-medica-santiago\/#website","url":"https:\/\/medicina.udd.cl\/tecnologia-medica-santiago\/","name":"Tecnolog\u00eda M\u00e9dica","description":"Facultad de Medicina Cl\u00ednica Alemana Universidad del Desarrollo","inLanguage":"es"}]}},"_links":{"self":[{"href":"https:\/\/medicina.udd.cl\/tecnologia-medica-santiago\/wp-json\/wp\/v2\/pages\/3734","targetHints":{"allow":["GET"]}}],"collection":[{"href":"https:\/\/medicina.udd.cl\/tecnologia-medica-santiago\/wp-json\/wp\/v2\/pages"}],"about":[{"href":"https:\/\/medicina.udd.cl\/tecnologia-medica-santiago\/wp-json\/wp\/v2\/types\/page"}],"author":[{"embeddable":true,"href":"https:\/\/medicina.udd.cl\/tecnologia-medica-santiago\/wp-json\/wp\/v2\/users\/47"}],"replies":[{"embeddable":true,"href":"https:\/\/medicina.udd.cl\/tecnologia-medica-santiago\/wp-json\/wp\/v2\/comments?post=3734"}],"version-history":[{"count":6,"href":"https:\/\/medicina.udd.cl\/tecnologia-medica-santiago\/wp-json\/wp\/v2\/pages\/3734\/revisions"}],"predecessor-version":[{"id":3738,"href":"https:\/\/medicina.udd.cl\/tecnologia-medica-santiago\/wp-json\/wp\/v2\/pages\/3734\/revisions\/3738"}],"wp:attachment":[{"href":"https:\/\/medicina.udd.cl\/tecnologia-medica-santiago\/wp-json\/wp\/v2\/media?parent=3734"}],"curies":[{"name":"wp","href":"https:\/\/api.w.org\/{rel}","templated":true}]}}