{"id":4151,"date":"2016-02-16T10:31:45","date_gmt":"2016-02-16T13:31:45","guid":{"rendered":"http:\/\/medicina.udd.cl\/tecnologia-medica-santiago\/?page_id=4151"},"modified":"2016-02-16T10:31:45","modified_gmt":"2016-02-16T13:31:45","slug":"gracias-postitulo-de-especialidad-en-tecnologia-medica-en-ultrasonido","status":"publish","type":"page","link":"https:\/\/medicina.udd.cl\/tecnologia-medica-santiago\/gracias-postitulo-de-especialidad-en-tecnologia-medica-en-ultrasonido\/","title":{"rendered":"Gracias &#8211;  Post\u00edtulo de Especialidad en Tecnolog\u00eda M\u00e9dica en Ultrasonido"},"content":{"rendered":"<h3>Gracias por tus datos.<\/h3>\n<p>Pronto nos pondremos en contacto.<\/p>\n","protected":false},"excerpt":{"rendered":"<p>Gracias por tus datos. Pronto nos pondremos en contacto.<\/p>\n","protected":false},"author":1,"featured_media":0,"parent":0,"menu_order":0,"comment_status":"open","ping_status":"open","template":"","meta":{"footnotes":""},"class_list":["post-4151","page","type-page","status-publish","hentry"],"yoast_head":"<!-- This site is optimized with the Yoast SEO plugin v26.9 - https:\/\/yoast.com\/product\/yoast-seo-wordpress\/ -->\n<title>Gracias - Post\u00edtulo de Especialidad en Tecnolog\u00eda M\u00e9dica en Ultrasonido - Tecnolog\u00eda M\u00e9dica<\/title>\n<meta name=\"robots\" content=\"index, follow, max-snippet:-1, max-image-preview:large, max-video-preview:-1\" \/>\n<link rel=\"canonical\" href=\"https:\/\/medicina.udd.cl\/tecnologia-medica-santiago\/gracias-postitulo-de-especialidad-en-tecnologia-medica-en-ultrasonido\/\" \/>\n<meta property=\"og:locale\" content=\"es_ES\" \/>\n<meta property=\"og:type\" content=\"article\" \/>\n<meta property=\"og:title\" content=\"Gracias - Post\u00edtulo de Especialidad en Tecnolog\u00eda M\u00e9dica en Ultrasonido - Tecnolog\u00eda M\u00e9dica\" \/>\n<meta property=\"og:description\" content=\"Gracias por tus datos. Pronto nos pondremos en contacto.\" \/>\n<meta property=\"og:url\" content=\"https:\/\/medicina.udd.cl\/tecnologia-medica-santiago\/gracias-postitulo-de-especialidad-en-tecnologia-medica-en-ultrasonido\/\" \/>\n<meta property=\"og:site_name\" content=\"Tecnolog\u00eda M\u00e9dica\" \/>\n<script type=\"application\/ld+json\" class=\"yoast-schema-graph\">{\"@context\":\"https:\/\/schema.org\",\"@graph\":[{\"@type\":\"WebPage\",\"@id\":\"https:\/\/medicina.udd.cl\/tecnologia-medica-santiago\/gracias-postitulo-de-especialidad-en-tecnologia-medica-en-ultrasonido\/\",\"url\":\"https:\/\/medicina.udd.cl\/tecnologia-medica-santiago\/gracias-postitulo-de-especialidad-en-tecnologia-medica-en-ultrasonido\/\",\"name\":\"Gracias - Post\u00edtulo de Especialidad en Tecnolog\u00eda M\u00e9dica en Ultrasonido - Tecnolog\u00eda M\u00e9dica\",\"isPartOf\":{\"@id\":\"https:\/\/medicina.udd.cl\/tecnologia-medica-santiago\/#website\"},\"datePublished\":\"2016-02-16T13:31:45+00:00\",\"breadcrumb\":{\"@id\":\"https:\/\/medicina.udd.cl\/tecnologia-medica-santiago\/gracias-postitulo-de-especialidad-en-tecnologia-medica-en-ultrasonido\/#breadcrumb\"},\"inLanguage\":\"es\",\"potentialAction\":[{\"@type\":\"ReadAction\",\"target\":[\"https:\/\/medicina.udd.cl\/tecnologia-medica-santiago\/gracias-postitulo-de-especialidad-en-tecnologia-medica-en-ultrasonido\/\"]}]},{\"@type\":\"BreadcrumbList\",\"@id\":\"https:\/\/medicina.udd.cl\/tecnologia-medica-santiago\/gracias-postitulo-de-especialidad-en-tecnologia-medica-en-ultrasonido\/#breadcrumb\",\"itemListElement\":[{\"@type\":\"ListItem\",\"position\":1,\"name\":\"Home\",\"item\":\"https:\/\/medicina.udd.cl\/tecnologia-medica-santiago\/\"},{\"@type\":\"ListItem\",\"position\":2,\"name\":\"Gracias &#8211; Post\u00edtulo de Especialidad en Tecnolog\u00eda M\u00e9dica en Ultrasonido\"}]},{\"@type\":\"WebSite\",\"@id\":\"https:\/\/medicina.udd.cl\/tecnologia-medica-santiago\/#website\",\"url\":\"https:\/\/medicina.udd.cl\/tecnologia-medica-santiago\/\",\"name\":\"Tecnolog\u00eda M\u00e9dica\",\"description\":\"Facultad de Medicina Cl\u00ednica Alemana Universidad del Desarrollo\",\"inLanguage\":\"es\"}]}<\/script>\n<!-- \/ Yoast SEO plugin. -->","yoast_head_json":{"title":"Gracias - Post\u00edtulo de Especialidad en Tecnolog\u00eda M\u00e9dica en Ultrasonido - Tecnolog\u00eda M\u00e9dica","robots":{"index":"index","follow":"follow","max-snippet":"max-snippet:-1","max-image-preview":"max-image-preview:large","max-video-preview":"max-video-preview:-1"},"canonical":"https:\/\/medicina.udd.cl\/tecnologia-medica-santiago\/gracias-postitulo-de-especialidad-en-tecnologia-medica-en-ultrasonido\/","og_locale":"es_ES","og_type":"article","og_title":"Gracias - Post\u00edtulo de Especialidad en Tecnolog\u00eda M\u00e9dica en Ultrasonido - Tecnolog\u00eda M\u00e9dica","og_description":"Gracias por tus datos. Pronto nos pondremos en contacto.","og_url":"https:\/\/medicina.udd.cl\/tecnologia-medica-santiago\/gracias-postitulo-de-especialidad-en-tecnologia-medica-en-ultrasonido\/","og_site_name":"Tecnolog\u00eda M\u00e9dica","schema":{"@context":"https:\/\/schema.org","@graph":[{"@type":"WebPage","@id":"https:\/\/medicina.udd.cl\/tecnologia-medica-santiago\/gracias-postitulo-de-especialidad-en-tecnologia-medica-en-ultrasonido\/","url":"https:\/\/medicina.udd.cl\/tecnologia-medica-santiago\/gracias-postitulo-de-especialidad-en-tecnologia-medica-en-ultrasonido\/","name":"Gracias - Post\u00edtulo de Especialidad en Tecnolog\u00eda M\u00e9dica en Ultrasonido - Tecnolog\u00eda M\u00e9dica","isPartOf":{"@id":"https:\/\/medicina.udd.cl\/tecnologia-medica-santiago\/#website"},"datePublished":"2016-02-16T13:31:45+00:00","breadcrumb":{"@id":"https:\/\/medicina.udd.cl\/tecnologia-medica-santiago\/gracias-postitulo-de-especialidad-en-tecnologia-medica-en-ultrasonido\/#breadcrumb"},"inLanguage":"es","potentialAction":[{"@type":"ReadAction","target":["https:\/\/medicina.udd.cl\/tecnologia-medica-santiago\/gracias-postitulo-de-especialidad-en-tecnologia-medica-en-ultrasonido\/"]}]},{"@type":"BreadcrumbList","@id":"https:\/\/medicina.udd.cl\/tecnologia-medica-santiago\/gracias-postitulo-de-especialidad-en-tecnologia-medica-en-ultrasonido\/#breadcrumb","itemListElement":[{"@type":"ListItem","position":1,"name":"Home","item":"https:\/\/medicina.udd.cl\/tecnologia-medica-santiago\/"},{"@type":"ListItem","position":2,"name":"Gracias &#8211; Post\u00edtulo de Especialidad en Tecnolog\u00eda M\u00e9dica en Ultrasonido"}]},{"@type":"WebSite","@id":"https:\/\/medicina.udd.cl\/tecnologia-medica-santiago\/#website","url":"https:\/\/medicina.udd.cl\/tecnologia-medica-santiago\/","name":"Tecnolog\u00eda M\u00e9dica","description":"Facultad de Medicina Cl\u00ednica Alemana Universidad del Desarrollo","inLanguage":"es"}]}},"_links":{"self":[{"href":"https:\/\/medicina.udd.cl\/tecnologia-medica-santiago\/wp-json\/wp\/v2\/pages\/4151","targetHints":{"allow":["GET"]}}],"collection":[{"href":"https:\/\/medicina.udd.cl\/tecnologia-medica-santiago\/wp-json\/wp\/v2\/pages"}],"about":[{"href":"https:\/\/medicina.udd.cl\/tecnologia-medica-santiago\/wp-json\/wp\/v2\/types\/page"}],"author":[{"embeddable":true,"href":"https:\/\/medicina.udd.cl\/tecnologia-medica-santiago\/wp-json\/wp\/v2\/users\/1"}],"replies":[{"embeddable":true,"href":"https:\/\/medicina.udd.cl\/tecnologia-medica-santiago\/wp-json\/wp\/v2\/comments?post=4151"}],"version-history":[{"count":1,"href":"https:\/\/medicina.udd.cl\/tecnologia-medica-santiago\/wp-json\/wp\/v2\/pages\/4151\/revisions"}],"predecessor-version":[{"id":4152,"href":"https:\/\/medicina.udd.cl\/tecnologia-medica-santiago\/wp-json\/wp\/v2\/pages\/4151\/revisions\/4152"}],"wp:attachment":[{"href":"https:\/\/medicina.udd.cl\/tecnologia-medica-santiago\/wp-json\/wp\/v2\/media?parent=4151"}],"curies":[{"name":"wp","href":"https:\/\/api.w.org\/{rel}","templated":true}]}}