{"id":5688,"date":"2019-08-23T11:52:11","date_gmt":"2019-08-23T15:52:11","guid":{"rendered":"http:\/\/medicina.udd.cl\/tecnologia-medica-santiago\/?page_id=5688"},"modified":"2022-09-23T08:57:35","modified_gmt":"2022-09-23T11:57:35","slug":"la-carrera-2","status":"publish","type":"page","link":"https:\/\/medicina.udd.cl\/tecnologia-medica-santiago\/la-carrera-2\/","title":{"rendered":"La Carrera"},"content":{"rendered":"\n<p>En la carrera de Tecnolog\u00eda M\u00e9dica formamos profesionales capaces de ejecutar, desarrollar y validar ex\u00e1menes y procedimientos en las diferentes \u00e1reas de especialidad, con una visi\u00f3n global de su disciplina que les permite adaptarse perfectamente a las exigencias laborales del pa\u00eds, y adem\u00e1s preparados para desarrollar nuevas tecnolog\u00edas.<\/p>\n\n\n\n<p>El alumno elige entre las cuatro especialidades que se imparten:<\/p>\n\n\n\n<ul class=\"wp-block-list\"><li><strong>Bioan\u00e1lisis Cl\u00ednico, Hematolog\u00eda y Medicina Transfusional&nbsp;<\/strong><\/li><li><strong>Morfofisiopatolog\u00eda y Citodiagn\u00f3stico<\/strong><\/li><li><strong>Imagenolog\u00eda y F\u00edsica M\u00e9dica<\/strong><\/li><li><strong>Oftalmolog\u00eda y Optometr\u00eda<\/strong><\/li><\/ul>\n\n\n\n<p>Nuestra malla curricular es innovadora, semiflexible y permite la integraci\u00f3n de las especialidades de la carrera. Fomenta la investigaci\u00f3n, la gesti\u00f3n y administraci\u00f3n en salud, el sentido de responsabilidad p\u00fablica, el emprendimiento, liderazgo y el amor por el trabajo bien hecho.<\/p>\n\n\n<!-- WP Block: UDD - Content Gallery -->\n<section class=\"wp-block-udd-content-gallery\">\n\t<div class=\"content-gallery\">\n\t\t<main class=\"content-gallery__content\">\n\t\t\t<div class=\"content-gallery__content-inner\">\n\t\t\t\t<h2 class=\"block__title content-gallery__title\">Perfil de Egreso <\/h2>\n\t\t\t\t<div class=\"text\">\n\t\t\t\t\t\n<p> El (la) tecn\u00f3logo(a) m\u00e9dico(a) con especialidad, egresado(a) de la Universidad del Desarrollo ser\u00e1 un(a) profesional integral, cuyo quehacer est\u00e1 centrado fundamentalmente en el paciente y su entorno.              <a href=\"https:\/\/medicina.udd.cl\/tecnologia-medica-santiago\/perfil-de-egreso\/\">Leer m\u00e1s&#8230;<\/a><\/p>\n\t\t\t\t<\/div>\n\t\t\t<\/div>\n\t\t<\/main>\n\t\t<aside class=\"content-gallery__media\">\n\t\t\t<div id=\"gallery-carousel-1d00ae604b\" class=\"carousel slide carousel-gallery\" data-ride=\"carousel\" data-interval=\"false\">\n\t\t\t\t<div class=\"carousel-inner\" role=\"listbox\">\n\t\t\t\t\t\t\t\t\t\t\t<div class=\"carousel-item active\">\n\t\t\t\t\t\t\t<img loading=\"lazy\" decoding=\"async\" width=\"1155\" height=\"768\" src=\"https:\/\/medicina.udd.cl\/tecnologia-medica-santiago\/files\/2011\/07\/Tecnolog\u00eda-M\u00e9dica1.jpg\" class=\"content-gallery__media-image\" alt=\"\" srcset=\"https:\/\/medicina.udd.cl\/tecnologia-medica-santiago\/files\/2011\/07\/Tecnolog\u00eda-M\u00e9dica1.jpg 2547w, https:\/\/medicina.udd.cl\/tecnologia-medica-santiago\/files\/2011\/07\/Tecnolog\u00eda-M\u00e9dica1-300x199.jpg 300w, https:\/\/medicina.udd.cl\/tecnologia-medica-santiago\/files\/2011\/07\/Tecnolog\u00eda-M\u00e9dica1-768x510.jpg 768w, https:\/\/medicina.udd.cl\/tecnologia-medica-santiago\/files\/2011\/07\/Tecnolog\u00eda-M\u00e9dica1-1024x681.jpg 1024w, https:\/\/medicina.udd.cl\/tecnologia-medica-santiago\/files\/2011\/07\/Tecnolog\u00eda-M\u00e9dica1-960x638.jpg 960w\" sizes=\"auto, (max-width: 1155px) 100vw, 1155px\" \/>\t\t\t\t\t\t\t\t\t\t\t\t\t<\/div>\n\t\t\t\t\t\t\t\t\t<\/div>\n\t\t\t\t\t\t<\/div>\n\t\t<\/aside>\n\t<\/div>\n<\/section>\n","protected":false},"excerpt":{"rendered":"<p>En la carrera de Tecnolog\u00eda M\u00e9dica formamos profesionales capaces de ejecutar, desarrollar y validar ex\u00e1menes y procedimientos en las diferentes \u00e1reas de especialidad, con una visi\u00f3n global de su disciplina que les permite adaptarse perfectamente a las exigencias laborales del pa\u00eds, y adem\u00e1s preparados para desarrollar nuevas tecnolog\u00edas. El alumno elige entre las cuatro especialidades [&hellip;]<\/p>\n","protected":false},"author":9192218,"featured_media":0,"parent":0,"menu_order":0,"comment_status":"closed","ping_status":"closed","template":"","meta":{"footnotes":""},"class_list":["post-5688","page","type-page","status-publish","hentry"],"yoast_head":"<!-- This site is optimized with the Yoast SEO plugin v26.9 - https:\/\/yoast.com\/product\/yoast-seo-wordpress\/ -->\n<title>La Carrera - Tecnolog\u00eda M\u00e9dica<\/title>\n<meta name=\"robots\" content=\"index, follow, max-snippet:-1, max-image-preview:large, max-video-preview:-1\" \/>\n<link rel=\"canonical\" href=\"https:\/\/medicina.udd.cl\/tecnologia-medica-santiago\/la-carrera-2\/\" \/>\n<meta property=\"og:locale\" content=\"es_ES\" \/>\n<meta property=\"og:type\" content=\"article\" \/>\n<meta property=\"og:title\" content=\"La Carrera - Tecnolog\u00eda M\u00e9dica\" \/>\n<meta property=\"og:description\" content=\"En la carrera de Tecnolog\u00eda M\u00e9dica formamos profesionales capaces de ejecutar, desarrollar y validar ex\u00e1menes y procedimientos en las diferentes \u00e1reas de especialidad, con una visi\u00f3n global de su disciplina que les permite adaptarse perfectamente a las exigencias laborales del pa\u00eds, y adem\u00e1s preparados para desarrollar nuevas tecnolog\u00edas. El alumno elige entre las cuatro especialidades [&hellip;]\" \/>\n<meta property=\"og:url\" content=\"https:\/\/medicina.udd.cl\/tecnologia-medica-santiago\/la-carrera-2\/\" \/>\n<meta property=\"og:site_name\" content=\"Tecnolog\u00eda M\u00e9dica\" \/>\n<meta property=\"article:modified_time\" content=\"2022-09-23T11:57:35+00:00\" \/>\n<meta name=\"twitter:label1\" content=\"Tiempo de lectura\" \/>\n\t<meta name=\"twitter:data1\" content=\"1 minuto\" \/>\n<script type=\"application\/ld+json\" class=\"yoast-schema-graph\">{\"@context\":\"https:\/\/schema.org\",\"@graph\":[{\"@type\":\"WebPage\",\"@id\":\"https:\/\/medicina.udd.cl\/tecnologia-medica-santiago\/la-carrera-2\/\",\"url\":\"https:\/\/medicina.udd.cl\/tecnologia-medica-santiago\/la-carrera-2\/\",\"name\":\"La Carrera - Tecnolog\u00eda M\u00e9dica\",\"isPartOf\":{\"@id\":\"https:\/\/medicina.udd.cl\/tecnologia-medica-santiago\/#website\"},\"datePublished\":\"2019-08-23T15:52:11+00:00\",\"dateModified\":\"2022-09-23T11:57:35+00:00\",\"breadcrumb\":{\"@id\":\"https:\/\/medicina.udd.cl\/tecnologia-medica-santiago\/la-carrera-2\/#breadcrumb\"},\"inLanguage\":\"es\",\"potentialAction\":[{\"@type\":\"ReadAction\",\"target\":[\"https:\/\/medicina.udd.cl\/tecnologia-medica-santiago\/la-carrera-2\/\"]}]},{\"@type\":\"BreadcrumbList\",\"@id\":\"https:\/\/medicina.udd.cl\/tecnologia-medica-santiago\/la-carrera-2\/#breadcrumb\",\"itemListElement\":[{\"@type\":\"ListItem\",\"position\":1,\"name\":\"Home\",\"item\":\"https:\/\/medicina.udd.cl\/tecnologia-medica-santiago\/\"},{\"@type\":\"ListItem\",\"position\":2,\"name\":\"La Carrera\"}]},{\"@type\":\"WebSite\",\"@id\":\"https:\/\/medicina.udd.cl\/tecnologia-medica-santiago\/#website\",\"url\":\"https:\/\/medicina.udd.cl\/tecnologia-medica-santiago\/\",\"name\":\"Tecnolog\u00eda M\u00e9dica\",\"description\":\"Facultad de Medicina Cl\u00ednica Alemana Universidad del Desarrollo\",\"inLanguage\":\"es\"}]}<\/script>\n<!-- \/ Yoast SEO plugin. -->","yoast_head_json":{"title":"La Carrera - Tecnolog\u00eda M\u00e9dica","robots":{"index":"index","follow":"follow","max-snippet":"max-snippet:-1","max-image-preview":"max-image-preview:large","max-video-preview":"max-video-preview:-1"},"canonical":"https:\/\/medicina.udd.cl\/tecnologia-medica-santiago\/la-carrera-2\/","og_locale":"es_ES","og_type":"article","og_title":"La Carrera - Tecnolog\u00eda M\u00e9dica","og_description":"En la carrera de Tecnolog\u00eda M\u00e9dica formamos profesionales capaces de ejecutar, desarrollar y validar ex\u00e1menes y procedimientos en las diferentes \u00e1reas de especialidad, con una visi\u00f3n global de su disciplina que les permite adaptarse perfectamente a las exigencias laborales del pa\u00eds, y adem\u00e1s preparados para desarrollar nuevas tecnolog\u00edas. El alumno elige entre las cuatro especialidades [&hellip;]","og_url":"https:\/\/medicina.udd.cl\/tecnologia-medica-santiago\/la-carrera-2\/","og_site_name":"Tecnolog\u00eda M\u00e9dica","article_modified_time":"2022-09-23T11:57:35+00:00","twitter_misc":{"Tiempo de lectura":"1 minuto"},"schema":{"@context":"https:\/\/schema.org","@graph":[{"@type":"WebPage","@id":"https:\/\/medicina.udd.cl\/tecnologia-medica-santiago\/la-carrera-2\/","url":"https:\/\/medicina.udd.cl\/tecnologia-medica-santiago\/la-carrera-2\/","name":"La Carrera - Tecnolog\u00eda M\u00e9dica","isPartOf":{"@id":"https:\/\/medicina.udd.cl\/tecnologia-medica-santiago\/#website"},"datePublished":"2019-08-23T15:52:11+00:00","dateModified":"2022-09-23T11:57:35+00:00","breadcrumb":{"@id":"https:\/\/medicina.udd.cl\/tecnologia-medica-santiago\/la-carrera-2\/#breadcrumb"},"inLanguage":"es","potentialAction":[{"@type":"ReadAction","target":["https:\/\/medicina.udd.cl\/tecnologia-medica-santiago\/la-carrera-2\/"]}]},{"@type":"BreadcrumbList","@id":"https:\/\/medicina.udd.cl\/tecnologia-medica-santiago\/la-carrera-2\/#breadcrumb","itemListElement":[{"@type":"ListItem","position":1,"name":"Home","item":"https:\/\/medicina.udd.cl\/tecnologia-medica-santiago\/"},{"@type":"ListItem","position":2,"name":"La Carrera"}]},{"@type":"WebSite","@id":"https:\/\/medicina.udd.cl\/tecnologia-medica-santiago\/#website","url":"https:\/\/medicina.udd.cl\/tecnologia-medica-santiago\/","name":"Tecnolog\u00eda M\u00e9dica","description":"Facultad de Medicina Cl\u00ednica Alemana Universidad del Desarrollo","inLanguage":"es"}]}},"_links":{"self":[{"href":"https:\/\/medicina.udd.cl\/tecnologia-medica-santiago\/wp-json\/wp\/v2\/pages\/5688","targetHints":{"allow":["GET"]}}],"collection":[{"href":"https:\/\/medicina.udd.cl\/tecnologia-medica-santiago\/wp-json\/wp\/v2\/pages"}],"about":[{"href":"https:\/\/medicina.udd.cl\/tecnologia-medica-santiago\/wp-json\/wp\/v2\/types\/page"}],"author":[{"embeddable":true,"href":"https:\/\/medicina.udd.cl\/tecnologia-medica-santiago\/wp-json\/wp\/v2\/users\/9192218"}],"replies":[{"embeddable":true,"href":"https:\/\/medicina.udd.cl\/tecnologia-medica-santiago\/wp-json\/wp\/v2\/comments?post=5688"}],"version-history":[{"count":13,"href":"https:\/\/medicina.udd.cl\/tecnologia-medica-santiago\/wp-json\/wp\/v2\/pages\/5688\/revisions"}],"predecessor-version":[{"id":7807,"href":"https:\/\/medicina.udd.cl\/tecnologia-medica-santiago\/wp-json\/wp\/v2\/pages\/5688\/revisions\/7807"}],"wp:attachment":[{"href":"https:\/\/medicina.udd.cl\/tecnologia-medica-santiago\/wp-json\/wp\/v2\/media?parent=5688"}],"curies":[{"name":"wp","href":"https:\/\/api.w.org\/{rel}","templated":true}]}}