{"id":5702,"date":"2019-08-23T12:11:36","date_gmt":"2019-08-23T16:11:36","guid":{"rendered":"http:\/\/medicina.udd.cl\/tecnologia-medica-santiago\/?page_id=5702"},"modified":"2019-08-23T12:11:37","modified_gmt":"2019-08-23T16:11:37","slug":"por-que-estudiar-en-la-facultad-de-medicina","status":"publish","type":"page","link":"https:\/\/medicina.udd.cl\/tecnologia-medica-santiago\/por-que-estudiar-en-la-facultad-de-medicina\/","title":{"rendered":"\u00bfPor qu\u00e9 estudiar en la Facultad de Medicina?"},"content":{"rendered":"\n<p>1.-Porque formamos profesionales, diferentes. Preparados para ser l\u00edderes en sus disciplinas, innovadores y con un fuerte sello de responsabilidad social de verdad.<\/p>\n\n\n\n<p>2.-Porque nuestros estudiantes se relacionan tempranamente con un significativo y variado n\u00famero de pacientes.<\/p>\n\n\n\n<p>3.-Porque nuestros profesores son cl\u00ednicos reconocidos con amplia experiencia docente.<\/p>\n\n\n\n<p>4.-Porque el descubrimiento y la investigaci\u00f3n son prioritarios en nuestra misi\u00f3n. Esto se plasma en el Instituto de Ciencias e Innovaci\u00f3n en Medicina (ICIM), con m\u00e1s de 50 PhD dedicados a buscar soluciones a los problemas de salud de los chilenos.<\/p>\n\n\n\n<p>5.-Contamos con campos cl\u00ednicos exclusivos, como la Cl\u00ednica Alemana, el Hospital Padre Hurtado y Cl\u00ednica UDD, a lo que se suma una amplia red de consultorios y el Instituto Nacional del C\u00e1ncer.<\/p>\n\n\n\n<p>6.-Como la continuidad en la educaci\u00f3n es esencial, contamos con una importante oferta de postgrados, 25 especialidades y subespecialidades m\u00e9dicas y siete especialidades odontol\u00f3gicas de excelencia.<\/p>\n\n\n\n<p>7.-Nuestro modelo educativo es innovador, riguroso y apoyado en lo experiencial; cuidando con atenci\u00f3n el desarrollo de destrezas en pensamiento y de comunicaci\u00f3n, requisitos en el ejercicio profesional de hoy.<\/p>\n\n\n\n<p>8.-Porque nuestros egresados tienen r\u00e1pida inserci\u00f3n laboral.<\/p>\n","protected":false},"excerpt":{"rendered":"<p>1.-Porque formamos profesionales, diferentes. Preparados para ser l\u00edderes en sus disciplinas, innovadores y con un fuerte sello de responsabilidad social de verdad. 2.-Porque nuestros estudiantes se relacionan tempranamente con un significativo y variado n\u00famero de pacientes. 3.-Porque nuestros profesores son cl\u00ednicos reconocidos con amplia experiencia docente. 4.-Porque el descubrimiento y la investigaci\u00f3n son prioritarios en [&hellip;]<\/p>\n","protected":false},"author":9192218,"featured_media":0,"parent":0,"menu_order":0,"comment_status":"closed","ping_status":"closed","template":"","meta":{"footnotes":""},"class_list":["post-5702","page","type-page","status-publish","hentry"],"yoast_head":"<!-- This site is optimized with the Yoast SEO plugin v26.9 - https:\/\/yoast.com\/product\/yoast-seo-wordpress\/ -->\n<title>\u00bfPor qu\u00e9 estudiar en la Facultad de Medicina? - Tecnolog\u00eda M\u00e9dica<\/title>\n<meta name=\"robots\" content=\"index, follow, max-snippet:-1, max-image-preview:large, max-video-preview:-1\" \/>\n<link rel=\"canonical\" href=\"https:\/\/medicina.udd.cl\/tecnologia-medica-santiago\/por-que-estudiar-en-la-facultad-de-medicina\/\" \/>\n<meta property=\"og:locale\" content=\"es_ES\" \/>\n<meta property=\"og:type\" content=\"article\" \/>\n<meta property=\"og:title\" content=\"\u00bfPor qu\u00e9 estudiar en la Facultad de Medicina? - Tecnolog\u00eda M\u00e9dica\" \/>\n<meta property=\"og:description\" content=\"1.-Porque formamos profesionales, diferentes. Preparados para ser l\u00edderes en sus disciplinas, innovadores y con un fuerte sello de responsabilidad social de verdad. 2.-Porque nuestros estudiantes se relacionan tempranamente con un significativo y variado n\u00famero de pacientes. 3.-Porque nuestros profesores son cl\u00ednicos reconocidos con amplia experiencia docente. 4.-Porque el descubrimiento y la investigaci\u00f3n son prioritarios en [&hellip;]\" \/>\n<meta property=\"og:url\" content=\"https:\/\/medicina.udd.cl\/tecnologia-medica-santiago\/por-que-estudiar-en-la-facultad-de-medicina\/\" \/>\n<meta property=\"og:site_name\" content=\"Tecnolog\u00eda M\u00e9dica\" \/>\n<meta property=\"article:modified_time\" content=\"2019-08-23T16:11:37+00:00\" \/>\n<meta name=\"twitter:label1\" content=\"Tiempo de lectura\" \/>\n\t<meta name=\"twitter:data1\" content=\"1 minuto\" \/>\n<script type=\"application\/ld+json\" class=\"yoast-schema-graph\">{\"@context\":\"https:\/\/schema.org\",\"@graph\":[{\"@type\":\"WebPage\",\"@id\":\"https:\/\/medicina.udd.cl\/tecnologia-medica-santiago\/por-que-estudiar-en-la-facultad-de-medicina\/\",\"url\":\"https:\/\/medicina.udd.cl\/tecnologia-medica-santiago\/por-que-estudiar-en-la-facultad-de-medicina\/\",\"name\":\"\u00bfPor qu\u00e9 estudiar en la Facultad de Medicina? - Tecnolog\u00eda M\u00e9dica\",\"isPartOf\":{\"@id\":\"https:\/\/medicina.udd.cl\/tecnologia-medica-santiago\/#website\"},\"datePublished\":\"2019-08-23T16:11:36+00:00\",\"dateModified\":\"2019-08-23T16:11:37+00:00\",\"breadcrumb\":{\"@id\":\"https:\/\/medicina.udd.cl\/tecnologia-medica-santiago\/por-que-estudiar-en-la-facultad-de-medicina\/#breadcrumb\"},\"inLanguage\":\"es\",\"potentialAction\":[{\"@type\":\"ReadAction\",\"target\":[\"https:\/\/medicina.udd.cl\/tecnologia-medica-santiago\/por-que-estudiar-en-la-facultad-de-medicina\/\"]}]},{\"@type\":\"BreadcrumbList\",\"@id\":\"https:\/\/medicina.udd.cl\/tecnologia-medica-santiago\/por-que-estudiar-en-la-facultad-de-medicina\/#breadcrumb\",\"itemListElement\":[{\"@type\":\"ListItem\",\"position\":1,\"name\":\"Home\",\"item\":\"https:\/\/medicina.udd.cl\/tecnologia-medica-santiago\/\"},{\"@type\":\"ListItem\",\"position\":2,\"name\":\"\u00bfPor qu\u00e9 estudiar en la Facultad de Medicina?\"}]},{\"@type\":\"WebSite\",\"@id\":\"https:\/\/medicina.udd.cl\/tecnologia-medica-santiago\/#website\",\"url\":\"https:\/\/medicina.udd.cl\/tecnologia-medica-santiago\/\",\"name\":\"Tecnolog\u00eda M\u00e9dica\",\"description\":\"Facultad de Medicina Cl\u00ednica Alemana Universidad del Desarrollo\",\"inLanguage\":\"es\"}]}<\/script>\n<!-- \/ Yoast SEO plugin. -->","yoast_head_json":{"title":"\u00bfPor qu\u00e9 estudiar en la Facultad de Medicina? - Tecnolog\u00eda M\u00e9dica","robots":{"index":"index","follow":"follow","max-snippet":"max-snippet:-1","max-image-preview":"max-image-preview:large","max-video-preview":"max-video-preview:-1"},"canonical":"https:\/\/medicina.udd.cl\/tecnologia-medica-santiago\/por-que-estudiar-en-la-facultad-de-medicina\/","og_locale":"es_ES","og_type":"article","og_title":"\u00bfPor qu\u00e9 estudiar en la Facultad de Medicina? - Tecnolog\u00eda M\u00e9dica","og_description":"1.-Porque formamos profesionales, diferentes. Preparados para ser l\u00edderes en sus disciplinas, innovadores y con un fuerte sello de responsabilidad social de verdad. 2.-Porque nuestros estudiantes se relacionan tempranamente con un significativo y variado n\u00famero de pacientes. 3.-Porque nuestros profesores son cl\u00ednicos reconocidos con amplia experiencia docente. 4.-Porque el descubrimiento y la investigaci\u00f3n son prioritarios en [&hellip;]","og_url":"https:\/\/medicina.udd.cl\/tecnologia-medica-santiago\/por-que-estudiar-en-la-facultad-de-medicina\/","og_site_name":"Tecnolog\u00eda M\u00e9dica","article_modified_time":"2019-08-23T16:11:37+00:00","twitter_misc":{"Tiempo de lectura":"1 minuto"},"schema":{"@context":"https:\/\/schema.org","@graph":[{"@type":"WebPage","@id":"https:\/\/medicina.udd.cl\/tecnologia-medica-santiago\/por-que-estudiar-en-la-facultad-de-medicina\/","url":"https:\/\/medicina.udd.cl\/tecnologia-medica-santiago\/por-que-estudiar-en-la-facultad-de-medicina\/","name":"\u00bfPor qu\u00e9 estudiar en la Facultad de Medicina? - Tecnolog\u00eda M\u00e9dica","isPartOf":{"@id":"https:\/\/medicina.udd.cl\/tecnologia-medica-santiago\/#website"},"datePublished":"2019-08-23T16:11:36+00:00","dateModified":"2019-08-23T16:11:37+00:00","breadcrumb":{"@id":"https:\/\/medicina.udd.cl\/tecnologia-medica-santiago\/por-que-estudiar-en-la-facultad-de-medicina\/#breadcrumb"},"inLanguage":"es","potentialAction":[{"@type":"ReadAction","target":["https:\/\/medicina.udd.cl\/tecnologia-medica-santiago\/por-que-estudiar-en-la-facultad-de-medicina\/"]}]},{"@type":"BreadcrumbList","@id":"https:\/\/medicina.udd.cl\/tecnologia-medica-santiago\/por-que-estudiar-en-la-facultad-de-medicina\/#breadcrumb","itemListElement":[{"@type":"ListItem","position":1,"name":"Home","item":"https:\/\/medicina.udd.cl\/tecnologia-medica-santiago\/"},{"@type":"ListItem","position":2,"name":"\u00bfPor qu\u00e9 estudiar en la Facultad de Medicina?"}]},{"@type":"WebSite","@id":"https:\/\/medicina.udd.cl\/tecnologia-medica-santiago\/#website","url":"https:\/\/medicina.udd.cl\/tecnologia-medica-santiago\/","name":"Tecnolog\u00eda M\u00e9dica","description":"Facultad de Medicina Cl\u00ednica Alemana Universidad del Desarrollo","inLanguage":"es"}]}},"_links":{"self":[{"href":"https:\/\/medicina.udd.cl\/tecnologia-medica-santiago\/wp-json\/wp\/v2\/pages\/5702","targetHints":{"allow":["GET"]}}],"collection":[{"href":"https:\/\/medicina.udd.cl\/tecnologia-medica-santiago\/wp-json\/wp\/v2\/pages"}],"about":[{"href":"https:\/\/medicina.udd.cl\/tecnologia-medica-santiago\/wp-json\/wp\/v2\/types\/page"}],"author":[{"embeddable":true,"href":"https:\/\/medicina.udd.cl\/tecnologia-medica-santiago\/wp-json\/wp\/v2\/users\/9192218"}],"replies":[{"embeddable":true,"href":"https:\/\/medicina.udd.cl\/tecnologia-medica-santiago\/wp-json\/wp\/v2\/comments?post=5702"}],"version-history":[{"count":1,"href":"https:\/\/medicina.udd.cl\/tecnologia-medica-santiago\/wp-json\/wp\/v2\/pages\/5702\/revisions"}],"predecessor-version":[{"id":5703,"href":"https:\/\/medicina.udd.cl\/tecnologia-medica-santiago\/wp-json\/wp\/v2\/pages\/5702\/revisions\/5703"}],"wp:attachment":[{"href":"https:\/\/medicina.udd.cl\/tecnologia-medica-santiago\/wp-json\/wp\/v2\/media?parent=5702"}],"curies":[{"name":"wp","href":"https:\/\/api.w.org\/{rel}","templated":true}]}}