{"id":6154,"date":"2020-01-23T17:35:26","date_gmt":"2020-01-23T20:35:26","guid":{"rendered":"http:\/\/medicina.udd.cl\/tecnologia-medica-santiago\/?page_id=6154"},"modified":"2020-01-24T12:43:40","modified_gmt":"2020-01-24T15:43:40","slug":"admision-especial-nem","status":"publish","type":"page","link":"https:\/\/medicina.udd.cl\/tecnologia-medica-santiago\/admision\/admision-especial-nem\/","title":{"rendered":"Admisi\u00f3n Especial NEM"},"content":{"rendered":"\n<p>Si tienes&nbsp;<strong>NEM igual o mayor a 6,0,&nbsp;<\/strong>postula a Tecnolog\u00eda M\u00e9dica en la Sede Santiago.<\/p>\n\n\n<section\n\tclass=\"wp-block-udd-contacts\"\n\t\t>\n\t\t<div class=\"block__bg\">\n\t\t\t\t\t<img loading=\"lazy\" decoding=\"async\" width=\"680\" height=\"382\" src=\"https:\/\/medicina.udd.cl\/tecnologia-medica-santiago\/files\/2020\/01\/contacto-magisteres-med-680x382.jpg\" class=\"block__bg-image object-cover\" alt=\"\" srcset=\"https:\/\/medicina.udd.cl\/tecnologia-medica-santiago\/files\/2020\/01\/contacto-magisteres-med-680x382.jpg 680w, https:\/\/medicina.udd.cl\/tecnologia-medica-santiago\/files\/2020\/01\/contacto-magisteres-med-300x169.jpg 300w, https:\/\/medicina.udd.cl\/tecnologia-medica-santiago\/files\/2020\/01\/contacto-magisteres-med-768x432.jpg 768w, https:\/\/medicina.udd.cl\/tecnologia-medica-santiago\/files\/2020\/01\/contacto-magisteres-med-1024x576.jpg 1024w, https:\/\/medicina.udd.cl\/tecnologia-medica-santiago\/files\/2020\/01\/contacto-magisteres-med-1366x768.jpg 1366w, https:\/\/medicina.udd.cl\/tecnologia-medica-santiago\/files\/2020\/01\/contacto-magisteres-med-952x534.jpg 952w, https:\/\/medicina.udd.cl\/tecnologia-medica-santiago\/files\/2020\/01\/contacto-magisteres-med.jpg 1920w\" sizes=\"auto, (max-width: 680px) 100vw, 680px\" \/>\t\t\t<\/div>\n\t\t<div class=\"container\">\n\t\t<header class=\"block__header\">\n\t\t\t<h2 class=\"block__title\">Contacto<\/h2>\n\t\t<\/header>\n\t\t<div class=\"block__content\">\n\t\t\t<ul class=\"contacts\">\n\t\t\t\t\t\t\t<li class=\"contact\">\n\t\t\t\t\t<div class=\"person-contact\">\n\t\t\t\t\t\t\t\t\t\t\t\t<h3 class=\"person-contact__name\">Guislaine Aldana<\/h3>\n\t\t\t\t\t\t\t\t\t\t\t\t\t\t\t\t\t\t\t\t\t\t\t\t\t\t\t\t\t\t\t<span class=\"person-contact__phone\">Tel\u00e9fono: <a href=\"tel:+56 9 3356 0997\">+56 9 3356 0997<\/a><\/span>\n\t\t\t\t\t\t\t\t\t\t\t\t\t\t\t\t\t\t\t<span class=\"person-contact__email\">Email: <a href=\"mailto:&#103;a&#108;da&#110;av&#064;u&#100;d.&#099;&#108;\">g&#097;&#108;danav&#064;&#117;&#100;&#100;.&#099;l<\/a><\/span>\n\t\t\t\t\t\t\t\t\t\t\t<\/div>\n\t\t\t\t<\/li>\n\t\t\t\t\t\t<\/ul>\n\t\t<\/div>\n\t<\/div>\n<\/section>\n\n\n<iframe src=\"https:\/\/crmadmision.udd.cl\/formulario_admision_2020\/\" width=\"100%\" height=\"1200\" loading=\"lazy\" frameborder=\"0\" scrolling=\"no\"><\/iframe>","protected":false},"excerpt":{"rendered":"<p>Si tienes&nbsp;NEM igual o mayor a 6,0,&nbsp;postula a Tecnolog\u00eda M\u00e9dica en la Sede Santiago.<\/p>\n","protected":false},"author":9192217,"featured_media":0,"parent":5696,"menu_order":0,"comment_status":"closed","ping_status":"closed","template":"","meta":{"footnotes":""},"class_list":["post-6154","page","type-page","status-publish","hentry"],"yoast_head":"<!-- This site is optimized with the Yoast SEO plugin v26.9 - https:\/\/yoast.com\/product\/yoast-seo-wordpress\/ -->\n<title>Admisi\u00f3n Especial NEM - Tecnolog\u00eda M\u00e9dica<\/title>\n<meta name=\"robots\" content=\"index, follow, max-snippet:-1, max-image-preview:large, max-video-preview:-1\" \/>\n<link rel=\"canonical\" href=\"https:\/\/medicina.udd.cl\/tecnologia-medica-santiago\/admision\/admision-especial-nem\/\" \/>\n<meta property=\"og:locale\" content=\"es_ES\" \/>\n<meta property=\"og:type\" content=\"article\" \/>\n<meta property=\"og:title\" content=\"Admisi\u00f3n Especial NEM - Tecnolog\u00eda M\u00e9dica\" \/>\n<meta property=\"og:description\" content=\"Si tienes&nbsp;NEM igual o mayor a 6,0,&nbsp;postula a Tecnolog\u00eda M\u00e9dica en la Sede Santiago.\" \/>\n<meta property=\"og:url\" content=\"https:\/\/medicina.udd.cl\/tecnologia-medica-santiago\/admision\/admision-especial-nem\/\" \/>\n<meta property=\"og:site_name\" content=\"Tecnolog\u00eda M\u00e9dica\" \/>\n<meta property=\"article:modified_time\" content=\"2020-01-24T15:43:40+00:00\" \/>\n<script type=\"application\/ld+json\" class=\"yoast-schema-graph\">{\"@context\":\"https:\/\/schema.org\",\"@graph\":[{\"@type\":\"WebPage\",\"@id\":\"https:\/\/medicina.udd.cl\/tecnologia-medica-santiago\/admision\/admision-especial-nem\/\",\"url\":\"https:\/\/medicina.udd.cl\/tecnologia-medica-santiago\/admision\/admision-especial-nem\/\",\"name\":\"Admisi\u00f3n Especial NEM - Tecnolog\u00eda M\u00e9dica\",\"isPartOf\":{\"@id\":\"https:\/\/medicina.udd.cl\/tecnologia-medica-santiago\/#website\"},\"datePublished\":\"2020-01-23T20:35:26+00:00\",\"dateModified\":\"2020-01-24T15:43:40+00:00\",\"breadcrumb\":{\"@id\":\"https:\/\/medicina.udd.cl\/tecnologia-medica-santiago\/admision\/admision-especial-nem\/#breadcrumb\"},\"inLanguage\":\"es\",\"potentialAction\":[{\"@type\":\"ReadAction\",\"target\":[\"https:\/\/medicina.udd.cl\/tecnologia-medica-santiago\/admision\/admision-especial-nem\/\"]}]},{\"@type\":\"BreadcrumbList\",\"@id\":\"https:\/\/medicina.udd.cl\/tecnologia-medica-santiago\/admision\/admision-especial-nem\/#breadcrumb\",\"itemListElement\":[{\"@type\":\"ListItem\",\"position\":1,\"name\":\"Home\",\"item\":\"https:\/\/medicina.udd.cl\/tecnologia-medica-santiago\/\"},{\"@type\":\"ListItem\",\"position\":2,\"name\":\"Admisi\u00f3n\",\"item\":\"https:\/\/medicina.udd.cl\/tecnologia-medica-santiago\/admision\/\"},{\"@type\":\"ListItem\",\"position\":3,\"name\":\"Admisi\u00f3n Especial NEM\"}]},{\"@type\":\"WebSite\",\"@id\":\"https:\/\/medicina.udd.cl\/tecnologia-medica-santiago\/#website\",\"url\":\"https:\/\/medicina.udd.cl\/tecnologia-medica-santiago\/\",\"name\":\"Tecnolog\u00eda M\u00e9dica\",\"description\":\"Facultad de Medicina Cl\u00ednica Alemana Universidad del Desarrollo\",\"inLanguage\":\"es\"}]}<\/script>\n<!-- \/ Yoast SEO plugin. -->","yoast_head_json":{"title":"Admisi\u00f3n Especial NEM - Tecnolog\u00eda M\u00e9dica","robots":{"index":"index","follow":"follow","max-snippet":"max-snippet:-1","max-image-preview":"max-image-preview:large","max-video-preview":"max-video-preview:-1"},"canonical":"https:\/\/medicina.udd.cl\/tecnologia-medica-santiago\/admision\/admision-especial-nem\/","og_locale":"es_ES","og_type":"article","og_title":"Admisi\u00f3n Especial NEM - Tecnolog\u00eda M\u00e9dica","og_description":"Si tienes&nbsp;NEM igual o mayor a 6,0,&nbsp;postula a Tecnolog\u00eda M\u00e9dica en la Sede Santiago.","og_url":"https:\/\/medicina.udd.cl\/tecnologia-medica-santiago\/admision\/admision-especial-nem\/","og_site_name":"Tecnolog\u00eda M\u00e9dica","article_modified_time":"2020-01-24T15:43:40+00:00","schema":{"@context":"https:\/\/schema.org","@graph":[{"@type":"WebPage","@id":"https:\/\/medicina.udd.cl\/tecnologia-medica-santiago\/admision\/admision-especial-nem\/","url":"https:\/\/medicina.udd.cl\/tecnologia-medica-santiago\/admision\/admision-especial-nem\/","name":"Admisi\u00f3n Especial NEM - Tecnolog\u00eda M\u00e9dica","isPartOf":{"@id":"https:\/\/medicina.udd.cl\/tecnologia-medica-santiago\/#website"},"datePublished":"2020-01-23T20:35:26+00:00","dateModified":"2020-01-24T15:43:40+00:00","breadcrumb":{"@id":"https:\/\/medicina.udd.cl\/tecnologia-medica-santiago\/admision\/admision-especial-nem\/#breadcrumb"},"inLanguage":"es","potentialAction":[{"@type":"ReadAction","target":["https:\/\/medicina.udd.cl\/tecnologia-medica-santiago\/admision\/admision-especial-nem\/"]}]},{"@type":"BreadcrumbList","@id":"https:\/\/medicina.udd.cl\/tecnologia-medica-santiago\/admision\/admision-especial-nem\/#breadcrumb","itemListElement":[{"@type":"ListItem","position":1,"name":"Home","item":"https:\/\/medicina.udd.cl\/tecnologia-medica-santiago\/"},{"@type":"ListItem","position":2,"name":"Admisi\u00f3n","item":"https:\/\/medicina.udd.cl\/tecnologia-medica-santiago\/admision\/"},{"@type":"ListItem","position":3,"name":"Admisi\u00f3n Especial NEM"}]},{"@type":"WebSite","@id":"https:\/\/medicina.udd.cl\/tecnologia-medica-santiago\/#website","url":"https:\/\/medicina.udd.cl\/tecnologia-medica-santiago\/","name":"Tecnolog\u00eda M\u00e9dica","description":"Facultad de Medicina Cl\u00ednica Alemana Universidad del Desarrollo","inLanguage":"es"}]}},"_links":{"self":[{"href":"https:\/\/medicina.udd.cl\/tecnologia-medica-santiago\/wp-json\/wp\/v2\/pages\/6154","targetHints":{"allow":["GET"]}}],"collection":[{"href":"https:\/\/medicina.udd.cl\/tecnologia-medica-santiago\/wp-json\/wp\/v2\/pages"}],"about":[{"href":"https:\/\/medicina.udd.cl\/tecnologia-medica-santiago\/wp-json\/wp\/v2\/types\/page"}],"author":[{"embeddable":true,"href":"https:\/\/medicina.udd.cl\/tecnologia-medica-santiago\/wp-json\/wp\/v2\/users\/9192217"}],"replies":[{"embeddable":true,"href":"https:\/\/medicina.udd.cl\/tecnologia-medica-santiago\/wp-json\/wp\/v2\/comments?post=6154"}],"version-history":[{"count":5,"href":"https:\/\/medicina.udd.cl\/tecnologia-medica-santiago\/wp-json\/wp\/v2\/pages\/6154\/revisions"}],"predecessor-version":[{"id":6162,"href":"https:\/\/medicina.udd.cl\/tecnologia-medica-santiago\/wp-json\/wp\/v2\/pages\/6154\/revisions\/6162"}],"up":[{"embeddable":true,"href":"https:\/\/medicina.udd.cl\/tecnologia-medica-santiago\/wp-json\/wp\/v2\/pages\/5696"}],"wp:attachment":[{"href":"https:\/\/medicina.udd.cl\/tecnologia-medica-santiago\/wp-json\/wp\/v2\/media?parent=6154"}],"curies":[{"name":"wp","href":"https:\/\/api.w.org\/{rel}","templated":true}]}}