{"id":6265,"date":"2020-05-07T01:53:34","date_gmt":"2020-05-07T05:53:34","guid":{"rendered":"http:\/\/medicina.udd.cl\/tecnologia-medica-santiago\/?page_id=6265"},"modified":"2025-08-26T16:23:34","modified_gmt":"2025-08-26T20:23:34","slug":"por-que-estudiar-tecnologia-medica-en-la-udd","status":"publish","type":"page","link":"https:\/\/medicina.udd.cl\/tecnologia-medica-santiago\/por-que-estudiar-tecnologia-medica-en-la-udd\/","title":{"rendered":"\u00bfPor qu\u00e9 estudiar Tecnolog\u00eda M\u00e9dica en la UDD?"},"content":{"rendered":"<!-- WP Block: UDD - Content Gallery -->\n<section class=\"wp-block-udd-content-gallery wp-block-udd-content-gallery--align-left\">\n\t<div class=\"content-gallery\">\n\t\t<main class=\"content-gallery__content\">\n\t\t\t<div class=\"content-gallery__content-inner\">\n\t\t\t\t<h2 class=\"block__title content-gallery__title\">Cl\u00ednica UDD<\/h2>\n\t\t\t\t<div class=\"text\">\n\t\t\t\t\t\n<p>Campo cl\u00ednico exclusivo de la Facultad de Medicina Cl\u00ednica Alemana Universidad del Desarrollo.<\/p>\n\n<p>Concentra actividades docentes asistenciales de la Facultad y ofrece atenci\u00f3n ambulatoria para los habitantes de La Florida, la Granja, San Ram\u00f3n y La Cisterna.<\/p>\n\n<p><a href=\"https:\/\/clinicaudd.udd.cl\/\">Visitar el sitio<\/a><\/p>\n\t\t\t\t<\/div>\n\t\t\t<\/div>\n\t\t<\/main>\n\t\t<aside class=\"content-gallery__media\">\n\t\t\t<div id=\"gallery-carousel-d65b7db3bd\" class=\"carousel slide carousel-gallery\" data-ride=\"carousel\" data-interval=\"false\">\n\t\t\t\t<div class=\"carousel-inner\" role=\"listbox\">\n\t\t\t\t\t\t\t\t\t\t\t<div class=\"carousel-item active\">\n\t\t\t\t\t\t\t<img loading=\"lazy\" decoding=\"async\" width=\"1181\" height=\"745\" src=\"https:\/\/medicina.udd.cl\/tecnologia-medica-santiago\/files\/2020\/12\/clinicaudd.jpg\" class=\"content-gallery__media-image\" alt=\"\" srcset=\"https:\/\/medicina.udd.cl\/tecnologia-medica-santiago\/files\/2020\/12\/clinicaudd.jpg 1181w, https:\/\/medicina.udd.cl\/tecnologia-medica-santiago\/files\/2020\/12\/clinicaudd-300x189.jpg 300w, https:\/\/medicina.udd.cl\/tecnologia-medica-santiago\/files\/2020\/12\/clinicaudd-1024x646.jpg 1024w, https:\/\/medicina.udd.cl\/tecnologia-medica-santiago\/files\/2020\/12\/clinicaudd-768x484.jpg 768w\" sizes=\"auto, (max-width: 1181px) 100vw, 1181px\" \/>\t\t\t\t\t\t\t\t\t\t\t\t\t<\/div>\n\t\t\t\t\t\t\t\t\t<\/div>\n\t\t\t\t\t\t<\/div>\n\t\t<\/aside>\n\t<\/div>\n<\/section>\n\n\n<!-- WP Block: UDD - Content Gallery -->\n<section class=\"wp-block-udd-content-gallery\">\n\t<div class=\"content-gallery\">\n\t\t<main class=\"content-gallery__content\">\n\t\t\t<div class=\"content-gallery__content-inner\">\n\t\t\t\t<h2 class=\"block__title content-gallery__title\">Experiencia cl\u00ednica<\/h2>\n\t\t\t\t<div class=\"text\">\n\t\t\t\t\t\n<p>Ingresas a la especialidad en el II semestre del 2do a\u00f1o.<\/p>\n\t\t\t\t<\/div>\n\t\t\t<\/div>\n\t\t<\/main>\n\t\t<aside class=\"content-gallery__media\">\n\t\t\t<div id=\"gallery-carousel-e2a67bac1d\" class=\"carousel slide carousel-gallery\" data-ride=\"carousel\" data-interval=\"false\">\n\t\t\t\t<div class=\"carousel-inner\" role=\"listbox\">\n\t\t\t\t\t\t\t\t\t\t\t<div class=\"carousel-item active\">\n\t\t\t\t\t\t\t<img loading=\"lazy\" decoding=\"async\" width=\"1280\" height=\"768\" src=\"https:\/\/medicina.udd.cl\/tecnologia-medica-santiago\/files\/2019\/07\/IMG-20190719-WA0138-1280x768.jpg\" class=\"content-gallery__media-image\" alt=\"\" \/>\t\t\t\t\t\t\t\t\t\t\t\t\t<\/div>\n\t\t\t\t\t\t\t\t\t<\/div>\n\t\t\t\t\t\t<\/div>\n\t\t<\/aside>\n\t<\/div>\n<\/section>\n\n\n<!-- WP Block: UDD - Content Gallery -->\n<section class=\"wp-block-udd-content-gallery wp-block-udd-content-gallery--align-left\">\n\t<div class=\"content-gallery\">\n\t\t<main class=\"content-gallery__content\">\n\t\t\t<div class=\"content-gallery__content-inner\">\n\t\t\t\t<h2 class=\"block__title content-gallery__title\">Asignaturas integradas<\/h2>\n\t\t\t\t<div class=\"text\">\n\t\t\t\t\t\n<p>Incorporaci\u00f3n de asignaturas integradas en las mallas de las especialidades de Bioan\u00e1lisis Cl\u00ednico, Hematolog\u00eda y Medicina Transfusional y de Morfofisiopatolog\u00eda y Citodiagn\u00f3stico.<\/p>\n\t\t\t\t<\/div>\n\t\t\t<\/div>\n\t\t<\/main>\n\t\t<aside class=\"content-gallery__media\">\n\t\t\t<div id=\"gallery-carousel-303a5873e5\" class=\"carousel slide carousel-gallery\" data-ride=\"carousel\" data-interval=\"false\">\n\t\t\t\t<div class=\"carousel-inner\" role=\"listbox\">\n\t\t\t\t\t\t\t\t\t\t\t<div class=\"carousel-item active\">\n\t\t\t\t\t\t\t<img loading=\"lazy\" decoding=\"async\" width=\"1366\" height=\"768\" src=\"https:\/\/medicina.udd.cl\/tecnologia-medica-santiago\/files\/2019\/09\/Tecnolog\u00eda-M\u00e9dica-3-1366x768.jpg\" class=\"content-gallery__media-image\" alt=\"\" srcset=\"https:\/\/medicina.udd.cl\/tecnologia-medica-santiago\/files\/2019\/09\/Tecnolog\u00eda-M\u00e9dica-3-1366x768.jpg 1366w, https:\/\/medicina.udd.cl\/tecnologia-medica-santiago\/files\/2019\/09\/Tecnolog\u00eda-M\u00e9dica-3-1920x1080.jpg 1920w, https:\/\/medicina.udd.cl\/tecnologia-medica-santiago\/files\/2019\/09\/Tecnolog\u00eda-M\u00e9dica-3-952x534.jpg 952w, https:\/\/medicina.udd.cl\/tecnologia-medica-santiago\/files\/2019\/09\/Tecnolog\u00eda-M\u00e9dica-3-680x382.jpg 680w\" sizes=\"auto, (max-width: 1366px) 100vw, 1366px\" \/>\t\t\t\t\t\t\t\t\t\t\t\t\t<\/div>\n\t\t\t\t\t\t\t\t\t<\/div>\n\t\t\t\t\t\t<\/div>\n\t\t<\/aside>\n\t<\/div>\n<\/section>\n\n\n<!-- WP Block: UDD - Content Gallery -->\n<section class=\"wp-block-udd-content-gallery\">\n\t<div class=\"content-gallery\">\n\t\t<main class=\"content-gallery__content\">\n\t\t\t<div class=\"content-gallery__content-inner\">\n\t\t\t\t<h2 class=\"block__title content-gallery__title\">Experiencia cl\u00ednica especializada<\/h2>\n\t\t\t\t<div class=\"text\">\n\t\t\t\t\t\n<p>Realizar\u00e1s dos internados de especializaci\u00f3n en el Ciclo de Habilitaci\u00f3n Profesional, en importantes campos cl\u00ednicos.<\/p>\n\t\t\t\t<\/div>\n\t\t\t<\/div>\n\t\t<\/main>\n\t\t<aside class=\"content-gallery__media\">\n\t\t\t<div id=\"gallery-carousel-c9377fae0e\" class=\"carousel slide carousel-gallery\" data-ride=\"carousel\" data-interval=\"false\">\n\t\t\t\t<div class=\"carousel-inner\" role=\"listbox\">\n\t\t\t\t\t\t\t\t\t\t\t<div class=\"carousel-item active\">\n\t\t\t\t\t\t\t<img loading=\"lazy\" decoding=\"async\" width=\"1366\" height=\"768\" src=\"https:\/\/medicina.udd.cl\/tecnologia-medica-santiago\/files\/2019\/09\/Tecnolog\u00eda-M\u00e9dica-2-1366x768.jpg\" class=\"content-gallery__media-image\" alt=\"\" srcset=\"https:\/\/medicina.udd.cl\/tecnologia-medica-santiago\/files\/2019\/09\/Tecnolog\u00eda-M\u00e9dica-2-1366x768.jpg 1366w, https:\/\/medicina.udd.cl\/tecnologia-medica-santiago\/files\/2019\/09\/Tecnolog\u00eda-M\u00e9dica-2-1920x1080.jpg 1920w, https:\/\/medicina.udd.cl\/tecnologia-medica-santiago\/files\/2019\/09\/Tecnolog\u00eda-M\u00e9dica-2-952x534.jpg 952w, https:\/\/medicina.udd.cl\/tecnologia-medica-santiago\/files\/2019\/09\/Tecnolog\u00eda-M\u00e9dica-2-680x382.jpg 680w\" sizes=\"auto, (max-width: 1366px) 100vw, 1366px\" \/>\t\t\t\t\t\t\t\t\t\t\t\t\t<\/div>\n\t\t\t\t\t\t\t\t\t<\/div>\n\t\t\t\t\t\t<\/div>\n\t\t<\/aside>\n\t<\/div>\n<\/section>\n\n\n<!-- WP Block: UDD - Content Gallery -->\n<section class=\"wp-block-udd-content-gallery wp-block-udd-content-gallery--align-left\">\n\t<div class=\"content-gallery\">\n\t\t<main class=\"content-gallery__content\">\n\t\t\t<div class=\"content-gallery__content-inner\">\n\t\t\t\t<h2 class=\"block__title content-gallery__title\">Internados en el extranjero<\/h2>\n\t\t\t\t<div class=\"text\">\n\t\t\t\t\t\n<p>Podr\u00e1s realizar tu segundo internado en Chile o en el extranjero, en las \u00e1reas de gesti\u00f3n y administraci\u00f3n cl\u00ednica y empresarial, en docencia o en \u00e9tica cl\u00ednica.<\/p>\n\t\t\t\t<\/div>\n\t\t\t<\/div>\n\t\t<\/main>\n\t\t<aside class=\"content-gallery__media\">\n\t\t\t<div id=\"gallery-carousel-7d797e9de2\" class=\"carousel slide carousel-gallery\" data-ride=\"carousel\" data-interval=\"false\">\n\t\t\t\t<div class=\"carousel-inner\" role=\"listbox\">\n\t\t\t\t\t\t\t\t\t\t\t<div class=\"carousel-item active\">\n\t\t\t\t\t\t\t<img loading=\"lazy\" decoding=\"async\" width=\"1024\" height=\"768\" src=\"https:\/\/medicina.udd.cl\/tecnologia-medica-santiago\/files\/2013\/11\/Visita-a-U.-Eloy-Alfaro.jpg\" class=\"content-gallery__media-image\" alt=\"\" srcset=\"https:\/\/medicina.udd.cl\/tecnologia-medica-santiago\/files\/2013\/11\/Visita-a-U.-Eloy-Alfaro.jpg 4608w, https:\/\/medicina.udd.cl\/tecnologia-medica-santiago\/files\/2013\/11\/Visita-a-U.-Eloy-Alfaro-300x225.jpg 300w, https:\/\/medicina.udd.cl\/tecnologia-medica-santiago\/files\/2013\/11\/Visita-a-U.-Eloy-Alfaro-768x576.jpg 768w, https:\/\/medicina.udd.cl\/tecnologia-medica-santiago\/files\/2013\/11\/Visita-a-U.-Eloy-Alfaro-1024x768.jpg 1024w, https:\/\/medicina.udd.cl\/tecnologia-medica-santiago\/files\/2013\/11\/Visita-a-U.-Eloy-Alfaro-960x720.jpg 960w\" sizes=\"auto, (max-width: 1024px) 100vw, 1024px\" \/>\t\t\t\t\t\t\t\t\t\t\t\t\t<\/div>\n\t\t\t\t\t\t\t\t\t<\/div>\n\t\t\t\t\t\t<\/div>\n\t\t<\/aside>\n\t<\/div>\n<\/section>\n\n\n<!-- WP Block: UDD - Content Gallery -->\n<section class=\"wp-block-udd-content-gallery\">\n\t<div class=\"content-gallery\">\n\t\t<main class=\"content-gallery__content\">\n\t\t\t<div class=\"content-gallery__content-inner\">\n\t\t\t\t<h2 class=\"block__title content-gallery__title\">Tutor\u00edas desde el primer a\u00f1o<\/h2>\n\t\t\t\t<div class=\"text\">\n\t\t\t\t\t\n<p>Tendr\u00e1s tutor\u00edas de acompa\u00f1amiento en el \u00e1mbito acad\u00e9mico y personal desde el primer a\u00f1o.<\/p>\n\t\t\t\t<\/div>\n\t\t\t<\/div>\n\t\t<\/main>\n\t\t<aside class=\"content-gallery__media\">\n\t\t\t<div id=\"gallery-carousel-3388502edd\" class=\"carousel slide carousel-gallery\" data-ride=\"carousel\" data-interval=\"false\">\n\t\t\t\t<div class=\"carousel-inner\" role=\"listbox\">\n\t\t\t\t\t\t\t\t\t\t\t<div class=\"carousel-item active\">\n\t\t\t\t\t\t\t<img loading=\"lazy\" decoding=\"async\" width=\"1151\" height=\"768\" src=\"https:\/\/medicina.udd.cl\/tecnologia-medica-santiago\/files\/2016\/07\/Sonr\u00ede-UDD-5.jpg\" class=\"content-gallery__media-image\" alt=\"\" srcset=\"https:\/\/medicina.udd.cl\/tecnologia-medica-santiago\/files\/2016\/07\/Sonr\u00ede-UDD-5.jpg 3643w, https:\/\/medicina.udd.cl\/tecnologia-medica-santiago\/files\/2016\/07\/Sonr\u00ede-UDD-5-300x200.jpg 300w, https:\/\/medicina.udd.cl\/tecnologia-medica-santiago\/files\/2016\/07\/Sonr\u00ede-UDD-5-768x512.jpg 768w, https:\/\/medicina.udd.cl\/tecnologia-medica-santiago\/files\/2016\/07\/Sonr\u00ede-UDD-5-1024x683.jpg 1024w, https:\/\/medicina.udd.cl\/tecnologia-medica-santiago\/files\/2016\/07\/Sonr\u00ede-UDD-5-960x640.jpg 960w\" sizes=\"auto, (max-width: 1151px) 100vw, 1151px\" \/>\t\t\t\t\t\t\t\t\t\t\t\t\t<\/div>\n\t\t\t\t\t\t\t\t\t<\/div>\n\t\t\t\t\t\t<\/div>\n\t\t<\/aside>\n\t<\/div>\n<\/section>\n\n\n<!-- WP Block: UDD - Content Gallery -->\n<section class=\"wp-block-udd-content-gallery wp-block-udd-content-gallery--align-left\">\n\t<div class=\"content-gallery\">\n\t\t<main class=\"content-gallery__content\">\n\t\t\t<div class=\"content-gallery__content-inner\">\n\t\t\t\t<h2 class=\"block__title content-gallery__title\">Nuevo edificio<\/h2>\n\t\t\t\t<div class=\"text\">\n\t\t\t\t\t\n<p>Desde 2022, la Facultad de Medicina Cl\u00ednica Alemana Universidad del Desarrollo, cuenta con un nuevo edificio de 16 mil m2 en el campus Rector Ernesto Silva Bafalluy (San Carlos de Apoquindo). Esto permiti\u00f3 tener a todas las carreras de la salud reunidas en un mismo campus, favoreciendo el trabajo interdisciplinario y la vida universitaria.<\/p>\n\t\t\t\t<\/div>\n\t\t\t<\/div>\n\t\t<\/main>\n\t\t<aside class=\"content-gallery__media\">\n\t\t\t<div id=\"gallery-carousel-4c27470471\" class=\"carousel slide carousel-gallery\" data-ride=\"carousel\" data-interval=\"false\">\n\t\t\t\t<div class=\"carousel-inner\" role=\"listbox\">\n\t\t\t\t\t\t\t\t\t\t\t<div class=\"carousel-item active\">\n\t\t\t\t\t\t\t<img loading=\"lazy\" decoding=\"async\" width=\"1366\" height=\"768\" src=\"https:\/\/medicina.udd.cl\/tecnologia-medica-santiago\/files\/2020\/05\/EDIF-Facultad-1366x768.jpg\" class=\"content-gallery__media-image\" alt=\"\" srcset=\"https:\/\/medicina.udd.cl\/tecnologia-medica-santiago\/files\/2020\/05\/EDIF-Facultad-1366x768.jpg 1366w, https:\/\/medicina.udd.cl\/tecnologia-medica-santiago\/files\/2020\/05\/EDIF-Facultad-1920x1080.jpg 1920w, https:\/\/medicina.udd.cl\/tecnologia-medica-santiago\/files\/2020\/05\/EDIF-Facultad-952x534.jpg 952w, https:\/\/medicina.udd.cl\/tecnologia-medica-santiago\/files\/2020\/05\/EDIF-Facultad-680x382.jpg 680w\" sizes=\"auto, (max-width: 1366px) 100vw, 1366px\" \/>\t\t\t\t\t\t\t\t\t\t\t\t\t<\/div>\n\t\t\t\t\t\t\t\t\t<\/div>\n\t\t\t\t\t\t<\/div>\n\t\t<\/aside>\n\t<\/div>\n<\/section>\n","protected":false},"excerpt":{"rendered":"","protected":false},"author":9192194,"featured_media":0,"parent":0,"menu_order":0,"comment_status":"closed","ping_status":"closed","template":"","meta":{"footnotes":""},"class_list":["post-6265","page","type-page","status-publish","hentry"],"yoast_head":"<!-- This site is optimized with the Yoast SEO plugin v26.9 - https:\/\/yoast.com\/product\/yoast-seo-wordpress\/ -->\n<title>\u00bfPor qu\u00e9 estudiar Tecnolog\u00eda M\u00e9dica en la UDD? - Tecnolog\u00eda M\u00e9dica<\/title>\n<meta name=\"robots\" content=\"index, follow, max-snippet:-1, max-image-preview:large, max-video-preview:-1\" \/>\n<link rel=\"canonical\" href=\"https:\/\/medicina.udd.cl\/tecnologia-medica-santiago\/por-que-estudiar-tecnologia-medica-en-la-udd\/\" \/>\n<meta property=\"og:locale\" content=\"es_ES\" \/>\n<meta property=\"og:type\" content=\"article\" \/>\n<meta property=\"og:title\" content=\"\u00bfPor qu\u00e9 estudiar Tecnolog\u00eda M\u00e9dica en la UDD? - Tecnolog\u00eda M\u00e9dica\" \/>\n<meta property=\"og:url\" content=\"https:\/\/medicina.udd.cl\/tecnologia-medica-santiago\/por-que-estudiar-tecnologia-medica-en-la-udd\/\" \/>\n<meta property=\"og:site_name\" content=\"Tecnolog\u00eda M\u00e9dica\" \/>\n<meta property=\"article:modified_time\" content=\"2025-08-26T20:23:34+00:00\" \/>\n<meta name=\"twitter:label1\" content=\"Tiempo de lectura\" \/>\n\t<meta name=\"twitter:data1\" content=\"1 minuto\" \/>\n<script type=\"application\/ld+json\" class=\"yoast-schema-graph\">{\"@context\":\"https:\/\/schema.org\",\"@graph\":[{\"@type\":\"WebPage\",\"@id\":\"https:\/\/medicina.udd.cl\/tecnologia-medica-santiago\/por-que-estudiar-tecnologia-medica-en-la-udd\/\",\"url\":\"https:\/\/medicina.udd.cl\/tecnologia-medica-santiago\/por-que-estudiar-tecnologia-medica-en-la-udd\/\",\"name\":\"\u00bfPor qu\u00e9 estudiar Tecnolog\u00eda M\u00e9dica en la UDD? - Tecnolog\u00eda M\u00e9dica\",\"isPartOf\":{\"@id\":\"https:\/\/medicina.udd.cl\/tecnologia-medica-santiago\/#website\"},\"datePublished\":\"2020-05-07T05:53:34+00:00\",\"dateModified\":\"2025-08-26T20:23:34+00:00\",\"breadcrumb\":{\"@id\":\"https:\/\/medicina.udd.cl\/tecnologia-medica-santiago\/por-que-estudiar-tecnologia-medica-en-la-udd\/#breadcrumb\"},\"inLanguage\":\"es\",\"potentialAction\":[{\"@type\":\"ReadAction\",\"target\":[\"https:\/\/medicina.udd.cl\/tecnologia-medica-santiago\/por-que-estudiar-tecnologia-medica-en-la-udd\/\"]}]},{\"@type\":\"BreadcrumbList\",\"@id\":\"https:\/\/medicina.udd.cl\/tecnologia-medica-santiago\/por-que-estudiar-tecnologia-medica-en-la-udd\/#breadcrumb\",\"itemListElement\":[{\"@type\":\"ListItem\",\"position\":1,\"name\":\"Home\",\"item\":\"https:\/\/medicina.udd.cl\/tecnologia-medica-santiago\/\"},{\"@type\":\"ListItem\",\"position\":2,\"name\":\"\u00bfPor qu\u00e9 estudiar Tecnolog\u00eda M\u00e9dica en la UDD?\"}]},{\"@type\":\"WebSite\",\"@id\":\"https:\/\/medicina.udd.cl\/tecnologia-medica-santiago\/#website\",\"url\":\"https:\/\/medicina.udd.cl\/tecnologia-medica-santiago\/\",\"name\":\"Tecnolog\u00eda M\u00e9dica\",\"description\":\"Facultad de Medicina Cl\u00ednica Alemana Universidad del Desarrollo\",\"inLanguage\":\"es\"}]}<\/script>\n<!-- \/ Yoast SEO plugin. -->","yoast_head_json":{"title":"\u00bfPor qu\u00e9 estudiar Tecnolog\u00eda M\u00e9dica en la UDD? - Tecnolog\u00eda M\u00e9dica","robots":{"index":"index","follow":"follow","max-snippet":"max-snippet:-1","max-image-preview":"max-image-preview:large","max-video-preview":"max-video-preview:-1"},"canonical":"https:\/\/medicina.udd.cl\/tecnologia-medica-santiago\/por-que-estudiar-tecnologia-medica-en-la-udd\/","og_locale":"es_ES","og_type":"article","og_title":"\u00bfPor qu\u00e9 estudiar Tecnolog\u00eda M\u00e9dica en la UDD? - Tecnolog\u00eda M\u00e9dica","og_url":"https:\/\/medicina.udd.cl\/tecnologia-medica-santiago\/por-que-estudiar-tecnologia-medica-en-la-udd\/","og_site_name":"Tecnolog\u00eda M\u00e9dica","article_modified_time":"2025-08-26T20:23:34+00:00","twitter_misc":{"Tiempo de lectura":"1 minuto"},"schema":{"@context":"https:\/\/schema.org","@graph":[{"@type":"WebPage","@id":"https:\/\/medicina.udd.cl\/tecnologia-medica-santiago\/por-que-estudiar-tecnologia-medica-en-la-udd\/","url":"https:\/\/medicina.udd.cl\/tecnologia-medica-santiago\/por-que-estudiar-tecnologia-medica-en-la-udd\/","name":"\u00bfPor qu\u00e9 estudiar Tecnolog\u00eda M\u00e9dica en la UDD? - Tecnolog\u00eda M\u00e9dica","isPartOf":{"@id":"https:\/\/medicina.udd.cl\/tecnologia-medica-santiago\/#website"},"datePublished":"2020-05-07T05:53:34+00:00","dateModified":"2025-08-26T20:23:34+00:00","breadcrumb":{"@id":"https:\/\/medicina.udd.cl\/tecnologia-medica-santiago\/por-que-estudiar-tecnologia-medica-en-la-udd\/#breadcrumb"},"inLanguage":"es","potentialAction":[{"@type":"ReadAction","target":["https:\/\/medicina.udd.cl\/tecnologia-medica-santiago\/por-que-estudiar-tecnologia-medica-en-la-udd\/"]}]},{"@type":"BreadcrumbList","@id":"https:\/\/medicina.udd.cl\/tecnologia-medica-santiago\/por-que-estudiar-tecnologia-medica-en-la-udd\/#breadcrumb","itemListElement":[{"@type":"ListItem","position":1,"name":"Home","item":"https:\/\/medicina.udd.cl\/tecnologia-medica-santiago\/"},{"@type":"ListItem","position":2,"name":"\u00bfPor qu\u00e9 estudiar Tecnolog\u00eda M\u00e9dica en la UDD?"}]},{"@type":"WebSite","@id":"https:\/\/medicina.udd.cl\/tecnologia-medica-santiago\/#website","url":"https:\/\/medicina.udd.cl\/tecnologia-medica-santiago\/","name":"Tecnolog\u00eda M\u00e9dica","description":"Facultad de Medicina Cl\u00ednica Alemana Universidad del Desarrollo","inLanguage":"es"}]}},"_links":{"self":[{"href":"https:\/\/medicina.udd.cl\/tecnologia-medica-santiago\/wp-json\/wp\/v2\/pages\/6265","targetHints":{"allow":["GET"]}}],"collection":[{"href":"https:\/\/medicina.udd.cl\/tecnologia-medica-santiago\/wp-json\/wp\/v2\/pages"}],"about":[{"href":"https:\/\/medicina.udd.cl\/tecnologia-medica-santiago\/wp-json\/wp\/v2\/types\/page"}],"author":[{"embeddable":true,"href":"https:\/\/medicina.udd.cl\/tecnologia-medica-santiago\/wp-json\/wp\/v2\/users\/9192194"}],"replies":[{"embeddable":true,"href":"https:\/\/medicina.udd.cl\/tecnologia-medica-santiago\/wp-json\/wp\/v2\/comments?post=6265"}],"version-history":[{"count":7,"href":"https:\/\/medicina.udd.cl\/tecnologia-medica-santiago\/wp-json\/wp\/v2\/pages\/6265\/revisions"}],"predecessor-version":[{"id":9755,"href":"https:\/\/medicina.udd.cl\/tecnologia-medica-santiago\/wp-json\/wp\/v2\/pages\/6265\/revisions\/9755"}],"wp:attachment":[{"href":"https:\/\/medicina.udd.cl\/tecnologia-medica-santiago\/wp-json\/wp\/v2\/media?parent=6265"}],"curies":[{"name":"wp","href":"https:\/\/api.w.org\/{rel}","templated":true}]}}