{"id":6280,"date":"2020-05-08T00:04:16","date_gmt":"2020-05-08T04:04:16","guid":{"rendered":"http:\/\/medicina.udd.cl\/tecnologia-medica-santiago\/?page_id=6280"},"modified":"2025-07-09T12:59:59","modified_gmt":"2025-07-09T16:59:59","slug":"malla-curricular","status":"publish","type":"page","link":"https:\/\/medicina.udd.cl\/tecnologia-medica-santiago\/malla-curricular\/","title":{"rendered":"Malla Curricular"},"content":{"rendered":"\n<div class=\"wp-block-media-text alignfull is-stacked-on-mobile\" style=\"grid-template-columns:35% auto\"><figure class=\"wp-block-media-text__media\"><img loading=\"lazy\" decoding=\"async\" width=\"1024\" height=\"512\" src=\"https:\/\/medicina.udd.cl\/tecnologia-medica-santiago\/files\/2025\/07\/cropped-tecnologia-medica-3-1024x512.jpg\" alt=\"\" class=\"wp-image-9665 size-large\" srcset=\"https:\/\/medicina.udd.cl\/tecnologia-medica-santiago\/files\/2025\/07\/cropped-tecnologia-medica-3-1024x512.jpg 1024w, https:\/\/medicina.udd.cl\/tecnologia-medica-santiago\/files\/2025\/07\/cropped-tecnologia-medica-3-300x150.jpg 300w, https:\/\/medicina.udd.cl\/tecnologia-medica-santiago\/files\/2025\/07\/cropped-tecnologia-medica-3-768x384.jpg 768w, https:\/\/medicina.udd.cl\/tecnologia-medica-santiago\/files\/2025\/07\/cropped-tecnologia-medica-3-1536x768.jpg 1536w, https:\/\/medicina.udd.cl\/tecnologia-medica-santiago\/files\/2025\/07\/cropped-tecnologia-medica-3.jpg 1920w\" sizes=\"auto, (max-width: 1024px) 100vw, 1024px\" \/><\/figure><div class=\"wp-block-media-text__content\">\n<p>Estudiar Tecnolog\u00eda M\u00e9dica en la UDD es acceder a una formaci\u00f3n de excelencia con <strong>campos cl\u00ednicos de alto nivel<\/strong>, contacto temprano con pacientes y laboratorios equipados con <strong>tecnolog\u00eda de \u00faltima generaci\u00f3n<\/strong>. Desde el 3\u00b0 semestre, los estudiantes eligen una de las 4 especialidades, lo que permite una formaci\u00f3n temprana, profunda y enfocada en su vocaci\u00f3n.<\/p>\n<\/div><\/div>\n\n\n<!-- WP Block: UDD - Access Cards -->\n<section\n\tid=\"udd-access-cards--1\"\n\tclass=\"wp-block-udd-access-cards\n\t\t\"\n\t\tstyle=\"\n\t\t--udd-blocks-has-columns-number: 4\t\t\"\n\t>\n\t<div class=\"container\">\n\t\t\t\t\t<header class=\"header__innerblock block__header\">\n\t\t\t<h2 class=\"block__title\">MALLA CURRICULAR TECNOLOG\u00cdA M\u00c9DICA<\/h2>\n\t\n\t\n\t<\/header>\n\t\t\t\t<div class=\"block__content\">\n\t\t\t<div\n\t\t\t\tclass=\"udd-access-cards\"\n\t\t\t\t\t\t\t>\n\t\t\t<div\n\tdata-index=\"1\"\n\tclass=\"udd-access-card-wrapper\"\n\t>\n\t<a href=\"https:\/\/www.udd.cl\/mallas\/tecmedica_bioanalisis.pdf\" class=\"access-card access-card--profile\" data-url=\"https:\/\/www.udd.cl\/mallas\/tecmedica_bioanalisis.pdf\">\n\t\t\t\t\t\t<h3\n\t\t\tdata-index=\"1\"\n\t\t\tclass=\"access-card__title\"\n\t\t>\n\t\t\tEspecialidad Bioan\u00e1lisis Cl\u00ednico, Hematolog\u00eda y Medicina Transfusional\t\t<\/h3>\n\t\t\t\t<div class=\"access-card__link\">\n\t\t\t<span class=\"access-card__link-text\">Ver malla<\/span>\n\t\t<\/div>\n\t<\/a>\n<\/div>\n<div\n\tdata-index=\"2\"\n\tclass=\"udd-access-card-wrapper\"\n\t>\n\t<a href=\"https:\/\/www.udd.cl\/mallas\/tecmedica_imagenologia.pdf\" class=\"access-card access-card--profile\" data-url=\"https:\/\/www.udd.cl\/mallas\/tecmedica_imagenologia.pdf\">\n\t\t\t\t\t\t<h3\n\t\t\tdata-index=\"2\"\n\t\t\tclass=\"access-card__title\"\n\t\t>\n\t\t\tEspecialidad Imagenolog\u00eda y F\u00edsica M\u00e9dica\t\t<\/h3>\n\t\t\t\t<div class=\"access-card__link\">\n\t\t\t<span class=\"access-card__link-text\">Ver malla<\/span>\n\t\t<\/div>\n\t<\/a>\n<\/div>\n<div\n\tdata-index=\"3\"\n\tclass=\"udd-access-card-wrapper\"\n\t>\n\t<a href=\"https:\/\/www.udd.cl\/mallas\/tecmedica_morfofisiopatologia.pdf\" class=\"access-card access-card--profile\" data-url=\"https:\/\/www.udd.cl\/mallas\/tecmedica_morfofisiopatologia.pdf\">\n\t\t\t\t\t\t<h3\n\t\t\tdata-index=\"3\"\n\t\t\tclass=\"access-card__title\"\n\t\t>\n\t\t\tEspecialidad Morfofisiopatolog\u00eda y Citodiagn\u00f3stico\t\t<\/h3>\n\t\t\t\t<div class=\"access-card__link\">\n\t\t\t<span class=\"access-card__link-text\">Ver malla<\/span>\n\t\t<\/div>\n\t<\/a>\n<\/div>\n<div\n\tdata-index=\"4\"\n\tclass=\"udd-access-card-wrapper\"\n\t>\n\t<a href=\"https:\/\/www.udd.cl\/mallas\/tecmedica_oftalmologia.pdf\" class=\"access-card access-card--profile\" data-url=\"https:\/\/www.udd.cl\/mallas\/tecmedica_oftalmologia.pdf\">\n\t\t\t\t\t\t<h3\n\t\t\tdata-index=\"4\"\n\t\t\tclass=\"access-card__title\"\n\t\t>\n\t\t\tEspecialidad Oftalmolog\u00eda y Optometr\u00eda\t\t<\/h3>\n\t\t\t\t<div class=\"access-card__link\">\n\t\t\t<span class=\"access-card__link-text\">Ver malla<\/span>\n\t\t<\/div>\n\t<\/a>\n<\/div>\n\t\t\t<\/div>\n\t\t<\/div>\n\t<\/div>\n<\/section>\n","protected":false},"excerpt":{"rendered":"<p>Estudiar Tecnolog\u00eda M\u00e9dica en la UDD es acceder a una formaci\u00f3n de excelencia con campos cl\u00ednicos de alto nivel, contacto temprano con pacientes y laboratorios equipados con tecnolog\u00eda de \u00faltima generaci\u00f3n. Desde el 3\u00b0 semestre, los estudiantes eligen una de las 4 especialidades, lo que permite una formaci\u00f3n temprana, profunda y enfocada en su vocaci\u00f3n.<\/p>\n","protected":false},"author":9192194,"featured_media":0,"parent":0,"menu_order":0,"comment_status":"closed","ping_status":"closed","template":"","meta":{"footnotes":""},"class_list":["post-6280","page","type-page","status-publish","hentry"],"yoast_head":"<!-- This site is optimized with the Yoast SEO plugin v26.9 - https:\/\/yoast.com\/product\/yoast-seo-wordpress\/ -->\n<title>Malla Curricular - Tecnolog\u00eda M\u00e9dica UDD<\/title>\n<meta name=\"description\" content=\"Conoce la malla curricular de Tecnolog\u00eda M\u00e9dica en la Fac. de Medicina Cl\u00ednica Alemana UDD. Admisi\u00f3n 2025\" \/>\n<meta name=\"robots\" content=\"index, follow, max-snippet:-1, max-image-preview:large, max-video-preview:-1\" \/>\n<link rel=\"canonical\" href=\"https:\/\/medicina.udd.cl\/tecnologia-medica-santiago\/malla-curricular\/\" \/>\n<meta property=\"og:locale\" content=\"es_ES\" \/>\n<meta property=\"og:type\" content=\"article\" \/>\n<meta property=\"og:title\" content=\"Malla Curricular - Tecnolog\u00eda M\u00e9dica UDD\" \/>\n<meta property=\"og:description\" content=\"Conoce la malla curricular de Tecnolog\u00eda M\u00e9dica en la Fac. de Medicina Cl\u00ednica Alemana UDD. Admisi\u00f3n 2025\" \/>\n<meta property=\"og:url\" content=\"https:\/\/medicina.udd.cl\/tecnologia-medica-santiago\/malla-curricular\/\" \/>\n<meta property=\"og:site_name\" content=\"Tecnolog\u00eda M\u00e9dica\" \/>\n<meta property=\"article:modified_time\" content=\"2025-07-09T16:59:59+00:00\" \/>\n<meta property=\"og:image\" content=\"https:\/\/medicina.udd.cl\/tecnologia-medica-santiago\/files\/2025\/07\/cropped-tecnologia-medica-3-1024x512.jpg\" \/>\n<meta name=\"twitter:label1\" content=\"Tiempo de lectura\" \/>\n\t<meta name=\"twitter:data1\" content=\"1 minuto\" \/>\n<script type=\"application\/ld+json\" class=\"yoast-schema-graph\">{\"@context\":\"https:\/\/schema.org\",\"@graph\":[{\"@type\":\"WebPage\",\"@id\":\"https:\/\/medicina.udd.cl\/tecnologia-medica-santiago\/malla-curricular\/\",\"url\":\"https:\/\/medicina.udd.cl\/tecnologia-medica-santiago\/malla-curricular\/\",\"name\":\"Malla Curricular - Tecnolog\u00eda M\u00e9dica UDD\",\"isPartOf\":{\"@id\":\"https:\/\/medicina.udd.cl\/tecnologia-medica-santiago\/#website\"},\"primaryImageOfPage\":{\"@id\":\"https:\/\/medicina.udd.cl\/tecnologia-medica-santiago\/malla-curricular\/#primaryimage\"},\"image\":{\"@id\":\"https:\/\/medicina.udd.cl\/tecnologia-medica-santiago\/malla-curricular\/#primaryimage\"},\"thumbnailUrl\":\"https:\/\/medicina.udd.cl\/tecnologia-medica-santiago\/files\/2025\/07\/cropped-tecnologia-medica-3-1024x512.jpg\",\"datePublished\":\"2020-05-08T04:04:16+00:00\",\"dateModified\":\"2025-07-09T16:59:59+00:00\",\"description\":\"Conoce la malla curricular de Tecnolog\u00eda M\u00e9dica en la Fac. de Medicina Cl\u00ednica Alemana UDD. Admisi\u00f3n 2025\",\"breadcrumb\":{\"@id\":\"https:\/\/medicina.udd.cl\/tecnologia-medica-santiago\/malla-curricular\/#breadcrumb\"},\"inLanguage\":\"es\",\"potentialAction\":[{\"@type\":\"ReadAction\",\"target\":[\"https:\/\/medicina.udd.cl\/tecnologia-medica-santiago\/malla-curricular\/\"]}]},{\"@type\":\"ImageObject\",\"inLanguage\":\"es\",\"@id\":\"https:\/\/medicina.udd.cl\/tecnologia-medica-santiago\/malla-curricular\/#primaryimage\",\"url\":\"https:\/\/medicina.udd.cl\/tecnologia-medica-santiago\/files\/2025\/07\/cropped-tecnologia-medica-3.jpg\",\"contentUrl\":\"https:\/\/medicina.udd.cl\/tecnologia-medica-santiago\/files\/2025\/07\/cropped-tecnologia-medica-3.jpg\",\"width\":1920,\"height\":960},{\"@type\":\"BreadcrumbList\",\"@id\":\"https:\/\/medicina.udd.cl\/tecnologia-medica-santiago\/malla-curricular\/#breadcrumb\",\"itemListElement\":[{\"@type\":\"ListItem\",\"position\":1,\"name\":\"Home\",\"item\":\"https:\/\/medicina.udd.cl\/tecnologia-medica-santiago\/\"},{\"@type\":\"ListItem\",\"position\":2,\"name\":\"Malla Curricular\"}]},{\"@type\":\"WebSite\",\"@id\":\"https:\/\/medicina.udd.cl\/tecnologia-medica-santiago\/#website\",\"url\":\"https:\/\/medicina.udd.cl\/tecnologia-medica-santiago\/\",\"name\":\"Tecnolog\u00eda M\u00e9dica\",\"description\":\"Facultad de Medicina Cl\u00ednica Alemana Universidad del Desarrollo\",\"inLanguage\":\"es\"}]}<\/script>\n<!-- \/ Yoast SEO plugin. -->","yoast_head_json":{"title":"Malla Curricular - Tecnolog\u00eda M\u00e9dica UDD","description":"Conoce la malla curricular de Tecnolog\u00eda M\u00e9dica en la Fac. de Medicina Cl\u00ednica Alemana UDD. Admisi\u00f3n 2025","robots":{"index":"index","follow":"follow","max-snippet":"max-snippet:-1","max-image-preview":"max-image-preview:large","max-video-preview":"max-video-preview:-1"},"canonical":"https:\/\/medicina.udd.cl\/tecnologia-medica-santiago\/malla-curricular\/","og_locale":"es_ES","og_type":"article","og_title":"Malla Curricular - Tecnolog\u00eda M\u00e9dica UDD","og_description":"Conoce la malla curricular de Tecnolog\u00eda M\u00e9dica en la Fac. de Medicina Cl\u00ednica Alemana UDD. Admisi\u00f3n 2025","og_url":"https:\/\/medicina.udd.cl\/tecnologia-medica-santiago\/malla-curricular\/","og_site_name":"Tecnolog\u00eda M\u00e9dica","article_modified_time":"2025-07-09T16:59:59+00:00","og_image":[{"url":"https:\/\/medicina.udd.cl\/tecnologia-medica-santiago\/files\/2025\/07\/cropped-tecnologia-medica-3-1024x512.jpg","type":"","width":"","height":""}],"twitter_misc":{"Tiempo de lectura":"1 minuto"},"schema":{"@context":"https:\/\/schema.org","@graph":[{"@type":"WebPage","@id":"https:\/\/medicina.udd.cl\/tecnologia-medica-santiago\/malla-curricular\/","url":"https:\/\/medicina.udd.cl\/tecnologia-medica-santiago\/malla-curricular\/","name":"Malla Curricular - Tecnolog\u00eda M\u00e9dica UDD","isPartOf":{"@id":"https:\/\/medicina.udd.cl\/tecnologia-medica-santiago\/#website"},"primaryImageOfPage":{"@id":"https:\/\/medicina.udd.cl\/tecnologia-medica-santiago\/malla-curricular\/#primaryimage"},"image":{"@id":"https:\/\/medicina.udd.cl\/tecnologia-medica-santiago\/malla-curricular\/#primaryimage"},"thumbnailUrl":"https:\/\/medicina.udd.cl\/tecnologia-medica-santiago\/files\/2025\/07\/cropped-tecnologia-medica-3-1024x512.jpg","datePublished":"2020-05-08T04:04:16+00:00","dateModified":"2025-07-09T16:59:59+00:00","description":"Conoce la malla curricular de Tecnolog\u00eda M\u00e9dica en la Fac. de Medicina Cl\u00ednica Alemana UDD. Admisi\u00f3n 2025","breadcrumb":{"@id":"https:\/\/medicina.udd.cl\/tecnologia-medica-santiago\/malla-curricular\/#breadcrumb"},"inLanguage":"es","potentialAction":[{"@type":"ReadAction","target":["https:\/\/medicina.udd.cl\/tecnologia-medica-santiago\/malla-curricular\/"]}]},{"@type":"ImageObject","inLanguage":"es","@id":"https:\/\/medicina.udd.cl\/tecnologia-medica-santiago\/malla-curricular\/#primaryimage","url":"https:\/\/medicina.udd.cl\/tecnologia-medica-santiago\/files\/2025\/07\/cropped-tecnologia-medica-3.jpg","contentUrl":"https:\/\/medicina.udd.cl\/tecnologia-medica-santiago\/files\/2025\/07\/cropped-tecnologia-medica-3.jpg","width":1920,"height":960},{"@type":"BreadcrumbList","@id":"https:\/\/medicina.udd.cl\/tecnologia-medica-santiago\/malla-curricular\/#breadcrumb","itemListElement":[{"@type":"ListItem","position":1,"name":"Home","item":"https:\/\/medicina.udd.cl\/tecnologia-medica-santiago\/"},{"@type":"ListItem","position":2,"name":"Malla Curricular"}]},{"@type":"WebSite","@id":"https:\/\/medicina.udd.cl\/tecnologia-medica-santiago\/#website","url":"https:\/\/medicina.udd.cl\/tecnologia-medica-santiago\/","name":"Tecnolog\u00eda M\u00e9dica","description":"Facultad de Medicina Cl\u00ednica Alemana Universidad del Desarrollo","inLanguage":"es"}]}},"_links":{"self":[{"href":"https:\/\/medicina.udd.cl\/tecnologia-medica-santiago\/wp-json\/wp\/v2\/pages\/6280","targetHints":{"allow":["GET"]}}],"collection":[{"href":"https:\/\/medicina.udd.cl\/tecnologia-medica-santiago\/wp-json\/wp\/v2\/pages"}],"about":[{"href":"https:\/\/medicina.udd.cl\/tecnologia-medica-santiago\/wp-json\/wp\/v2\/types\/page"}],"author":[{"embeddable":true,"href":"https:\/\/medicina.udd.cl\/tecnologia-medica-santiago\/wp-json\/wp\/v2\/users\/9192194"}],"replies":[{"embeddable":true,"href":"https:\/\/medicina.udd.cl\/tecnologia-medica-santiago\/wp-json\/wp\/v2\/comments?post=6280"}],"version-history":[{"count":15,"href":"https:\/\/medicina.udd.cl\/tecnologia-medica-santiago\/wp-json\/wp\/v2\/pages\/6280\/revisions"}],"predecessor-version":[{"id":9666,"href":"https:\/\/medicina.udd.cl\/tecnologia-medica-santiago\/wp-json\/wp\/v2\/pages\/6280\/revisions\/9666"}],"wp:attachment":[{"href":"https:\/\/medicina.udd.cl\/tecnologia-medica-santiago\/wp-json\/wp\/v2\/media?parent=6280"}],"curies":[{"name":"wp","href":"https:\/\/api.w.org\/{rel}","templated":true}]}}