{"id":7270,"date":"2021-12-10T16:08:52","date_gmt":"2021-12-10T19:08:52","guid":{"rendered":"https:\/\/medicina.udd.cl\/tecnologia-medica-santiago\/?page_id=7270"},"modified":"2025-01-24T12:42:59","modified_gmt":"2025-01-24T15:42:59","slug":"newsletter-tecnologia-medica-udd","status":"publish","type":"page","link":"https:\/\/medicina.udd.cl\/tecnologia-medica-santiago\/newsletter-tecnologia-medica-udd\/","title":{"rendered":"Newsletter Tecnolog\u00eda M\u00e9dica UDD"},"content":{"rendered":"<!-- WP Block: UDD - Cards Alternate -->\n<section class=\"wp-block-udd-access-cards\">\n\t<div class=\"container\">\n\t\t\t\t<div class=\"block__content\">\n\t\t\t<div class=\"access-cards\">\n\t\t\t\t\t\t\t<div class=\"access-card-wrapper\">\n\t\t\t\t\t<img loading=\"lazy\" decoding=\"async\" width=\"680\" height=\"382\" src=\"https:\/\/medicina.udd.cl\/tecnologia-medica-santiago\/files\/2024\/10\/fm-voluntarios-udd-juegos-latinoamericanos-oe-asuncion-1-680x382.jpg\" class=\"access-card__image\" alt=\"\" srcset=\"https:\/\/medicina.udd.cl\/tecnologia-medica-santiago\/files\/2024\/10\/fm-voluntarios-udd-juegos-latinoamericanos-oe-asuncion-1-680x382.jpg 680w, https:\/\/medicina.udd.cl\/tecnologia-medica-santiago\/files\/2024\/10\/fm-voluntarios-udd-juegos-latinoamericanos-oe-asuncion-1-300x169.jpg 300w, https:\/\/medicina.udd.cl\/tecnologia-medica-santiago\/files\/2024\/10\/fm-voluntarios-udd-juegos-latinoamericanos-oe-asuncion-1-1024x577.jpg 1024w, https:\/\/medicina.udd.cl\/tecnologia-medica-santiago\/files\/2024\/10\/fm-voluntarios-udd-juegos-latinoamericanos-oe-asuncion-1-768x432.jpg 768w, https:\/\/medicina.udd.cl\/tecnologia-medica-santiago\/files\/2024\/10\/fm-voluntarios-udd-juegos-latinoamericanos-oe-asuncion-1-1536x865.jpg 1536w, https:\/\/medicina.udd.cl\/tecnologia-medica-santiago\/files\/2024\/10\/fm-voluntarios-udd-juegos-latinoamericanos-oe-asuncion-1-2048x1153.jpg 2048w, https:\/\/medicina.udd.cl\/tecnologia-medica-santiago\/files\/2024\/10\/fm-voluntarios-udd-juegos-latinoamericanos-oe-asuncion-1-1920x1080.jpg 1920w, https:\/\/medicina.udd.cl\/tecnologia-medica-santiago\/files\/2024\/10\/fm-voluntarios-udd-juegos-latinoamericanos-oe-asuncion-1-1366x768.jpg 1366w, https:\/\/medicina.udd.cl\/tecnologia-medica-santiago\/files\/2024\/10\/fm-voluntarios-udd-juegos-latinoamericanos-oe-asuncion-1-952x534.jpg 952w\" sizes=\"auto, (max-width: 680px) 100vw, 680px\" \/>\t\t\t\t\t<div class=\"access-card\">\n\t\t\t\t\t\t<h3 class=\"access-card__title\">Newsletter 2024<\/h3>\n\t\t\t\t\t\t<p class=\"access-card__description\">\n\t\t\t\t\t\t\t\t\t\t\t\t\t<\/p>\n\t\t\t\t\t\t\t\t\t\t\t\t\t\t\t\t\t\t<div class=\"access-card__link\">\n\t\t\t\t\t\t\t\t<a href=\"https:\/\/medicina.udd.cl\/tecnologia-medica-santiago\/files\/2025\/01\/newsletter-tm-2024.pdf\" class=\"access-card__link-text\" data-url=\"https:\/\/medicina.udd.cl\/tecnologia-medica-santiago\/files\/2025\/01\/newsletter-tm-2024.pdf\">Ver aqu\u00ed<\/a>\n\t\t\t\t\t\t\t<\/div>\n\t\t\t\t\t\t\t\t\t\t\t<\/div>\n\t\t\t\t<\/div>\n\t\t\t\t\t\t\t<div class=\"access-card-wrapper\">\n\t\t\t\t\t<img loading=\"lazy\" decoding=\"async\" width=\"402\" height=\"228\" src=\"https:\/\/medicina.udd.cl\/tecnologia-medica-santiago\/files\/2025\/01\/tm_portada_newsletter_2023.png\" class=\"access-card__image\" alt=\"\" srcset=\"https:\/\/medicina.udd.cl\/tecnologia-medica-santiago\/files\/2025\/01\/tm_portada_newsletter_2023.png 402w, https:\/\/medicina.udd.cl\/tecnologia-medica-santiago\/files\/2025\/01\/tm_portada_newsletter_2023-300x170.png 300w\" sizes=\"auto, (max-width: 402px) 100vw, 402px\" \/>\t\t\t\t\t<div class=\"access-card\">\n\t\t\t\t\t\t<h3 class=\"access-card__title\">Newsletter 2023<\/h3>\n\t\t\t\t\t\t<p class=\"access-card__description\">\n\t\t\t\t\t\t\t\t\t\t\t\t\t<\/p>\n\t\t\t\t\t\t\t\t\t\t\t\t\t\t\t\t\t\t<div class=\"access-card__link\">\n\t\t\t\t\t\t\t\t<a href=\"https:\/\/medicina.udd.cl\/tecnologia-medica-santiago\/files\/2024\/01\/2023_newsletter-tecnologia-medica.pdf\" class=\"access-card__link-text\" data-url=\"https:\/\/medicina.udd.cl\/tecnologia-medica-santiago\/files\/2024\/01\/2023_newsletter-tecnologia-medica.pdf\">Ver aqu\u00ed<\/a>\n\t\t\t\t\t\t\t<\/div>\n\t\t\t\t\t\t\t\t\t\t\t<\/div>\n\t\t\t\t<\/div>\n\t\t\t\t\t\t\t<div class=\"access-card-wrapper\">\n\t\t\t\t\t<img loading=\"lazy\" decoding=\"async\" width=\"404\" height=\"240\" src=\"https:\/\/medicina.udd.cl\/tecnologia-medica-santiago\/files\/2025\/01\/tm_portada_newsletter_2022.png\" class=\"access-card__image\" alt=\"\" srcset=\"https:\/\/medicina.udd.cl\/tecnologia-medica-santiago\/files\/2025\/01\/tm_portada_newsletter_2022.png 404w, https:\/\/medicina.udd.cl\/tecnologia-medica-santiago\/files\/2025\/01\/tm_portada_newsletter_2022-300x178.png 300w\" sizes=\"auto, (max-width: 404px) 100vw, 404px\" \/>\t\t\t\t\t<div class=\"access-card\">\n\t\t\t\t\t\t<h3 class=\"access-card__title\">Newsletter 2022<\/h3>\n\t\t\t\t\t\t<p class=\"access-card__description\">\n\t\t\t\t\t\t\t\t\t\t\t\t\t<\/p>\n\t\t\t\t\t\t\t\t\t\t\t\t\t\t\t\t\t\t<div class=\"access-card__link\">\n\t\t\t\t\t\t\t\t<a href=\"https:\/\/medicina.udd.cl\/tecnologia-medica-santiago\/files\/2023\/05\/newsletter-tecnologia-medica-2022_compressed.pdf\" class=\"access-card__link-text\" data-url=\"https:\/\/medicina.udd.cl\/tecnologia-medica-santiago\/files\/2023\/05\/newsletter-tecnologia-medica-2022_compressed.pdf\">Ver aqu\u00ed<\/a>\n\t\t\t\t\t\t\t<\/div>\n\t\t\t\t\t\t\t\t\t\t\t<\/div>\n\t\t\t\t<\/div>\n\t\t\t\t\t\t\t<div class=\"access-card-wrapper\">\n\t\t\t\t\t<img loading=\"lazy\" decoding=\"async\" width=\"400\" height=\"237\" src=\"https:\/\/medicina.udd.cl\/tecnologia-medica-santiago\/files\/2024\/01\/portadaweb-newsletter2021.png\" class=\"access-card__image\" alt=\"\" srcset=\"https:\/\/medicina.udd.cl\/tecnologia-medica-santiago\/files\/2024\/01\/portadaweb-newsletter2021.png 400w, https:\/\/medicina.udd.cl\/tecnologia-medica-santiago\/files\/2024\/01\/portadaweb-newsletter2021-300x178.png 300w\" sizes=\"auto, (max-width: 400px) 100vw, 400px\" \/>\t\t\t\t\t<div class=\"access-card\">\n\t\t\t\t\t\t<h3 class=\"access-card__title\">Newsletter 2021<\/h3>\n\t\t\t\t\t\t<p class=\"access-card__description\">\n\t\t\t\t\t\t\t\t\t\t\t\t\t<\/p>\n\t\t\t\t\t\t\t\t\t\t\t\t\t\t\t\t\t\t<div class=\"access-card__link\">\n\t\t\t\t\t\t\t\t<a href=\"https:\/\/medicina.udd.cl\/tecnologia-medica-santiago\/files\/2021\/12\/Newsletter-2021-TM.pdf\" class=\"access-card__link-text\" data-url=\"https:\/\/medicina.udd.cl\/tecnologia-medica-santiago\/files\/2021\/12\/Newsletter-2021-TM.pdf\">Ver aqu\u00ed<\/a>\n\t\t\t\t\t\t\t<\/div>\n\t\t\t\t\t\t\t\t\t\t\t<\/div>\n\t\t\t\t<\/div>\n\t\t\t\t\t\t<\/div>\n\t\t<\/div>\n\t<\/div>\n<\/section>\n\n\n<!-- WP Block: UDD - Cards Alternate -->\n<section class=\"wp-block-udd-access-cards\">\n\t<div class=\"container\">\n\t\t\t\t<div class=\"block__content\">\n\t\t\t<div class=\"access-cards\">\n\t\t\t\t\t\t\t<div class=\"access-card-wrapper\">\n\t\t\t\t\t<img loading=\"lazy\" decoding=\"async\" width=\"680\" height=\"382\" src=\"https:\/\/medicina.udd.cl\/tecnologia-medica-santiago\/files\/2023\/05\/tm-newsletter-20-680x382.jpg\" class=\"access-card__image\" alt=\"\" srcset=\"https:\/\/medicina.udd.cl\/tecnologia-medica-santiago\/files\/2023\/05\/tm-newsletter-20.jpg 680w, https:\/\/medicina.udd.cl\/tecnologia-medica-santiago\/files\/2023\/05\/tm-newsletter-20-300x169.jpg 300w\" sizes=\"auto, (max-width: 680px) 100vw, 680px\" \/>\t\t\t\t\t<div class=\"access-card\">\n\t\t\t\t\t\t<h3 class=\"access-card__title\">Newsletter 2020<\/h3>\n\t\t\t\t\t\t<p class=\"access-card__description\">\n\t\t\t\t\t\t\t\t\t\t\t\t\t<\/p>\n\t\t\t\t\t\t\t\t\t\t\t\t\t\t\t\t\t\t<div class=\"access-card__link\">\n\t\t\t\t\t\t\t\t<a href=\"https:\/\/medicina.udd.cl\/tecnologia-medica-santiago\/files\/2021\/12\/Newsletter-2020-TM.pdf\" class=\"access-card__link-text\" data-url=\"https:\/\/medicina.udd.cl\/tecnologia-medica-santiago\/files\/2021\/12\/Newsletter-2020-TM.pdf\">Ver aqu\u00ed<\/a>\n\t\t\t\t\t\t\t<\/div>\n\t\t\t\t\t\t\t\t\t\t\t<\/div>\n\t\t\t\t<\/div>\n\t\t\t\t\t\t\t<div class=\"access-card-wrapper\">\n\t\t\t\t\t<img loading=\"lazy\" decoding=\"async\" width=\"335\" height=\"191\" src=\"https:\/\/medicina.udd.cl\/tecnologia-medica-santiago\/files\/2023\/05\/tm-newsletter-19.jpg\" class=\"access-card__image\" alt=\"\" srcset=\"https:\/\/medicina.udd.cl\/tecnologia-medica-santiago\/files\/2023\/05\/tm-newsletter-19.jpg 335w, https:\/\/medicina.udd.cl\/tecnologia-medica-santiago\/files\/2023\/05\/tm-newsletter-19-300x171.jpg 300w\" sizes=\"auto, (max-width: 335px) 100vw, 335px\" \/>\t\t\t\t\t<div class=\"access-card\">\n\t\t\t\t\t\t<h3 class=\"access-card__title\">Newsletter 2019<\/h3>\n\t\t\t\t\t\t<p class=\"access-card__description\">\n\t\t\t\t\t\t\t\t\t\t\t\t\t<\/p>\n\t\t\t\t\t\t\t\t\t\t\t\t\t\t\t\t\t\t<div class=\"access-card__link\">\n\t\t\t\t\t\t\t\t<a href=\"https:\/\/medicina.udd.cl\/tecnologia-medica-santiago\/files\/2021\/12\/Newsletter-2019-TM.pdf\" class=\"access-card__link-text\" data-url=\"https:\/\/medicina.udd.cl\/tecnologia-medica-santiago\/files\/2021\/12\/Newsletter-2019-TM.pdf\">Ver aqu\u00ed<\/a>\n\t\t\t\t\t\t\t<\/div>\n\t\t\t\t\t\t\t\t\t\t\t<\/div>\n\t\t\t\t<\/div>\n\t\t\t\t\t\t\t<div class=\"access-card-wrapper\">\n\t\t\t\t\t<img loading=\"lazy\" decoding=\"async\" width=\"680\" height=\"382\" src=\"https:\/\/medicina.udd.cl\/tecnologia-medica-santiago\/files\/2023\/05\/tm-newsletter-18-680x382.jpg\" class=\"access-card__image\" alt=\"\" \/>\t\t\t\t\t<div class=\"access-card\">\n\t\t\t\t\t\t<h3 class=\"access-card__title\">Newsletter 2018<\/h3>\n\t\t\t\t\t\t<p class=\"access-card__description\">\n\t\t\t\t\t\t\t\t\t\t\t\t\t<\/p>\n\t\t\t\t\t\t\t\t\t\t\t\t\t\t\t\t\t\t<div class=\"access-card__link\">\n\t\t\t\t\t\t\t\t<a href=\"https:\/\/medicina.udd.cl\/tecnologia-medica-santiago\/files\/2021\/12\/Newsletter-2018-TM.pdf\" class=\"access-card__link-text\" data-url=\"https:\/\/medicina.udd.cl\/tecnologia-medica-santiago\/files\/2021\/12\/Newsletter-2018-TM.pdf\">Ver aqu\u00ed<\/a>\n\t\t\t\t\t\t\t<\/div>\n\t\t\t\t\t\t\t\t\t\t\t<\/div>\n\t\t\t\t<\/div>\n\t\t\t\t\t\t\t<div class=\"access-card-wrapper\">\n\t\t\t\t\t<img loading=\"lazy\" decoding=\"async\" width=\"660\" height=\"382\" src=\"https:\/\/medicina.udd.cl\/tecnologia-medica-santiago\/files\/2024\/01\/tm-newsletter-17-1-660x382.jpg\" class=\"access-card__image\" alt=\"\" \/>\t\t\t\t\t<div class=\"access-card\">\n\t\t\t\t\t\t<h3 class=\"access-card__title\">Newsletter 2017<\/h3>\n\t\t\t\t\t\t<p class=\"access-card__description\">\n\t\t\t\t\t\t\t\t\t\t\t\t\t<\/p>\n\t\t\t\t\t\t\t\t\t\t\t\t\t\t\t\t\t\t<div class=\"access-card__link\">\n\t\t\t\t\t\t\t\t<a href=\"https:\/\/medicina.udd.cl\/tecnologia-medica-santiago\/files\/2021\/12\/Newsletter-2017-TM.pdf\" class=\"access-card__link-text\" data-url=\"https:\/\/medicina.udd.cl\/tecnologia-medica-santiago\/files\/2021\/12\/Newsletter-2017-TM.pdf\">Ver aqu\u00ed<\/a>\n\t\t\t\t\t\t\t<\/div>\n\t\t\t\t\t\t\t\t\t\t\t<\/div>\n\t\t\t\t<\/div>\n\t\t\t\t\t\t<\/div>\n\t\t<\/div>\n\t<\/div>\n<\/section>\n","protected":false},"excerpt":{"rendered":"","protected":false},"author":9192219,"featured_media":0,"parent":0,"menu_order":0,"comment_status":"closed","ping_status":"closed","template":"","meta":{"footnotes":""},"class_list":["post-7270","page","type-page","status-publish","hentry"],"yoast_head":"<!-- This site is optimized with the Yoast SEO plugin v26.9 - https:\/\/yoast.com\/product\/yoast-seo-wordpress\/ -->\n<title>Newsletter Tecnolog\u00eda M\u00e9dica UDD - Tecnolog\u00eda M\u00e9dica<\/title>\n<meta name=\"robots\" content=\"index, follow, max-snippet:-1, max-image-preview:large, max-video-preview:-1\" \/>\n<link rel=\"canonical\" href=\"https:\/\/medicina.udd.cl\/tecnologia-medica-santiago\/newsletter-tecnologia-medica-udd\/\" \/>\n<meta property=\"og:locale\" content=\"es_ES\" \/>\n<meta property=\"og:type\" content=\"article\" \/>\n<meta property=\"og:title\" content=\"Newsletter Tecnolog\u00eda M\u00e9dica UDD - Tecnolog\u00eda M\u00e9dica\" \/>\n<meta property=\"og:url\" content=\"https:\/\/medicina.udd.cl\/tecnologia-medica-santiago\/newsletter-tecnologia-medica-udd\/\" \/>\n<meta property=\"og:site_name\" content=\"Tecnolog\u00eda M\u00e9dica\" \/>\n<meta property=\"article:modified_time\" content=\"2025-01-24T15:42:59+00:00\" \/>\n<script type=\"application\/ld+json\" class=\"yoast-schema-graph\">{\"@context\":\"https:\/\/schema.org\",\"@graph\":[{\"@type\":\"WebPage\",\"@id\":\"https:\/\/medicina.udd.cl\/tecnologia-medica-santiago\/newsletter-tecnologia-medica-udd\/\",\"url\":\"https:\/\/medicina.udd.cl\/tecnologia-medica-santiago\/newsletter-tecnologia-medica-udd\/\",\"name\":\"Newsletter Tecnolog\u00eda M\u00e9dica UDD - Tecnolog\u00eda M\u00e9dica\",\"isPartOf\":{\"@id\":\"https:\/\/medicina.udd.cl\/tecnologia-medica-santiago\/#website\"},\"datePublished\":\"2021-12-10T19:08:52+00:00\",\"dateModified\":\"2025-01-24T15:42:59+00:00\",\"breadcrumb\":{\"@id\":\"https:\/\/medicina.udd.cl\/tecnologia-medica-santiago\/newsletter-tecnologia-medica-udd\/#breadcrumb\"},\"inLanguage\":\"es\",\"potentialAction\":[{\"@type\":\"ReadAction\",\"target\":[\"https:\/\/medicina.udd.cl\/tecnologia-medica-santiago\/newsletter-tecnologia-medica-udd\/\"]}]},{\"@type\":\"BreadcrumbList\",\"@id\":\"https:\/\/medicina.udd.cl\/tecnologia-medica-santiago\/newsletter-tecnologia-medica-udd\/#breadcrumb\",\"itemListElement\":[{\"@type\":\"ListItem\",\"position\":1,\"name\":\"Home\",\"item\":\"https:\/\/medicina.udd.cl\/tecnologia-medica-santiago\/\"},{\"@type\":\"ListItem\",\"position\":2,\"name\":\"Newsletter Tecnolog\u00eda M\u00e9dica UDD\"}]},{\"@type\":\"WebSite\",\"@id\":\"https:\/\/medicina.udd.cl\/tecnologia-medica-santiago\/#website\",\"url\":\"https:\/\/medicina.udd.cl\/tecnologia-medica-santiago\/\",\"name\":\"Tecnolog\u00eda M\u00e9dica\",\"description\":\"Facultad de Medicina Cl\u00ednica Alemana Universidad del Desarrollo\",\"inLanguage\":\"es\"}]}<\/script>\n<!-- \/ Yoast SEO plugin. -->","yoast_head_json":{"title":"Newsletter Tecnolog\u00eda M\u00e9dica UDD - Tecnolog\u00eda M\u00e9dica","robots":{"index":"index","follow":"follow","max-snippet":"max-snippet:-1","max-image-preview":"max-image-preview:large","max-video-preview":"max-video-preview:-1"},"canonical":"https:\/\/medicina.udd.cl\/tecnologia-medica-santiago\/newsletter-tecnologia-medica-udd\/","og_locale":"es_ES","og_type":"article","og_title":"Newsletter Tecnolog\u00eda M\u00e9dica UDD - Tecnolog\u00eda M\u00e9dica","og_url":"https:\/\/medicina.udd.cl\/tecnologia-medica-santiago\/newsletter-tecnologia-medica-udd\/","og_site_name":"Tecnolog\u00eda M\u00e9dica","article_modified_time":"2025-01-24T15:42:59+00:00","schema":{"@context":"https:\/\/schema.org","@graph":[{"@type":"WebPage","@id":"https:\/\/medicina.udd.cl\/tecnologia-medica-santiago\/newsletter-tecnologia-medica-udd\/","url":"https:\/\/medicina.udd.cl\/tecnologia-medica-santiago\/newsletter-tecnologia-medica-udd\/","name":"Newsletter Tecnolog\u00eda M\u00e9dica UDD - Tecnolog\u00eda M\u00e9dica","isPartOf":{"@id":"https:\/\/medicina.udd.cl\/tecnologia-medica-santiago\/#website"},"datePublished":"2021-12-10T19:08:52+00:00","dateModified":"2025-01-24T15:42:59+00:00","breadcrumb":{"@id":"https:\/\/medicina.udd.cl\/tecnologia-medica-santiago\/newsletter-tecnologia-medica-udd\/#breadcrumb"},"inLanguage":"es","potentialAction":[{"@type":"ReadAction","target":["https:\/\/medicina.udd.cl\/tecnologia-medica-santiago\/newsletter-tecnologia-medica-udd\/"]}]},{"@type":"BreadcrumbList","@id":"https:\/\/medicina.udd.cl\/tecnologia-medica-santiago\/newsletter-tecnologia-medica-udd\/#breadcrumb","itemListElement":[{"@type":"ListItem","position":1,"name":"Home","item":"https:\/\/medicina.udd.cl\/tecnologia-medica-santiago\/"},{"@type":"ListItem","position":2,"name":"Newsletter Tecnolog\u00eda M\u00e9dica UDD"}]},{"@type":"WebSite","@id":"https:\/\/medicina.udd.cl\/tecnologia-medica-santiago\/#website","url":"https:\/\/medicina.udd.cl\/tecnologia-medica-santiago\/","name":"Tecnolog\u00eda M\u00e9dica","description":"Facultad de Medicina Cl\u00ednica Alemana Universidad del Desarrollo","inLanguage":"es"}]}},"_links":{"self":[{"href":"https:\/\/medicina.udd.cl\/tecnologia-medica-santiago\/wp-json\/wp\/v2\/pages\/7270","targetHints":{"allow":["GET"]}}],"collection":[{"href":"https:\/\/medicina.udd.cl\/tecnologia-medica-santiago\/wp-json\/wp\/v2\/pages"}],"about":[{"href":"https:\/\/medicina.udd.cl\/tecnologia-medica-santiago\/wp-json\/wp\/v2\/types\/page"}],"author":[{"embeddable":true,"href":"https:\/\/medicina.udd.cl\/tecnologia-medica-santiago\/wp-json\/wp\/v2\/users\/9192219"}],"replies":[{"embeddable":true,"href":"https:\/\/medicina.udd.cl\/tecnologia-medica-santiago\/wp-json\/wp\/v2\/comments?post=7270"}],"version-history":[{"count":19,"href":"https:\/\/medicina.udd.cl\/tecnologia-medica-santiago\/wp-json\/wp\/v2\/pages\/7270\/revisions"}],"predecessor-version":[{"id":9514,"href":"https:\/\/medicina.udd.cl\/tecnologia-medica-santiago\/wp-json\/wp\/v2\/pages\/7270\/revisions\/9514"}],"wp:attachment":[{"href":"https:\/\/medicina.udd.cl\/tecnologia-medica-santiago\/wp-json\/wp\/v2\/media?parent=7270"}],"curies":[{"name":"wp","href":"https:\/\/api.w.org\/{rel}","templated":true}]}}