{"id":10,"date":"2019-12-31T13:52:18","date_gmt":"2019-12-31T12:52:18","guid":{"rendered":"http:\/\/medicina.udd.cl\/terapia-ocupacional-santiago\/?page_id=10"},"modified":"2022-08-31T18:41:52","modified_gmt":"2022-08-31T16:41:52","slug":"la-carrera","status":"publish","type":"page","link":"https:\/\/medicina.udd.cl\/terapia-ocupacional-santiago\/la-carrera\/","title":{"rendered":"La Carrera"},"content":{"rendered":"\n<h2 class=\"has-vivid-green-cyan-color has-text-color wp-block-heading\"><strong>Terapia Ocupacional UDD<\/strong><\/h2>\n\n\n\n<p>Formamos profesionales Terapeutas Ocupacionales integrales, con\ns\u00f3lida base cient\u00edfica, humanista y \u00e9tica, capaces de responder a las\nnecesidades de las personas en el \u00e1mbito de la salud, educaci\u00f3n, trabajo y en\notras condiciones o contextos de exclusi\u00f3n y vulnerabilidad, con un alto\nsentido de responsabilidad p\u00fablica. Se fundamenta en el estudio de la Ocupaci\u00f3n\n(actividades con sentido de las personas) y el eje central de su intervenci\u00f3n\nson las actividades cotidianas y los estilos de vida, con el prop\u00f3sito de\nfavorecer la autonom\u00eda, independencia, inclusi\u00f3n social y el bienestar de las\npersonas, durante todo el curso de vida, aportando, por medio de la innovaci\u00f3n,\nal desarrollo del pa\u00eds y de la regi\u00f3n.<\/p>\n\n\n\n<p>El Modelo Educativo contempla una formaci\u00f3n personalizada, con actividades pr\u00e1cticas\/ cl\u00ednicas progresivas y continuas desde los primeros a\u00f1os, atendiendo a la realidad local, con una mirada intercultural y global, motivando la participaci\u00f3n de sus estudiantes en instancias formativas regionales y extranjeras, potenciando el manejo del idioma ingl\u00e9s. La <strong>Inclusi\u00f3n e Innovaci\u00f3n<\/strong> son los sellos distintivos de la formaci\u00f3n del\/la Terapeuta Ocupacional titulado\/a de la Universidad del Desarrollo.<\/p>\n\n\n\n<ul class=\"wp-block-list\"><li><a href=\"https:\/\/medicina.udd.cl\/terapia-ocupacional-santiago\/mision-vision-y-objetivos\/\"><strong>Misi\u00f3n, Visi\u00f3n y Objetivos<\/strong><\/a><\/li><li><strong><a href=\"https:\/\/medicina.udd.cl\/terapia-ocupacional-santiago\/perfil-de-egreso\/\">Perfil de Egreso<\/a><\/strong><\/li><\/ul>\n","protected":false},"excerpt":{"rendered":"<p>Terapia Ocupacional UDD Formamos profesionales Terapeutas Ocupacionales integrales, con s\u00f3lida base cient\u00edfica, humanista y \u00e9tica, capaces de responder a las necesidades de las personas en el \u00e1mbito de la salud, educaci\u00f3n, trabajo y en otras condiciones o contextos de exclusi\u00f3n y vulnerabilidad, con un alto sentido de responsabilidad p\u00fablica. Se fundamenta en el estudio de [&hellip;]<\/p>\n","protected":false},"author":9192217,"featured_media":0,"parent":0,"menu_order":0,"comment_status":"closed","ping_status":"closed","template":"","meta":{"footnotes":""},"class_list":["post-10","page","type-page","status-publish","hentry"],"yoast_head":"<!-- This site is optimized with the Yoast SEO plugin v26.9 - https:\/\/yoast.com\/product\/yoast-seo-wordpress\/ -->\n<title>La Carrera - Terapia Ocupacional<\/title>\n<meta name=\"robots\" content=\"index, follow, max-snippet:-1, max-image-preview:large, max-video-preview:-1\" \/>\n<link rel=\"canonical\" href=\"https:\/\/medicina.udd.cl\/terapia-ocupacional-santiago\/la-carrera\/\" \/>\n<meta property=\"og:locale\" content=\"es_ES\" \/>\n<meta property=\"og:type\" content=\"article\" \/>\n<meta property=\"og:title\" content=\"La Carrera - Terapia Ocupacional\" \/>\n<meta property=\"og:description\" content=\"Terapia Ocupacional UDD Formamos profesionales Terapeutas Ocupacionales integrales, con s\u00f3lida base cient\u00edfica, humanista y \u00e9tica, capaces de responder a las necesidades de las personas en el \u00e1mbito de la salud, educaci\u00f3n, trabajo y en otras condiciones o contextos de exclusi\u00f3n y vulnerabilidad, con un alto sentido de responsabilidad p\u00fablica. Se fundamenta en el estudio de [&hellip;]\" \/>\n<meta property=\"og:url\" content=\"https:\/\/medicina.udd.cl\/terapia-ocupacional-santiago\/la-carrera\/\" \/>\n<meta property=\"og:site_name\" content=\"Terapia Ocupacional\" \/>\n<meta property=\"article:modified_time\" content=\"2022-08-31T16:41:52+00:00\" \/>\n<meta name=\"twitter:card\" content=\"summary_large_image\" \/>\n<meta name=\"twitter:label1\" content=\"Tiempo de lectura\" \/>\n\t<meta name=\"twitter:data1\" content=\"1 minuto\" \/>\n<script type=\"application\/ld+json\" class=\"yoast-schema-graph\">{\"@context\":\"https:\/\/schema.org\",\"@graph\":[{\"@type\":\"WebPage\",\"@id\":\"https:\/\/medicina.udd.cl\/terapia-ocupacional-santiago\/la-carrera\/\",\"url\":\"https:\/\/medicina.udd.cl\/terapia-ocupacional-santiago\/la-carrera\/\",\"name\":\"La Carrera - Terapia Ocupacional\",\"isPartOf\":{\"@id\":\"https:\/\/medicina.udd.cl\/terapia-ocupacional-santiago\/#website\"},\"datePublished\":\"2019-12-31T12:52:18+00:00\",\"dateModified\":\"2022-08-31T16:41:52+00:00\",\"breadcrumb\":{\"@id\":\"https:\/\/medicina.udd.cl\/terapia-ocupacional-santiago\/la-carrera\/#breadcrumb\"},\"inLanguage\":\"es\",\"potentialAction\":[{\"@type\":\"ReadAction\",\"target\":[\"https:\/\/medicina.udd.cl\/terapia-ocupacional-santiago\/la-carrera\/\"]}]},{\"@type\":\"BreadcrumbList\",\"@id\":\"https:\/\/medicina.udd.cl\/terapia-ocupacional-santiago\/la-carrera\/#breadcrumb\",\"itemListElement\":[{\"@type\":\"ListItem\",\"position\":1,\"name\":\"Home\",\"item\":\"https:\/\/medicina.udd.cl\/terapia-ocupacional-santiago\/\"},{\"@type\":\"ListItem\",\"position\":2,\"name\":\"La Carrera\"}]},{\"@type\":\"WebSite\",\"@id\":\"https:\/\/medicina.udd.cl\/terapia-ocupacional-santiago\/#website\",\"url\":\"https:\/\/medicina.udd.cl\/terapia-ocupacional-santiago\/\",\"name\":\"Terapia Ocupacional\",\"description\":\"Facultad de Medicina C\u00ednica Alemana Universidad del Desarrollo\",\"inLanguage\":\"es\"}]}<\/script>\n<!-- \/ Yoast SEO plugin. -->","yoast_head_json":{"title":"La Carrera - Terapia Ocupacional","robots":{"index":"index","follow":"follow","max-snippet":"max-snippet:-1","max-image-preview":"max-image-preview:large","max-video-preview":"max-video-preview:-1"},"canonical":"https:\/\/medicina.udd.cl\/terapia-ocupacional-santiago\/la-carrera\/","og_locale":"es_ES","og_type":"article","og_title":"La Carrera - Terapia Ocupacional","og_description":"Terapia Ocupacional UDD Formamos profesionales Terapeutas Ocupacionales integrales, con s\u00f3lida base cient\u00edfica, humanista y \u00e9tica, capaces de responder a las necesidades de las personas en el \u00e1mbito de la salud, educaci\u00f3n, trabajo y en otras condiciones o contextos de exclusi\u00f3n y vulnerabilidad, con un alto sentido de responsabilidad p\u00fablica. Se fundamenta en el estudio de [&hellip;]","og_url":"https:\/\/medicina.udd.cl\/terapia-ocupacional-santiago\/la-carrera\/","og_site_name":"Terapia Ocupacional","article_modified_time":"2022-08-31T16:41:52+00:00","twitter_card":"summary_large_image","twitter_misc":{"Tiempo de lectura":"1 minuto"},"schema":{"@context":"https:\/\/schema.org","@graph":[{"@type":"WebPage","@id":"https:\/\/medicina.udd.cl\/terapia-ocupacional-santiago\/la-carrera\/","url":"https:\/\/medicina.udd.cl\/terapia-ocupacional-santiago\/la-carrera\/","name":"La Carrera - Terapia Ocupacional","isPartOf":{"@id":"https:\/\/medicina.udd.cl\/terapia-ocupacional-santiago\/#website"},"datePublished":"2019-12-31T12:52:18+00:00","dateModified":"2022-08-31T16:41:52+00:00","breadcrumb":{"@id":"https:\/\/medicina.udd.cl\/terapia-ocupacional-santiago\/la-carrera\/#breadcrumb"},"inLanguage":"es","potentialAction":[{"@type":"ReadAction","target":["https:\/\/medicina.udd.cl\/terapia-ocupacional-santiago\/la-carrera\/"]}]},{"@type":"BreadcrumbList","@id":"https:\/\/medicina.udd.cl\/terapia-ocupacional-santiago\/la-carrera\/#breadcrumb","itemListElement":[{"@type":"ListItem","position":1,"name":"Home","item":"https:\/\/medicina.udd.cl\/terapia-ocupacional-santiago\/"},{"@type":"ListItem","position":2,"name":"La Carrera"}]},{"@type":"WebSite","@id":"https:\/\/medicina.udd.cl\/terapia-ocupacional-santiago\/#website","url":"https:\/\/medicina.udd.cl\/terapia-ocupacional-santiago\/","name":"Terapia Ocupacional","description":"Facultad de Medicina C\u00ednica Alemana Universidad del Desarrollo","inLanguage":"es"}]}},"_links":{"self":[{"href":"https:\/\/medicina.udd.cl\/terapia-ocupacional-santiago\/wp-json\/wp\/v2\/pages\/10","targetHints":{"allow":["GET"]}}],"collection":[{"href":"https:\/\/medicina.udd.cl\/terapia-ocupacional-santiago\/wp-json\/wp\/v2\/pages"}],"about":[{"href":"https:\/\/medicina.udd.cl\/terapia-ocupacional-santiago\/wp-json\/wp\/v2\/types\/page"}],"author":[{"embeddable":true,"href":"https:\/\/medicina.udd.cl\/terapia-ocupacional-santiago\/wp-json\/wp\/v2\/users\/9192217"}],"replies":[{"embeddable":true,"href":"https:\/\/medicina.udd.cl\/terapia-ocupacional-santiago\/wp-json\/wp\/v2\/comments?post=10"}],"version-history":[{"count":15,"href":"https:\/\/medicina.udd.cl\/terapia-ocupacional-santiago\/wp-json\/wp\/v2\/pages\/10\/revisions"}],"predecessor-version":[{"id":1559,"href":"https:\/\/medicina.udd.cl\/terapia-ocupacional-santiago\/wp-json\/wp\/v2\/pages\/10\/revisions\/1559"}],"wp:attachment":[{"href":"https:\/\/medicina.udd.cl\/terapia-ocupacional-santiago\/wp-json\/wp\/v2\/media?parent=10"}],"curies":[{"name":"wp","href":"https:\/\/api.w.org\/{rel}","templated":true}]}}