{"id":1668,"date":"2023-01-03T16:56:52","date_gmt":"2023-01-03T15:56:52","guid":{"rendered":"https:\/\/medicina.udd.cl\/terapia-ocupacional-santiago\/?page_id=1668"},"modified":"2023-09-29T21:12:42","modified_gmt":"2023-09-29T19:12:42","slug":"tecnologia-e-innovacion-en-la-formacion","status":"publish","type":"page","link":"https:\/\/medicina.udd.cl\/terapia-ocupacional-santiago\/tecnologia-e-innovacion-en-la-formacion\/","title":{"rendered":"Tecnolog\u00eda e innovaci\u00f3n en la formaci\u00f3n"},"content":{"rendered":"\n<figure class=\"wp-block-image alignright size-large is-resized\"><img loading=\"lazy\" decoding=\"async\" src=\"https:\/\/medicina.udd.cl\/terapia-ocupacional-santiago\/files\/2023\/01\/lab4-681x1024.jpg\" alt=\"\" class=\"wp-image-1673\" width=\"341\" height=\"512\" srcset=\"https:\/\/medicina.udd.cl\/terapia-ocupacional-santiago\/files\/2023\/01\/lab4-681x1024.jpg 681w, https:\/\/medicina.udd.cl\/terapia-ocupacional-santiago\/files\/2023\/01\/lab4-200x300.jpg 200w, https:\/\/medicina.udd.cl\/terapia-ocupacional-santiago\/files\/2023\/01\/lab4-768x1155.jpg 768w, https:\/\/medicina.udd.cl\/terapia-ocupacional-santiago\/files\/2023\/01\/lab4-1022x1536.jpg 1022w, https:\/\/medicina.udd.cl\/terapia-ocupacional-santiago\/files\/2023\/01\/lab4.jpg 1362w\" sizes=\"auto, (max-width: 341px) 100vw, 341px\" \/><\/figure>\n\n\n\n<p>El uso de metodolog\u00edas de aprendizaje innovadoras, impulsadas por el uso de tecnolog\u00eda en la formaci\u00f3n, permiten a las y los estudiantes brindar una intervenci\u00f3n terap\u00e9utica eficiente y avanzada, a sujetos individuales como a grupos de personas en diversos contextos de desempe\u00f1o profesional de un\/a Terapeuta Ocupacional.<\/p>\n\n\n\n<p>La carrera Terapia Ocupacional UDD cuenta, dentro de sus recursos para la docencia, con:<\/p>\n\n\n\n<ul class=\"wp-block-list\"><li>Espacios y equipamiento especializado que facilitan tu aprendizaje. Contamos con Laboratorio de Terapia Ocupacional y Sala de Entrenamiento de Actividades de la Vida Diaria, que contribuyen al desarrollo de habilidades pr\u00e1cticas.<\/li><\/ul>\n\n\n\n<ul class=\"wp-block-list\"><li>Dise\u00f1o de un modelo pedag\u00f3gico para la implementaci\u00f3n de proyectos de Realidades Extendidas (realidad aumentada, realidad virtual, realidad mixta) dentro de la malla curricular, que se proyecta como la respuesta a los futuros desaf\u00edos nacionales y mundiales. <a href=\"https:\/\/realitec.udd.cl\/\">Ver m\u00e1s aqu\u00ed<\/a><\/li><\/ul>\n\n\n\n<ul class=\"wp-block-list\"><li>Simulaci\u00f3n cl\u00ednica de baja, mediana y alta fidelidad, que potencia tu aprendizaje experiencial y te preparar\u00e1 en el desarrollo de competencias profesionales.<\/li><\/ul>\n\n\n\n<figure class=\"wp-block-gallery has-nested-images columns-default is-cropped wp-block-gallery-1 is-layout-flex wp-block-gallery-is-layout-flex\">\n<figure class=\"wp-block-image size-large\"><img loading=\"lazy\" decoding=\"async\" width=\"1024\" height=\"683\" data-id=\"1669\" src=\"https:\/\/medicina.udd.cl\/terapia-ocupacional-santiago\/files\/2023\/01\/lab1-1024x683.jpg\" alt=\"\" class=\"wp-image-1669\" srcset=\"https:\/\/medicina.udd.cl\/terapia-ocupacional-santiago\/files\/2023\/01\/lab1-1024x683.jpg 1024w, https:\/\/medicina.udd.cl\/terapia-ocupacional-santiago\/files\/2023\/01\/lab1-300x200.jpg 300w, https:\/\/medicina.udd.cl\/terapia-ocupacional-santiago\/files\/2023\/01\/lab1-768x512.jpg 768w, https:\/\/medicina.udd.cl\/terapia-ocupacional-santiago\/files\/2023\/01\/lab1-1536x1024.jpg 1536w, https:\/\/medicina.udd.cl\/terapia-ocupacional-santiago\/files\/2023\/01\/lab1.jpg 1620w\" sizes=\"auto, (max-width: 1024px) 100vw, 1024px\" \/><\/figure>\n\n\n\n<figure class=\"wp-block-image size-large\"><img loading=\"lazy\" decoding=\"async\" width=\"1024\" height=\"576\" data-id=\"1672\" src=\"https:\/\/medicina.udd.cl\/terapia-ocupacional-santiago\/files\/2023\/01\/lab2-1024x576.jpg\" alt=\"\" class=\"wp-image-1672\" srcset=\"https:\/\/medicina.udd.cl\/terapia-ocupacional-santiago\/files\/2023\/01\/lab2-1024x576.jpg 1024w, https:\/\/medicina.udd.cl\/terapia-ocupacional-santiago\/files\/2023\/01\/lab2-300x169.jpg 300w, https:\/\/medicina.udd.cl\/terapia-ocupacional-santiago\/files\/2023\/01\/lab2-768x432.jpg 768w, https:\/\/medicina.udd.cl\/terapia-ocupacional-santiago\/files\/2023\/01\/lab2-1536x864.jpg 1536w, https:\/\/medicina.udd.cl\/terapia-ocupacional-santiago\/files\/2023\/01\/lab2-1920x1080.jpg 1920w, https:\/\/medicina.udd.cl\/terapia-ocupacional-santiago\/files\/2023\/01\/lab2-1366x768.jpg 1366w, https:\/\/medicina.udd.cl\/terapia-ocupacional-santiago\/files\/2023\/01\/lab2-680x382.jpg 680w, https:\/\/medicina.udd.cl\/terapia-ocupacional-santiago\/files\/2023\/01\/lab2.jpg 2048w\" sizes=\"auto, (max-width: 1024px) 100vw, 1024px\" \/><\/figure>\n\n\n\n<figure class=\"wp-block-image size-large\"><img loading=\"lazy\" decoding=\"async\" width=\"1024\" height=\"576\" data-id=\"1670\" src=\"https:\/\/medicina.udd.cl\/terapia-ocupacional-santiago\/files\/2023\/01\/lab3-1024x576.jpg\" alt=\"\" class=\"wp-image-1670\" srcset=\"https:\/\/medicina.udd.cl\/terapia-ocupacional-santiago\/files\/2023\/01\/lab3-1024x576.jpg 1024w, https:\/\/medicina.udd.cl\/terapia-ocupacional-santiago\/files\/2023\/01\/lab3-300x169.jpg 300w, https:\/\/medicina.udd.cl\/terapia-ocupacional-santiago\/files\/2023\/01\/lab3-768x432.jpg 768w, https:\/\/medicina.udd.cl\/terapia-ocupacional-santiago\/files\/2023\/01\/lab3-1536x864.jpg 1536w, https:\/\/medicina.udd.cl\/terapia-ocupacional-santiago\/files\/2023\/01\/lab3-1920x1080.jpg 1920w, https:\/\/medicina.udd.cl\/terapia-ocupacional-santiago\/files\/2023\/01\/lab3-1366x768.jpg 1366w, https:\/\/medicina.udd.cl\/terapia-ocupacional-santiago\/files\/2023\/01\/lab3-680x382.jpg 680w, https:\/\/medicina.udd.cl\/terapia-ocupacional-santiago\/files\/2023\/01\/lab3.jpg 2048w\" sizes=\"auto, (max-width: 1024px) 100vw, 1024px\" \/><\/figure>\n\n\n\n<figure class=\"wp-block-image size-large\"><img loading=\"lazy\" decoding=\"async\" width=\"1024\" height=\"682\" data-id=\"1675\" src=\"https:\/\/medicina.udd.cl\/terapia-ocupacional-santiago\/files\/2023\/01\/lab5-1024x682.jpg\" alt=\"\" class=\"wp-image-1675\" srcset=\"https:\/\/medicina.udd.cl\/terapia-ocupacional-santiago\/files\/2023\/01\/lab5-1024x682.jpg 1024w, https:\/\/medicina.udd.cl\/terapia-ocupacional-santiago\/files\/2023\/01\/lab5-300x200.jpg 300w, https:\/\/medicina.udd.cl\/terapia-ocupacional-santiago\/files\/2023\/01\/lab5-768x511.jpg 768w, https:\/\/medicina.udd.cl\/terapia-ocupacional-santiago\/files\/2023\/01\/lab5-1536x1022.jpg 1536w, https:\/\/medicina.udd.cl\/terapia-ocupacional-santiago\/files\/2023\/01\/lab5.jpg 2048w\" sizes=\"auto, (max-width: 1024px) 100vw, 1024px\" \/><\/figure>\n\n\n\n<figure class=\"wp-block-image size-large\"><img loading=\"lazy\" decoding=\"async\" width=\"1024\" height=\"683\" data-id=\"1674\" src=\"https:\/\/medicina.udd.cl\/terapia-ocupacional-santiago\/files\/2023\/01\/lab7-1024x683.jpg\" alt=\"\" class=\"wp-image-1674\" srcset=\"https:\/\/medicina.udd.cl\/terapia-ocupacional-santiago\/files\/2023\/01\/lab7-1024x683.jpg 1024w, https:\/\/medicina.udd.cl\/terapia-ocupacional-santiago\/files\/2023\/01\/lab7-300x200.jpg 300w, https:\/\/medicina.udd.cl\/terapia-ocupacional-santiago\/files\/2023\/01\/lab7-768x512.jpg 768w, https:\/\/medicina.udd.cl\/terapia-ocupacional-santiago\/files\/2023\/01\/lab7-1536x1024.jpg 1536w, https:\/\/medicina.udd.cl\/terapia-ocupacional-santiago\/files\/2023\/01\/lab7.jpg 2048w\" sizes=\"auto, (max-width: 1024px) 100vw, 1024px\" \/><\/figure>\n\n\n\n<figure class=\"wp-block-image size-large\"><img loading=\"lazy\" decoding=\"async\" width=\"1024\" height=\"683\" data-id=\"1671\" src=\"https:\/\/medicina.udd.cl\/terapia-ocupacional-santiago\/files\/2023\/01\/lab6-1024x683.jpg\" alt=\"\" class=\"wp-image-1671\" srcset=\"https:\/\/medicina.udd.cl\/terapia-ocupacional-santiago\/files\/2023\/01\/lab6-1024x683.jpg 1024w, https:\/\/medicina.udd.cl\/terapia-ocupacional-santiago\/files\/2023\/01\/lab6-300x200.jpg 300w, https:\/\/medicina.udd.cl\/terapia-ocupacional-santiago\/files\/2023\/01\/lab6-768x512.jpg 768w, https:\/\/medicina.udd.cl\/terapia-ocupacional-santiago\/files\/2023\/01\/lab6-1536x1024.jpg 1536w, https:\/\/medicina.udd.cl\/terapia-ocupacional-santiago\/files\/2023\/01\/lab6.jpg 2048w\" sizes=\"auto, (max-width: 1024px) 100vw, 1024px\" \/><\/figure>\n\n\n\n<figure class=\"wp-block-image size-large\"><img loading=\"lazy\" decoding=\"async\" width=\"1024\" height=\"768\" data-id=\"1678\" src=\"https:\/\/medicina.udd.cl\/terapia-ocupacional-santiago\/files\/2023\/01\/lab10-1024x768.jpg\" alt=\"\" class=\"wp-image-1678\" srcset=\"https:\/\/medicina.udd.cl\/terapia-ocupacional-santiago\/files\/2023\/01\/lab10-1024x768.jpg 1024w, https:\/\/medicina.udd.cl\/terapia-ocupacional-santiago\/files\/2023\/01\/lab10-300x225.jpg 300w, https:\/\/medicina.udd.cl\/terapia-ocupacional-santiago\/files\/2023\/01\/lab10-768x576.jpg 768w, https:\/\/medicina.udd.cl\/terapia-ocupacional-santiago\/files\/2023\/01\/lab10-1536x1152.jpg 1536w, https:\/\/medicina.udd.cl\/terapia-ocupacional-santiago\/files\/2023\/01\/lab10-2048x1536.jpg 2048w\" sizes=\"auto, (max-width: 1024px) 100vw, 1024px\" \/><\/figure>\n<\/figure>\n","protected":false},"excerpt":{"rendered":"<p>El uso de metodolog\u00edas de aprendizaje innovadoras, impulsadas por el uso de tecnolog\u00eda en la formaci\u00f3n, permiten a las y los estudiantes brindar una intervenci\u00f3n terap\u00e9utica eficiente y avanzada, a sujetos individuales como a grupos de personas en diversos contextos de desempe\u00f1o profesional de un\/a Terapeuta Ocupacional. La carrera Terapia Ocupacional UDD cuenta, dentro de [&hellip;]<\/p>\n","protected":false},"author":9192219,"featured_media":0,"parent":0,"menu_order":0,"comment_status":"closed","ping_status":"closed","template":"","meta":{"footnotes":""},"class_list":["post-1668","page","type-page","status-publish","hentry"],"yoast_head":"<!-- This site is optimized with the Yoast SEO plugin v26.9 - https:\/\/yoast.com\/product\/yoast-seo-wordpress\/ -->\n<title>Tecnolog\u00eda e innovaci\u00f3n en la formaci\u00f3n - Terapia Ocupacional<\/title>\n<meta name=\"robots\" content=\"index, follow, max-snippet:-1, max-image-preview:large, max-video-preview:-1\" \/>\n<link rel=\"canonical\" href=\"https:\/\/medicina.udd.cl\/terapia-ocupacional-santiago\/tecnologia-e-innovacion-en-la-formacion\/\" \/>\n<meta property=\"og:locale\" content=\"es_ES\" \/>\n<meta property=\"og:type\" content=\"article\" \/>\n<meta property=\"og:title\" content=\"Tecnolog\u00eda e innovaci\u00f3n en la formaci\u00f3n - Terapia Ocupacional\" \/>\n<meta property=\"og:description\" content=\"El uso de metodolog\u00edas de aprendizaje innovadoras, impulsadas por el uso de tecnolog\u00eda en la formaci\u00f3n, permiten a las y los estudiantes brindar una intervenci\u00f3n terap\u00e9utica eficiente y avanzada, a sujetos individuales como a grupos de personas en diversos contextos de desempe\u00f1o profesional de un\/a Terapeuta Ocupacional. La carrera Terapia Ocupacional UDD cuenta, dentro de [&hellip;]\" \/>\n<meta property=\"og:url\" content=\"https:\/\/medicina.udd.cl\/terapia-ocupacional-santiago\/tecnologia-e-innovacion-en-la-formacion\/\" \/>\n<meta property=\"og:site_name\" content=\"Terapia Ocupacional\" \/>\n<meta property=\"article:modified_time\" content=\"2023-09-29T19:12:42+00:00\" \/>\n<meta property=\"og:image\" content=\"https:\/\/medicina.udd.cl\/terapia-ocupacional-santiago\/files\/2023\/01\/lab4-681x1024.jpg\" \/>\n<meta name=\"twitter:card\" content=\"summary_large_image\" \/>\n<meta name=\"twitter:label1\" content=\"Tiempo de lectura\" \/>\n\t<meta name=\"twitter:data1\" content=\"3 minutos\" \/>\n<script type=\"application\/ld+json\" class=\"yoast-schema-graph\">{\"@context\":\"https:\/\/schema.org\",\"@graph\":[{\"@type\":\"WebPage\",\"@id\":\"https:\/\/medicina.udd.cl\/terapia-ocupacional-santiago\/tecnologia-e-innovacion-en-la-formacion\/\",\"url\":\"https:\/\/medicina.udd.cl\/terapia-ocupacional-santiago\/tecnologia-e-innovacion-en-la-formacion\/\",\"name\":\"Tecnolog\u00eda e innovaci\u00f3n en la formaci\u00f3n - Terapia Ocupacional\",\"isPartOf\":{\"@id\":\"https:\/\/medicina.udd.cl\/terapia-ocupacional-santiago\/#website\"},\"primaryImageOfPage\":{\"@id\":\"https:\/\/medicina.udd.cl\/terapia-ocupacional-santiago\/tecnologia-e-innovacion-en-la-formacion\/#primaryimage\"},\"image\":{\"@id\":\"https:\/\/medicina.udd.cl\/terapia-ocupacional-santiago\/tecnologia-e-innovacion-en-la-formacion\/#primaryimage\"},\"thumbnailUrl\":\"https:\/\/medicina.udd.cl\/terapia-ocupacional-santiago\/files\/2023\/01\/lab4-681x1024.jpg\",\"datePublished\":\"2023-01-03T15:56:52+00:00\",\"dateModified\":\"2023-09-29T19:12:42+00:00\",\"breadcrumb\":{\"@id\":\"https:\/\/medicina.udd.cl\/terapia-ocupacional-santiago\/tecnologia-e-innovacion-en-la-formacion\/#breadcrumb\"},\"inLanguage\":\"es\",\"potentialAction\":[{\"@type\":\"ReadAction\",\"target\":[\"https:\/\/medicina.udd.cl\/terapia-ocupacional-santiago\/tecnologia-e-innovacion-en-la-formacion\/\"]}]},{\"@type\":\"ImageObject\",\"inLanguage\":\"es\",\"@id\":\"https:\/\/medicina.udd.cl\/terapia-ocupacional-santiago\/tecnologia-e-innovacion-en-la-formacion\/#primaryimage\",\"url\":\"https:\/\/medicina.udd.cl\/terapia-ocupacional-santiago\/files\/2023\/01\/lab4.jpg\",\"contentUrl\":\"https:\/\/medicina.udd.cl\/terapia-ocupacional-santiago\/files\/2023\/01\/lab4.jpg\",\"width\":1362,\"height\":2048},{\"@type\":\"BreadcrumbList\",\"@id\":\"https:\/\/medicina.udd.cl\/terapia-ocupacional-santiago\/tecnologia-e-innovacion-en-la-formacion\/#breadcrumb\",\"itemListElement\":[{\"@type\":\"ListItem\",\"position\":1,\"name\":\"Home\",\"item\":\"https:\/\/medicina.udd.cl\/terapia-ocupacional-santiago\/\"},{\"@type\":\"ListItem\",\"position\":2,\"name\":\"Tecnolog\u00eda e innovaci\u00f3n en la formaci\u00f3n\"}]},{\"@type\":\"WebSite\",\"@id\":\"https:\/\/medicina.udd.cl\/terapia-ocupacional-santiago\/#website\",\"url\":\"https:\/\/medicina.udd.cl\/terapia-ocupacional-santiago\/\",\"name\":\"Terapia Ocupacional\",\"description\":\"Facultad de Medicina C\u00ednica Alemana Universidad del Desarrollo\",\"inLanguage\":\"es\"}]}<\/script>\n<!-- \/ Yoast SEO plugin. -->","yoast_head_json":{"title":"Tecnolog\u00eda e innovaci\u00f3n en la formaci\u00f3n - Terapia Ocupacional","robots":{"index":"index","follow":"follow","max-snippet":"max-snippet:-1","max-image-preview":"max-image-preview:large","max-video-preview":"max-video-preview:-1"},"canonical":"https:\/\/medicina.udd.cl\/terapia-ocupacional-santiago\/tecnologia-e-innovacion-en-la-formacion\/","og_locale":"es_ES","og_type":"article","og_title":"Tecnolog\u00eda e innovaci\u00f3n en la formaci\u00f3n - Terapia Ocupacional","og_description":"El uso de metodolog\u00edas de aprendizaje innovadoras, impulsadas por el uso de tecnolog\u00eda en la formaci\u00f3n, permiten a las y los estudiantes brindar una intervenci\u00f3n terap\u00e9utica eficiente y avanzada, a sujetos individuales como a grupos de personas en diversos contextos de desempe\u00f1o profesional de un\/a Terapeuta Ocupacional. La carrera Terapia Ocupacional UDD cuenta, dentro de [&hellip;]","og_url":"https:\/\/medicina.udd.cl\/terapia-ocupacional-santiago\/tecnologia-e-innovacion-en-la-formacion\/","og_site_name":"Terapia Ocupacional","article_modified_time":"2023-09-29T19:12:42+00:00","og_image":[{"url":"https:\/\/medicina.udd.cl\/terapia-ocupacional-santiago\/files\/2023\/01\/lab4-681x1024.jpg","type":"","width":"","height":""}],"twitter_card":"summary_large_image","twitter_misc":{"Tiempo de lectura":"3 minutos"},"schema":{"@context":"https:\/\/schema.org","@graph":[{"@type":"WebPage","@id":"https:\/\/medicina.udd.cl\/terapia-ocupacional-santiago\/tecnologia-e-innovacion-en-la-formacion\/","url":"https:\/\/medicina.udd.cl\/terapia-ocupacional-santiago\/tecnologia-e-innovacion-en-la-formacion\/","name":"Tecnolog\u00eda e innovaci\u00f3n en la formaci\u00f3n - Terapia Ocupacional","isPartOf":{"@id":"https:\/\/medicina.udd.cl\/terapia-ocupacional-santiago\/#website"},"primaryImageOfPage":{"@id":"https:\/\/medicina.udd.cl\/terapia-ocupacional-santiago\/tecnologia-e-innovacion-en-la-formacion\/#primaryimage"},"image":{"@id":"https:\/\/medicina.udd.cl\/terapia-ocupacional-santiago\/tecnologia-e-innovacion-en-la-formacion\/#primaryimage"},"thumbnailUrl":"https:\/\/medicina.udd.cl\/terapia-ocupacional-santiago\/files\/2023\/01\/lab4-681x1024.jpg","datePublished":"2023-01-03T15:56:52+00:00","dateModified":"2023-09-29T19:12:42+00:00","breadcrumb":{"@id":"https:\/\/medicina.udd.cl\/terapia-ocupacional-santiago\/tecnologia-e-innovacion-en-la-formacion\/#breadcrumb"},"inLanguage":"es","potentialAction":[{"@type":"ReadAction","target":["https:\/\/medicina.udd.cl\/terapia-ocupacional-santiago\/tecnologia-e-innovacion-en-la-formacion\/"]}]},{"@type":"ImageObject","inLanguage":"es","@id":"https:\/\/medicina.udd.cl\/terapia-ocupacional-santiago\/tecnologia-e-innovacion-en-la-formacion\/#primaryimage","url":"https:\/\/medicina.udd.cl\/terapia-ocupacional-santiago\/files\/2023\/01\/lab4.jpg","contentUrl":"https:\/\/medicina.udd.cl\/terapia-ocupacional-santiago\/files\/2023\/01\/lab4.jpg","width":1362,"height":2048},{"@type":"BreadcrumbList","@id":"https:\/\/medicina.udd.cl\/terapia-ocupacional-santiago\/tecnologia-e-innovacion-en-la-formacion\/#breadcrumb","itemListElement":[{"@type":"ListItem","position":1,"name":"Home","item":"https:\/\/medicina.udd.cl\/terapia-ocupacional-santiago\/"},{"@type":"ListItem","position":2,"name":"Tecnolog\u00eda e innovaci\u00f3n en la formaci\u00f3n"}]},{"@type":"WebSite","@id":"https:\/\/medicina.udd.cl\/terapia-ocupacional-santiago\/#website","url":"https:\/\/medicina.udd.cl\/terapia-ocupacional-santiago\/","name":"Terapia Ocupacional","description":"Facultad de Medicina C\u00ednica Alemana Universidad del Desarrollo","inLanguage":"es"}]}},"_links":{"self":[{"href":"https:\/\/medicina.udd.cl\/terapia-ocupacional-santiago\/wp-json\/wp\/v2\/pages\/1668","targetHints":{"allow":["GET"]}}],"collection":[{"href":"https:\/\/medicina.udd.cl\/terapia-ocupacional-santiago\/wp-json\/wp\/v2\/pages"}],"about":[{"href":"https:\/\/medicina.udd.cl\/terapia-ocupacional-santiago\/wp-json\/wp\/v2\/types\/page"}],"author":[{"embeddable":true,"href":"https:\/\/medicina.udd.cl\/terapia-ocupacional-santiago\/wp-json\/wp\/v2\/users\/9192219"}],"replies":[{"embeddable":true,"href":"https:\/\/medicina.udd.cl\/terapia-ocupacional-santiago\/wp-json\/wp\/v2\/comments?post=1668"}],"version-history":[{"count":3,"href":"https:\/\/medicina.udd.cl\/terapia-ocupacional-santiago\/wp-json\/wp\/v2\/pages\/1668\/revisions"}],"predecessor-version":[{"id":1980,"href":"https:\/\/medicina.udd.cl\/terapia-ocupacional-santiago\/wp-json\/wp\/v2\/pages\/1668\/revisions\/1980"}],"wp:attachment":[{"href":"https:\/\/medicina.udd.cl\/terapia-ocupacional-santiago\/wp-json\/wp\/v2\/media?parent=1668"}],"curies":[{"name":"wp","href":"https:\/\/api.w.org\/{rel}","templated":true}]}}