{"id":1680,"date":"2023-01-03T17:42:34","date_gmt":"2023-01-03T16:42:34","guid":{"rendered":"https:\/\/medicina.udd.cl\/terapia-ocupacional-santiago\/?page_id=1680"},"modified":"2023-01-03T17:43:04","modified_gmt":"2023-01-03T16:43:04","slug":"practicas-desde-primer-ano-y-experiencias-internacionales","status":"publish","type":"page","link":"https:\/\/medicina.udd.cl\/terapia-ocupacional-santiago\/practicas-desde-primer-ano-y-experiencias-internacionales\/","title":{"rendered":"Pr\u00e1cticas desde primer a\u00f1o y experiencias internacionales"},"content":{"rendered":"\n<figure class=\"wp-block-image alignright size-large is-resized\"><img loading=\"lazy\" decoding=\"async\" src=\"https:\/\/medicina.udd.cl\/terapia-ocupacional-santiago\/files\/2023\/01\/practicasto1-1024x768.jpg\" alt=\"\" class=\"wp-image-1681\" width=\"512\" height=\"384\" srcset=\"https:\/\/medicina.udd.cl\/terapia-ocupacional-santiago\/files\/2023\/01\/practicasto1-1024x768.jpg 1024w, https:\/\/medicina.udd.cl\/terapia-ocupacional-santiago\/files\/2023\/01\/practicasto1-300x225.jpg 300w, https:\/\/medicina.udd.cl\/terapia-ocupacional-santiago\/files\/2023\/01\/practicasto1-768x576.jpg 768w, https:\/\/medicina.udd.cl\/terapia-ocupacional-santiago\/files\/2023\/01\/practicasto1-1536x1152.jpg 1536w, https:\/\/medicina.udd.cl\/terapia-ocupacional-santiago\/files\/2023\/01\/practicasto1.jpg 1600w\" sizes=\"auto, (max-width: 512px) 100vw, 512px\" \/><\/figure>\n\n\n\n<p>Desde el primer a\u00f1o tendr\u00e1s experiencias pr\u00e1cticas, observando y enfrentando situaciones reales donde podr\u00e1s desarrollar tus conocimientos y competencias, acerc\u00e1ndote en forma temprana a la vida laboral y al acercamiento pr\u00e1ctico profesional como Terapeuta Ocupacional.<\/p>\n\n\n\n<p>Contamos con diversos Campos Cl\u00ednicos y Centros de Pr\u00e1cticas, adem\u00e1s de una infraestructura, docentes y tecnolog\u00eda UDD que te permitir\u00e1 vivenciar un Aprendizaje Experiencial desde el primer momento, en la Cl\u00ednica Alemana, Hospital Padre Hurtado, Fundaci\u00f3n Las Rosas, Hospital de la FACH, entre otros.<\/p>\n\n\n\n<p>Terapia Ocupacional UDD cuenta con convenios con diversas universidades extranjeras, junto a las que se generan m\u00faltiples oportunidades de aprendizaje, podr\u00e1s contar con profesoras\/os internacionales, y compartir experiencias con estudiantes de Terapia Ocupacional del mundo.<\/p>\n\n\n\n<p>Estas experiencias de formaci\u00f3n se implementan a trav\u00e9s de Clases espejo, Proyectos colaborativos entre estudiantes, Pasant\u00edas e Intercambios estudiantiles. Tienes la oportunidad de cumplir con instancias formativas homologables, como pasant\u00edas o internados profesionales en universidades extranjeras con convenio. Conoce nuevos lugares y descubre enfoques distintos, que te permitir\u00e1n ampliar tu visi\u00f3n sobre la carrera, para formarte como un\/a profesional integral.<\/p>\n\n\n\n<figure class=\"wp-block-gallery has-nested-images columns-default is-cropped wp-block-gallery-1 is-layout-flex wp-block-gallery-is-layout-flex\">\n<figure class=\"wp-block-image size-large\"><img loading=\"lazy\" decoding=\"async\" width=\"1875\" height=\"2500\" data-id=\"1682\" src=\"https:\/\/medicina.udd.cl\/terapia-ocupacional-santiago\/files\/2023\/01\/practicasto2.jpg\" alt=\"\" class=\"wp-image-1682\" srcset=\"https:\/\/medicina.udd.cl\/terapia-ocupacional-santiago\/files\/2023\/01\/practicasto2.jpg 1875w, https:\/\/medicina.udd.cl\/terapia-ocupacional-santiago\/files\/2023\/01\/practicasto2-225x300.jpg 225w, https:\/\/medicina.udd.cl\/terapia-ocupacional-santiago\/files\/2023\/01\/practicasto2-768x1024.jpg 768w, https:\/\/medicina.udd.cl\/terapia-ocupacional-santiago\/files\/2023\/01\/practicasto2-1152x1536.jpg 1152w, https:\/\/medicina.udd.cl\/terapia-ocupacional-santiago\/files\/2023\/01\/practicasto2-1536x2048.jpg 1536w\" sizes=\"auto, (max-width: 1875px) 100vw, 1875px\" \/><\/figure>\n\n\n\n<figure class=\"wp-block-image size-large\"><img loading=\"lazy\" decoding=\"async\" width=\"2500\" height=\"1875\" data-id=\"1683\" src=\"https:\/\/medicina.udd.cl\/terapia-ocupacional-santiago\/files\/2023\/01\/practicasto3.jpg\" alt=\"\" class=\"wp-image-1683\" srcset=\"https:\/\/medicina.udd.cl\/terapia-ocupacional-santiago\/files\/2023\/01\/practicasto3.jpg 2500w, https:\/\/medicina.udd.cl\/terapia-ocupacional-santiago\/files\/2023\/01\/practicasto3-300x225.jpg 300w, https:\/\/medicina.udd.cl\/terapia-ocupacional-santiago\/files\/2023\/01\/practicasto3-1024x768.jpg 1024w, https:\/\/medicina.udd.cl\/terapia-ocupacional-santiago\/files\/2023\/01\/practicasto3-768x576.jpg 768w, https:\/\/medicina.udd.cl\/terapia-ocupacional-santiago\/files\/2023\/01\/practicasto3-1536x1152.jpg 1536w, https:\/\/medicina.udd.cl\/terapia-ocupacional-santiago\/files\/2023\/01\/practicasto3-2048x1536.jpg 2048w\" sizes=\"auto, (max-width: 2500px) 100vw, 2500px\" \/><\/figure>\n\n\n\n<figure class=\"wp-block-image size-large\"><img loading=\"lazy\" decoding=\"async\" width=\"1200\" height=\"1554\" data-id=\"1684\" src=\"https:\/\/medicina.udd.cl\/terapia-ocupacional-santiago\/files\/2023\/01\/practicasto4.jpg\" alt=\"\" class=\"wp-image-1684\" srcset=\"https:\/\/medicina.udd.cl\/terapia-ocupacional-santiago\/files\/2023\/01\/practicasto4.jpg 1200w, https:\/\/medicina.udd.cl\/terapia-ocupacional-santiago\/files\/2023\/01\/practicasto4-232x300.jpg 232w, https:\/\/medicina.udd.cl\/terapia-ocupacional-santiago\/files\/2023\/01\/practicasto4-791x1024.jpg 791w, https:\/\/medicina.udd.cl\/terapia-ocupacional-santiago\/files\/2023\/01\/practicasto4-768x995.jpg 768w, https:\/\/medicina.udd.cl\/terapia-ocupacional-santiago\/files\/2023\/01\/practicasto4-1186x1536.jpg 1186w\" sizes=\"auto, (max-width: 1200px) 100vw, 1200px\" \/><\/figure>\n\n\n\n<figure class=\"wp-block-image size-large\"><img loading=\"lazy\" decoding=\"async\" width=\"1600\" height=\"720\" data-id=\"1686\" src=\"https:\/\/medicina.udd.cl\/terapia-ocupacional-santiago\/files\/2023\/01\/practicasto6.jpg\" alt=\"\" class=\"wp-image-1686\" srcset=\"https:\/\/medicina.udd.cl\/terapia-ocupacional-santiago\/files\/2023\/01\/practicasto6.jpg 1600w, https:\/\/medicina.udd.cl\/terapia-ocupacional-santiago\/files\/2023\/01\/practicasto6-300x135.jpg 300w, https:\/\/medicina.udd.cl\/terapia-ocupacional-santiago\/files\/2023\/01\/practicasto6-1024x461.jpg 1024w, https:\/\/medicina.udd.cl\/terapia-ocupacional-santiago\/files\/2023\/01\/practicasto6-768x346.jpg 768w, https:\/\/medicina.udd.cl\/terapia-ocupacional-santiago\/files\/2023\/01\/practicasto6-1536x691.jpg 1536w\" sizes=\"auto, (max-width: 1600px) 100vw, 1600px\" \/><\/figure>\n<\/figure>\n","protected":false},"excerpt":{"rendered":"<p>Desde el primer a\u00f1o tendr\u00e1s experiencias pr\u00e1cticas, observando y enfrentando situaciones reales donde podr\u00e1s desarrollar tus conocimientos y competencias, acerc\u00e1ndote en forma temprana a la vida laboral y al acercamiento pr\u00e1ctico profesional como Terapeuta Ocupacional. Contamos con diversos Campos Cl\u00ednicos y Centros de Pr\u00e1cticas, adem\u00e1s de una infraestructura, docentes y tecnolog\u00eda UDD que te permitir\u00e1 [&hellip;]<\/p>\n","protected":false},"author":9192219,"featured_media":0,"parent":0,"menu_order":0,"comment_status":"closed","ping_status":"closed","template":"","meta":{"footnotes":""},"class_list":["post-1680","page","type-page","status-publish","hentry"],"yoast_head":"<!-- This site is optimized with the Yoast SEO plugin v26.9 - https:\/\/yoast.com\/product\/yoast-seo-wordpress\/ -->\n<title>Pr\u00e1cticas desde primer a\u00f1o y experiencias internacionales - Terapia Ocupacional<\/title>\n<meta name=\"robots\" content=\"index, follow, max-snippet:-1, max-image-preview:large, max-video-preview:-1\" \/>\n<link rel=\"canonical\" href=\"https:\/\/medicina.udd.cl\/terapia-ocupacional-santiago\/practicas-desde-primer-ano-y-experiencias-internacionales\/\" \/>\n<meta property=\"og:locale\" content=\"es_ES\" \/>\n<meta property=\"og:type\" content=\"article\" \/>\n<meta property=\"og:title\" content=\"Pr\u00e1cticas desde primer a\u00f1o y experiencias internacionales - Terapia Ocupacional\" \/>\n<meta property=\"og:description\" content=\"Desde el primer a\u00f1o tendr\u00e1s experiencias pr\u00e1cticas, observando y enfrentando situaciones reales donde podr\u00e1s desarrollar tus conocimientos y competencias, acerc\u00e1ndote en forma temprana a la vida laboral y al acercamiento pr\u00e1ctico profesional como Terapeuta Ocupacional. Contamos con diversos Campos Cl\u00ednicos y Centros de Pr\u00e1cticas, adem\u00e1s de una infraestructura, docentes y tecnolog\u00eda UDD que te permitir\u00e1 [&hellip;]\" \/>\n<meta property=\"og:url\" content=\"https:\/\/medicina.udd.cl\/terapia-ocupacional-santiago\/practicas-desde-primer-ano-y-experiencias-internacionales\/\" \/>\n<meta property=\"og:site_name\" content=\"Terapia Ocupacional\" \/>\n<meta property=\"article:modified_time\" content=\"2023-01-03T16:43:04+00:00\" \/>\n<meta property=\"og:image\" content=\"https:\/\/medicina.udd.cl\/terapia-ocupacional-santiago\/files\/2023\/01\/practicasto1-1024x768.jpg\" \/>\n<meta name=\"twitter:card\" content=\"summary_large_image\" \/>\n<meta name=\"twitter:label1\" content=\"Tiempo de lectura\" \/>\n\t<meta name=\"twitter:data1\" content=\"2 minutos\" \/>\n<script type=\"application\/ld+json\" class=\"yoast-schema-graph\">{\"@context\":\"https:\/\/schema.org\",\"@graph\":[{\"@type\":\"WebPage\",\"@id\":\"https:\/\/medicina.udd.cl\/terapia-ocupacional-santiago\/practicas-desde-primer-ano-y-experiencias-internacionales\/\",\"url\":\"https:\/\/medicina.udd.cl\/terapia-ocupacional-santiago\/practicas-desde-primer-ano-y-experiencias-internacionales\/\",\"name\":\"Pr\u00e1cticas desde primer a\u00f1o y experiencias internacionales - Terapia Ocupacional\",\"isPartOf\":{\"@id\":\"https:\/\/medicina.udd.cl\/terapia-ocupacional-santiago\/#website\"},\"primaryImageOfPage\":{\"@id\":\"https:\/\/medicina.udd.cl\/terapia-ocupacional-santiago\/practicas-desde-primer-ano-y-experiencias-internacionales\/#primaryimage\"},\"image\":{\"@id\":\"https:\/\/medicina.udd.cl\/terapia-ocupacional-santiago\/practicas-desde-primer-ano-y-experiencias-internacionales\/#primaryimage\"},\"thumbnailUrl\":\"https:\/\/medicina.udd.cl\/terapia-ocupacional-santiago\/files\/2023\/01\/practicasto1-1024x768.jpg\",\"datePublished\":\"2023-01-03T16:42:34+00:00\",\"dateModified\":\"2023-01-03T16:43:04+00:00\",\"breadcrumb\":{\"@id\":\"https:\/\/medicina.udd.cl\/terapia-ocupacional-santiago\/practicas-desde-primer-ano-y-experiencias-internacionales\/#breadcrumb\"},\"inLanguage\":\"es\",\"potentialAction\":[{\"@type\":\"ReadAction\",\"target\":[\"https:\/\/medicina.udd.cl\/terapia-ocupacional-santiago\/practicas-desde-primer-ano-y-experiencias-internacionales\/\"]}]},{\"@type\":\"ImageObject\",\"inLanguage\":\"es\",\"@id\":\"https:\/\/medicina.udd.cl\/terapia-ocupacional-santiago\/practicas-desde-primer-ano-y-experiencias-internacionales\/#primaryimage\",\"url\":\"https:\/\/medicina.udd.cl\/terapia-ocupacional-santiago\/files\/2023\/01\/practicasto1.jpg\",\"contentUrl\":\"https:\/\/medicina.udd.cl\/terapia-ocupacional-santiago\/files\/2023\/01\/practicasto1.jpg\",\"width\":1600,\"height\":1200},{\"@type\":\"BreadcrumbList\",\"@id\":\"https:\/\/medicina.udd.cl\/terapia-ocupacional-santiago\/practicas-desde-primer-ano-y-experiencias-internacionales\/#breadcrumb\",\"itemListElement\":[{\"@type\":\"ListItem\",\"position\":1,\"name\":\"Home\",\"item\":\"https:\/\/medicina.udd.cl\/terapia-ocupacional-santiago\/\"},{\"@type\":\"ListItem\",\"position\":2,\"name\":\"Pr\u00e1cticas desde primer a\u00f1o y experiencias internacionales\"}]},{\"@type\":\"WebSite\",\"@id\":\"https:\/\/medicina.udd.cl\/terapia-ocupacional-santiago\/#website\",\"url\":\"https:\/\/medicina.udd.cl\/terapia-ocupacional-santiago\/\",\"name\":\"Terapia Ocupacional\",\"description\":\"Facultad de Medicina C\u00ednica Alemana Universidad del Desarrollo\",\"inLanguage\":\"es\"}]}<\/script>\n<!-- \/ Yoast SEO plugin. -->","yoast_head_json":{"title":"Pr\u00e1cticas desde primer a\u00f1o y experiencias internacionales - Terapia Ocupacional","robots":{"index":"index","follow":"follow","max-snippet":"max-snippet:-1","max-image-preview":"max-image-preview:large","max-video-preview":"max-video-preview:-1"},"canonical":"https:\/\/medicina.udd.cl\/terapia-ocupacional-santiago\/practicas-desde-primer-ano-y-experiencias-internacionales\/","og_locale":"es_ES","og_type":"article","og_title":"Pr\u00e1cticas desde primer a\u00f1o y experiencias internacionales - Terapia Ocupacional","og_description":"Desde el primer a\u00f1o tendr\u00e1s experiencias pr\u00e1cticas, observando y enfrentando situaciones reales donde podr\u00e1s desarrollar tus conocimientos y competencias, acerc\u00e1ndote en forma temprana a la vida laboral y al acercamiento pr\u00e1ctico profesional como Terapeuta Ocupacional. Contamos con diversos Campos Cl\u00ednicos y Centros de Pr\u00e1cticas, adem\u00e1s de una infraestructura, docentes y tecnolog\u00eda UDD que te permitir\u00e1 [&hellip;]","og_url":"https:\/\/medicina.udd.cl\/terapia-ocupacional-santiago\/practicas-desde-primer-ano-y-experiencias-internacionales\/","og_site_name":"Terapia Ocupacional","article_modified_time":"2023-01-03T16:43:04+00:00","og_image":[{"url":"https:\/\/medicina.udd.cl\/terapia-ocupacional-santiago\/files\/2023\/01\/practicasto1-1024x768.jpg","type":"","width":"","height":""}],"twitter_card":"summary_large_image","twitter_misc":{"Tiempo de lectura":"2 minutos"},"schema":{"@context":"https:\/\/schema.org","@graph":[{"@type":"WebPage","@id":"https:\/\/medicina.udd.cl\/terapia-ocupacional-santiago\/practicas-desde-primer-ano-y-experiencias-internacionales\/","url":"https:\/\/medicina.udd.cl\/terapia-ocupacional-santiago\/practicas-desde-primer-ano-y-experiencias-internacionales\/","name":"Pr\u00e1cticas desde primer a\u00f1o y experiencias internacionales - Terapia Ocupacional","isPartOf":{"@id":"https:\/\/medicina.udd.cl\/terapia-ocupacional-santiago\/#website"},"primaryImageOfPage":{"@id":"https:\/\/medicina.udd.cl\/terapia-ocupacional-santiago\/practicas-desde-primer-ano-y-experiencias-internacionales\/#primaryimage"},"image":{"@id":"https:\/\/medicina.udd.cl\/terapia-ocupacional-santiago\/practicas-desde-primer-ano-y-experiencias-internacionales\/#primaryimage"},"thumbnailUrl":"https:\/\/medicina.udd.cl\/terapia-ocupacional-santiago\/files\/2023\/01\/practicasto1-1024x768.jpg","datePublished":"2023-01-03T16:42:34+00:00","dateModified":"2023-01-03T16:43:04+00:00","breadcrumb":{"@id":"https:\/\/medicina.udd.cl\/terapia-ocupacional-santiago\/practicas-desde-primer-ano-y-experiencias-internacionales\/#breadcrumb"},"inLanguage":"es","potentialAction":[{"@type":"ReadAction","target":["https:\/\/medicina.udd.cl\/terapia-ocupacional-santiago\/practicas-desde-primer-ano-y-experiencias-internacionales\/"]}]},{"@type":"ImageObject","inLanguage":"es","@id":"https:\/\/medicina.udd.cl\/terapia-ocupacional-santiago\/practicas-desde-primer-ano-y-experiencias-internacionales\/#primaryimage","url":"https:\/\/medicina.udd.cl\/terapia-ocupacional-santiago\/files\/2023\/01\/practicasto1.jpg","contentUrl":"https:\/\/medicina.udd.cl\/terapia-ocupacional-santiago\/files\/2023\/01\/practicasto1.jpg","width":1600,"height":1200},{"@type":"BreadcrumbList","@id":"https:\/\/medicina.udd.cl\/terapia-ocupacional-santiago\/practicas-desde-primer-ano-y-experiencias-internacionales\/#breadcrumb","itemListElement":[{"@type":"ListItem","position":1,"name":"Home","item":"https:\/\/medicina.udd.cl\/terapia-ocupacional-santiago\/"},{"@type":"ListItem","position":2,"name":"Pr\u00e1cticas desde primer a\u00f1o y experiencias internacionales"}]},{"@type":"WebSite","@id":"https:\/\/medicina.udd.cl\/terapia-ocupacional-santiago\/#website","url":"https:\/\/medicina.udd.cl\/terapia-ocupacional-santiago\/","name":"Terapia Ocupacional","description":"Facultad de Medicina C\u00ednica Alemana Universidad del Desarrollo","inLanguage":"es"}]}},"_links":{"self":[{"href":"https:\/\/medicina.udd.cl\/terapia-ocupacional-santiago\/wp-json\/wp\/v2\/pages\/1680","targetHints":{"allow":["GET"]}}],"collection":[{"href":"https:\/\/medicina.udd.cl\/terapia-ocupacional-santiago\/wp-json\/wp\/v2\/pages"}],"about":[{"href":"https:\/\/medicina.udd.cl\/terapia-ocupacional-santiago\/wp-json\/wp\/v2\/types\/page"}],"author":[{"embeddable":true,"href":"https:\/\/medicina.udd.cl\/terapia-ocupacional-santiago\/wp-json\/wp\/v2\/users\/9192219"}],"replies":[{"embeddable":true,"href":"https:\/\/medicina.udd.cl\/terapia-ocupacional-santiago\/wp-json\/wp\/v2\/comments?post=1680"}],"version-history":[{"count":2,"href":"https:\/\/medicina.udd.cl\/terapia-ocupacional-santiago\/wp-json\/wp\/v2\/pages\/1680\/revisions"}],"predecessor-version":[{"id":1693,"href":"https:\/\/medicina.udd.cl\/terapia-ocupacional-santiago\/wp-json\/wp\/v2\/pages\/1680\/revisions\/1693"}],"wp:attachment":[{"href":"https:\/\/medicina.udd.cl\/terapia-ocupacional-santiago\/wp-json\/wp\/v2\/media?parent=1680"}],"curies":[{"name":"wp","href":"https:\/\/api.w.org\/{rel}","templated":true}]}}