{"id":233,"date":"2020-05-05T01:19:23","date_gmt":"2020-05-04T23:19:23","guid":{"rendered":"http:\/\/medicina.udd.cl\/terapia-ocupacional-santiago\/?page_id=233"},"modified":"2025-12-19T13:29:49","modified_gmt":"2025-12-19T12:29:49","slug":"terapia-ocupacional-udd","status":"publish","type":"page","link":"https:\/\/medicina.udd.cl\/terapia-ocupacional-santiago\/terapia-ocupacional-udd\/","title":{"rendered":"\u00bfPor qu\u00e9 estudiar Terapia Ocupacional en la UDD?"},"content":{"rendered":"<!-- WP Block: UDD - Content Gallery -->\n<section class=\"wp-block-udd-content-gallery wp-block-udd-content-gallery--align-left\">\n\t<div class=\"content-gallery\">\n\t\t<main class=\"content-gallery__content\">\n\t\t\t<div class=\"content-gallery__content-inner\">\n\t\t\t\t<h2 class=\"block__title content-gallery__title\">Malla Innovadora<\/h2>\n\t\t\t\t<div class=\"text\">\n\t\t\t\t\t\n<p>Podr\u00e1s desarrollarte en todos los \u00e1mbitos de la profesi\u00f3n, con una formaci\u00f3n actualizada, centrada en el Aprendizaje Experiencial, acorde con los desaf\u00edos, problem\u00e1ticas y oportunidades del siglo XXI, con un marcado sello en la innovaci\u00f3n e inclusi\u00f3n.<\/p>\n\n<p><a href=\"https:\/\/www.udd.cl\/mallas\/terapiaocupacional.pdf\"><strong>Ver malla<\/strong><\/a><\/p>\n\t\t\t\t<\/div>\n\t\t\t<\/div>\n\t\t<\/main>\n\t\t<aside class=\"content-gallery__media\">\n\t\t\t<div id=\"gallery-carousel-3be1a62d9a\" class=\"carousel slide carousel-gallery\" data-ride=\"carousel\" data-interval=\"false\">\n\t\t\t\t<div class=\"carousel-inner\" role=\"listbox\">\n\t\t\t\t\t\t\t\t\t\t\t<div class=\"carousel-item active\">\n\t\t\t\t\t\t\t<img loading=\"lazy\" decoding=\"async\" width=\"1366\" height=\"768\" src=\"https:\/\/medicina.udd.cl\/terapia-ocupacional-santiago\/files\/2025\/12\/to-1366x768.jpg\" class=\"content-gallery__media-image\" alt=\"\" srcset=\"https:\/\/medicina.udd.cl\/terapia-ocupacional-santiago\/files\/2025\/12\/to-1366x768.jpg 1366w, https:\/\/medicina.udd.cl\/terapia-ocupacional-santiago\/files\/2025\/12\/to-1920x1080.jpg 1920w, https:\/\/medicina.udd.cl\/terapia-ocupacional-santiago\/files\/2025\/12\/to-952x534.jpg 952w, https:\/\/medicina.udd.cl\/terapia-ocupacional-santiago\/files\/2025\/12\/to-680x382.jpg 680w\" sizes=\"auto, (max-width: 1366px) 100vw, 1366px\" \/>\t\t\t\t\t\t\t\t\t\t\t\t\t<\/div>\n\t\t\t\t\t\t\t\t\t<\/div>\n\t\t\t\t\t\t<\/div>\n\t\t<\/aside>\n\t<\/div>\n<\/section>\n\n\n<!-- WP Block: UDD - Content Gallery -->\n<section class=\"wp-block-udd-content-gallery\">\n\t<div class=\"content-gallery\">\n\t\t<main class=\"content-gallery__content\">\n\t\t\t<div class=\"content-gallery__content-inner\">\n\t\t\t\t<h2 class=\"block__title content-gallery__title\">Tecnolog\u00eda e innovaci\u00f3n en la formaci\u00f3n<\/h2>\n\t\t\t\t<div class=\"text\">\n\t\t\t\t\t\n<p>Infraestructura de primer nivel y equipamiento especializado, que permiten el desarrollo de metodolog\u00edas de ense\u00f1anza innovadoras y tecnol\u00f3gicas, como el uso de Realidad Aumentada y Extendida, que brindan una experiencia de aprendizaje significativa y que te permitir\u00e1n brindar una intervenci\u00f3n terap\u00e9utica eficiente y avanzada.<\/p>\n\n<p><strong><a href=\"https:\/\/medicina.udd.cl\/terapia-ocupacional-santiago\/tecnologia-e-innovacion-en-la-formacion\/\">Ver m\u00e1s aqu\u00ed<\/a><\/strong><\/p>\n\n<p><\/p>\n\t\t\t\t<\/div>\n\t\t\t<\/div>\n\t\t<\/main>\n\t\t<aside class=\"content-gallery__media\">\n\t\t\t<div id=\"gallery-carousel-e40a4dacfe\" class=\"carousel slide carousel-gallery\" data-ride=\"carousel\" data-interval=\"false\">\n\t\t\t\t<div class=\"carousel-inner\" role=\"listbox\">\n\t\t\t\t\t\t\t\t\t\t\t<div class=\"carousel-item active\">\n\t\t\t\t\t\t\t<img loading=\"lazy\" decoding=\"async\" width=\"1183\" height=\"583\" src=\"https:\/\/medicina.udd.cl\/terapia-ocupacional-santiago\/files\/2024\/02\/imagen-guia-universitaria-1.png\" class=\"content-gallery__media-image\" alt=\"\" srcset=\"https:\/\/medicina.udd.cl\/terapia-ocupacional-santiago\/files\/2024\/02\/imagen-guia-universitaria-1.png 1183w, https:\/\/medicina.udd.cl\/terapia-ocupacional-santiago\/files\/2024\/02\/imagen-guia-universitaria-1-300x148.png 300w, https:\/\/medicina.udd.cl\/terapia-ocupacional-santiago\/files\/2024\/02\/imagen-guia-universitaria-1-1024x505.png 1024w, https:\/\/medicina.udd.cl\/terapia-ocupacional-santiago\/files\/2024\/02\/imagen-guia-universitaria-1-768x378.png 768w\" sizes=\"auto, (max-width: 1183px) 100vw, 1183px\" \/>\t\t\t\t\t\t\t\t\t\t\t\t\t<\/div>\n\t\t\t\t\t\t\t\t\t<\/div>\n\t\t\t\t\t\t<\/div>\n\t\t<\/aside>\n\t<\/div>\n<\/section>\n\n\n<!-- WP Block: UDD - Content Gallery -->\n<section class=\"wp-block-udd-content-gallery wp-block-udd-content-gallery--align-left\">\n\t<div class=\"content-gallery\">\n\t\t<main class=\"content-gallery__content\">\n\t\t\t<div class=\"content-gallery__content-inner\">\n\t\t\t\t<h2 class=\"block__title content-gallery__title\">Cuerpo acad\u00e9mico de excelencia<\/h2>\n\t\t\t\t<div class=\"text\">\n\t\t\t\t\t\n<p>Equipo de acad\u00e9mico\/as con gran experiencia docente y profesional y con extensa formaci\u00f3n de postgrado e investigaci\u00f3n. Referentes nacionales e internacionales por sus destacadas participaciones en congresos, espacios cient\u00edficos y gremiales del \u00e1mbito p\u00fablico y privado.<\/p>\n\n<p><strong><a href=\"https:\/\/medicina.udd.cl\/terapia-ocupacional-santiago\/nuestro-equipo\/\">Ver equipo acad\u00e9mico<\/a><\/strong><\/p>\n\t\t\t\t<\/div>\n\t\t\t<\/div>\n\t\t<\/main>\n\t\t<aside class=\"content-gallery__media\">\n\t\t\t<div id=\"gallery-carousel-816d77b978\" class=\"carousel slide carousel-gallery\" data-ride=\"carousel\" data-interval=\"false\">\n\t\t\t\t<div class=\"carousel-inner\" role=\"listbox\">\n\t\t\t\t\t\t\t\t\t\t\t<div class=\"carousel-item active\">\n\t\t\t\t\t\t\t<img loading=\"lazy\" decoding=\"async\" width=\"1366\" height=\"768\" src=\"https:\/\/medicina.udd.cl\/terapia-ocupacional-santiago\/files\/2023\/01\/lab10-1366x768.jpg\" class=\"content-gallery__media-image\" alt=\"\" srcset=\"https:\/\/medicina.udd.cl\/terapia-ocupacional-santiago\/files\/2023\/01\/lab10-1366x768.jpg 1366w, https:\/\/medicina.udd.cl\/terapia-ocupacional-santiago\/files\/2023\/01\/lab10-1920x1080.jpg 1920w, https:\/\/medicina.udd.cl\/terapia-ocupacional-santiago\/files\/2023\/01\/lab10-952x534.jpg 952w, https:\/\/medicina.udd.cl\/terapia-ocupacional-santiago\/files\/2023\/01\/lab10-680x382.jpg 680w\" sizes=\"auto, (max-width: 1366px) 100vw, 1366px\" \/>\t\t\t\t\t\t\t\t\t\t\t\t\t<\/div>\n\t\t\t\t\t\t\t\t\t<\/div>\n\t\t\t\t\t\t<\/div>\n\t\t<\/aside>\n\t<\/div>\n<\/section>\n\n\n<!-- WP Block: UDD - Content Gallery -->\n<section class=\"wp-block-udd-content-gallery\">\n\t<div class=\"content-gallery\">\n\t\t<main class=\"content-gallery__content\">\n\t\t\t<div class=\"content-gallery__content-inner\">\n\t\t\t\t<h2 class=\"block__title content-gallery__title\">Pr\u00e1cticas desde primer a\u00f1o y experiencias internacionales<\/h2>\n\t\t\t\t<div class=\"text\">\n\t\t\t\t\t\n<p>Experiencias pr\u00e1cticas desde 1er a\u00f1o en Campos Cl\u00ednicos acerc\u00e1ndote en forma temprana al ejercicio profesional como Terapeuta Ocupacional. Adem\u00e1s, tendr\u00e1s vinculaci\u00f3n con la comunidad internacional en aulas, intercambios e internados internacionales.<\/p>\n\n<p><strong><a href=\"https:\/\/medicina.udd.cl\/terapia-ocupacional-santiago\/practicas-desde-primer-ano-y-experiencias-internacionales\/\">Ver m\u00e1s aqu\u00ed<\/a><\/strong><\/p>\n\t\t\t\t<\/div>\n\t\t\t<\/div>\n\t\t<\/main>\n\t\t<aside class=\"content-gallery__media\">\n\t\t\t<div id=\"gallery-carousel-2ab2ed2510\" class=\"carousel slide carousel-gallery\" data-ride=\"carousel\" data-interval=\"false\">\n\t\t\t\t<div class=\"carousel-inner\" role=\"listbox\">\n\t\t\t\t\t\t\t\t\t\t\t<div class=\"carousel-item active\">\n\t\t\t\t\t\t\t<img loading=\"lazy\" decoding=\"async\" width=\"1366\" height=\"768\" src=\"https:\/\/medicina.udd.cl\/terapia-ocupacional-santiago\/files\/2023\/01\/practicasto1-1366x768.jpg\" class=\"content-gallery__media-image\" alt=\"\" srcset=\"https:\/\/medicina.udd.cl\/terapia-ocupacional-santiago\/files\/2023\/01\/practicasto1-1366x768.jpg 1366w, https:\/\/medicina.udd.cl\/terapia-ocupacional-santiago\/files\/2023\/01\/practicasto1-952x534.jpg 952w, https:\/\/medicina.udd.cl\/terapia-ocupacional-santiago\/files\/2023\/01\/practicasto1-680x382.jpg 680w\" sizes=\"auto, (max-width: 1366px) 100vw, 1366px\" \/>\t\t\t\t\t\t\t\t\t\t\t\t\t<\/div>\n\t\t\t\t\t\t\t\t\t<\/div>\n\t\t\t\t\t\t<\/div>\n\t\t<\/aside>\n\t<\/div>\n<\/section>\n\n\n<!-- WP Block: UDD - Content Gallery -->\n<section class=\"wp-block-udd-content-gallery wp-block-udd-content-gallery--align-left\">\n\t<div class=\"content-gallery\">\n\t\t<main class=\"content-gallery__content\">\n\t\t\t<div class=\"content-gallery__content-inner\">\n\t\t\t\t<h2 class=\"block__title content-gallery__title\">Acreditaci\u00f3n<\/h2>\n\t\t\t\t<div class=\"text\">\n\t\t\t\t\t\n<p>Acreditaci\u00f3n m\u00e1xima de 7 a\u00f1os por la World Federation of Occupational Therapists, quien es responsable de garantizar la calidad de los programas educativos a nivel mundial mediante el desarrollo de est\u00e1ndares que reflejen las cualidades din\u00e1micas de la educaci\u00f3n en terapia ocupacional en todo el mundo.<\/p>\n\n<p><strong><a href=\"https:\/\/medicina.udd.cl\/terapia-ocupacional-santiago\/2022\/01\/12\/terapia-ocupacional-udd-acreditada-7-anos-por-la-world-federation-of-occupational-therapists\/\">Ver m\u00e1s aqu\u00ed<\/a><\/strong><\/p>\n\t\t\t\t<\/div>\n\t\t\t<\/div>\n\t\t<\/main>\n\t\t<aside class=\"content-gallery__media\">\n\t\t\t<div id=\"gallery-carousel-01cbc56394\" class=\"carousel slide carousel-gallery\" data-ride=\"carousel\" data-interval=\"false\">\n\t\t\t\t<div class=\"carousel-inner\" role=\"listbox\">\n\t\t\t\t\t\t\t\t\t\t\t<div class=\"carousel-item active\">\n\t\t\t\t\t\t\t<img loading=\"lazy\" decoding=\"async\" width=\"512\" height=\"512\" src=\"https:\/\/medicina.udd.cl\/terapia-ocupacional-santiago\/files\/2022\/07\/intercambios-udd-2023.png\" class=\"content-gallery__media-image\" alt=\"\" srcset=\"https:\/\/medicina.udd.cl\/terapia-ocupacional-santiago\/files\/2022\/07\/intercambios-udd-2023.png 512w, https:\/\/medicina.udd.cl\/terapia-ocupacional-santiago\/files\/2022\/07\/intercambios-udd-2023-300x300.png 300w, https:\/\/medicina.udd.cl\/terapia-ocupacional-santiago\/files\/2022\/07\/intercambios-udd-2023-150x150.png 150w, https:\/\/medicina.udd.cl\/terapia-ocupacional-santiago\/files\/2022\/07\/intercambios-udd-2023-62x62.png 62w, https:\/\/medicina.udd.cl\/terapia-ocupacional-santiago\/files\/2022\/07\/intercambios-udd-2023-500x500.png 500w, https:\/\/medicina.udd.cl\/terapia-ocupacional-santiago\/files\/2022\/07\/intercambios-udd-2023-250x250.png 250w, https:\/\/medicina.udd.cl\/terapia-ocupacional-santiago\/files\/2022\/07\/intercambios-udd-2023-126x126.png 126w\" sizes=\"auto, (max-width: 512px) 100vw, 512px\" \/>\t\t\t\t\t\t\t\t\t\t\t\t\t<\/div>\n\t\t\t\t\t\t\t\t\t<\/div>\n\t\t\t\t\t\t<\/div>\n\t\t<\/aside>\n\t<\/div>\n<\/section>\n","protected":false},"excerpt":{"rendered":"","protected":false},"author":9192194,"featured_media":0,"parent":0,"menu_order":0,"comment_status":"closed","ping_status":"closed","template":"","meta":{"footnotes":""},"class_list":["post-233","page","type-page","status-publish","hentry"],"yoast_head":"<!-- This site is optimized with the Yoast SEO plugin v26.9 - https:\/\/yoast.com\/product\/yoast-seo-wordpress\/ -->\n<title>Terapia Ocupacional - Fac. de Medicina Cl\u00ednica Alemana UDD<\/title>\n<meta name=\"description\" content=\"Formaci\u00f3n interdisciplinar y transversal. Cl\u00ednica UDD como campo principal. Conoce nuestra malla curricular. Admisi\u00f3n 2025.\" \/>\n<meta name=\"robots\" content=\"index, follow, max-snippet:-1, max-image-preview:large, max-video-preview:-1\" \/>\n<link rel=\"canonical\" href=\"https:\/\/medicina.udd.cl\/terapia-ocupacional-santiago\/terapia-ocupacional-udd\/\" \/>\n<meta property=\"og:locale\" content=\"es_ES\" \/>\n<meta property=\"og:type\" content=\"article\" \/>\n<meta property=\"og:title\" content=\"Terapia Ocupacional - Fac. de Medicina Cl\u00ednica Alemana UDD\" \/>\n<meta property=\"og:description\" content=\"Formaci\u00f3n interdisciplinar y transversal. Cl\u00ednica UDD como campo principal. Conoce nuestra malla curricular. Admisi\u00f3n 2025.\" \/>\n<meta property=\"og:url\" content=\"https:\/\/medicina.udd.cl\/terapia-ocupacional-santiago\/terapia-ocupacional-udd\/\" \/>\n<meta property=\"og:site_name\" content=\"Terapia Ocupacional\" \/>\n<meta property=\"article:modified_time\" content=\"2025-12-19T12:29:49+00:00\" \/>\n<meta name=\"twitter:card\" content=\"summary_large_image\" \/>\n<meta name=\"twitter:label1\" content=\"Tiempo de lectura\" \/>\n\t<meta name=\"twitter:data1\" content=\"1 minuto\" \/>\n<script type=\"application\/ld+json\" class=\"yoast-schema-graph\">{\"@context\":\"https:\/\/schema.org\",\"@graph\":[{\"@type\":\"WebPage\",\"@id\":\"https:\/\/medicina.udd.cl\/terapia-ocupacional-santiago\/terapia-ocupacional-udd\/\",\"url\":\"https:\/\/medicina.udd.cl\/terapia-ocupacional-santiago\/terapia-ocupacional-udd\/\",\"name\":\"Terapia Ocupacional - Fac. de Medicina Cl\u00ednica Alemana UDD\",\"isPartOf\":{\"@id\":\"https:\/\/medicina.udd.cl\/terapia-ocupacional-santiago\/#website\"},\"datePublished\":\"2020-05-04T23:19:23+00:00\",\"dateModified\":\"2025-12-19T12:29:49+00:00\",\"description\":\"Formaci\u00f3n interdisciplinar y transversal. Cl\u00ednica UDD como campo principal. Conoce nuestra malla curricular. Admisi\u00f3n 2025.\",\"breadcrumb\":{\"@id\":\"https:\/\/medicina.udd.cl\/terapia-ocupacional-santiago\/terapia-ocupacional-udd\/#breadcrumb\"},\"inLanguage\":\"es\",\"potentialAction\":[{\"@type\":\"ReadAction\",\"target\":[\"https:\/\/medicina.udd.cl\/terapia-ocupacional-santiago\/terapia-ocupacional-udd\/\"]}]},{\"@type\":\"BreadcrumbList\",\"@id\":\"https:\/\/medicina.udd.cl\/terapia-ocupacional-santiago\/terapia-ocupacional-udd\/#breadcrumb\",\"itemListElement\":[{\"@type\":\"ListItem\",\"position\":1,\"name\":\"Home\",\"item\":\"https:\/\/medicina.udd.cl\/terapia-ocupacional-santiago\/\"},{\"@type\":\"ListItem\",\"position\":2,\"name\":\"\u00bfPor qu\u00e9 estudiar Terapia Ocupacional en la UDD?\"}]},{\"@type\":\"WebSite\",\"@id\":\"https:\/\/medicina.udd.cl\/terapia-ocupacional-santiago\/#website\",\"url\":\"https:\/\/medicina.udd.cl\/terapia-ocupacional-santiago\/\",\"name\":\"Terapia Ocupacional\",\"description\":\"Facultad de Medicina C\u00ednica Alemana Universidad del Desarrollo\",\"inLanguage\":\"es\"}]}<\/script>\n<!-- \/ Yoast SEO plugin. -->","yoast_head_json":{"title":"Terapia Ocupacional - Fac. de Medicina Cl\u00ednica Alemana UDD","description":"Formaci\u00f3n interdisciplinar y transversal. Cl\u00ednica UDD como campo principal. Conoce nuestra malla curricular. Admisi\u00f3n 2025.","robots":{"index":"index","follow":"follow","max-snippet":"max-snippet:-1","max-image-preview":"max-image-preview:large","max-video-preview":"max-video-preview:-1"},"canonical":"https:\/\/medicina.udd.cl\/terapia-ocupacional-santiago\/terapia-ocupacional-udd\/","og_locale":"es_ES","og_type":"article","og_title":"Terapia Ocupacional - Fac. de Medicina Cl\u00ednica Alemana UDD","og_description":"Formaci\u00f3n interdisciplinar y transversal. Cl\u00ednica UDD como campo principal. Conoce nuestra malla curricular. Admisi\u00f3n 2025.","og_url":"https:\/\/medicina.udd.cl\/terapia-ocupacional-santiago\/terapia-ocupacional-udd\/","og_site_name":"Terapia Ocupacional","article_modified_time":"2025-12-19T12:29:49+00:00","twitter_card":"summary_large_image","twitter_misc":{"Tiempo de lectura":"1 minuto"},"schema":{"@context":"https:\/\/schema.org","@graph":[{"@type":"WebPage","@id":"https:\/\/medicina.udd.cl\/terapia-ocupacional-santiago\/terapia-ocupacional-udd\/","url":"https:\/\/medicina.udd.cl\/terapia-ocupacional-santiago\/terapia-ocupacional-udd\/","name":"Terapia Ocupacional - Fac. de Medicina Cl\u00ednica Alemana UDD","isPartOf":{"@id":"https:\/\/medicina.udd.cl\/terapia-ocupacional-santiago\/#website"},"datePublished":"2020-05-04T23:19:23+00:00","dateModified":"2025-12-19T12:29:49+00:00","description":"Formaci\u00f3n interdisciplinar y transversal. Cl\u00ednica UDD como campo principal. Conoce nuestra malla curricular. Admisi\u00f3n 2025.","breadcrumb":{"@id":"https:\/\/medicina.udd.cl\/terapia-ocupacional-santiago\/terapia-ocupacional-udd\/#breadcrumb"},"inLanguage":"es","potentialAction":[{"@type":"ReadAction","target":["https:\/\/medicina.udd.cl\/terapia-ocupacional-santiago\/terapia-ocupacional-udd\/"]}]},{"@type":"BreadcrumbList","@id":"https:\/\/medicina.udd.cl\/terapia-ocupacional-santiago\/terapia-ocupacional-udd\/#breadcrumb","itemListElement":[{"@type":"ListItem","position":1,"name":"Home","item":"https:\/\/medicina.udd.cl\/terapia-ocupacional-santiago\/"},{"@type":"ListItem","position":2,"name":"\u00bfPor qu\u00e9 estudiar Terapia Ocupacional en la UDD?"}]},{"@type":"WebSite","@id":"https:\/\/medicina.udd.cl\/terapia-ocupacional-santiago\/#website","url":"https:\/\/medicina.udd.cl\/terapia-ocupacional-santiago\/","name":"Terapia Ocupacional","description":"Facultad de Medicina C\u00ednica Alemana Universidad del Desarrollo","inLanguage":"es"}]}},"_links":{"self":[{"href":"https:\/\/medicina.udd.cl\/terapia-ocupacional-santiago\/wp-json\/wp\/v2\/pages\/233","targetHints":{"allow":["GET"]}}],"collection":[{"href":"https:\/\/medicina.udd.cl\/terapia-ocupacional-santiago\/wp-json\/wp\/v2\/pages"}],"about":[{"href":"https:\/\/medicina.udd.cl\/terapia-ocupacional-santiago\/wp-json\/wp\/v2\/types\/page"}],"author":[{"embeddable":true,"href":"https:\/\/medicina.udd.cl\/terapia-ocupacional-santiago\/wp-json\/wp\/v2\/users\/9192194"}],"replies":[{"embeddable":true,"href":"https:\/\/medicina.udd.cl\/terapia-ocupacional-santiago\/wp-json\/wp\/v2\/comments?post=233"}],"version-history":[{"count":19,"href":"https:\/\/medicina.udd.cl\/terapia-ocupacional-santiago\/wp-json\/wp\/v2\/pages\/233\/revisions"}],"predecessor-version":[{"id":2750,"href":"https:\/\/medicina.udd.cl\/terapia-ocupacional-santiago\/wp-json\/wp\/v2\/pages\/233\/revisions\/2750"}],"wp:attachment":[{"href":"https:\/\/medicina.udd.cl\/terapia-ocupacional-santiago\/wp-json\/wp\/v2\/media?parent=233"}],"curies":[{"name":"wp","href":"https:\/\/api.w.org\/{rel}","templated":true}]}}