{"id":247,"date":"2020-05-05T01:38:38","date_gmt":"2020-05-04T23:38:38","guid":{"rendered":"http:\/\/medicina.udd.cl\/terapia-ocupacional-santiago\/?page_id=247"},"modified":"2020-06-19T23:06:52","modified_gmt":"2020-06-19T21:06:52","slug":"perfil-de-egreso","status":"publish","type":"page","link":"https:\/\/medicina.udd.cl\/terapia-ocupacional-santiago\/perfil-de-egreso\/","title":{"rendered":"Perfil de egreso"},"content":{"rendered":"\n<p><em>\u00abEl\/la Terapeuta Ocupacional egresado\/a de la Universidad del\nDesarrollo, es un profesional de la salud con perspectiva social, que act\u00faa\neficientemente en la prevenci\u00f3n, promoci\u00f3n y restauraci\u00f3n de la misma. Al comprender\nal ser humano de forma integral, se desempe\u00f1a favoreciendo la autonom\u00eda e\nindependencia para la participaci\u00f3n satisfactoria en actividades cotidianas y\nbienestar de las personas, a lo largo del curso de vida, incorpor\u00e1ndose en\nequipos profesionales multi e interdisciplinarios de salud, educaci\u00f3n, trabajo,\nentre otros.<\/em><\/p>\n\n\n\n<p><em>&nbsp;&nbsp; Utiliza a la base de su razonamiento profesional la\n\u201cocupaci\u00f3n\u201d y el significado que le atribuyen las personas a las mismas;\ntransform\u00e1ndose en el elemento central de su intervenci\u00f3n. Adem\u00e1s,&nbsp;en su\nactuar profesional incorpora aspectos demogr\u00e1ficos y epidemiol\u00f3gicos en\nperspectiva con el siglo XXI y la globalizaci\u00f3n, poniendo \u00e9nfasis en h\u00e1bitos,\nrutinas, contextos socioculturales, para vincularlos con los estilos de vida y el\nimpacto que este tiene en el bienestar y la salud de las personas y\ncomunidades.<\/em><\/p>\n\n\n\n<p><em>&nbsp;&nbsp; Su s\u00f3lida formaci\u00f3n cient\u00edfico humanista, pluralista y\nuniversal, le facilita un pensamiento cr\u00edtico y reflexivo, actuar \u00e9tico y\nvaloraci\u00f3n de la diversidad, que lo habilitan para una intervenci\u00f3n basada en\nla evidencia, investigaci\u00f3n disciplinar y gesti\u00f3n efectiva, con la&nbsp;<strong>Inclusi\u00f3n&nbsp;<\/strong>e<strong>&nbsp;Innovaci\u00f3n&nbsp;<\/strong>como\nsellos distintivos de la formaci\u00f3n, permiti\u00e9ndole ser un agente de cambio desde\nsu rol profesional.\u00bb<\/em><\/p>\n","protected":false},"excerpt":{"rendered":"<p>\u00abEl\/la Terapeuta Ocupacional egresado\/a de la Universidad del Desarrollo, es un profesional de la salud con perspectiva social, que act\u00faa eficientemente en la prevenci\u00f3n, promoci\u00f3n y restauraci\u00f3n de la misma. Al comprender al ser humano de forma integral, se desempe\u00f1a favoreciendo la autonom\u00eda e independencia para la participaci\u00f3n satisfactoria en actividades cotidianas y bienestar de [&hellip;]<\/p>\n","protected":false},"author":9192194,"featured_media":0,"parent":0,"menu_order":0,"comment_status":"closed","ping_status":"closed","template":"","meta":{"footnotes":""},"class_list":["post-247","page","type-page","status-publish","hentry"],"yoast_head":"<!-- This site is optimized with the Yoast SEO plugin v26.9 - https:\/\/yoast.com\/product\/yoast-seo-wordpress\/ -->\n<title>Perfil de egreso - Terapia Ocupacional<\/title>\n<meta name=\"robots\" content=\"index, follow, max-snippet:-1, max-image-preview:large, max-video-preview:-1\" \/>\n<link rel=\"canonical\" href=\"https:\/\/medicina.udd.cl\/terapia-ocupacional-santiago\/perfil-de-egreso\/\" \/>\n<meta property=\"og:locale\" content=\"es_ES\" \/>\n<meta property=\"og:type\" content=\"article\" \/>\n<meta property=\"og:title\" content=\"Perfil de egreso - Terapia Ocupacional\" \/>\n<meta property=\"og:description\" content=\"\u00abEl\/la Terapeuta Ocupacional egresado\/a de la Universidad del Desarrollo, es un profesional de la salud con perspectiva social, que act\u00faa eficientemente en la prevenci\u00f3n, promoci\u00f3n y restauraci\u00f3n de la misma. Al comprender al ser humano de forma integral, se desempe\u00f1a favoreciendo la autonom\u00eda e independencia para la participaci\u00f3n satisfactoria en actividades cotidianas y bienestar de [&hellip;]\" \/>\n<meta property=\"og:url\" content=\"https:\/\/medicina.udd.cl\/terapia-ocupacional-santiago\/perfil-de-egreso\/\" \/>\n<meta property=\"og:site_name\" content=\"Terapia Ocupacional\" \/>\n<meta property=\"article:modified_time\" content=\"2020-06-19T21:06:52+00:00\" \/>\n<meta name=\"twitter:card\" content=\"summary_large_image\" \/>\n<meta name=\"twitter:label1\" content=\"Tiempo de lectura\" \/>\n\t<meta name=\"twitter:data1\" content=\"1 minuto\" \/>\n<script type=\"application\/ld+json\" class=\"yoast-schema-graph\">{\"@context\":\"https:\/\/schema.org\",\"@graph\":[{\"@type\":\"WebPage\",\"@id\":\"https:\/\/medicina.udd.cl\/terapia-ocupacional-santiago\/perfil-de-egreso\/\",\"url\":\"https:\/\/medicina.udd.cl\/terapia-ocupacional-santiago\/perfil-de-egreso\/\",\"name\":\"Perfil de egreso - Terapia Ocupacional\",\"isPartOf\":{\"@id\":\"https:\/\/medicina.udd.cl\/terapia-ocupacional-santiago\/#website\"},\"datePublished\":\"2020-05-04T23:38:38+00:00\",\"dateModified\":\"2020-06-19T21:06:52+00:00\",\"breadcrumb\":{\"@id\":\"https:\/\/medicina.udd.cl\/terapia-ocupacional-santiago\/perfil-de-egreso\/#breadcrumb\"},\"inLanguage\":\"es\",\"potentialAction\":[{\"@type\":\"ReadAction\",\"target\":[\"https:\/\/medicina.udd.cl\/terapia-ocupacional-santiago\/perfil-de-egreso\/\"]}]},{\"@type\":\"BreadcrumbList\",\"@id\":\"https:\/\/medicina.udd.cl\/terapia-ocupacional-santiago\/perfil-de-egreso\/#breadcrumb\",\"itemListElement\":[{\"@type\":\"ListItem\",\"position\":1,\"name\":\"Home\",\"item\":\"https:\/\/medicina.udd.cl\/terapia-ocupacional-santiago\/\"},{\"@type\":\"ListItem\",\"position\":2,\"name\":\"Perfil de egreso\"}]},{\"@type\":\"WebSite\",\"@id\":\"https:\/\/medicina.udd.cl\/terapia-ocupacional-santiago\/#website\",\"url\":\"https:\/\/medicina.udd.cl\/terapia-ocupacional-santiago\/\",\"name\":\"Terapia Ocupacional\",\"description\":\"Facultad de Medicina C\u00ednica Alemana Universidad del Desarrollo\",\"inLanguage\":\"es\"}]}<\/script>\n<!-- \/ Yoast SEO plugin. -->","yoast_head_json":{"title":"Perfil de egreso - Terapia Ocupacional","robots":{"index":"index","follow":"follow","max-snippet":"max-snippet:-1","max-image-preview":"max-image-preview:large","max-video-preview":"max-video-preview:-1"},"canonical":"https:\/\/medicina.udd.cl\/terapia-ocupacional-santiago\/perfil-de-egreso\/","og_locale":"es_ES","og_type":"article","og_title":"Perfil de egreso - Terapia Ocupacional","og_description":"\u00abEl\/la Terapeuta Ocupacional egresado\/a de la Universidad del Desarrollo, es un profesional de la salud con perspectiva social, que act\u00faa eficientemente en la prevenci\u00f3n, promoci\u00f3n y restauraci\u00f3n de la misma. Al comprender al ser humano de forma integral, se desempe\u00f1a favoreciendo la autonom\u00eda e independencia para la participaci\u00f3n satisfactoria en actividades cotidianas y bienestar de [&hellip;]","og_url":"https:\/\/medicina.udd.cl\/terapia-ocupacional-santiago\/perfil-de-egreso\/","og_site_name":"Terapia Ocupacional","article_modified_time":"2020-06-19T21:06:52+00:00","twitter_card":"summary_large_image","twitter_misc":{"Tiempo de lectura":"1 minuto"},"schema":{"@context":"https:\/\/schema.org","@graph":[{"@type":"WebPage","@id":"https:\/\/medicina.udd.cl\/terapia-ocupacional-santiago\/perfil-de-egreso\/","url":"https:\/\/medicina.udd.cl\/terapia-ocupacional-santiago\/perfil-de-egreso\/","name":"Perfil de egreso - Terapia Ocupacional","isPartOf":{"@id":"https:\/\/medicina.udd.cl\/terapia-ocupacional-santiago\/#website"},"datePublished":"2020-05-04T23:38:38+00:00","dateModified":"2020-06-19T21:06:52+00:00","breadcrumb":{"@id":"https:\/\/medicina.udd.cl\/terapia-ocupacional-santiago\/perfil-de-egreso\/#breadcrumb"},"inLanguage":"es","potentialAction":[{"@type":"ReadAction","target":["https:\/\/medicina.udd.cl\/terapia-ocupacional-santiago\/perfil-de-egreso\/"]}]},{"@type":"BreadcrumbList","@id":"https:\/\/medicina.udd.cl\/terapia-ocupacional-santiago\/perfil-de-egreso\/#breadcrumb","itemListElement":[{"@type":"ListItem","position":1,"name":"Home","item":"https:\/\/medicina.udd.cl\/terapia-ocupacional-santiago\/"},{"@type":"ListItem","position":2,"name":"Perfil de egreso"}]},{"@type":"WebSite","@id":"https:\/\/medicina.udd.cl\/terapia-ocupacional-santiago\/#website","url":"https:\/\/medicina.udd.cl\/terapia-ocupacional-santiago\/","name":"Terapia Ocupacional","description":"Facultad de Medicina C\u00ednica Alemana Universidad del Desarrollo","inLanguage":"es"}]}},"_links":{"self":[{"href":"https:\/\/medicina.udd.cl\/terapia-ocupacional-santiago\/wp-json\/wp\/v2\/pages\/247","targetHints":{"allow":["GET"]}}],"collection":[{"href":"https:\/\/medicina.udd.cl\/terapia-ocupacional-santiago\/wp-json\/wp\/v2\/pages"}],"about":[{"href":"https:\/\/medicina.udd.cl\/terapia-ocupacional-santiago\/wp-json\/wp\/v2\/types\/page"}],"author":[{"embeddable":true,"href":"https:\/\/medicina.udd.cl\/terapia-ocupacional-santiago\/wp-json\/wp\/v2\/users\/9192194"}],"replies":[{"embeddable":true,"href":"https:\/\/medicina.udd.cl\/terapia-ocupacional-santiago\/wp-json\/wp\/v2\/comments?post=247"}],"version-history":[{"count":3,"href":"https:\/\/medicina.udd.cl\/terapia-ocupacional-santiago\/wp-json\/wp\/v2\/pages\/247\/revisions"}],"predecessor-version":[{"id":306,"href":"https:\/\/medicina.udd.cl\/terapia-ocupacional-santiago\/wp-json\/wp\/v2\/pages\/247\/revisions\/306"}],"wp:attachment":[{"href":"https:\/\/medicina.udd.cl\/terapia-ocupacional-santiago\/wp-json\/wp\/v2\/media?parent=247"}],"curies":[{"name":"wp","href":"https:\/\/api.w.org\/{rel}","templated":true}]}}