{"id":400,"date":"2020-07-07T19:13:12","date_gmt":"2020-07-07T17:13:12","guid":{"rendered":"http:\/\/medicina.udd.cl\/terapia-ocupacional-santiago\/?page_id=400"},"modified":"2020-09-11T20:00:55","modified_gmt":"2020-09-11T18:00:55","slug":"videos-terapia-ocupacional-udd","status":"publish","type":"page","link":"https:\/\/medicina.udd.cl\/terapia-ocupacional-santiago\/videos-terapia-ocupacional-udd\/","title":{"rendered":"Videos Terapia Ocupacional UDD"},"content":{"rendered":"\n<figure class=\"wp-block-embed-youtube wp-block-embed is-type-video is-provider-youtube wp-embed-aspect-16-9 wp-has-aspect-ratio\"><div class=\"wp-block-embed__wrapper\">\n<iframe loading=\"lazy\" title=\"Oportunidades para todos: Inclusi\u00f3n Escolar y Laboral- Terapeuta Ocupacional Alejandra Lillo\" width=\"500\" height=\"281\" src=\"https:\/\/www.youtube.com\/embed\/IERN29oAvaY?start=152&#038;feature=oembed&#038;rel=0&#038;modestbranding=1&#038;autohide=1&#038;autoplay=0&#038;enablejsapi=1&#038;showinfo=0\" allowautoplay=\"allowautoplay\" frameborder=\"0\" allow=\"accelerometer; autoplay; clipboard-write; encrypted-media; gyroscope; picture-in-picture; web-share\" referrerpolicy=\"strict-origin-when-cross-origin\" allowfullscreen><\/iframe>\n<\/div><\/figure>\n\n\n\n<p> \u00ab<strong><em>Oportunidades para tod@s: Inclusi\u00f3n Escolar y Laboral<\/em><\/strong>\u00ab, donde las terapeutas ocupacionales y docentes de T.O UDD, Alejandra Lillo y Andrea Ulloa, abordaron las alternativas de inclusi\u00f3n tanto escolar y laboral de las personas con discapacidad en el contexto nacional, permitiendo generar un espacio de valoraci\u00f3n de la diversidad. <\/p>\n\n\n\n<figure class=\"wp-block-embed-youtube wp-block-embed is-type-video is-provider-youtube wp-embed-aspect-16-9 wp-has-aspect-ratio\"><div class=\"wp-block-embed__wrapper\">\n<iframe loading=\"lazy\" title=\"Trastorno del Espectro Autista: Comprendiendo y expresando el mundo desde otra perspectiva\" width=\"500\" height=\"281\" src=\"https:\/\/www.youtube.com\/embed\/ZnDLzFN7o7Y?start=266&#038;feature=oembed&#038;rel=0&#038;modestbranding=1&#038;autohide=1&#038;autoplay=0&#038;enablejsapi=1&#038;showinfo=0\" allowautoplay=\"allowautoplay\" frameborder=\"0\" allow=\"accelerometer; autoplay; clipboard-write; encrypted-media; gyroscope; picture-in-picture; web-share\" referrerpolicy=\"strict-origin-when-cross-origin\" allowfullscreen><\/iframe>\n<\/div><\/figure>\n\n\n\n<p> \u00ab<strong><em>Trastorno del Espectro Autista: Comprendiendo y expresando el mundo desde otra perspectiva<\/em><\/strong>\u00ab, donde la doctora Marcela Castillo, m\u00e9dico otorrinolaring\u00f3logo de Cl\u00ednica Alemana y directora de la carrera de Medicina UDD, junto con Vivian Villarroel, terapeuta ocupacional y directora de la Carrera de Terapia Ocupacional UDD, profundiz\u00f3 en esta materia, la cual permite acercarnos cada vez m\u00e1s a una sociedad inclusiva. <\/p>\n\n\n\n<figure class=\"wp-block-embed-youtube wp-block-embed is-type-video is-provider-youtube wp-embed-aspect-16-9 wp-has-aspect-ratio\"><div class=\"wp-block-embed__wrapper\">\n<iframe loading=\"lazy\" title=\"Trastorno del Espectro Autista: \u00a1A prepararse para la autonom\u00eda!\" width=\"500\" height=\"281\" src=\"https:\/\/www.youtube.com\/embed\/hEDJns4u-N0?start=101&#038;feature=oembed&#038;rel=0&#038;modestbranding=1&#038;autohide=1&#038;autoplay=0&#038;enablejsapi=1&#038;showinfo=0\" allowautoplay=\"allowautoplay\" frameborder=\"0\" allow=\"accelerometer; autoplay; clipboard-write; encrypted-media; gyroscope; picture-in-picture; web-share\" referrerpolicy=\"strict-origin-when-cross-origin\" allowfullscreen><\/iframe>\n<\/div><\/figure>\n\n\n\n<p> \u00ab<strong><em>Trastorno del Espectro Autista: \u00a1A prepararse para la autonom\u00eda!<\/em><\/strong>\u00ab, donde Rosario Aguirre, terapeuta ocupacional del programa diagnosis de la Cl\u00ednica San Jos\u00e9 de Las Condes , junto a Claudia Mu\u00f1oz, docente de T.O UDD, fueron las encargadas de liderar este conversatorio. <\/p>\n\n\n\n<figure class=\"wp-block-embed-youtube wp-block-embed is-type-video is-provider-youtube wp-embed-aspect-16-9 wp-has-aspect-ratio\"><div class=\"wp-block-embed__wrapper\">\n<iframe loading=\"lazy\" title=\"Retomando la vida despu\u00e9s del confinamiento- Terapeuta Ocupacional Constanza P\u00e9rez\" width=\"500\" height=\"281\" src=\"https:\/\/www.youtube.com\/embed\/bV4IWPGQ1ic?start=110&#038;feature=oembed&#038;rel=0&#038;modestbranding=1&#038;autohide=1&#038;autoplay=0&#038;enablejsapi=1&#038;showinfo=0\" allowautoplay=\"allowautoplay\" frameborder=\"0\" allow=\"accelerometer; autoplay; clipboard-write; encrypted-media; gyroscope; picture-in-picture; web-share\" referrerpolicy=\"strict-origin-when-cross-origin\" allowfullscreen><\/iframe>\n<\/div><\/figure>\n\n\n\n<p><strong> \u201cRetomando la vida despu\u00e9s del confinamiento\u201d<\/strong>, a cargo de Constanza P\u00e9rez, Terapeuta Ocupacional de Cl\u00ednica Alemana de Santiago, junto con Pilar Ega\u00f1a, docente de T.O UDD. <\/p>\n\n\n\n<figure class=\"wp-block-embed-youtube wp-block-embed is-type-video is-provider-youtube wp-embed-aspect-16-9 wp-has-aspect-ratio\"><div class=\"wp-block-embed__wrapper\">\n<iframe loading=\"lazy\" title=\"Formando profesionales universitarios a distancia- Terapeuta Ocupacional Vivian Villarroel\" width=\"500\" height=\"281\" src=\"https:\/\/www.youtube.com\/embed\/g3jsqR_ULJk?start=155&#038;feature=oembed&#038;rel=0&#038;modestbranding=1&#038;autohide=1&#038;autoplay=0&#038;enablejsapi=1&#038;showinfo=0\" allowautoplay=\"allowautoplay\" frameborder=\"0\" allow=\"accelerometer; autoplay; clipboard-write; encrypted-media; gyroscope; picture-in-picture; web-share\" referrerpolicy=\"strict-origin-when-cross-origin\" allowfullscreen><\/iframe>\n<\/div><\/figure>\n\n\n\n<p><strong> \u201cFormando profesionales universitarios a distancia\u201d<\/strong>, a cargo de la directora y coordinadora acad\u00e9mica de la Carrera, Vivian Villarroel y Alejandra Gonz\u00e1lez, respectivamente. <\/p>\n\n\n\n<figure class=\"wp-block-embed-youtube wp-block-embed is-type-video is-provider-youtube wp-embed-aspect-16-9 wp-has-aspect-ratio\"><div class=\"wp-block-embed__wrapper\">\n<iframe loading=\"lazy\" title=\"Rol de la Terapia Ocupacional en la Inclusi\u00f3n\" width=\"500\" height=\"281\" src=\"https:\/\/www.youtube.com\/embed\/tCuwKxYCUC4?feature=oembed&#038;rel=0&#038;modestbranding=1&#038;autohide=1&#038;autoplay=0&#038;enablejsapi=1&#038;showinfo=0\" allowautoplay=\"allowautoplay\" frameborder=\"0\" allow=\"accelerometer; autoplay; clipboard-write; encrypted-media; gyroscope; picture-in-picture; web-share\" referrerpolicy=\"strict-origin-when-cross-origin\" allowfullscreen><\/iframe>\n<\/div><\/figure>\n\n\n\n<p>  Hern\u00e1n Mery Torres, subdirector de Gesti\u00f3n Estrat\u00e9gica de SENADIS (Servicio Nacional de la Discapacidad) tambi\u00e9n fue parte del mes de celebraci\u00f3n de la Terapia Ocupacional que organiz\u00f3 la carrera de la Facultad de Medicina Cl\u00ednica Alemana Universidad del Desarrollo, y convers\u00f3 sobre <strong>el rol de la Terapia Ocupacional en la Inclusi\u00f3n<\/strong> <strong>y la gran labor en la actual crisis sociosanitaria.  <\/strong><\/p>\n\n\n\n<figure class=\"wp-block-embed-youtube wp-block-embed is-type-video is-provider-youtube wp-embed-aspect-16-9 wp-has-aspect-ratio\"><div class=\"wp-block-embed__wrapper\">\n<iframe loading=\"lazy\" title=\"Hablemos de lo cotidiano\" width=\"500\" height=\"281\" src=\"https:\/\/www.youtube.com\/embed\/LSbnuuskkm0?start=38&#038;feature=oembed&#038;rel=0&#038;modestbranding=1&#038;autohide=1&#038;autoplay=0&#038;enablejsapi=1&#038;showinfo=0\" allowautoplay=\"allowautoplay\" frameborder=\"0\" allow=\"accelerometer; autoplay; clipboard-write; encrypted-media; gyroscope; picture-in-picture; web-share\" referrerpolicy=\"strict-origin-when-cross-origin\" allowfullscreen><\/iframe>\n<\/div><\/figure>\n\n\n\n<p> Para esta actividad, se cont\u00f3 con la participaci\u00f3n de la terapeuta ocupacional y docente del \u00c1rea Profesional y de Inclusi\u00f3n de Terapia Ocupacional UDD, Claudia Mu\u00f1oz, qui\u00e9n expuso sobre la \u201c<strong>organizaci\u00f3n de rutina y alimentaci\u00f3n en ni\u00f1os, ni\u00f1as y adolescentes\u201d<\/strong>. Asimismo, particip\u00f3 el terapeuta ocupacional y acad\u00e9mico de la Universidad de Chile, Sebasti\u00e1n Gallegos, quien desarroll\u00f3 el tema\u00a0<strong>\u201cPrimeros d\u00edas de vida: recomendaciones para el hogar del reci\u00e9n nacido\u201d.<\/strong> <\/p>\n","protected":false},"excerpt":{"rendered":"<p>\u00abOportunidades para tod@s: Inclusi\u00f3n Escolar y Laboral\u00ab, donde las terapeutas ocupacionales y docentes de T.O UDD, Alejandra Lillo y Andrea Ulloa, abordaron las alternativas de inclusi\u00f3n tanto escolar y laboral de las personas con discapacidad en el contexto nacional, permitiendo generar un espacio de valoraci\u00f3n de la diversidad. \u00abTrastorno del Espectro Autista: Comprendiendo y expresando [&hellip;]<\/p>\n","protected":false},"author":9192219,"featured_media":0,"parent":0,"menu_order":0,"comment_status":"closed","ping_status":"closed","template":"","meta":{"footnotes":""},"class_list":["post-400","page","type-page","status-publish","hentry"],"yoast_head":"<!-- This site is optimized with the Yoast SEO plugin v26.9 - https:\/\/yoast.com\/product\/yoast-seo-wordpress\/ -->\n<title>Videos Terapia Ocupacional UDD - Terapia Ocupacional<\/title>\n<meta name=\"robots\" content=\"index, follow, max-snippet:-1, max-image-preview:large, max-video-preview:-1\" \/>\n<link rel=\"canonical\" href=\"https:\/\/medicina.udd.cl\/terapia-ocupacional-santiago\/videos-terapia-ocupacional-udd\/\" \/>\n<meta property=\"og:locale\" content=\"es_ES\" \/>\n<meta property=\"og:type\" content=\"article\" \/>\n<meta property=\"og:title\" content=\"Videos Terapia Ocupacional UDD - Terapia Ocupacional\" \/>\n<meta property=\"og:description\" content=\"\u00abOportunidades para tod@s: Inclusi\u00f3n Escolar y Laboral\u00ab, donde las terapeutas ocupacionales y docentes de T.O UDD, Alejandra Lillo y Andrea Ulloa, abordaron las alternativas de inclusi\u00f3n tanto escolar y laboral de las personas con discapacidad en el contexto nacional, permitiendo generar un espacio de valoraci\u00f3n de la diversidad. \u00abTrastorno del Espectro Autista: Comprendiendo y expresando [&hellip;]\" \/>\n<meta property=\"og:url\" content=\"https:\/\/medicina.udd.cl\/terapia-ocupacional-santiago\/videos-terapia-ocupacional-udd\/\" \/>\n<meta property=\"og:site_name\" content=\"Terapia Ocupacional\" \/>\n<meta property=\"article:modified_time\" content=\"2020-09-11T18:00:55+00:00\" \/>\n<meta name=\"twitter:card\" content=\"summary_large_image\" \/>\n<meta name=\"twitter:label1\" content=\"Tiempo de lectura\" \/>\n\t<meta name=\"twitter:data1\" content=\"2 minutos\" \/>\n<script type=\"application\/ld+json\" class=\"yoast-schema-graph\">{\"@context\":\"https:\/\/schema.org\",\"@graph\":[{\"@type\":\"WebPage\",\"@id\":\"https:\/\/medicina.udd.cl\/terapia-ocupacional-santiago\/videos-terapia-ocupacional-udd\/\",\"url\":\"https:\/\/medicina.udd.cl\/terapia-ocupacional-santiago\/videos-terapia-ocupacional-udd\/\",\"name\":\"Videos Terapia Ocupacional UDD - Terapia Ocupacional\",\"isPartOf\":{\"@id\":\"https:\/\/medicina.udd.cl\/terapia-ocupacional-santiago\/#website\"},\"datePublished\":\"2020-07-07T17:13:12+00:00\",\"dateModified\":\"2020-09-11T18:00:55+00:00\",\"breadcrumb\":{\"@id\":\"https:\/\/medicina.udd.cl\/terapia-ocupacional-santiago\/videos-terapia-ocupacional-udd\/#breadcrumb\"},\"inLanguage\":\"es\",\"potentialAction\":[{\"@type\":\"ReadAction\",\"target\":[\"https:\/\/medicina.udd.cl\/terapia-ocupacional-santiago\/videos-terapia-ocupacional-udd\/\"]}]},{\"@type\":\"BreadcrumbList\",\"@id\":\"https:\/\/medicina.udd.cl\/terapia-ocupacional-santiago\/videos-terapia-ocupacional-udd\/#breadcrumb\",\"itemListElement\":[{\"@type\":\"ListItem\",\"position\":1,\"name\":\"Home\",\"item\":\"https:\/\/medicina.udd.cl\/terapia-ocupacional-santiago\/\"},{\"@type\":\"ListItem\",\"position\":2,\"name\":\"Videos Terapia Ocupacional UDD\"}]},{\"@type\":\"WebSite\",\"@id\":\"https:\/\/medicina.udd.cl\/terapia-ocupacional-santiago\/#website\",\"url\":\"https:\/\/medicina.udd.cl\/terapia-ocupacional-santiago\/\",\"name\":\"Terapia Ocupacional\",\"description\":\"Facultad de Medicina C\u00ednica Alemana Universidad del Desarrollo\",\"inLanguage\":\"es\"}]}<\/script>\n<!-- \/ Yoast SEO plugin. -->","yoast_head_json":{"title":"Videos Terapia Ocupacional UDD - Terapia Ocupacional","robots":{"index":"index","follow":"follow","max-snippet":"max-snippet:-1","max-image-preview":"max-image-preview:large","max-video-preview":"max-video-preview:-1"},"canonical":"https:\/\/medicina.udd.cl\/terapia-ocupacional-santiago\/videos-terapia-ocupacional-udd\/","og_locale":"es_ES","og_type":"article","og_title":"Videos Terapia Ocupacional UDD - Terapia Ocupacional","og_description":"\u00abOportunidades para tod@s: Inclusi\u00f3n Escolar y Laboral\u00ab, donde las terapeutas ocupacionales y docentes de T.O UDD, Alejandra Lillo y Andrea Ulloa, abordaron las alternativas de inclusi\u00f3n tanto escolar y laboral de las personas con discapacidad en el contexto nacional, permitiendo generar un espacio de valoraci\u00f3n de la diversidad. \u00abTrastorno del Espectro Autista: Comprendiendo y expresando [&hellip;]","og_url":"https:\/\/medicina.udd.cl\/terapia-ocupacional-santiago\/videos-terapia-ocupacional-udd\/","og_site_name":"Terapia Ocupacional","article_modified_time":"2020-09-11T18:00:55+00:00","twitter_card":"summary_large_image","twitter_misc":{"Tiempo de lectura":"2 minutos"},"schema":{"@context":"https:\/\/schema.org","@graph":[{"@type":"WebPage","@id":"https:\/\/medicina.udd.cl\/terapia-ocupacional-santiago\/videos-terapia-ocupacional-udd\/","url":"https:\/\/medicina.udd.cl\/terapia-ocupacional-santiago\/videos-terapia-ocupacional-udd\/","name":"Videos Terapia Ocupacional UDD - Terapia Ocupacional","isPartOf":{"@id":"https:\/\/medicina.udd.cl\/terapia-ocupacional-santiago\/#website"},"datePublished":"2020-07-07T17:13:12+00:00","dateModified":"2020-09-11T18:00:55+00:00","breadcrumb":{"@id":"https:\/\/medicina.udd.cl\/terapia-ocupacional-santiago\/videos-terapia-ocupacional-udd\/#breadcrumb"},"inLanguage":"es","potentialAction":[{"@type":"ReadAction","target":["https:\/\/medicina.udd.cl\/terapia-ocupacional-santiago\/videos-terapia-ocupacional-udd\/"]}]},{"@type":"BreadcrumbList","@id":"https:\/\/medicina.udd.cl\/terapia-ocupacional-santiago\/videos-terapia-ocupacional-udd\/#breadcrumb","itemListElement":[{"@type":"ListItem","position":1,"name":"Home","item":"https:\/\/medicina.udd.cl\/terapia-ocupacional-santiago\/"},{"@type":"ListItem","position":2,"name":"Videos Terapia Ocupacional UDD"}]},{"@type":"WebSite","@id":"https:\/\/medicina.udd.cl\/terapia-ocupacional-santiago\/#website","url":"https:\/\/medicina.udd.cl\/terapia-ocupacional-santiago\/","name":"Terapia Ocupacional","description":"Facultad de Medicina C\u00ednica Alemana Universidad del Desarrollo","inLanguage":"es"}]}},"_links":{"self":[{"href":"https:\/\/medicina.udd.cl\/terapia-ocupacional-santiago\/wp-json\/wp\/v2\/pages\/400","targetHints":{"allow":["GET"]}}],"collection":[{"href":"https:\/\/medicina.udd.cl\/terapia-ocupacional-santiago\/wp-json\/wp\/v2\/pages"}],"about":[{"href":"https:\/\/medicina.udd.cl\/terapia-ocupacional-santiago\/wp-json\/wp\/v2\/types\/page"}],"author":[{"embeddable":true,"href":"https:\/\/medicina.udd.cl\/terapia-ocupacional-santiago\/wp-json\/wp\/v2\/users\/9192219"}],"replies":[{"embeddable":true,"href":"https:\/\/medicina.udd.cl\/terapia-ocupacional-santiago\/wp-json\/wp\/v2\/comments?post=400"}],"version-history":[{"count":5,"href":"https:\/\/medicina.udd.cl\/terapia-ocupacional-santiago\/wp-json\/wp\/v2\/pages\/400\/revisions"}],"predecessor-version":[{"id":600,"href":"https:\/\/medicina.udd.cl\/terapia-ocupacional-santiago\/wp-json\/wp\/v2\/pages\/400\/revisions\/600"}],"wp:attachment":[{"href":"https:\/\/medicina.udd.cl\/terapia-ocupacional-santiago\/wp-json\/wp\/v2\/media?parent=400"}],"curies":[{"name":"wp","href":"https:\/\/api.w.org\/{rel}","templated":true}]}}