{"id":429,"date":"2020-07-24T02:26:01","date_gmt":"2020-07-24T00:26:01","guid":{"rendered":"http:\/\/medicina.udd.cl\/terapia-ocupacional-santiago\/?page_id=429"},"modified":"2021-05-28T19:41:49","modified_gmt":"2021-05-28T17:41:49","slug":"conoce-a-tu-profesor","status":"publish","type":"page","link":"https:\/\/medicina.udd.cl\/terapia-ocupacional-santiago\/conoce-a-tu-profesor\/","title":{"rendered":"Conoce a tu Profesor"},"content":{"rendered":"<!-- WP Block: UDD - Fullwidth Cards -->\n<section class=\"wp-block-udd-fullwidth-cards is-style-clear\">\n\t<div class=\"container\">\n\t\t<header class=\"block__header\">\n\t\t\t<h2 class=\"block__title\">Terapia ocupacional udd<\/h2>\n\t\t\t\t\t\t<a href=\"https:\/\/medicina.udd.cl\/terapia-ocupacional-santiago\/category\/conoce-a-tu-profesor\/\" class=\"block__view-more\">\n\t\t\t\tVer m\u00e1s noticias\t\t\t<\/a>\n\t\t\t\t\t<\/header>\n\t\t<div class=\"block__content\">\n\t\t\t<div class=\"fullwidth-cards\">\n\t\t\t<div class=\"fullwidth-card-wrapper is-style-clear\">\n\t<a href=\"https:\/\/medicina.udd.cl\/terapia-ocupacional-santiago\/2021\/05\/28\/vivian-villarroel-encina-el-tiempo-entre-costuras-docencia-y-algo-mas-2\/\" class=\"fullwidth-card fullwidth-card--linkable\">\n\t\t\t\t<img loading=\"lazy\" decoding=\"async\" width=\"500\" height=\"500\" src=\"https:\/\/medicina.udd.cl\/terapia-ocupacional-santiago\/files\/2020\/07\/20200723_203130-500x500.jpg\" class=\"fullwidth-card__image wp-post-image\" alt=\"\" srcset=\"https:\/\/medicina.udd.cl\/terapia-ocupacional-santiago\/files\/2020\/07\/20200723_203130-500x500.jpg 500w, https:\/\/medicina.udd.cl\/terapia-ocupacional-santiago\/files\/2020\/07\/20200723_203130-150x150.jpg 150w, https:\/\/medicina.udd.cl\/terapia-ocupacional-santiago\/files\/2020\/07\/20200723_203130-300x300.jpg 300w, https:\/\/medicina.udd.cl\/terapia-ocupacional-santiago\/files\/2020\/07\/20200723_203130-62x62.jpg 62w, https:\/\/medicina.udd.cl\/terapia-ocupacional-santiago\/files\/2020\/07\/20200723_203130-250x250.jpg 250w, https:\/\/medicina.udd.cl\/terapia-ocupacional-santiago\/files\/2020\/07\/20200723_203130-126x126.jpg 126w, https:\/\/medicina.udd.cl\/terapia-ocupacional-santiago\/files\/2020\/07\/20200723_203130.jpg 582w\" sizes=\"auto, (max-width: 500px) 100vw, 500px\" \/>\t\t\t\t<div class=\"fullwidth-card__content\">\n\t\t\t<span class=\"fullwidth-card__date\">\n\t\t\t\t28 de mayo 2021\t\t\t<\/span>\n\t\t\t<h3 class=\"fullwidth-card__title\">Vivian Villarroel Encina: El tiempo entre costuras, docencia y algo m\u00e1s<\/h3>\n\t\t\t<span class=\"fullwidth-card__link\">\n\t\t\t\tConocer m\u00e1s\t\t\t<\/span>\n\t\t<\/div>\n\t<\/a>\n<\/div>\n<div class=\"fullwidth-card-wrapper is-style-clear\">\n\t<a href=\"https:\/\/medicina.udd.cl\/terapia-ocupacional-santiago\/2021\/05\/27\/alejandra-lillo-bustos-compromiso-y-vocacion-con-un-alto-espiritu-de-servicio\/\" class=\"fullwidth-card fullwidth-card--linkable\">\n\t\t\t\t<img loading=\"lazy\" decoding=\"async\" width=\"500\" height=\"384\" src=\"https:\/\/medicina.udd.cl\/terapia-ocupacional-santiago\/files\/2021\/05\/AleLillo-500x384.jpg\" class=\"fullwidth-card__image wp-post-image\" alt=\"\" srcset=\"https:\/\/medicina.udd.cl\/terapia-ocupacional-santiago\/files\/2021\/05\/AleLillo-500x384.jpg 500w, https:\/\/medicina.udd.cl\/terapia-ocupacional-santiago\/files\/2021\/05\/AleLillo-182x140.jpg 182w\" sizes=\"auto, (max-width: 500px) 100vw, 500px\" \/>\t\t\t\t<div class=\"fullwidth-card__content\">\n\t\t\t<span class=\"fullwidth-card__date\">\n\t\t\t\t27 de mayo 2021\t\t\t<\/span>\n\t\t\t<h3 class=\"fullwidth-card__title\">Alejandra Lillo Bustos: Compromiso y vocaci\u00f3n con un alto esp\u00edritu de servicio<\/h3>\n\t\t\t<span class=\"fullwidth-card__link\">\n\t\t\t\tConocer m\u00e1s\t\t\t<\/span>\n\t\t<\/div>\n\t<\/a>\n<\/div>\n<div class=\"fullwidth-card-wrapper is-style-clear\">\n\t<a href=\"https:\/\/medicina.udd.cl\/terapia-ocupacional-santiago\/2021\/05\/26\/maria-pilar-egana-inquieta-intelectualmente-curiosa-flexible-y-avida-aprendiz\/\" class=\"fullwidth-card fullwidth-card--linkable\">\n\t\t\t\t<img loading=\"lazy\" decoding=\"async\" width=\"500\" height=\"500\" src=\"https:\/\/medicina.udd.cl\/terapia-ocupacional-santiago\/files\/2021\/05\/Ega\u00f1aTO5-500x500.png\" class=\"fullwidth-card__image wp-post-image\" alt=\"\" srcset=\"https:\/\/medicina.udd.cl\/terapia-ocupacional-santiago\/files\/2021\/05\/Ega\u00f1aTO5-500x500.png 500w, https:\/\/medicina.udd.cl\/terapia-ocupacional-santiago\/files\/2021\/05\/Ega\u00f1aTO5-150x150.png 150w, https:\/\/medicina.udd.cl\/terapia-ocupacional-santiago\/files\/2021\/05\/Ega\u00f1aTO5-62x62.png 62w, https:\/\/medicina.udd.cl\/terapia-ocupacional-santiago\/files\/2021\/05\/Ega\u00f1aTO5-250x250.png 250w, https:\/\/medicina.udd.cl\/terapia-ocupacional-santiago\/files\/2021\/05\/Ega\u00f1aTO5-126x126.png 126w\" sizes=\"auto, (max-width: 500px) 100vw, 500px\" \/>\t\t\t\t<div class=\"fullwidth-card__content\">\n\t\t\t<span class=\"fullwidth-card__date\">\n\t\t\t\t26 de mayo 2021\t\t\t<\/span>\n\t\t\t<h3 class=\"fullwidth-card__title\">Mar\u00eda Pilar Ega\u00f1a: Inquieta intelectualmente, curiosa, flexible y \u00e1vida aprendiz<\/h3>\n\t\t\t<span class=\"fullwidth-card__link\">\n\t\t\t\tConocer m\u00e1s\t\t\t<\/span>\n\t\t<\/div>\n\t<\/a>\n<\/div>\n\t\t\t<\/div>\n\t\t<\/div>\n\t<\/div>\n<\/section>\n","protected":false},"excerpt":{"rendered":"","protected":false},"author":9192219,"featured_media":0,"parent":0,"menu_order":0,"comment_status":"closed","ping_status":"closed","template":"","meta":{"footnotes":""},"class_list":["post-429","page","type-page","status-publish","hentry"],"yoast_head":"<!-- This site is optimized with the Yoast SEO plugin v26.9 - https:\/\/yoast.com\/product\/yoast-seo-wordpress\/ -->\n<title>Conoce a tu Profesor - Terapia Ocupacional<\/title>\n<meta name=\"robots\" content=\"index, follow, max-snippet:-1, max-image-preview:large, max-video-preview:-1\" \/>\n<link rel=\"canonical\" href=\"https:\/\/medicina.udd.cl\/terapia-ocupacional-santiago\/conoce-a-tu-profesor\/\" \/>\n<meta property=\"og:locale\" content=\"es_ES\" \/>\n<meta property=\"og:type\" content=\"article\" \/>\n<meta property=\"og:title\" content=\"Conoce a tu Profesor - Terapia Ocupacional\" \/>\n<meta property=\"og:url\" content=\"https:\/\/medicina.udd.cl\/terapia-ocupacional-santiago\/conoce-a-tu-profesor\/\" \/>\n<meta property=\"og:site_name\" content=\"Terapia Ocupacional\" \/>\n<meta property=\"article:modified_time\" content=\"2021-05-28T17:41:49+00:00\" \/>\n<meta name=\"twitter:card\" content=\"summary_large_image\" \/>\n<script type=\"application\/ld+json\" class=\"yoast-schema-graph\">{\"@context\":\"https:\/\/schema.org\",\"@graph\":[{\"@type\":\"WebPage\",\"@id\":\"https:\/\/medicina.udd.cl\/terapia-ocupacional-santiago\/conoce-a-tu-profesor\/\",\"url\":\"https:\/\/medicina.udd.cl\/terapia-ocupacional-santiago\/conoce-a-tu-profesor\/\",\"name\":\"Conoce a tu Profesor - Terapia Ocupacional\",\"isPartOf\":{\"@id\":\"https:\/\/medicina.udd.cl\/terapia-ocupacional-santiago\/#website\"},\"datePublished\":\"2020-07-24T00:26:01+00:00\",\"dateModified\":\"2021-05-28T17:41:49+00:00\",\"breadcrumb\":{\"@id\":\"https:\/\/medicina.udd.cl\/terapia-ocupacional-santiago\/conoce-a-tu-profesor\/#breadcrumb\"},\"inLanguage\":\"es\",\"potentialAction\":[{\"@type\":\"ReadAction\",\"target\":[\"https:\/\/medicina.udd.cl\/terapia-ocupacional-santiago\/conoce-a-tu-profesor\/\"]}]},{\"@type\":\"BreadcrumbList\",\"@id\":\"https:\/\/medicina.udd.cl\/terapia-ocupacional-santiago\/conoce-a-tu-profesor\/#breadcrumb\",\"itemListElement\":[{\"@type\":\"ListItem\",\"position\":1,\"name\":\"Home\",\"item\":\"https:\/\/medicina.udd.cl\/terapia-ocupacional-santiago\/\"},{\"@type\":\"ListItem\",\"position\":2,\"name\":\"Conoce a tu Profesor\"}]},{\"@type\":\"WebSite\",\"@id\":\"https:\/\/medicina.udd.cl\/terapia-ocupacional-santiago\/#website\",\"url\":\"https:\/\/medicina.udd.cl\/terapia-ocupacional-santiago\/\",\"name\":\"Terapia Ocupacional\",\"description\":\"Facultad de Medicina C\u00ednica Alemana Universidad del Desarrollo\",\"inLanguage\":\"es\"}]}<\/script>\n<!-- \/ Yoast SEO plugin. -->","yoast_head_json":{"title":"Conoce a tu Profesor - Terapia Ocupacional","robots":{"index":"index","follow":"follow","max-snippet":"max-snippet:-1","max-image-preview":"max-image-preview:large","max-video-preview":"max-video-preview:-1"},"canonical":"https:\/\/medicina.udd.cl\/terapia-ocupacional-santiago\/conoce-a-tu-profesor\/","og_locale":"es_ES","og_type":"article","og_title":"Conoce a tu Profesor - Terapia Ocupacional","og_url":"https:\/\/medicina.udd.cl\/terapia-ocupacional-santiago\/conoce-a-tu-profesor\/","og_site_name":"Terapia Ocupacional","article_modified_time":"2021-05-28T17:41:49+00:00","twitter_card":"summary_large_image","schema":{"@context":"https:\/\/schema.org","@graph":[{"@type":"WebPage","@id":"https:\/\/medicina.udd.cl\/terapia-ocupacional-santiago\/conoce-a-tu-profesor\/","url":"https:\/\/medicina.udd.cl\/terapia-ocupacional-santiago\/conoce-a-tu-profesor\/","name":"Conoce a tu Profesor - Terapia Ocupacional","isPartOf":{"@id":"https:\/\/medicina.udd.cl\/terapia-ocupacional-santiago\/#website"},"datePublished":"2020-07-24T00:26:01+00:00","dateModified":"2021-05-28T17:41:49+00:00","breadcrumb":{"@id":"https:\/\/medicina.udd.cl\/terapia-ocupacional-santiago\/conoce-a-tu-profesor\/#breadcrumb"},"inLanguage":"es","potentialAction":[{"@type":"ReadAction","target":["https:\/\/medicina.udd.cl\/terapia-ocupacional-santiago\/conoce-a-tu-profesor\/"]}]},{"@type":"BreadcrumbList","@id":"https:\/\/medicina.udd.cl\/terapia-ocupacional-santiago\/conoce-a-tu-profesor\/#breadcrumb","itemListElement":[{"@type":"ListItem","position":1,"name":"Home","item":"https:\/\/medicina.udd.cl\/terapia-ocupacional-santiago\/"},{"@type":"ListItem","position":2,"name":"Conoce a tu Profesor"}]},{"@type":"WebSite","@id":"https:\/\/medicina.udd.cl\/terapia-ocupacional-santiago\/#website","url":"https:\/\/medicina.udd.cl\/terapia-ocupacional-santiago\/","name":"Terapia Ocupacional","description":"Facultad de Medicina C\u00ednica Alemana Universidad del Desarrollo","inLanguage":"es"}]}},"_links":{"self":[{"href":"https:\/\/medicina.udd.cl\/terapia-ocupacional-santiago\/wp-json\/wp\/v2\/pages\/429","targetHints":{"allow":["GET"]}}],"collection":[{"href":"https:\/\/medicina.udd.cl\/terapia-ocupacional-santiago\/wp-json\/wp\/v2\/pages"}],"about":[{"href":"https:\/\/medicina.udd.cl\/terapia-ocupacional-santiago\/wp-json\/wp\/v2\/types\/page"}],"author":[{"embeddable":true,"href":"https:\/\/medicina.udd.cl\/terapia-ocupacional-santiago\/wp-json\/wp\/v2\/users\/9192219"}],"replies":[{"embeddable":true,"href":"https:\/\/medicina.udd.cl\/terapia-ocupacional-santiago\/wp-json\/wp\/v2\/comments?post=429"}],"version-history":[{"count":9,"href":"https:\/\/medicina.udd.cl\/terapia-ocupacional-santiago\/wp-json\/wp\/v2\/pages\/429\/revisions"}],"predecessor-version":[{"id":950,"href":"https:\/\/medicina.udd.cl\/terapia-ocupacional-santiago\/wp-json\/wp\/v2\/pages\/429\/revisions\/950"}],"wp:attachment":[{"href":"https:\/\/medicina.udd.cl\/terapia-ocupacional-santiago\/wp-json\/wp\/v2\/media?parent=429"}],"curies":[{"name":"wp","href":"https:\/\/api.w.org\/{rel}","templated":true}]}}