{"id":31,"date":"2024-09-10T11:06:25","date_gmt":"2024-09-10T14:06:25","guid":{"rendered":"https:\/\/medicina.udd.cl\/unica\/?page_id=31"},"modified":"2025-12-15T10:37:18","modified_gmt":"2025-12-15T13:37:18","slug":"jerarquizacion-academica","status":"publish","type":"page","link":"https:\/\/medicina.udd.cl\/unica\/jerarquizacion-academica\/","title":{"rendered":"Jerarquizaci\u00f3n Acad\u00e9mica"},"content":{"rendered":"\n<figure class=\"wp-block-embed aligncenter is-type-video is-provider-youtube wp-block-embed-youtube wp-embed-aspect-16-9 wp-has-aspect-ratio\"><div class=\"wp-block-embed__wrapper\">\n<iframe loading=\"lazy\" title=\"Jerarquizaci\u00f3n acad\u00e9mica Facultad de Medicina CAS UDD\" width=\"500\" height=\"281\" src=\"https:\/\/www.youtube.com\/embed\/OuvEMbOQ0V0?feature=oembed\" frameborder=\"0\" allow=\"accelerometer; autoplay; clipboard-write; encrypted-media; gyroscope; picture-in-picture; web-share\" referrerpolicy=\"strict-origin-when-cross-origin\" allowfullscreen><\/iframe>\n<\/div><\/figure>\n\n\n<!-- WP Block: UDD - Access Cards -->\n<section\n\tid=\"udd-access-cards--1\"\n\tclass=\"wp-block-udd-access-cards\n\t\t\"\n\t\tstyle=\"\n\t\t--udd-blocks-has-columns-number: 2\t\t\"\n\t>\n\t<div class=\"container\">\n\t\t\t\t<div class=\"block__content\">\n\t\t\t<div\n\t\t\t\tclass=\"udd-access-cards\"\n\t\t\t\t\t\t\t>\n\t\t\t<div\n\tdata-index=\"1\"\n\tclass=\"udd-access-card-wrapper\"\n\t>\n\t<a href=\"https:\/\/medicina.udd.cl\/files\/2024\/11\/nov-24_jerarquia-academica-en-la-facultad-de-medicina.pdf\" class=\"access-card access-card--profile\" data-url=\"https:\/\/medicina.udd.cl\/files\/2024\/11\/nov-24_jerarquia-academica-en-la-facultad-de-medicina.pdf\">\n\t\t\t\t\t\t<h3\n\t\t\tdata-index=\"1\"\n\t\t\tclass=\"access-card__title\"\n\t\t>\n\t\t\tJerarquizaci\u00f3n acad\u00e9mica en la Facultad de Medicina Cl\u00ednica Alemana Universidad del Desarrollo\t\t<\/h3>\n\t\t\t\t<div class=\"access-card__link\">\n\t\t\t<span class=\"access-card__link-text\">Ver aqu\u00ed<\/span>\n\t\t<\/div>\n\t<\/a>\n<\/div>\n<div\n\tdata-index=\"2\"\n\tclass=\"udd-access-card-wrapper\"\n\t>\n\t<a href=\"https:\/\/medicina.udd.cl\/files\/2021\/12\/17.12.21-Procedimiento-Promoci\u00f3n-de-Jerarqu\u00eda.pdf\" class=\"access-card access-card--profile\" data-url=\"https:\/\/medicina.udd.cl\/files\/2021\/12\/17.12.21-Procedimiento-Promoci\u00f3n-de-Jerarqu\u00eda.pdf\">\n\t\t\t\t\t\t<h3\n\t\t\tdata-index=\"2\"\n\t\t\tclass=\"access-card__title\"\n\t\t>\n\t\t\tPromoci\u00f3n de Jerarqu\u00eda Acad\u00e9mica\t\t<\/h3>\n\t\t\t\t<div class=\"access-card__link\">\n\t\t\t<span class=\"access-card__link-text\">Ver aqu\u00ed<\/span>\n\t\t<\/div>\n\t<\/a>\n<\/div>\n\t\t\t<\/div>\n\t\t<\/div>\n\t<\/div>\n<\/section>\n\n\n<section class=\"wp-block-udd-videos-row\">\n\t<div class=\"videos-row container\">\n\t\t\t\t\t\t<div class=\"row videos-row__videos\">\n\t\t\t<article class=\"udd-video\">\n\t<a href=\"https:\/\/www.youtube.com\/watch?v=s0HPd6r-Snc\" class=\"js-udd-video-modal udd-video__link\" data-video-id=\"s0HPd6r-Snc\">\n\t\t<span class=\"udd-video__label\"><svg class=\"svg-video-dims\"><use xlink:href='https:\/\/medicina.udd.cl\/unica\/wp-content\/themes\/facultades-2018\/assets\/img\/svg\/dist\/main.svg?version=1695853099#video'><\/use><\/svg> Ver video<\/span>\n\t\t<h3 class=\"udd-video__title\">\n\t\t\tJerarqu\u00eda Acad\u00e9mica 2025\t\t<\/h3>\n\t\t<span class=\"udd-video__image-container\"><img decoding=\"async\" src=\"https:\/\/i.ytimg.com\/vi\/s0HPd6r-Snc\/hqdefault.jpg\" loading=\"lazy\" alt=\"Jerarqu\u00eda Acad\u00e9mica 2025\" class=\"udd-video__image\" alt=\"Previsualizaci\u00f3n de &#039;Jerarqu\u00eda Acad\u00e9mica 2025&#039;\"><\/span>\t<\/a>\n<\/article>\n<article class=\"udd-video\">\n\t<a href=\"https:\/\/www.youtube.com\/watch?v=HnSOCnaR8WE&#038;t=1s\" class=\"js-udd-video-modal udd-video__link\" data-video-id=\"HnSOCnaR8WE\">\n\t\t<span class=\"udd-video__label\"><svg class=\"svg-video-dims\"><use xlink:href='https:\/\/medicina.udd.cl\/unica\/wp-content\/themes\/facultades-2018\/assets\/img\/svg\/dist\/main.svg?version=1695853099#video'><\/use><\/svg> Ver video<\/span>\n\t\t<h3 class=\"udd-video__title\">\n\t\t\tJerarqu\u00eda Acad\u00e9mica 2024\t\t<\/h3>\n\t\t<span class=\"udd-video__image-container\"><img decoding=\"async\" src=\"https:\/\/i.ytimg.com\/vi\/HnSOCnaR8WE\/hqdefault.jpg\" loading=\"lazy\" alt=\"Jerarqu\u00eda Acad\u00e9mica 2024\" class=\"udd-video__image\" alt=\"Previsualizaci\u00f3n de &#039;Jerarqu\u00eda Acad\u00e9mica 2024&#039;\"><\/span>\t<\/a>\n<\/article>\n<article class=\"udd-video\">\n\t<a href=\"https:\/\/www.youtube.com\/watch?v=s87SLwDzu6w\" class=\"js-udd-video-modal udd-video__link\" data-video-id=\"s87SLwDzu6w\">\n\t\t<span class=\"udd-video__label\"><svg class=\"svg-video-dims\"><use xlink:href='https:\/\/medicina.udd.cl\/unica\/wp-content\/themes\/facultades-2018\/assets\/img\/svg\/dist\/main.svg?version=1695853099#video'><\/use><\/svg> Ver video<\/span>\n\t\t<h3 class=\"udd-video__title\">\n\t\t\tJerarqu\u00eda Acad\u00e9mica 2023\t\t<\/h3>\n\t\t<span class=\"udd-video__image-container\"><img decoding=\"async\" src=\"https:\/\/i.ytimg.com\/vi\/s87SLwDzu6w\/hqdefault.jpg\" loading=\"lazy\" alt=\"Jerarqu\u00eda Acad\u00e9mica 2023\" class=\"udd-video__image\" alt=\"Previsualizaci\u00f3n de &#039;Jerarqu\u00eda Acad\u00e9mica 2023&#039;\"><\/span>\t<\/a>\n<\/article>\n\t\t<\/div>\n\t\t\t<\/div>\n<\/section>\n\n\n<!-- WP Block: UDD - Disposable -->\n<section\n\tdata-sps-offset=\"100\"\n\tid=\"udd-disposable--1--31\"\n\tclass=\"wp-block-udd-disposable udd-notice disposable-block \"\n>\n\t<div class=\"container\">\n\t\t<div\n\t\t\tclass=\"udd-notice__header \"\n\t\t\tstyle=\"background-color: \"\n\t\t>\n\t\t\t\t\t\t<span class=\"udd-notice__header-label\">Jerarquizaci\u00f3n acad\u00e9mica<\/span>\n\t\t<\/div>\n\t\t<div\n\t\t\tclass=\"udd-notice__content\"\n\t\t\tstyle=\"background-color: \"\n\t\t>\n\t\t\t<a href=\"https:\/\/medicina.udd.cl\/unica\/proceso-de-jerarquia-academica\/\">M\u00e1s Informaci\u00f3n sobre el proceso<\/a>\t\t<\/div>\n\t\t\t<\/div>\n<\/section>\n","protected":false},"excerpt":{"rendered":"","protected":false},"author":9192217,"featured_media":0,"parent":0,"menu_order":0,"comment_status":"closed","ping_status":"closed","template":"","meta":{"footnotes":""},"class_list":["post-31","page","type-page","status-publish","hentry"],"yoast_head":"<!-- This site is optimized with the Yoast SEO plugin v26.9 - https:\/\/yoast.com\/product\/yoast-seo-wordpress\/ -->\n<title>Jerarquizaci\u00f3n Acad\u00e9mica - Unidad de Calidad (Unica)<\/title>\n<meta name=\"robots\" content=\"index, follow, max-snippet:-1, max-image-preview:large, max-video-preview:-1\" \/>\n<link rel=\"canonical\" href=\"https:\/\/medicina.udd.cl\/unica\/jerarquizacion-academica\/\" \/>\n<meta property=\"og:locale\" content=\"es_ES\" \/>\n<meta property=\"og:type\" content=\"article\" \/>\n<meta property=\"og:title\" content=\"Jerarquizaci\u00f3n Acad\u00e9mica - Unidad de Calidad (Unica)\" \/>\n<meta property=\"og:url\" content=\"https:\/\/medicina.udd.cl\/unica\/jerarquizacion-academica\/\" \/>\n<meta property=\"og:site_name\" content=\"Unidad de Calidad (Unica)\" \/>\n<meta property=\"article:modified_time\" content=\"2025-12-15T13:37:18+00:00\" \/>\n<meta name=\"twitter:card\" content=\"summary_large_image\" \/>\n<meta name=\"twitter:label1\" content=\"Tiempo de lectura\" \/>\n\t<meta name=\"twitter:data1\" content=\"1 minuto\" \/>\n<script type=\"application\/ld+json\" class=\"yoast-schema-graph\">{\"@context\":\"https:\/\/schema.org\",\"@graph\":[{\"@type\":\"WebPage\",\"@id\":\"https:\/\/medicina.udd.cl\/unica\/jerarquizacion-academica\/\",\"url\":\"https:\/\/medicina.udd.cl\/unica\/jerarquizacion-academica\/\",\"name\":\"Jerarquizaci\u00f3n Acad\u00e9mica - Unidad de Calidad (Unica)\",\"isPartOf\":{\"@id\":\"https:\/\/medicina.udd.cl\/unica\/#website\"},\"datePublished\":\"2024-09-10T14:06:25+00:00\",\"dateModified\":\"2025-12-15T13:37:18+00:00\",\"breadcrumb\":{\"@id\":\"https:\/\/medicina.udd.cl\/unica\/jerarquizacion-academica\/#breadcrumb\"},\"inLanguage\":\"es\",\"potentialAction\":[{\"@type\":\"ReadAction\",\"target\":[\"https:\/\/medicina.udd.cl\/unica\/jerarquizacion-academica\/\"]}]},{\"@type\":\"BreadcrumbList\",\"@id\":\"https:\/\/medicina.udd.cl\/unica\/jerarquizacion-academica\/#breadcrumb\",\"itemListElement\":[{\"@type\":\"ListItem\",\"position\":1,\"name\":\"Portada\",\"item\":\"https:\/\/medicina.udd.cl\/unica\/\"},{\"@type\":\"ListItem\",\"position\":2,\"name\":\"Jerarquizaci\u00f3n Acad\u00e9mica\"}]},{\"@type\":\"WebSite\",\"@id\":\"https:\/\/medicina.udd.cl\/unica\/#website\",\"url\":\"https:\/\/medicina.udd.cl\/unica\/\",\"name\":\"Unidad de Calidad (Unica)\",\"description\":\"\",\"inLanguage\":\"es\"}]}<\/script>\n<!-- \/ Yoast SEO plugin. -->","yoast_head_json":{"title":"Jerarquizaci\u00f3n Acad\u00e9mica - Unidad de Calidad (Unica)","robots":{"index":"index","follow":"follow","max-snippet":"max-snippet:-1","max-image-preview":"max-image-preview:large","max-video-preview":"max-video-preview:-1"},"canonical":"https:\/\/medicina.udd.cl\/unica\/jerarquizacion-academica\/","og_locale":"es_ES","og_type":"article","og_title":"Jerarquizaci\u00f3n Acad\u00e9mica - Unidad de Calidad (Unica)","og_url":"https:\/\/medicina.udd.cl\/unica\/jerarquizacion-academica\/","og_site_name":"Unidad de Calidad (Unica)","article_modified_time":"2025-12-15T13:37:18+00:00","twitter_card":"summary_large_image","twitter_misc":{"Tiempo de lectura":"1 minuto"},"schema":{"@context":"https:\/\/schema.org","@graph":[{"@type":"WebPage","@id":"https:\/\/medicina.udd.cl\/unica\/jerarquizacion-academica\/","url":"https:\/\/medicina.udd.cl\/unica\/jerarquizacion-academica\/","name":"Jerarquizaci\u00f3n Acad\u00e9mica - Unidad de Calidad (Unica)","isPartOf":{"@id":"https:\/\/medicina.udd.cl\/unica\/#website"},"datePublished":"2024-09-10T14:06:25+00:00","dateModified":"2025-12-15T13:37:18+00:00","breadcrumb":{"@id":"https:\/\/medicina.udd.cl\/unica\/jerarquizacion-academica\/#breadcrumb"},"inLanguage":"es","potentialAction":[{"@type":"ReadAction","target":["https:\/\/medicina.udd.cl\/unica\/jerarquizacion-academica\/"]}]},{"@type":"BreadcrumbList","@id":"https:\/\/medicina.udd.cl\/unica\/jerarquizacion-academica\/#breadcrumb","itemListElement":[{"@type":"ListItem","position":1,"name":"Portada","item":"https:\/\/medicina.udd.cl\/unica\/"},{"@type":"ListItem","position":2,"name":"Jerarquizaci\u00f3n Acad\u00e9mica"}]},{"@type":"WebSite","@id":"https:\/\/medicina.udd.cl\/unica\/#website","url":"https:\/\/medicina.udd.cl\/unica\/","name":"Unidad de Calidad (Unica)","description":"","inLanguage":"es"}]}},"_links":{"self":[{"href":"https:\/\/medicina.udd.cl\/unica\/wp-json\/wp\/v2\/pages\/31","targetHints":{"allow":["GET"]}}],"collection":[{"href":"https:\/\/medicina.udd.cl\/unica\/wp-json\/wp\/v2\/pages"}],"about":[{"href":"https:\/\/medicina.udd.cl\/unica\/wp-json\/wp\/v2\/types\/page"}],"author":[{"embeddable":true,"href":"https:\/\/medicina.udd.cl\/unica\/wp-json\/wp\/v2\/users\/9192217"}],"replies":[{"embeddable":true,"href":"https:\/\/medicina.udd.cl\/unica\/wp-json\/wp\/v2\/comments?post=31"}],"version-history":[{"count":14,"href":"https:\/\/medicina.udd.cl\/unica\/wp-json\/wp\/v2\/pages\/31\/revisions"}],"predecessor-version":[{"id":87,"href":"https:\/\/medicina.udd.cl\/unica\/wp-json\/wp\/v2\/pages\/31\/revisions\/87"}],"wp:attachment":[{"href":"https:\/\/medicina.udd.cl\/unica\/wp-json\/wp\/v2\/media?parent=31"}],"curies":[{"name":"wp","href":"https:\/\/api.w.org\/{rel}","templated":true}]}}